{"id":27,"date":"2025-02-01T04:40:34","date_gmt":"2025-02-01T04:40:34","guid":{"rendered":"https:\/\/falora.provisoire.ch\/?page_id=27"},"modified":"2025-03-02T12:55:01","modified_gmt":"2025-03-02T12:55:01","slug":"a-propos-de-falora","status":"publish","type":"page","link":"https:\/\/falora.ch\/de\/a-propos-de-falora\/","title":{"rendered":"\u00dcber Falora"},"content":{"rendered":"<p>[et_pb_section fb_built=\u00a0\u00bb1&Prime; module_id=\u00a0\u00bbintro\u00a0\u00bb _builder_version=\u00a0\u00bb4.27.4&Prime; _module_preset=\u00a0\u00bbdefault\u00a0\u00bb custom_margin=\u00a0\u00bb||||false|false\u00a0\u00bb custom_padding=\u00a0\u00bb20px||||false|false\u00a0\u00bb hover_enabled=\u00a0\u00bb0&Prime; locked=\u00a0\u00bboff\u00a0\u00bb global_colors_info=\u00a0\u00bb{}\u00a0\u00bb custom_margin_last_edited=\u00a0\u00bbon|phone\u00a0\u00bb sticky_enabled=\u00a0\u00bb0&Prime; custom_margin_phone=\u00a0\u00bb|30px||30px|false|true\u00a0\u00bb custom_margin_tablet=\u00a0\u00bb||||false|false\u00a0\u00bb][et_pb_row column_structure=\u00a0\u00bb2_5,3_5&Prime; use_custom_gutter=\u00a0\u00bbon\u00a0\u00bb gutter_width=\u00a0\u00bb4&Prime; make_equal=\u00a0\u00bbon\u00a0\u00bb _builder_version=\u00a0\u00bb4.27.4&Prime; _module_preset=\u00a0\u00bbdefault\u00a0\u00bb width_tablet=\u00a0\u00bb66%\u00a0\u00bb width_phone=\u00a0\u00bb100%\u00a0\u00bb width_last_edited=\u00a0\u00bbon|phone\u00a0\u00bb custom_padding=\u00a0\u00bb0px|||||\u00a0\u00bb global_colors_info=\u00a0\u00bb{}\u00a0\u00bb][et_pb_column type=\u00a0\u00bb2_5&Prime; _builder_version=\u00a0\u00bb4.27.4&Prime; _module_preset=\u00a0\u00bbdefault\u00a0\u00bb background_image=\u00a0\u00bbhttps:\/\/falora.provisoire.ch\/wp-content\/uploads\/2025\/02\/wdoge5xqsfy.jpg\u00a0\u00bb global_colors_info=\u00a0\u00bb{}\u00a0\u00bb disabled_on=\u00a0\u00bbon|on|off\u00a0\u00bb][\/et_pb_column][et_pb_column type=\u00a0\u00bb3_5&Prime; _builder_version=\u00a0\u00bb4.16&Prime; _module_preset=\u00a0\u00bbdefault\u00a0\u00bb global_colors_info=\u00a0\u00bb{}\u00a0\u00bb][et_pb_text _builder_version=\u00a0\u00bb4.27.4&Prime; _module_preset=\u00a0\u00bbdefault\u00a0\u00bb link_text_color=\u00a0\u00bb#000000&Prime; custom_margin=\u00a0\u00bb50px||||false|false\u00a0\u00bb border_width_bottom=\u00a0\u00bb1px\u00a0\u00bb global_colors_info=\u00a0\u00bb{}\u00a0\u00bb link_text_color__hover_enabled=\u00a0\u00bbon|desktop\u00a0\u00bb link_text_color__hover=\u00a0\u00bb#8300E9&Prime;]<\/p>\n<h2>FALORA : QUI SOMMES-NOUS<\/h2>\n<p class=\"font_0 wixui-rich-text__text\"><span class=\"wixui-rich-text__text\"><a href=\"#histoire\">Notre histoire<\/a> | <a href=\"#valeurs\">Nos valeurs<\/a> | <a href=\"#equipe\">Notre \u00e9quipe<\/a><\/span><\/p>\n<p>[\/et_pb_text][et_pb_text module_id=\u00a0\u00bbhistoire\u00a0\u00bb _builder_version=\u00a0\u00bb4.27.4&Prime; _module_preset=\u00a0\u00bbdefault\u00a0\u00bb global_colors_info=\u00a0\u00bb{}\u00a0\u00bb]<\/p>\n<h2>Notre histoire<\/h2>\n<p>Retrouvez sous peu notre histoire ici&#8230; le temps pour nous de composer ce texte !\u00a0<br \/>Merci de votre compr\u00e9hension, et \u00e0 bient\u00f4t<\/p>\n<p>[\/et_pb_text][et_pb_divider color=\u00a0\u00bb#000000&Prime; divider_position=\u00a0\u00bbbottom\u00a0\u00bb _builder_version=\u00a0\u00bb4.27.4&Prime; _module_preset=\u00a0\u00bbdefault\u00a0\u00bb custom_margin=\u00a0\u00bb||30px||false|false\u00a0\u00bb global_colors_info=\u00a0\u00bb{}\u00a0\u00bb][\/et_pb_divider][et_pb_button button_url=\u00a0\u00bb#contact\u00a0\u00bb button_text=\u00a0\u00bbCONTACTEZ-NOUS\u00a0\u00bb button_alignment=\u00a0\u00bbcenter\u00a0\u00bb _builder_version=\u00a0\u00bb4.27.4&Prime; _module_preset=\u00a0\u00bbdefault\u00a0\u00bb custom_button=\u00a0\u00bbon\u00a0\u00bb button_text_size=\u00a0\u00bb16px\u00a0\u00bb button_text_color=\u00a0\u00bb#FFFFFF\u00a0\u00bb button_bg_color=\u00a0\u00bb#000000&Prime; button_icon_color=\u00a0\u00bb#FFFFFF\u00a0\u00bb button_on_hover=\u00a0\u00bboff\u00a0\u00bb custom_margin=\u00a0\u00bb0px||30px||false|false\u00a0\u00bb custom_padding=\u00a0\u00bb0px|70px||60px|false|false\u00a0\u00bb global_colors_info=\u00a0\u00bb{}\u00a0\u00bb][\/et_pb_button][\/et_pb_column][\/et_pb_row][\/et_pb_section][et_pb_section fb_built=\u00a0\u00bb1&Prime; module_id=\u00a0\u00bbvaleurs\u00a0\u00bb _builder_version=\u00a0\u00bb4.27.4&Prime; _module_preset=\u00a0\u00bbdefault\u00a0\u00bb background_color=\u00a0\u00bb#000000&Prime; global_colors_info=\u00a0\u00bb{}\u00a0\u00bb][et_pb_row _builder_version=\u00a0\u00bb4.27.4&Prime; _module_preset=\u00a0\u00bbdefault\u00a0\u00bb custom_margin=\u00a0\u00bb0px||0px||true|false\u00a0\u00bb custom_padding=\u00a0\u00bb0px||0px||true|false\u00a0\u00bb global_colors_info=\u00a0\u00bb{}\u00a0\u00bb][et_pb_column type=\u00a0\u00bb4_4&Prime; _builder_version=\u00a0\u00bb4.27.4&Prime; _module_preset=\u00a0\u00bbdefault\u00a0\u00bb global_colors_info=\u00a0\u00bb{}\u00a0\u00bb][et_pb_text _builder_version=\u00a0\u00bb4.27.4&Prime; _module_preset=\u00a0\u00bbdefault\u00a0\u00bb text_text_color=\u00a0\u00bb#FFFFFF\u00a0\u00bb header_2_text_color=\u00a0\u00bb#FFFFFF\u00a0\u00bb custom_margin=\u00a0\u00bb0px||0px||true|false\u00a0\u00bb custom_padding=\u00a0\u00bb0px||0px||true|false\u00a0\u00bb border_width_bottom=\u00a0\u00bb1px\u00a0\u00bb border_color_bottom=\u00a0\u00bb#FFFFFF\u00a0\u00bb locked=\u00a0\u00bboff\u00a0\u00bb global_colors_info=\u00a0\u00bb{}\u00a0\u00bb]<\/p>\n<h2>Nos valeurs<span class=\"wixui-rich-text__text\"><\/span><\/h2>\n<p>[\/et_pb_text][\/et_pb_column][\/et_pb_row][et_pb_row column_structure=\u00a0\u00bb1_3,1_3,1_3&Prime; use_custom_gutter=\u00a0\u00bbon\u00a0\u00bb _builder_version=\u00a0\u00bb4.27.4&Prime; _module_preset=\u00a0\u00bbdefault\u00a0\u00bb global_colors_info=\u00a0\u00bb{}\u00a0\u00bb][et_pb_column type=\u00a0\u00bb1_3&Prime; _builder_version=\u00a0\u00bb4.27.4&Prime; _module_preset=\u00a0\u00bbdefault\u00a0\u00bb use_background_color_gradient=\u00a0\u00bbon\u00a0\u00bb background_color_gradient_stops=\u00a0\u00bbrgba(155,149,195,0) 44%|rgba(0,0,0,0.64) 100%\u00a0\u00bb background_color_gradient_overlays_image=\u00a0\u00bbon\u00a0\u00bb background_image=\u00a0\u00bbhttps:\/\/falora.provisoire.ch\/wp-content\/uploads\/2025\/02\/k0rvudbob4c.jpg\u00a0\u00bb transform_scale=\u00a0\u00bb101%|101%\u00a0\u00bb custom_padding=\u00a0\u00bb||||false|false\u00a0\u00bb hover_enabled=\u00a0\u00bb0&Prime; global_colors_info=\u00a0\u00bb{}\u00a0\u00bb transform_styles__hover_enabled=\u00a0\u00bbon|desktop\u00a0\u00bb transform_translate__hover_enabled=\u00a0\u00bbon|desktop\u00a0\u00bb transform_rotate__hover_enabled=\u00a0\u00bbon|desktop\u00a0\u00bb transform_skew__hover_enabled=\u00a0\u00bbon|desktop\u00a0\u00bb transform_origin__hover_enabled=\u00a0\u00bbon|desktop\u00a0\u00bb transform_scale__hover_enabled=\u00a0\u00bbon|desktop\u00a0\u00bb transform_scale__hover=\u00a0\u00bb101%|101%\u00a0\u00bb custom_padding__hover_enabled=\u00a0\u00bbon|hover\u00a0\u00bb custom_padding__hover=\u00a0\u00bb||||false|false\u00a0\u00bb sticky_enabled=\u00a0\u00bb0&Prime;][et_pb_text _builder_version=\u00a0\u00bb4.27.4&Prime; _module_preset=\u00a0\u00bbdefault\u00a0\u00bb text_font=\u00a0\u00bb||||||||\u00a0\u00bb text_text_color=\u00a0\u00bbRGBA(255,255,255,0)\u00a0\u00bb header_2_font=\u00a0\u00bb|||on|||||\u00a0\u00bb header_2_text_color=\u00a0\u00bb#FFFFFF\u00a0\u00bb text_orientation=\u00a0\u00bbcenter\u00a0\u00bb custom_margin=\u00a0\u00bb20vh|40px|20vh|40px|false|true\u00a0\u00bb hover_enabled=\u00a0\u00bb0&Prime; global_colors_info=\u00a0\u00bb{}\u00a0\u00bb content__hover_enabled=\u00a0\u00bboff|hover\u00a0\u00bb content__hover=\u00a0\u00bb<\/p>\n<h2>ORIGINALIT\u00c9<\/h2>\n<p>Lorem ipsum dolor sit amet, consectetur adipiscing elit. Aliquam aliquam neque pulvinar, rhoncus nunc ut, porttitor eros. Donec ac suscipit dolor. Nunc ut eros accumsan, pretium nisi at, lobortis lectus. Nam ac leo ac lectus venenatis hendrerit ut in massa. Sed ornare malesuada venenatis. Sed commodo tortor dui. Donec condimentum est at luctus porttitor.<\/p>\n<p>\u00a0\u00bb custom_margin__hover_enabled=\u00a0\u00bboff|desktop\u00a0\u00bb custom_margin__hover=\u00a0\u00bb24vh|40px|11vh|40px|false|true\u00a0\u00bb min_height__hover_enabled=\u00a0\u00bboff|hover\u00a0\u00bb text_text_color__hover_enabled=\u00a0\u00bbon|desktop\u00a0\u00bb text_text_color__hover=\u00a0\u00bb#FFFFFF\u00a0\u00bb custom_margin_last_edited=\u00a0\u00bbon|phone\u00a0\u00bb custom_margin_phone=\u00a0\u00bb11vh||0vh||false|true\u00a0\u00bb sticky_enabled=\u00a0\u00bb0&Prime; custom_margin_tablet=\u00a0\u00bb20vh|40px|20vh|40px|false|true\u00a0\u00bb]<\/p>\n<h2>ORIGINALIT\u00c9<\/h2>\n<p>Lorem ipsum dolor sit amet, consectetur adipiscing elit. Aliquam aliquam neque pulvinar, rhoncus nunc ut, porttitor eros. Donec ac suscipit dolor. Nunc ut eros accumsan, pretium nisi at, lobortis lectus. Nam ac leo ac lectus venenatis hendrerit ut in massa. Sed ornare malesuada venenatis. Sed commodo tortor dui. Donec condimentum est at luctus porttitor.<\/p>\n<p>[\/et_pb_text][\/et_pb_column][et_pb_column type=\u00a0\u00bb1_3&Prime; _builder_version=\u00a0\u00bb4.27.4&Prime; _module_preset=\u00a0\u00bbdefault\u00a0\u00bb use_background_color_gradient=\u00a0\u00bbon\u00a0\u00bb background_color_gradient_stops=\u00a0\u00bbrgba(155,149,195,0) 44%|rgba(155,149,195,0.3) 100%\u00a0\u00bb background_color_gradient_overlays_image=\u00a0\u00bbon\u00a0\u00bb background_image=\u00a0\u00bbhttps:\/\/falora.provisoire.ch\/wp-content\/uploads\/2025\/02\/trvsyef4uee.jpg\u00a0\u00bb transform_scale=\u00a0\u00bb101%|101%\u00a0\u00bb global_colors_info=\u00a0\u00bb{}\u00a0\u00bb transform_styles__hover_enabled=\u00a0\u00bbon|desktop\u00a0\u00bb transform_scale__hover_enabled=\u00a0\u00bbon|desktop\u00a0\u00bb transform_translate__hover_enabled=\u00a0\u00bbon|desktop\u00a0\u00bb transform_rotate__hover_enabled=\u00a0\u00bbon|desktop\u00a0\u00bb transform_skew__hover_enabled=\u00a0\u00bbon|desktop\u00a0\u00bb transform_origin__hover_enabled=\u00a0\u00bbon|desktop\u00a0\u00bb transform_scale__hover=\u00a0\u00bb101%|101%\u00a0\u00bb][et_pb_text _builder_version=\u00a0\u00bb4.27.4&Prime; _module_preset=\u00a0\u00bbdefault\u00a0\u00bb text_font=\u00a0\u00bb||||||||\u00a0\u00bb text_text_color=\u00a0\u00bbRGBA(255,255,255,0)\u00a0\u00bb header_2_font=\u00a0\u00bb|||on|||||\u00a0\u00bb header_2_text_color=\u00a0\u00bb#FFFFFF\u00a0\u00bb text_orientation=\u00a0\u00bbcenter\u00a0\u00bb custom_margin=\u00a0\u00bb20vh|40px|20vh|40px|false|true\u00a0\u00bb hover_enabled=\u00a0\u00bb0&Prime; locked=\u00a0\u00bboff\u00a0\u00bb global_colors_info=\u00a0\u00bb{}\u00a0\u00bb content__hover_enabled=\u00a0\u00bboff|hover\u00a0\u00bb content__hover=\u00a0\u00bb<\/p>\n<h2>ORIGINALIT\u00c9<\/h2>\n<p>Lorem ipsum dolor sit amet, consectetur adipiscing elit. Aliquam aliquam neque pulvinar, rhoncus nunc ut, porttitor eros. Donec ac suscipit dolor. Nunc ut eros accumsan, pretium nisi at, lobortis lectus. Nam ac leo ac lectus venenatis hendrerit ut in massa. Sed ornare malesuada venenatis. Sed commodo tortor dui. Donec condimentum est at luctus porttitor.<\/p>\n<p>\u00a0\u00bb custom_margin__hover_enabled=\u00a0\u00bboff|desktop\u00a0\u00bb custom_margin__hover=\u00a0\u00bb24vh|40px|11vh|40px|false|true\u00a0\u00bb min_height__hover_enabled=\u00a0\u00bboff|hover\u00a0\u00bb text_text_color__hover_enabled=\u00a0\u00bbon|desktop\u00a0\u00bb text_text_color__hover=\u00a0\u00bb#FFFFFF\u00a0\u00bb custom_margin_last_edited=\u00a0\u00bbon|phone\u00a0\u00bb custom_margin_phone=\u00a0\u00bb11vh||0vh||false|true\u00a0\u00bb sticky_enabled=\u00a0\u00bb0&Prime; custom_margin_tablet=\u00a0\u00bb20vh|40px|20vh|40px|false|true\u00a0\u00bb]<\/p>\n<h2>FIABILIT\u00c9<\/h2>\n<p>Lorem ipsum dolor sit amet, consectetur adipiscing elit. Aliquam aliquam neque pulvinar, rhoncus nunc ut, porttitor eros. Donec ac suscipit dolor. Nunc ut eros accumsan, pretium nisi at, lobortis lectus. Nam ac leo ac lectus venenatis hendrerit ut in massa. Sed ornare malesuada venenatis. Sed commodo tortor dui. Donec condimentum est at luctus porttitor.<\/p>\n<p>[\/et_pb_text][\/et_pb_column][et_pb_column type=\u00a0\u00bb1_3&Prime; _builder_version=\u00a0\u00bb4.27.4&Prime; _module_preset=\u00a0\u00bbdefault\u00a0\u00bb use_background_color_gradient=\u00a0\u00bbon\u00a0\u00bb background_color_gradient_stops=\u00a0\u00bbrgba(155,149,195,0) 44%|rgba(155,149,195,0.3) 99%\u00a0\u00bb background_color_gradient_overlays_image=\u00a0\u00bbon\u00a0\u00bb background_image=\u00a0\u00bbhttps:\/\/falora.provisoire.ch\/wp-content\/uploads\/2025\/02\/v82p1q8g9ak.jpg\u00a0\u00bb transform_scale=\u00a0\u00bb101%|101%\u00a0\u00bb global_colors_info=\u00a0\u00bb{}\u00a0\u00bb transform_styles__hover_enabled=\u00a0\u00bbon|desktop\u00a0\u00bb transform_translate__hover_enabled=\u00a0\u00bbon|desktop\u00a0\u00bb transform_rotate__hover_enabled=\u00a0\u00bbon|desktop\u00a0\u00bb transform_skew__hover_enabled=\u00a0\u00bbon|desktop\u00a0\u00bb transform_origin__hover_enabled=\u00a0\u00bbon|desktop\u00a0\u00bb transform_scale__hover_enabled=\u00a0\u00bbon|desktop\u00a0\u00bb transform_scale__hover=\u00a0\u00bb101%|101%\u00a0\u00bb][et_pb_text _builder_version=\u00a0\u00bb4.27.4&Prime; _module_preset=\u00a0\u00bbdefault\u00a0\u00bb text_font=\u00a0\u00bb||||||||\u00a0\u00bb text_text_color=\u00a0\u00bbRGBA(255,255,255,0)\u00a0\u00bb header_2_font=\u00a0\u00bb|||on|||||\u00a0\u00bb header_2_text_color=\u00a0\u00bb#FFFFFF\u00a0\u00bb text_orientation=\u00a0\u00bbcenter\u00a0\u00bb custom_margin=\u00a0\u00bb20vh|40px|20vh|40px|false|true\u00a0\u00bb hover_enabled=\u00a0\u00bb0&Prime; locked=\u00a0\u00bboff\u00a0\u00bb global_colors_info=\u00a0\u00bb{}\u00a0\u00bb content__hover_enabled=\u00a0\u00bboff|hover\u00a0\u00bb content__hover=\u00a0\u00bb<\/p>\n<h2>ORIGINALIT\u00c9<\/h2>\n<p>Lorem ipsum dolor sit amet, consectetur adipiscing elit. Aliquam aliquam neque pulvinar, rhoncus nunc ut, porttitor eros. Donec ac suscipit dolor. Nunc ut eros accumsan, pretium nisi at, lobortis lectus. Nam ac leo ac lectus venenatis hendrerit ut in massa. Sed ornare malesuada venenatis. Sed commodo tortor dui. Donec condimentum est at luctus porttitor.<\/p>\n<p>\u00a0\u00bb custom_margin__hover_enabled=\u00a0\u00bboff|desktop\u00a0\u00bb custom_margin__hover=\u00a0\u00bb24vh|40px|11vh|40px|false|true\u00a0\u00bb min_height__hover_enabled=\u00a0\u00bboff|hover\u00a0\u00bb text_text_color__hover_enabled=\u00a0\u00bbon|desktop\u00a0\u00bb text_text_color__hover=\u00a0\u00bb#FFFFFF\u00a0\u00bb custom_margin_last_edited=\u00a0\u00bbon|phone\u00a0\u00bb custom_margin_phone=\u00a0\u00bb11vh|40px|0vh|40px|false|true\u00a0\u00bb sticky_enabled=\u00a0\u00bb0&Prime; custom_margin_tablet=\u00a0\u00bb20vh|40px|20vh|40px|false|true\u00a0\u00bb]<\/p>\n<h2>RAPIDIT\u00c9<\/h2>\n<p>Lorem ipsum dolor sit amet, consectetur adipiscing elit. Aliquam aliquam neque pulvinar, rhoncus nunc ut, porttitor eros. Donec ac suscipit dolor. Nunc ut eros accumsan, pretium nisi at, lobortis lectus. Nam ac leo ac lectus venenatis hendrerit ut in massa. Sed ornare malesuada venenatis. Sed commodo tortor dui. Donec condimentum est at luctus porttitor.<\/p>\n<p>[\/et_pb_text][\/et_pb_column][\/et_pb_row][\/et_pb_section][et_pb_section fb_built=\u00a0\u00bb1&Prime; module_id=\u00a0\u00bbequipe\u00a0\u00bb _builder_version=\u00a0\u00bb4.27.4&Prime; _module_preset=\u00a0\u00bbdefault\u00a0\u00bb hover_enabled=\u00a0\u00bb0&Prime; locked=\u00a0\u00bboff\u00a0\u00bb global_colors_info=\u00a0\u00bb{}\u00a0\u00bb custom_margin_last_edited=\u00a0\u00bbon|phone\u00a0\u00bb custom_margin_phone=\u00a0\u00bb|30px||30px|false|true\u00a0\u00bb sticky_enabled=\u00a0\u00bb0&Prime;][et_pb_row column_structure=\u00a0\u00bb1_3,2_3&Prime; use_custom_gutter=\u00a0\u00bbon\u00a0\u00bb gutter_width=\u00a0\u00bb4&Prime; make_equal=\u00a0\u00bbon\u00a0\u00bb _builder_version=\u00a0\u00bb4.27.4&Prime; _module_preset=\u00a0\u00bbdefault\u00a0\u00bb width_tablet=\u00a0\u00bb66%\u00a0\u00bb width_phone=\u00a0\u00bb100%\u00a0\u00bb width_last_edited=\u00a0\u00bbon|phone\u00a0\u00bb custom_padding=\u00a0\u00bb0px|||||\u00a0\u00bb hover_enabled=\u00a0\u00bb0&Prime; global_colors_info=\u00a0\u00bb{}\u00a0\u00bb sticky_enabled=\u00a0\u00bb0&Prime;][et_pb_column type=\u00a0\u00bb1_3&Prime; _builder_version=\u00a0\u00bb4.27.4&Prime; _module_preset=\u00a0\u00bbdefault\u00a0\u00bb background_image=\u00a0\u00bbhttps:\/\/falora.provisoire.ch\/wp-content\/uploads\/2025\/02\/ev1xqevl2wi.jpg\u00a0\u00bb hover_enabled=\u00a0\u00bb0&Prime; global_colors_info=\u00a0\u00bb{}\u00a0\u00bb disabled_on=\u00a0\u00bbon|on|off\u00a0\u00bb sticky_enabled=\u00a0\u00bb0&Prime;][\/et_pb_column][et_pb_column type=\u00a0\u00bb2_3&Prime; _builder_version=\u00a0\u00bb4.16&Prime; _module_preset=\u00a0\u00bbdefault\u00a0\u00bb global_colors_info=\u00a0\u00bb{}\u00a0\u00bb][et_pb_text _builder_version=\u00a0\u00bb4.27.4&Prime; _module_preset=\u00a0\u00bbdefault\u00a0\u00bb custom_margin=\u00a0\u00bb50px||||false|false\u00a0\u00bb border_width_bottom=\u00a0\u00bb1px\u00a0\u00bb global_colors_info=\u00a0\u00bb{}\u00a0\u00bb]<\/p>\n<h2>Notre \u00e9quipe<span class=\"wixui-rich-text__text\"><\/span><\/h2>\n<p>[\/et_pb_text][et_pb_team_member name=\u00a0\u00bbRuth Balmer\u00a0\u00bb position=\u00a0\u00bbFondatrice, Directrice g\u00e9n\u00e9rale, Key Account Manager\u00a0\u00bb image_url=\u00a0\u00bbhttps:\/\/falora.provisoire.ch\/wp-content\/uploads\/2025\/02\/ruthBalmer.jpeg\u00a0\u00bb facebook_url=\u00a0\u00bbhttps:\/\/www.facebook.com\/p\/Falorach-100068017291174\/\u00a0\u00bb linkedin_url=\u00a0\u00bbhttps:\/\/www.linkedin.com\/in\/ruth-balmer-b3a58167\/\u00a0\u00bb _builder_version=\u00a0\u00bb4.27.4&Prime; _module_preset=\u00a0\u00bbdefault\u00a0\u00bb global_colors_info=\u00a0\u00bb{}\u00a0\u00bb][\/et_pb_team_member][et_pb_divider color=\u00a0\u00bb#000000&Prime; divider_position=\u00a0\u00bbbottom\u00a0\u00bb _builder_version=\u00a0\u00bb4.27.4&Prime; _module_preset=\u00a0\u00bbdefault\u00a0\u00bb custom_margin=\u00a0\u00bb||30px||false|false\u00a0\u00bb global_colors_info=\u00a0\u00bb{}\u00a0\u00bb][\/et_pb_divider][et_pb_button button_url=\u00a0\u00bb#contact\u00a0\u00bb button_text=\u00a0\u00bbNOUS SOMMES \u00c0 VOTRE \u00c9COUTE\u00a0\u00bb button_alignment=\u00a0\u00bbcenter\u00a0\u00bb _builder_version=\u00a0\u00bb4.27.4&Prime; _module_preset=\u00a0\u00bbdefault\u00a0\u00bb custom_button=\u00a0\u00bbon\u00a0\u00bb button_text_size=\u00a0\u00bb16px\u00a0\u00bb button_text_color=\u00a0\u00bb#FFFFFF\u00a0\u00bb button_bg_color=\u00a0\u00bb#000000&Prime; button_icon_color=\u00a0\u00bb#FFFFFF\u00a0\u00bb button_on_hover=\u00a0\u00bboff\u00a0\u00bb custom_margin=\u00a0\u00bb0px||30px||false|false\u00a0\u00bb custom_padding=\u00a0\u00bb0px|70px||60px|false|false\u00a0\u00bb hover_enabled=\u00a0\u00bb0&Prime; global_colors_info=\u00a0\u00bb{}\u00a0\u00bb custom_padding_last_edited=\u00a0\u00bbon|phone\u00a0\u00bb custom_padding_phone=\u00a0\u00bb|40px||30px|false|false\u00a0\u00bb sticky_enabled=\u00a0\u00bb0&Prime; custom_padding_tablet=\u00a0\u00bb0px|70px||60px|false|false\u00a0\u00bb][\/et_pb_button][\/et_pb_column][\/et_pb_row][\/et_pb_section]<\/p>\n","protected":false},"excerpt":{"rendered":"<p>FALORA : QUI SOMMES-NOUS Notre histoire | Nos valeurs | Notre \u00e9quipeNotre histoire Retrouvez sous peu notre histoire ici&#8230; le temps pour nous de composer ce texte !\u00a0Merci de votre compr\u00e9hension, et \u00e0 bient\u00f4tNos valeursORIGINALIT\u00c9 Lorem ipsum dolor sit amet, consectetur adipiscing elit. Aliquam aliquam neque pulvinar, rhoncus nunc ut, porttitor eros. Donec ac suscipit [&hellip;]<\/p>\n","protected":false},"author":1,"featured_media":0,"parent":0,"menu_order":80,"comment_status":"closed","ping_status":"closed","template":"","meta":{"_et_pb_use_builder":"on","_et_pb_old_content":"<!-- wp:divi\/placeholder \/-->","_et_gb_content_width":"","footnotes":""},"class_list":["post-27","page","type-page","status-publish","hentry"],"yoast_head":"<!-- This site is optimized with the Yoast SEO plugin v27.3 - https:\/\/yoast.com\/product\/yoast-seo-wordpress\/ -->\n<title>A propos de Falora - Falora - Shop<\/title>\n<meta name=\"robots\" content=\"index, follow, max-snippet:-1, max-image-preview:large, max-video-preview:-1\" \/>\n<link rel=\"canonical\" href=\"https:\/\/falora.ch\/de\/a-propos-de-falora\/\" \/>\n<meta property=\"og:locale\" content=\"de_DE\" \/>\n<meta property=\"og:type\" content=\"article\" \/>\n<meta property=\"og:title\" content=\"A propos de Falora - Falora - Shop\" \/>\n<meta property=\"og:description\" content=\"FALORA : QUI SOMMES-NOUS Notre histoire | Nos valeurs | Notre \u00e9quipeNotre histoire Retrouvez sous peu notre histoire ici... le temps pour nous de composer ce texte !\u00a0Merci de votre compr\u00e9hension, et \u00e0 bient\u00f4tNos valeursORIGINALIT\u00c9 Lorem ipsum dolor sit amet, consectetur adipiscing elit. Aliquam aliquam neque pulvinar, rhoncus nunc ut, porttitor eros. Donec ac suscipit [&hellip;]\" \/>\n<meta property=\"og:url\" content=\"https:\/\/falora.ch\/de\/a-propos-de-falora\/\" \/>\n<meta property=\"og:site_name\" content=\"Falora - Shop\" \/>\n<meta property=\"article:modified_time\" content=\"2025-03-02T12:55:01+00:00\" \/>\n<meta name=\"twitter:card\" content=\"summary_large_image\" \/>\n<meta name=\"twitter:label1\" content=\"Gesch\u00e4tzte Lesezeit\" \/>\n\t<meta name=\"twitter:data1\" content=\"8\u00a0Minuten\" \/>\n<script type=\"application\/ld+json\" class=\"yoast-schema-graph\">{\"@context\":\"https:\\\/\\\/schema.org\",\"@graph\":[{\"@type\":\"WebPage\",\"@id\":\"https:\\\/\\\/falora.ch\\\/a-propos-de-falora\\\/\",\"url\":\"https:\\\/\\\/falora.ch\\\/a-propos-de-falora\\\/\",\"name\":\"A propos de Falora - Falora - Shop\",\"isPartOf\":{\"@id\":\"https:\\\/\\\/falora.ch\\\/#website\"},\"datePublished\":\"2025-02-01T04:40:34+00:00\",\"dateModified\":\"2025-03-02T12:55:01+00:00\",\"breadcrumb\":{\"@id\":\"https:\\\/\\\/falora.ch\\\/a-propos-de-falora\\\/#breadcrumb\"},\"inLanguage\":\"de\",\"potentialAction\":[{\"@type\":\"ReadAction\",\"target\":[\"https:\\\/\\\/falora.ch\\\/a-propos-de-falora\\\/\"]}]},{\"@type\":\"BreadcrumbList\",\"@id\":\"https:\\\/\\\/falora.ch\\\/a-propos-de-falora\\\/#breadcrumb\",\"itemListElement\":[{\"@type\":\"ListItem\",\"position\":1,\"name\":\"Accueil\",\"item\":\"https:\\\/\\\/falora.ch\\\/\"},{\"@type\":\"ListItem\",\"position\":2,\"name\":\"A propos de Falora\"}]},{\"@type\":\"WebSite\",\"@id\":\"https:\\\/\\\/falora.ch\\\/#website\",\"url\":\"https:\\\/\\\/falora.ch\\\/\",\"name\":\"Falora - Shop\",\"description\":\"\",\"publisher\":{\"@id\":\"https:\\\/\\\/falora.ch\\\/#organization\"},\"potentialAction\":[{\"@type\":\"SearchAction\",\"target\":{\"@type\":\"EntryPoint\",\"urlTemplate\":\"https:\\\/\\\/falora.ch\\\/?s={search_term_string}\"},\"query-input\":{\"@type\":\"PropertyValueSpecification\",\"valueRequired\":true,\"valueName\":\"search_term_string\"}}],\"inLanguage\":\"de\"},{\"@type\":\"Organization\",\"@id\":\"https:\\\/\\\/falora.ch\\\/#organization\",\"name\":\"Falora - Shop\",\"url\":\"https:\\\/\\\/falora.ch\\\/\",\"logo\":{\"@type\":\"ImageObject\",\"inLanguage\":\"de\",\"@id\":\"https:\\\/\\\/falora.ch\\\/#\\\/schema\\\/logo\\\/image\\\/\",\"url\":\"https:\\\/\\\/falora.ch\\\/wp-content\\\/uploads\\\/2025\\\/02\\\/logo.png\",\"contentUrl\":\"https:\\\/\\\/falora.ch\\\/wp-content\\\/uploads\\\/2025\\\/02\\\/logo.png\",\"width\":952,\"height\":165,\"caption\":\"Falora - Shop\"},\"image\":{\"@id\":\"https:\\\/\\\/falora.ch\\\/#\\\/schema\\\/logo\\\/image\\\/\"}}]}<\/script>\n<!-- \/ Yoast SEO plugin. -->","yoast_head_json":{"title":"\u00dcber Falora \u2013 Falora \u2013 Shop","robots":{"index":"index","follow":"follow","max-snippet":"max-snippet:-1","max-image-preview":"max-image-preview:large","max-video-preview":"max-video-preview:-1"},"canonical":"https:\/\/falora.ch\/de\/a-propos-de-falora\/","og_locale":"de_DE","og_type":"article","og_title":"A propos de Falora - Falora - Shop","og_description":"FALORA : QUI SOMMES-NOUS Notre histoire | Nos valeurs | Notre \u00e9quipeNotre histoire Retrouvez sous peu notre histoire ici... le temps pour nous de composer ce texte !\u00a0Merci de votre compr\u00e9hension, et \u00e0 bient\u00f4tNos valeursORIGINALIT\u00c9 Lorem ipsum dolor sit amet, consectetur adipiscing elit. Aliquam aliquam neque pulvinar, rhoncus nunc ut, porttitor eros. Donec ac suscipit [&hellip;]","og_url":"https:\/\/falora.ch\/de\/a-propos-de-falora\/","og_site_name":"Falora - Shop","article_modified_time":"2025-03-02T12:55:01+00:00","twitter_card":"summary_large_image","twitter_misc":{"Gesch\u00e4tzte Lesezeit":"8\u00a0Minuten"},"schema":{"@context":"https:\/\/schema.org","@graph":[{"@type":"WebPage","@id":"https:\/\/falora.ch\/a-propos-de-falora\/","url":"https:\/\/falora.ch\/a-propos-de-falora\/","name":"\u00dcber Falora \u2013 Falora \u2013 Shop","isPartOf":{"@id":"https:\/\/falora.ch\/#website"},"datePublished":"2025-02-01T04:40:34+00:00","dateModified":"2025-03-02T12:55:01+00:00","breadcrumb":{"@id":"https:\/\/falora.ch\/a-propos-de-falora\/#breadcrumb"},"inLanguage":"de","potentialAction":[{"@type":"ReadAction","target":["https:\/\/falora.ch\/a-propos-de-falora\/"]}]},{"@type":"BreadcrumbList","@id":"https:\/\/falora.ch\/a-propos-de-falora\/#breadcrumb","itemListElement":[{"@type":"ListItem","position":1,"name":"Accueil","item":"https:\/\/falora.ch\/"},{"@type":"ListItem","position":2,"name":"A propos de Falora"}]},{"@type":"WebSite","@id":"https:\/\/falora.ch\/#website","url":"https:\/\/falora.ch\/","name":"Falora - Shop","description":"","publisher":{"@id":"https:\/\/falora.ch\/#organization"},"potentialAction":[{"@type":"SearchAction","target":{"@type":"EntryPoint","urlTemplate":"https:\/\/falora.ch\/?s={search_term_string}"},"query-input":{"@type":"PropertyValueSpecification","valueRequired":true,"valueName":"search_term_string"}}],"inLanguage":"de"},{"@type":"Organization","@id":"https:\/\/falora.ch\/#organization","name":"Falora - Shop","url":"https:\/\/falora.ch\/","logo":{"@type":"ImageObject","inLanguage":"de","@id":"https:\/\/falora.ch\/#\/schema\/logo\/image\/","url":"https:\/\/falora.ch\/wp-content\/uploads\/2025\/02\/logo.png","contentUrl":"https:\/\/falora.ch\/wp-content\/uploads\/2025\/02\/logo.png","width":952,"height":165,"caption":"Falora - Shop"},"image":{"@id":"https:\/\/falora.ch\/#\/schema\/logo\/image\/"}}]}},"_links":{"self":[{"href":"https:\/\/falora.ch\/de\/wp-json\/wp\/v2\/pages\/27","targetHints":{"allow":["GET"]}}],"collection":[{"href":"https:\/\/falora.ch\/de\/wp-json\/wp\/v2\/pages"}],"about":[{"href":"https:\/\/falora.ch\/de\/wp-json\/wp\/v2\/types\/page"}],"author":[{"embeddable":true,"href":"https:\/\/falora.ch\/de\/wp-json\/wp\/v2\/users\/1"}],"replies":[{"embeddable":true,"href":"https:\/\/falora.ch\/de\/wp-json\/wp\/v2\/comments?post=27"}],"version-history":[{"count":11,"href":"https:\/\/falora.ch\/de\/wp-json\/wp\/v2\/pages\/27\/revisions"}],"predecessor-version":[{"id":1020,"href":"https:\/\/falora.ch\/de\/wp-json\/wp\/v2\/pages\/27\/revisions\/1020"}],"wp:attachment":[{"href":"https:\/\/falora.ch\/de\/wp-json\/wp\/v2\/media?parent=27"}],"curies":[{"name":"wp","href":"https:\/\/api.w.org\/{rel}","templated":true}]}}