{"id":1055,"date":"2025-03-09T16:17:28","date_gmt":"2025-03-09T16:17:28","guid":{"rendered":"https:\/\/falora.ch\/?post_type=product&#038;p=1055"},"modified":"2025-04-28T08:28:18","modified_gmt":"2025-04-28T08:28:18","slug":"classeur-a4-lamine-levier-7cm-kraft-nature","status":"publish","type":"product","link":"https:\/\/falora.ch\/de\/produkt\/classeur-a4-lamine-levier-7cm-kraft-nature\/","title":{"rendered":"A4 Aktenordner laminiert 7cm KRAFT"},"content":{"rendered":"<p>Erh\u00f6hen Sie das Niveau Ihrer Arbeit und Archivierung mit dem KRAFT Hebelordner nature. Mit einer R\u00fcckenbreite von 7 cm und einem Ringbuch sorgt er f\u00fcr eine solide und sichere Organisation von Dokumenten. Die Ringe auf der Vorderseite verhindern zuverl\u00e4ssig ein unbeabsichtigtes \u00d6ffnen, so dass Ihre wichtigen Dokumente an ihrem Platz bleiben. Die Mechanik des Ordners ist hochwertig und ideal f\u00fcr die t\u00e4gliche Arbeit und Ablage. Um die Handhabung zu erleichtern, haben wir den hinteren Griff und den Schliessmechanismus (Rado-Schl\u00f6sser) so gestaltet, dass sie eine komfortable Bedienung und eine perfekte Arretierung des Antriebs erm\u00f6glichen, selbst wenn der Ordner gut gef\u00fcllt ist. So schaffen Sie mit unserem Premium-Hebelordner KRAFT nature ein professionelles Ablagesystem. Mit unserem Hebelordner KRAFT nature haben Sie die Gewissheit, dass Ihre Dokumente sicher und perfekt organisiert sind. Lassen Sie sich von der Premium-Qualit\u00e4t inspirieren und erf\u00fcllen Sie selbst die h\u00f6chsten Anspr\u00fcche. Holen Sie sich das perfekte Werkzeug f\u00fcr eine effiziente Organisation und Archivierung und bringen Sie Ordnung in Ihren Arbeitsbereich.<\/p>\n<p>MOQ 5<\/p>\n<p>Art. Nr. 3-025<\/p>\n<p>EAN 8596424166924<\/p>","protected":false},"excerpt":{"rendered":"<p>auf Lager<\/p>","protected":false},"featured_media":1056,"template":"","meta":{"_et_pb_use_builder":"","_et_pb_old_content":"","_et_gb_content_width":""},"product_brand":[],"product_cat":[74],"product_tag":[],"class_list":{"0":"post-1055","1":"product","2":"type-product","3":"status-publish","4":"has-post-thumbnail","6":"product_cat-kraft","8":"first","9":"instock","10":"shipping-taxable","11":"purchasable","12":"product-type-simple"},"yoast_head":"<!-- This site is optimized with the Yoast SEO plugin v27.3 - https:\/\/yoast.com\/product\/yoast-seo-wordpress\/ -->\n<title>Classeur \u00e0 levier A4 lamin\u00e9 7cm KRAFT - Falora - Shop<\/title>\n<meta name=\"robots\" content=\"index, follow, max-snippet:-1, max-image-preview:large, max-video-preview:-1\" \/>\n<link rel=\"canonical\" href=\"https:\/\/falora.ch\/de\/produkt\/classeur-a4-lamine-levier-7cm-kraft-nature\/\" \/>\n<meta property=\"og:locale\" content=\"de_DE\" \/>\n<meta property=\"og:type\" content=\"article\" \/>\n<meta property=\"og:title\" content=\"Classeur \u00e0 levier A4 lamin\u00e9 7cm KRAFT - Falora - Shop\" \/>\n<meta property=\"og:description\" content=\"en stock\" \/>\n<meta property=\"og:url\" content=\"https:\/\/falora.ch\/de\/produkt\/classeur-a4-lamine-levier-7cm-kraft-nature\/\" \/>\n<meta property=\"og:site_name\" content=\"Falora - Shop\" \/>\n<meta property=\"article:modified_time\" content=\"2025-04-28T08:28:18+00:00\" \/>\n<meta property=\"og:image\" content=\"https:\/\/falora.ch\/wp-content\/uploads\/2025\/03\/3-025.png\" \/>\n\t<meta property=\"og:image:width\" content=\"500\" \/>\n\t<meta property=\"og:image:height\" content=\"500\" \/>\n\t<meta property=\"og:image:type\" content=\"image\/png\" \/>\n<meta name=\"twitter:card\" content=\"summary_large_image\" \/>\n<meta name=\"twitter:label1\" content=\"Gesch\u00e4tzte Lesezeit\" \/>\n\t<meta name=\"twitter:data1\" content=\"2\u00a0Minuten\" \/>\n<script type=\"application\/ld+json\" class=\"yoast-schema-graph\">{\"@context\":\"https:\\\/\\\/schema.org\",\"@graph\":[{\"@type\":\"WebPage\",\"@id\":\"https:\\\/\\\/falora.ch\\\/produit\\\/classeur-a4-lamine-levier-7cm-kraft-nature\\\/\",\"url\":\"https:\\\/\\\/falora.ch\\\/produit\\\/classeur-a4-lamine-levier-7cm-kraft-nature\\\/\",\"name\":\"Classeur \u00e0 levier A4 lamin\u00e9 7cm KRAFT - Falora - Shop\",\"isPartOf\":{\"@id\":\"https:\\\/\\\/falora.ch\\\/#website\"},\"primaryImageOfPage\":{\"@id\":\"https:\\\/\\\/falora.ch\\\/produit\\\/classeur-a4-lamine-levier-7cm-kraft-nature\\\/#primaryimage\"},\"image\":{\"@id\":\"https:\\\/\\\/falora.ch\\\/produit\\\/classeur-a4-lamine-levier-7cm-kraft-nature\\\/#primaryimage\"},\"thumbnailUrl\":\"https:\\\/\\\/falora.ch\\\/wp-content\\\/uploads\\\/2025\\\/03\\\/3-025.png\",\"datePublished\":\"2025-03-09T16:17:28+00:00\",\"dateModified\":\"2025-04-28T08:28:18+00:00\",\"breadcrumb\":{\"@id\":\"https:\\\/\\\/falora.ch\\\/produit\\\/classeur-a4-lamine-levier-7cm-kraft-nature\\\/#breadcrumb\"},\"inLanguage\":\"de\",\"potentialAction\":[{\"@type\":\"ReadAction\",\"target\":[\"https:\\\/\\\/falora.ch\\\/produit\\\/classeur-a4-lamine-levier-7cm-kraft-nature\\\/\"]}]},{\"@type\":\"ImageObject\",\"inLanguage\":\"de\",\"@id\":\"https:\\\/\\\/falora.ch\\\/produit\\\/classeur-a4-lamine-levier-7cm-kraft-nature\\\/#primaryimage\",\"url\":\"https:\\\/\\\/falora.ch\\\/wp-content\\\/uploads\\\/2025\\\/03\\\/3-025.png\",\"contentUrl\":\"https:\\\/\\\/falora.ch\\\/wp-content\\\/uploads\\\/2025\\\/03\\\/3-025.png\",\"width\":500,\"height\":500,\"caption\":\"3 025\"},{\"@type\":\"BreadcrumbList\",\"@id\":\"https:\\\/\\\/falora.ch\\\/produit\\\/classeur-a4-lamine-levier-7cm-kraft-nature\\\/#breadcrumb\",\"itemListElement\":[{\"@type\":\"ListItem\",\"position\":1,\"name\":\"Accueil\",\"item\":\"https:\\\/\\\/falora.ch\\\/\"},{\"@type\":\"ListItem\",\"position\":2,\"name\":\"Boutique\",\"item\":\"https:\\\/\\\/falora.ch\\\/boutique\\\/\"},{\"@type\":\"ListItem\",\"position\":3,\"name\":\"Classeur \u00e0 levier A4 lamin\u00e9 7cm KRAFT\"}]},{\"@type\":\"WebSite\",\"@id\":\"https:\\\/\\\/falora.ch\\\/#website\",\"url\":\"https:\\\/\\\/falora.ch\\\/\",\"name\":\"Falora - Shop\",\"description\":\"\",\"publisher\":{\"@id\":\"https:\\\/\\\/falora.ch\\\/#organization\"},\"potentialAction\":[{\"@type\":\"SearchAction\",\"target\":{\"@type\":\"EntryPoint\",\"urlTemplate\":\"https:\\\/\\\/falora.ch\\\/?s={search_term_string}\"},\"query-input\":{\"@type\":\"PropertyValueSpecification\",\"valueRequired\":true,\"valueName\":\"search_term_string\"}}],\"inLanguage\":\"de\"},{\"@type\":\"Organization\",\"@id\":\"https:\\\/\\\/falora.ch\\\/#organization\",\"name\":\"Falora - Shop\",\"url\":\"https:\\\/\\\/falora.ch\\\/\",\"logo\":{\"@type\":\"ImageObject\",\"inLanguage\":\"de\",\"@id\":\"https:\\\/\\\/falora.ch\\\/#\\\/schema\\\/logo\\\/image\\\/\",\"url\":\"https:\\\/\\\/falora.ch\\\/wp-content\\\/uploads\\\/2025\\\/02\\\/logo.png\",\"contentUrl\":\"https:\\\/\\\/falora.ch\\\/wp-content\\\/uploads\\\/2025\\\/02\\\/logo.png\",\"width\":952,\"height\":165,\"caption\":\"Falora - Shop\"},\"image\":{\"@id\":\"https:\\\/\\\/falora.ch\\\/#\\\/schema\\\/logo\\\/image\\\/\"}}]}<\/script>\n<!-- \/ Yoast SEO plugin. -->","yoast_head_json":{"title":"Classeur \u00e0 levier A4 lamin\u00e9 7cm KRAFT - Falora - Shop","robots":{"index":"index","follow":"follow","max-snippet":"max-snippet:-1","max-image-preview":"max-image-preview:large","max-video-preview":"max-video-preview:-1"},"canonical":"https:\/\/falora.ch\/de\/produkt\/classeur-a4-lamine-levier-7cm-kraft-nature\/","og_locale":"de_DE","og_type":"article","og_title":"Classeur \u00e0 levier A4 lamin\u00e9 7cm KRAFT - Falora - Shop","og_description":"en stock","og_url":"https:\/\/falora.ch\/de\/produkt\/classeur-a4-lamine-levier-7cm-kraft-nature\/","og_site_name":"Falora - Shop","article_modified_time":"2025-04-28T08:28:18+00:00","og_image":[{"width":500,"height":500,"url":"https:\/\/falora.ch\/wp-content\/uploads\/2025\/03\/3-025.png","type":"image\/png"}],"twitter_card":"summary_large_image","twitter_misc":{"Gesch\u00e4tzte Lesezeit":"2\u00a0Minuten"},"schema":{"@context":"https:\/\/schema.org","@graph":[{"@type":"WebPage","@id":"https:\/\/falora.ch\/produit\/classeur-a4-lamine-levier-7cm-kraft-nature\/","url":"https:\/\/falora.ch\/produit\/classeur-a4-lamine-levier-7cm-kraft-nature\/","name":"Classeur \u00e0 levier A4 lamin\u00e9 7cm KRAFT - Falora - Shop","isPartOf":{"@id":"https:\/\/falora.ch\/#website"},"primaryImageOfPage":{"@id":"https:\/\/falora.ch\/produit\/classeur-a4-lamine-levier-7cm-kraft-nature\/#primaryimage"},"image":{"@id":"https:\/\/falora.ch\/produit\/classeur-a4-lamine-levier-7cm-kraft-nature\/#primaryimage"},"thumbnailUrl":"https:\/\/falora.ch\/wp-content\/uploads\/2025\/03\/3-025.png","datePublished":"2025-03-09T16:17:28+00:00","dateModified":"2025-04-28T08:28:18+00:00","breadcrumb":{"@id":"https:\/\/falora.ch\/produit\/classeur-a4-lamine-levier-7cm-kraft-nature\/#breadcrumb"},"inLanguage":"de","potentialAction":[{"@type":"ReadAction","target":["https:\/\/falora.ch\/produit\/classeur-a4-lamine-levier-7cm-kraft-nature\/"]}]},{"@type":"ImageObject","inLanguage":"de","@id":"https:\/\/falora.ch\/produit\/classeur-a4-lamine-levier-7cm-kraft-nature\/#primaryimage","url":"https:\/\/falora.ch\/wp-content\/uploads\/2025\/03\/3-025.png","contentUrl":"https:\/\/falora.ch\/wp-content\/uploads\/2025\/03\/3-025.png","width":500,"height":500,"caption":"3 025"},{"@type":"BreadcrumbList","@id":"https:\/\/falora.ch\/produit\/classeur-a4-lamine-levier-7cm-kraft-nature\/#breadcrumb","itemListElement":[{"@type":"ListItem","position":1,"name":"Accueil","item":"https:\/\/falora.ch\/"},{"@type":"ListItem","position":2,"name":"Boutique","item":"https:\/\/falora.ch\/boutique\/"},{"@type":"ListItem","position":3,"name":"Classeur \u00e0 levier A4 lamin\u00e9 7cm KRAFT"}]},{"@type":"WebSite","@id":"https:\/\/falora.ch\/#website","url":"https:\/\/falora.ch\/","name":"Falora - Shop","description":"","publisher":{"@id":"https:\/\/falora.ch\/#organization"},"potentialAction":[{"@type":"SearchAction","target":{"@type":"EntryPoint","urlTemplate":"https:\/\/falora.ch\/?s={search_term_string}"},"query-input":{"@type":"PropertyValueSpecification","valueRequired":true,"valueName":"search_term_string"}}],"inLanguage":"de"},{"@type":"Organization","@id":"https:\/\/falora.ch\/#organization","name":"Falora - Shop","url":"https:\/\/falora.ch\/","logo":{"@type":"ImageObject","inLanguage":"de","@id":"https:\/\/falora.ch\/#\/schema\/logo\/image\/","url":"https:\/\/falora.ch\/wp-content\/uploads\/2025\/02\/logo.png","contentUrl":"https:\/\/falora.ch\/wp-content\/uploads\/2025\/02\/logo.png","width":952,"height":165,"caption":"Falora - Shop"},"image":{"@id":"https:\/\/falora.ch\/#\/schema\/logo\/image\/"}}]}},"_links":{"self":[{"href":"https:\/\/falora.ch\/de\/wp-json\/wp\/v2\/product\/1055","targetHints":{"allow":["GET"]}}],"collection":[{"href":"https:\/\/falora.ch\/de\/wp-json\/wp\/v2\/product"}],"about":[{"href":"https:\/\/falora.ch\/de\/wp-json\/wp\/v2\/types\/product"}],"wp:featuredmedia":[{"embeddable":true,"href":"https:\/\/falora.ch\/de\/wp-json\/wp\/v2\/media\/1056"}],"wp:attachment":[{"href":"https:\/\/falora.ch\/de\/wp-json\/wp\/v2\/media?parent=1055"}],"wp:term":[{"taxonomy":"product_brand","embeddable":true,"href":"https:\/\/falora.ch\/de\/wp-json\/wp\/v2\/product_brand?post=1055"},{"taxonomy":"product_cat","embeddable":true,"href":"https:\/\/falora.ch\/de\/wp-json\/wp\/v2\/product_cat?post=1055"},{"taxonomy":"product_tag","embeddable":true,"href":"https:\/\/falora.ch\/de\/wp-json\/wp\/v2\/product_tag?post=1055"}],"curies":[{"name":"wp","href":"https:\/\/api.w.org\/{rel}","templated":true}]}}