{"id":1057,"date":"2025-03-09T16:26:14","date_gmt":"2025-03-09T16:26:14","guid":{"rendered":"https:\/\/falora.ch\/?post_type=product&#038;p=1057"},"modified":"2025-03-09T20:50:02","modified_gmt":"2025-03-09T20:50:02","slug":"cartable-a-dessin-a3-kraft-nature","status":"publish","type":"product","link":"https:\/\/falora.ch\/de\/produkt\/cartable-a-dessin-a3-kraft-nature\/","title":{"rendered":"A3 Zeichenmappe KRAFT natur"},"content":{"rendered":"<p>Entdecken Sie die perfekte Kombination aus Praktikabilit\u00e4t und Schutz f\u00fcr Ihre Zeichnungen mit unseren laminierten Schultaschen im A3-Format. Mit einer Gr\u00f6sse von 445x5x357 mm bieten diese M\u00e4ppchen den idealen Platz, um Ihre Zeichnungen zu verstauen und leicht zu \u00fcbertragen. Die einzigartige Einkerbung in der Mitte der Mappe sorgt f\u00fcr maximalen Komfort und einen festen Griff, wenn Sie Ihre Zeichnungen handhaben. Der elastische Verschluss sorgt daf\u00fcr, dass Ihre Unterlagen sicher an ihrem Platz bleiben, ohne zu knicken oder zu kippen. Im Inneren der Schultaschen befinden sich praktische Ecken, in denen Ihre Zeichnungen in den Formaten A4 und A3 unabh\u00e4ngig von ihrem Format perfekt verstaut werden k\u00f6nnen. Unsere laminierten Schulranzen sind eine gute Wahl f\u00fcr Berufst\u00e4tige, Studenten, K\u00fcnstler und alle, die ihre Zeichnungen sicher und einfach aufbewahren und transportieren m\u00f6chten.<\/p>\n<p>MOQ 5<\/p>\n<p>Art. Nr. 6-99623<\/p>\n<p>EAN 8596424155737<\/p>","protected":false},"excerpt":{"rendered":"<p>auf Lager<\/p>","protected":false},"featured_media":1058,"template":"","meta":{"_et_pb_use_builder":"","_et_pb_old_content":"","_et_gb_content_width":""},"product_brand":[],"product_cat":[74],"product_tag":[],"class_list":{"0":"post-1057","1":"product","2":"type-product","3":"status-publish","4":"has-post-thumbnail","6":"product_cat-kraft","8":"first","9":"instock","10":"shipping-taxable","11":"purchasable","12":"product-type-simple"},"yoast_head":"<!-- This site is optimized with the Yoast SEO plugin v27.5 - https:\/\/yoast.com\/product\/yoast-seo-wordpress\/ -->\n<title>Cartable \u00e0 dessin A3 KRAFT nature - Falora - Shop<\/title>\n<meta name=\"robots\" content=\"index, follow, max-snippet:-1, max-image-preview:large, max-video-preview:-1\" \/>\n<link rel=\"canonical\" href=\"https:\/\/falora.ch\/de\/produkt\/cartable-a-dessin-a3-kraft-nature\/\" \/>\n<meta property=\"og:locale\" content=\"de_DE\" \/>\n<meta property=\"og:type\" content=\"article\" \/>\n<meta property=\"og:title\" content=\"Cartable \u00e0 dessin A3 KRAFT nature - Falora - Shop\" \/>\n<meta property=\"og:description\" content=\"en stock\" \/>\n<meta property=\"og:url\" content=\"https:\/\/falora.ch\/de\/produkt\/cartable-a-dessin-a3-kraft-nature\/\" \/>\n<meta property=\"og:site_name\" content=\"Falora - Shop\" \/>\n<meta property=\"article:modified_time\" content=\"2025-03-09T20:50:02+00:00\" \/>\n<meta property=\"og:image\" content=\"https:\/\/falora.ch\/wp-content\/uploads\/2025\/03\/6-99623.png\" \/>\n\t<meta property=\"og:image:width\" content=\"500\" \/>\n\t<meta property=\"og:image:height\" content=\"500\" \/>\n\t<meta property=\"og:image:type\" content=\"image\/png\" \/>\n<meta name=\"twitter:card\" content=\"summary_large_image\" \/>\n<meta name=\"twitter:label1\" content=\"Gesch\u00e4tzte Lesezeit\" \/>\n\t<meta name=\"twitter:data1\" content=\"1\u00a0Minute\" \/>\n<script type=\"application\/ld+json\" class=\"yoast-schema-graph\">{\"@context\":\"https:\\\/\\\/schema.org\",\"@graph\":[{\"@type\":\"WebPage\",\"@id\":\"https:\\\/\\\/falora.ch\\\/produit\\\/cartable-a-dessin-a3-kraft-nature\\\/\",\"url\":\"https:\\\/\\\/falora.ch\\\/produit\\\/cartable-a-dessin-a3-kraft-nature\\\/\",\"name\":\"Cartable \u00e0 dessin A3 KRAFT nature - Falora - Shop\",\"isPartOf\":{\"@id\":\"https:\\\/\\\/falora.ch\\\/#website\"},\"primaryImageOfPage\":{\"@id\":\"https:\\\/\\\/falora.ch\\\/produit\\\/cartable-a-dessin-a3-kraft-nature\\\/#primaryimage\"},\"image\":{\"@id\":\"https:\\\/\\\/falora.ch\\\/produit\\\/cartable-a-dessin-a3-kraft-nature\\\/#primaryimage\"},\"thumbnailUrl\":\"https:\\\/\\\/falora.ch\\\/wp-content\\\/uploads\\\/2025\\\/03\\\/6-99623.png\",\"datePublished\":\"2025-03-09T16:26:14+00:00\",\"dateModified\":\"2025-03-09T20:50:02+00:00\",\"breadcrumb\":{\"@id\":\"https:\\\/\\\/falora.ch\\\/produit\\\/cartable-a-dessin-a3-kraft-nature\\\/#breadcrumb\"},\"inLanguage\":\"de\",\"potentialAction\":[{\"@type\":\"ReadAction\",\"target\":[\"https:\\\/\\\/falora.ch\\\/produit\\\/cartable-a-dessin-a3-kraft-nature\\\/\"]}]},{\"@type\":\"ImageObject\",\"inLanguage\":\"de\",\"@id\":\"https:\\\/\\\/falora.ch\\\/produit\\\/cartable-a-dessin-a3-kraft-nature\\\/#primaryimage\",\"url\":\"https:\\\/\\\/falora.ch\\\/wp-content\\\/uploads\\\/2025\\\/03\\\/6-99623.png\",\"contentUrl\":\"https:\\\/\\\/falora.ch\\\/wp-content\\\/uploads\\\/2025\\\/03\\\/6-99623.png\",\"width\":500,\"height\":500,\"caption\":\"6 99623\"},{\"@type\":\"BreadcrumbList\",\"@id\":\"https:\\\/\\\/falora.ch\\\/produit\\\/cartable-a-dessin-a3-kraft-nature\\\/#breadcrumb\",\"itemListElement\":[{\"@type\":\"ListItem\",\"position\":1,\"name\":\"Accueil\",\"item\":\"https:\\\/\\\/falora.ch\\\/\"},{\"@type\":\"ListItem\",\"position\":2,\"name\":\"Boutique\",\"item\":\"https:\\\/\\\/falora.ch\\\/boutique\\\/\"},{\"@type\":\"ListItem\",\"position\":3,\"name\":\"Cartable \u00e0 dessin A3 KRAFT nature\"}]},{\"@type\":\"WebSite\",\"@id\":\"https:\\\/\\\/falora.ch\\\/#website\",\"url\":\"https:\\\/\\\/falora.ch\\\/\",\"name\":\"Falora - Shop\",\"description\":\"\",\"publisher\":{\"@id\":\"https:\\\/\\\/falora.ch\\\/#organization\"},\"potentialAction\":[{\"@type\":\"SearchAction\",\"target\":{\"@type\":\"EntryPoint\",\"urlTemplate\":\"https:\\\/\\\/falora.ch\\\/?s={search_term_string}\"},\"query-input\":{\"@type\":\"PropertyValueSpecification\",\"valueRequired\":true,\"valueName\":\"search_term_string\"}}],\"inLanguage\":\"de\"},{\"@type\":\"Organization\",\"@id\":\"https:\\\/\\\/falora.ch\\\/#organization\",\"name\":\"Falora - Shop\",\"url\":\"https:\\\/\\\/falora.ch\\\/\",\"logo\":{\"@type\":\"ImageObject\",\"inLanguage\":\"de\",\"@id\":\"https:\\\/\\\/falora.ch\\\/#\\\/schema\\\/logo\\\/image\\\/\",\"url\":\"https:\\\/\\\/falora.ch\\\/wp-content\\\/uploads\\\/2025\\\/02\\\/logo.png\",\"contentUrl\":\"https:\\\/\\\/falora.ch\\\/wp-content\\\/uploads\\\/2025\\\/02\\\/logo.png\",\"width\":952,\"height\":165,\"caption\":\"Falora - Shop\"},\"image\":{\"@id\":\"https:\\\/\\\/falora.ch\\\/#\\\/schema\\\/logo\\\/image\\\/\"}}]}<\/script>\n<!-- \/ Yoast SEO plugin. -->","yoast_head_json":{"title":"Cartable \u00e0 dessin A3 KRAFT nature - Falora - Shop","robots":{"index":"index","follow":"follow","max-snippet":"max-snippet:-1","max-image-preview":"max-image-preview:large","max-video-preview":"max-video-preview:-1"},"canonical":"https:\/\/falora.ch\/de\/produkt\/cartable-a-dessin-a3-kraft-nature\/","og_locale":"de_DE","og_type":"article","og_title":"Cartable \u00e0 dessin A3 KRAFT nature - Falora - Shop","og_description":"en stock","og_url":"https:\/\/falora.ch\/de\/produkt\/cartable-a-dessin-a3-kraft-nature\/","og_site_name":"Falora - Shop","article_modified_time":"2025-03-09T20:50:02+00:00","og_image":[{"width":500,"height":500,"url":"https:\/\/falora.ch\/wp-content\/uploads\/2025\/03\/6-99623.png","type":"image\/png"}],"twitter_card":"summary_large_image","twitter_misc":{"Gesch\u00e4tzte Lesezeit":"1\u00a0Minute"},"schema":{"@context":"https:\/\/schema.org","@graph":[{"@type":"WebPage","@id":"https:\/\/falora.ch\/produit\/cartable-a-dessin-a3-kraft-nature\/","url":"https:\/\/falora.ch\/produit\/cartable-a-dessin-a3-kraft-nature\/","name":"Cartable \u00e0 dessin A3 KRAFT nature - Falora - Shop","isPartOf":{"@id":"https:\/\/falora.ch\/#website"},"primaryImageOfPage":{"@id":"https:\/\/falora.ch\/produit\/cartable-a-dessin-a3-kraft-nature\/#primaryimage"},"image":{"@id":"https:\/\/falora.ch\/produit\/cartable-a-dessin-a3-kraft-nature\/#primaryimage"},"thumbnailUrl":"https:\/\/falora.ch\/wp-content\/uploads\/2025\/03\/6-99623.png","datePublished":"2025-03-09T16:26:14+00:00","dateModified":"2025-03-09T20:50:02+00:00","breadcrumb":{"@id":"https:\/\/falora.ch\/produit\/cartable-a-dessin-a3-kraft-nature\/#breadcrumb"},"inLanguage":"de","potentialAction":[{"@type":"ReadAction","target":["https:\/\/falora.ch\/produit\/cartable-a-dessin-a3-kraft-nature\/"]}]},{"@type":"ImageObject","inLanguage":"de","@id":"https:\/\/falora.ch\/produit\/cartable-a-dessin-a3-kraft-nature\/#primaryimage","url":"https:\/\/falora.ch\/wp-content\/uploads\/2025\/03\/6-99623.png","contentUrl":"https:\/\/falora.ch\/wp-content\/uploads\/2025\/03\/6-99623.png","width":500,"height":500,"caption":"6 99623"},{"@type":"BreadcrumbList","@id":"https:\/\/falora.ch\/produit\/cartable-a-dessin-a3-kraft-nature\/#breadcrumb","itemListElement":[{"@type":"ListItem","position":1,"name":"Accueil","item":"https:\/\/falora.ch\/"},{"@type":"ListItem","position":2,"name":"Boutique","item":"https:\/\/falora.ch\/boutique\/"},{"@type":"ListItem","position":3,"name":"Cartable \u00e0 dessin A3 KRAFT nature"}]},{"@type":"WebSite","@id":"https:\/\/falora.ch\/#website","url":"https:\/\/falora.ch\/","name":"Falora - Shop","description":"","publisher":{"@id":"https:\/\/falora.ch\/#organization"},"potentialAction":[{"@type":"SearchAction","target":{"@type":"EntryPoint","urlTemplate":"https:\/\/falora.ch\/?s={search_term_string}"},"query-input":{"@type":"PropertyValueSpecification","valueRequired":true,"valueName":"search_term_string"}}],"inLanguage":"de"},{"@type":"Organization","@id":"https:\/\/falora.ch\/#organization","name":"Falora - Shop","url":"https:\/\/falora.ch\/","logo":{"@type":"ImageObject","inLanguage":"de","@id":"https:\/\/falora.ch\/#\/schema\/logo\/image\/","url":"https:\/\/falora.ch\/wp-content\/uploads\/2025\/02\/logo.png","contentUrl":"https:\/\/falora.ch\/wp-content\/uploads\/2025\/02\/logo.png","width":952,"height":165,"caption":"Falora - Shop"},"image":{"@id":"https:\/\/falora.ch\/#\/schema\/logo\/image\/"}}]}},"_links":{"self":[{"href":"https:\/\/falora.ch\/de\/wp-json\/wp\/v2\/product\/1057","targetHints":{"allow":["GET"]}}],"collection":[{"href":"https:\/\/falora.ch\/de\/wp-json\/wp\/v2\/product"}],"about":[{"href":"https:\/\/falora.ch\/de\/wp-json\/wp\/v2\/types\/product"}],"wp:featuredmedia":[{"embeddable":true,"href":"https:\/\/falora.ch\/de\/wp-json\/wp\/v2\/media\/1058"}],"wp:attachment":[{"href":"https:\/\/falora.ch\/de\/wp-json\/wp\/v2\/media?parent=1057"}],"wp:term":[{"taxonomy":"product_brand","embeddable":true,"href":"https:\/\/falora.ch\/de\/wp-json\/wp\/v2\/product_brand?post=1057"},{"taxonomy":"product_cat","embeddable":true,"href":"https:\/\/falora.ch\/de\/wp-json\/wp\/v2\/product_cat?post=1057"},{"taxonomy":"product_tag","embeddable":true,"href":"https:\/\/falora.ch\/de\/wp-json\/wp\/v2\/product_tag?post=1057"}],"curies":[{"name":"wp","href":"https:\/\/api.w.org\/{rel}","templated":true}]}}