{"id":1064,"date":"2025-03-09T16:56:32","date_gmt":"2025-03-09T16:56:32","guid":{"rendered":"https:\/\/falora.ch\/?post_type=product&#038;p=1064"},"modified":"2025-04-18T17:34:13","modified_gmt":"2025-04-18T17:34:13","slug":"boite-a-documents-laminee-3-rabats-avec-elastique-kraft-nature","status":"publish","type":"product","link":"https:\/\/falora.ch\/de\/produkt\/boite-a-documents-laminee-3-rabats-avec-elastique-kraft-nature\/","title":{"rendered":"Laminierte Dokumentenbox KRAFT mit Gummiband"},"content":{"rendered":"<p>Dokumentenbox mit drei Klappen und einem Gummiband. Farbe: naturfarben. Dicke bis zu 3,0 cm<\/p>\n<p>MOQ 5<\/p>\n<p>Art. Nr. 7-333<\/p>\n<p>EAN 8596424166955<\/p>","protected":false},"excerpt":{"rendered":"<p>auf Lager<\/p>","protected":false},"featured_media":1065,"template":"","meta":{"_et_pb_use_builder":"","_et_pb_old_content":"","_et_gb_content_width":""},"product_brand":[],"product_cat":[74],"product_tag":[],"class_list":{"0":"post-1064","1":"product","2":"type-product","3":"status-publish","4":"has-post-thumbnail","6":"product_cat-kraft","8":"first","9":"instock","10":"shipping-taxable","11":"purchasable","12":"product-type-simple"},"yoast_head":"<!-- This site is optimized with the Yoast SEO plugin v27.3 - https:\/\/yoast.com\/product\/yoast-seo-wordpress\/ -->\n<title>Bo\u00eete \u00e0 documents lamin\u00e9e KRAFT avec \u00e9lastique - Falora - Shop<\/title>\n<meta name=\"robots\" content=\"index, follow, max-snippet:-1, max-image-preview:large, max-video-preview:-1\" \/>\n<link rel=\"canonical\" href=\"https:\/\/falora.ch\/de\/produkt\/boite-a-documents-laminee-3-rabats-avec-elastique-kraft-nature\/\" \/>\n<meta property=\"og:locale\" content=\"de_DE\" \/>\n<meta property=\"og:type\" content=\"article\" \/>\n<meta property=\"og:title\" content=\"Bo\u00eete \u00e0 documents lamin\u00e9e KRAFT avec \u00e9lastique - Falora - Shop\" \/>\n<meta property=\"og:description\" content=\"en stock\" \/>\n<meta property=\"og:url\" content=\"https:\/\/falora.ch\/de\/produkt\/boite-a-documents-laminee-3-rabats-avec-elastique-kraft-nature\/\" \/>\n<meta property=\"og:site_name\" content=\"Falora - Shop\" \/>\n<meta property=\"article:modified_time\" content=\"2025-04-18T17:34:13+00:00\" \/>\n<meta property=\"og:image\" content=\"https:\/\/falora.ch\/wp-content\/uploads\/2025\/03\/7-333.png\" \/>\n\t<meta property=\"og:image:width\" content=\"500\" \/>\n\t<meta property=\"og:image:height\" content=\"500\" \/>\n\t<meta property=\"og:image:type\" content=\"image\/png\" \/>\n<meta name=\"twitter:card\" content=\"summary_large_image\" \/>\n<meta name=\"twitter:label1\" content=\"Gesch\u00e4tzte Lesezeit\" \/>\n\t<meta name=\"twitter:data1\" content=\"1\u00a0Minute\" \/>\n<script type=\"application\/ld+json\" class=\"yoast-schema-graph\">{\"@context\":\"https:\\\/\\\/schema.org\",\"@graph\":[{\"@type\":\"WebPage\",\"@id\":\"https:\\\/\\\/falora.ch\\\/produit\\\/boite-a-documents-laminee-3-rabats-avec-elastique-kraft-nature\\\/\",\"url\":\"https:\\\/\\\/falora.ch\\\/produit\\\/boite-a-documents-laminee-3-rabats-avec-elastique-kraft-nature\\\/\",\"name\":\"Bo\u00eete \u00e0 documents lamin\u00e9e KRAFT avec \u00e9lastique - Falora - Shop\",\"isPartOf\":{\"@id\":\"https:\\\/\\\/falora.ch\\\/#website\"},\"primaryImageOfPage\":{\"@id\":\"https:\\\/\\\/falora.ch\\\/produit\\\/boite-a-documents-laminee-3-rabats-avec-elastique-kraft-nature\\\/#primaryimage\"},\"image\":{\"@id\":\"https:\\\/\\\/falora.ch\\\/produit\\\/boite-a-documents-laminee-3-rabats-avec-elastique-kraft-nature\\\/#primaryimage\"},\"thumbnailUrl\":\"https:\\\/\\\/falora.ch\\\/wp-content\\\/uploads\\\/2025\\\/03\\\/7-333.png\",\"datePublished\":\"2025-03-09T16:56:32+00:00\",\"dateModified\":\"2025-04-18T17:34:13+00:00\",\"breadcrumb\":{\"@id\":\"https:\\\/\\\/falora.ch\\\/produit\\\/boite-a-documents-laminee-3-rabats-avec-elastique-kraft-nature\\\/#breadcrumb\"},\"inLanguage\":\"de\",\"potentialAction\":[{\"@type\":\"ReadAction\",\"target\":[\"https:\\\/\\\/falora.ch\\\/produit\\\/boite-a-documents-laminee-3-rabats-avec-elastique-kraft-nature\\\/\"]}]},{\"@type\":\"ImageObject\",\"inLanguage\":\"de\",\"@id\":\"https:\\\/\\\/falora.ch\\\/produit\\\/boite-a-documents-laminee-3-rabats-avec-elastique-kraft-nature\\\/#primaryimage\",\"url\":\"https:\\\/\\\/falora.ch\\\/wp-content\\\/uploads\\\/2025\\\/03\\\/7-333.png\",\"contentUrl\":\"https:\\\/\\\/falora.ch\\\/wp-content\\\/uploads\\\/2025\\\/03\\\/7-333.png\",\"width\":500,\"height\":500,\"caption\":\"7 333\"},{\"@type\":\"BreadcrumbList\",\"@id\":\"https:\\\/\\\/falora.ch\\\/produit\\\/boite-a-documents-laminee-3-rabats-avec-elastique-kraft-nature\\\/#breadcrumb\",\"itemListElement\":[{\"@type\":\"ListItem\",\"position\":1,\"name\":\"Accueil\",\"item\":\"https:\\\/\\\/falora.ch\\\/\"},{\"@type\":\"ListItem\",\"position\":2,\"name\":\"Boutique\",\"item\":\"https:\\\/\\\/falora.ch\\\/boutique\\\/\"},{\"@type\":\"ListItem\",\"position\":3,\"name\":\"Bo\u00eete \u00e0 documents lamin\u00e9e KRAFT avec \u00e9lastique\"}]},{\"@type\":\"WebSite\",\"@id\":\"https:\\\/\\\/falora.ch\\\/#website\",\"url\":\"https:\\\/\\\/falora.ch\\\/\",\"name\":\"Falora - Shop\",\"description\":\"\",\"publisher\":{\"@id\":\"https:\\\/\\\/falora.ch\\\/#organization\"},\"potentialAction\":[{\"@type\":\"SearchAction\",\"target\":{\"@type\":\"EntryPoint\",\"urlTemplate\":\"https:\\\/\\\/falora.ch\\\/?s={search_term_string}\"},\"query-input\":{\"@type\":\"PropertyValueSpecification\",\"valueRequired\":true,\"valueName\":\"search_term_string\"}}],\"inLanguage\":\"de\"},{\"@type\":\"Organization\",\"@id\":\"https:\\\/\\\/falora.ch\\\/#organization\",\"name\":\"Falora - Shop\",\"url\":\"https:\\\/\\\/falora.ch\\\/\",\"logo\":{\"@type\":\"ImageObject\",\"inLanguage\":\"de\",\"@id\":\"https:\\\/\\\/falora.ch\\\/#\\\/schema\\\/logo\\\/image\\\/\",\"url\":\"https:\\\/\\\/falora.ch\\\/wp-content\\\/uploads\\\/2025\\\/02\\\/logo.png\",\"contentUrl\":\"https:\\\/\\\/falora.ch\\\/wp-content\\\/uploads\\\/2025\\\/02\\\/logo.png\",\"width\":952,\"height\":165,\"caption\":\"Falora - Shop\"},\"image\":{\"@id\":\"https:\\\/\\\/falora.ch\\\/#\\\/schema\\\/logo\\\/image\\\/\"}}]}<\/script>\n<!-- \/ Yoast SEO plugin. -->","yoast_head_json":{"title":"Bo\u00eete \u00e0 documents lamin\u00e9e KRAFT avec \u00e9lastique - Falora - Shop","robots":{"index":"index","follow":"follow","max-snippet":"max-snippet:-1","max-image-preview":"max-image-preview:large","max-video-preview":"max-video-preview:-1"},"canonical":"https:\/\/falora.ch\/de\/produkt\/boite-a-documents-laminee-3-rabats-avec-elastique-kraft-nature\/","og_locale":"de_DE","og_type":"article","og_title":"Bo\u00eete \u00e0 documents lamin\u00e9e KRAFT avec \u00e9lastique - Falora - Shop","og_description":"en stock","og_url":"https:\/\/falora.ch\/de\/produkt\/boite-a-documents-laminee-3-rabats-avec-elastique-kraft-nature\/","og_site_name":"Falora - Shop","article_modified_time":"2025-04-18T17:34:13+00:00","og_image":[{"width":500,"height":500,"url":"https:\/\/falora.ch\/wp-content\/uploads\/2025\/03\/7-333.png","type":"image\/png"}],"twitter_card":"summary_large_image","twitter_misc":{"Gesch\u00e4tzte Lesezeit":"1\u00a0Minute"},"schema":{"@context":"https:\/\/schema.org","@graph":[{"@type":"WebPage","@id":"https:\/\/falora.ch\/produit\/boite-a-documents-laminee-3-rabats-avec-elastique-kraft-nature\/","url":"https:\/\/falora.ch\/produit\/boite-a-documents-laminee-3-rabats-avec-elastique-kraft-nature\/","name":"Bo\u00eete \u00e0 documents lamin\u00e9e KRAFT avec \u00e9lastique - Falora - Shop","isPartOf":{"@id":"https:\/\/falora.ch\/#website"},"primaryImageOfPage":{"@id":"https:\/\/falora.ch\/produit\/boite-a-documents-laminee-3-rabats-avec-elastique-kraft-nature\/#primaryimage"},"image":{"@id":"https:\/\/falora.ch\/produit\/boite-a-documents-laminee-3-rabats-avec-elastique-kraft-nature\/#primaryimage"},"thumbnailUrl":"https:\/\/falora.ch\/wp-content\/uploads\/2025\/03\/7-333.png","datePublished":"2025-03-09T16:56:32+00:00","dateModified":"2025-04-18T17:34:13+00:00","breadcrumb":{"@id":"https:\/\/falora.ch\/produit\/boite-a-documents-laminee-3-rabats-avec-elastique-kraft-nature\/#breadcrumb"},"inLanguage":"de","potentialAction":[{"@type":"ReadAction","target":["https:\/\/falora.ch\/produit\/boite-a-documents-laminee-3-rabats-avec-elastique-kraft-nature\/"]}]},{"@type":"ImageObject","inLanguage":"de","@id":"https:\/\/falora.ch\/produit\/boite-a-documents-laminee-3-rabats-avec-elastique-kraft-nature\/#primaryimage","url":"https:\/\/falora.ch\/wp-content\/uploads\/2025\/03\/7-333.png","contentUrl":"https:\/\/falora.ch\/wp-content\/uploads\/2025\/03\/7-333.png","width":500,"height":500,"caption":"7 333"},{"@type":"BreadcrumbList","@id":"https:\/\/falora.ch\/produit\/boite-a-documents-laminee-3-rabats-avec-elastique-kraft-nature\/#breadcrumb","itemListElement":[{"@type":"ListItem","position":1,"name":"Accueil","item":"https:\/\/falora.ch\/"},{"@type":"ListItem","position":2,"name":"Boutique","item":"https:\/\/falora.ch\/boutique\/"},{"@type":"ListItem","position":3,"name":"Bo\u00eete \u00e0 documents lamin\u00e9e KRAFT avec \u00e9lastique"}]},{"@type":"WebSite","@id":"https:\/\/falora.ch\/#website","url":"https:\/\/falora.ch\/","name":"Falora - Shop","description":"","publisher":{"@id":"https:\/\/falora.ch\/#organization"},"potentialAction":[{"@type":"SearchAction","target":{"@type":"EntryPoint","urlTemplate":"https:\/\/falora.ch\/?s={search_term_string}"},"query-input":{"@type":"PropertyValueSpecification","valueRequired":true,"valueName":"search_term_string"}}],"inLanguage":"de"},{"@type":"Organization","@id":"https:\/\/falora.ch\/#organization","name":"Falora - Shop","url":"https:\/\/falora.ch\/","logo":{"@type":"ImageObject","inLanguage":"de","@id":"https:\/\/falora.ch\/#\/schema\/logo\/image\/","url":"https:\/\/falora.ch\/wp-content\/uploads\/2025\/02\/logo.png","contentUrl":"https:\/\/falora.ch\/wp-content\/uploads\/2025\/02\/logo.png","width":952,"height":165,"caption":"Falora - Shop"},"image":{"@id":"https:\/\/falora.ch\/#\/schema\/logo\/image\/"}}]}},"_links":{"self":[{"href":"https:\/\/falora.ch\/de\/wp-json\/wp\/v2\/product\/1064","targetHints":{"allow":["GET"]}}],"collection":[{"href":"https:\/\/falora.ch\/de\/wp-json\/wp\/v2\/product"}],"about":[{"href":"https:\/\/falora.ch\/de\/wp-json\/wp\/v2\/types\/product"}],"wp:featuredmedia":[{"embeddable":true,"href":"https:\/\/falora.ch\/de\/wp-json\/wp\/v2\/media\/1065"}],"wp:attachment":[{"href":"https:\/\/falora.ch\/de\/wp-json\/wp\/v2\/media?parent=1064"}],"wp:term":[{"taxonomy":"product_brand","embeddable":true,"href":"https:\/\/falora.ch\/de\/wp-json\/wp\/v2\/product_brand?post=1064"},{"taxonomy":"product_cat","embeddable":true,"href":"https:\/\/falora.ch\/de\/wp-json\/wp\/v2\/product_cat?post=1064"},{"taxonomy":"product_tag","embeddable":true,"href":"https:\/\/falora.ch\/de\/wp-json\/wp\/v2\/product_tag?post=1064"}],"curies":[{"name":"wp","href":"https:\/\/api.w.org\/{rel}","templated":true}]}}