{"id":1074,"date":"2025-03-09T19:44:02","date_gmt":"2025-03-09T19:44:02","guid":{"rendered":"https:\/\/falora.ch\/?post_type=product&#038;p=1074"},"modified":"2025-04-05T10:25:42","modified_gmt":"2025-04-05T10:25:42","slug":"carnet-spirale-double-a5-lamine-kraft-nature","status":"publish","type":"product","link":"https:\/\/falora.ch\/de\/produkt\/carnet-spirale-double-a5-lamine-kraft-nature\/","title":{"rendered":"Spiralbuch A5 laminiert KRAFT natur"},"content":{"rendered":"<p>Das spiralisierte Doppel-A5-Notizbuch im eleganten Naturdesign ist Ihr idealer Begleiter f\u00fcr jede Gelegenheit. Mit 60 linierten Bl\u00e4ttern mit 70 g\/m\u00b2 bietet es viel Platz f\u00fcr all Ihre Gedanken, Notizen und Pl\u00e4ne. Die Seitenbindung und die perforierten Seiten erleichtern die Handhabung der Seiten. Das A5-Format ist ideal f\u00fcr Ihre Notizen im B\u00fcro, in der Schule und unterwegs. Die robusten laminierten Bretter sorgen f\u00fcr Haltbarkeit, sodass Ihre Notizen unversehrt bleiben, wohin Sie sie auch mitnehmen. Betonen Sie Ihren einzigartigen Stil mit einem Kraft-Ringbuch.<\/p>\n<p>MOQ 5<\/p>\n<p>Art. Nr. 7-531<\/p>\n<p>EAN 8596424166993<\/p>","protected":false},"excerpt":{"rendered":"<p>auf Lager<\/p>","protected":false},"featured_media":1091,"template":"","meta":{"_et_pb_use_builder":"","_et_pb_old_content":"","_et_gb_content_width":""},"product_brand":[],"product_cat":[74],"product_tag":[],"class_list":{"0":"post-1074","1":"product","2":"type-product","3":"status-publish","4":"has-post-thumbnail","6":"product_cat-kraft","8":"first","9":"instock","10":"shipping-taxable","11":"purchasable","12":"product-type-simple"},"yoast_head":"<!-- This site is optimized with the Yoast SEO plugin v27.4 - https:\/\/yoast.com\/product\/yoast-seo-wordpress\/ -->\n<title>Carnet spiral\u00e9 A5 lamin\u00e9 KRAFT nature - Falora - Shop<\/title>\n<meta name=\"robots\" content=\"index, follow, max-snippet:-1, max-image-preview:large, max-video-preview:-1\" \/>\n<link rel=\"canonical\" href=\"https:\/\/falora.ch\/de\/produkt\/carnet-spirale-double-a5-lamine-kraft-nature\/\" \/>\n<meta property=\"og:locale\" content=\"de_DE\" \/>\n<meta property=\"og:type\" content=\"article\" \/>\n<meta property=\"og:title\" content=\"Carnet spiral\u00e9 A5 lamin\u00e9 KRAFT nature - Falora - Shop\" \/>\n<meta property=\"og:description\" content=\"en stock\" \/>\n<meta property=\"og:url\" content=\"https:\/\/falora.ch\/de\/produkt\/carnet-spirale-double-a5-lamine-kraft-nature\/\" \/>\n<meta property=\"og:site_name\" content=\"Falora - Shop\" \/>\n<meta property=\"article:modified_time\" content=\"2025-04-05T10:25:42+00:00\" \/>\n<meta property=\"og:image\" content=\"https:\/\/falora.ch\/wp-content\/uploads\/2025\/03\/7-531-1.png\" \/>\n\t<meta property=\"og:image:width\" content=\"500\" \/>\n\t<meta property=\"og:image:height\" content=\"500\" \/>\n\t<meta property=\"og:image:type\" content=\"image\/png\" \/>\n<meta name=\"twitter:card\" content=\"summary_large_image\" \/>\n<meta name=\"twitter:label1\" content=\"Gesch\u00e4tzte Lesezeit\" \/>\n\t<meta name=\"twitter:data1\" content=\"1\u00a0Minute\" \/>\n<script type=\"application\/ld+json\" class=\"yoast-schema-graph\">{\"@context\":\"https:\\\/\\\/schema.org\",\"@graph\":[{\"@type\":\"WebPage\",\"@id\":\"https:\\\/\\\/falora.ch\\\/produit\\\/carnet-spirale-double-a5-lamine-kraft-nature\\\/\",\"url\":\"https:\\\/\\\/falora.ch\\\/produit\\\/carnet-spirale-double-a5-lamine-kraft-nature\\\/\",\"name\":\"Carnet spiral\u00e9 A5 lamin\u00e9 KRAFT nature - Falora - Shop\",\"isPartOf\":{\"@id\":\"https:\\\/\\\/falora.ch\\\/#website\"},\"primaryImageOfPage\":{\"@id\":\"https:\\\/\\\/falora.ch\\\/produit\\\/carnet-spirale-double-a5-lamine-kraft-nature\\\/#primaryimage\"},\"image\":{\"@id\":\"https:\\\/\\\/falora.ch\\\/produit\\\/carnet-spirale-double-a5-lamine-kraft-nature\\\/#primaryimage\"},\"thumbnailUrl\":\"https:\\\/\\\/falora.ch\\\/wp-content\\\/uploads\\\/2025\\\/03\\\/7-531-1.png\",\"datePublished\":\"2025-03-09T19:44:02+00:00\",\"dateModified\":\"2025-04-05T10:25:42+00:00\",\"breadcrumb\":{\"@id\":\"https:\\\/\\\/falora.ch\\\/produit\\\/carnet-spirale-double-a5-lamine-kraft-nature\\\/#breadcrumb\"},\"inLanguage\":\"de\",\"potentialAction\":[{\"@type\":\"ReadAction\",\"target\":[\"https:\\\/\\\/falora.ch\\\/produit\\\/carnet-spirale-double-a5-lamine-kraft-nature\\\/\"]}]},{\"@type\":\"ImageObject\",\"inLanguage\":\"de\",\"@id\":\"https:\\\/\\\/falora.ch\\\/produit\\\/carnet-spirale-double-a5-lamine-kraft-nature\\\/#primaryimage\",\"url\":\"https:\\\/\\\/falora.ch\\\/wp-content\\\/uploads\\\/2025\\\/03\\\/7-531-1.png\",\"contentUrl\":\"https:\\\/\\\/falora.ch\\\/wp-content\\\/uploads\\\/2025\\\/03\\\/7-531-1.png\",\"width\":500,\"height\":500,\"caption\":\"7 531\"},{\"@type\":\"BreadcrumbList\",\"@id\":\"https:\\\/\\\/falora.ch\\\/produit\\\/carnet-spirale-double-a5-lamine-kraft-nature\\\/#breadcrumb\",\"itemListElement\":[{\"@type\":\"ListItem\",\"position\":1,\"name\":\"Accueil\",\"item\":\"https:\\\/\\\/falora.ch\\\/\"},{\"@type\":\"ListItem\",\"position\":2,\"name\":\"Boutique\",\"item\":\"https:\\\/\\\/falora.ch\\\/boutique\\\/\"},{\"@type\":\"ListItem\",\"position\":3,\"name\":\"Carnet spiral\u00e9 A5 lamin\u00e9 KRAFT nature\"}]},{\"@type\":\"WebSite\",\"@id\":\"https:\\\/\\\/falora.ch\\\/#website\",\"url\":\"https:\\\/\\\/falora.ch\\\/\",\"name\":\"Falora - Shop\",\"description\":\"\",\"publisher\":{\"@id\":\"https:\\\/\\\/falora.ch\\\/#organization\"},\"potentialAction\":[{\"@type\":\"SearchAction\",\"target\":{\"@type\":\"EntryPoint\",\"urlTemplate\":\"https:\\\/\\\/falora.ch\\\/?s={search_term_string}\"},\"query-input\":{\"@type\":\"PropertyValueSpecification\",\"valueRequired\":true,\"valueName\":\"search_term_string\"}}],\"inLanguage\":\"de\"},{\"@type\":\"Organization\",\"@id\":\"https:\\\/\\\/falora.ch\\\/#organization\",\"name\":\"Falora - Shop\",\"url\":\"https:\\\/\\\/falora.ch\\\/\",\"logo\":{\"@type\":\"ImageObject\",\"inLanguage\":\"de\",\"@id\":\"https:\\\/\\\/falora.ch\\\/#\\\/schema\\\/logo\\\/image\\\/\",\"url\":\"https:\\\/\\\/falora.ch\\\/wp-content\\\/uploads\\\/2025\\\/02\\\/logo.png\",\"contentUrl\":\"https:\\\/\\\/falora.ch\\\/wp-content\\\/uploads\\\/2025\\\/02\\\/logo.png\",\"width\":952,\"height\":165,\"caption\":\"Falora - Shop\"},\"image\":{\"@id\":\"https:\\\/\\\/falora.ch\\\/#\\\/schema\\\/logo\\\/image\\\/\"}}]}<\/script>\n<!-- \/ Yoast SEO plugin. -->","yoast_head_json":{"title":"Carnet spiral\u00e9 A5 lamin\u00e9 KRAFT nature - Falora - Shop","robots":{"index":"index","follow":"follow","max-snippet":"max-snippet:-1","max-image-preview":"max-image-preview:large","max-video-preview":"max-video-preview:-1"},"canonical":"https:\/\/falora.ch\/de\/produkt\/carnet-spirale-double-a5-lamine-kraft-nature\/","og_locale":"de_DE","og_type":"article","og_title":"Carnet spiral\u00e9 A5 lamin\u00e9 KRAFT nature - Falora - Shop","og_description":"en stock","og_url":"https:\/\/falora.ch\/de\/produkt\/carnet-spirale-double-a5-lamine-kraft-nature\/","og_site_name":"Falora - Shop","article_modified_time":"2025-04-05T10:25:42+00:00","og_image":[{"width":500,"height":500,"url":"https:\/\/falora.ch\/wp-content\/uploads\/2025\/03\/7-531-1.png","type":"image\/png"}],"twitter_card":"summary_large_image","twitter_misc":{"Gesch\u00e4tzte Lesezeit":"1\u00a0Minute"},"schema":{"@context":"https:\/\/schema.org","@graph":[{"@type":"WebPage","@id":"https:\/\/falora.ch\/produit\/carnet-spirale-double-a5-lamine-kraft-nature\/","url":"https:\/\/falora.ch\/produit\/carnet-spirale-double-a5-lamine-kraft-nature\/","name":"Carnet spiral\u00e9 A5 lamin\u00e9 KRAFT nature - Falora - Shop","isPartOf":{"@id":"https:\/\/falora.ch\/#website"},"primaryImageOfPage":{"@id":"https:\/\/falora.ch\/produit\/carnet-spirale-double-a5-lamine-kraft-nature\/#primaryimage"},"image":{"@id":"https:\/\/falora.ch\/produit\/carnet-spirale-double-a5-lamine-kraft-nature\/#primaryimage"},"thumbnailUrl":"https:\/\/falora.ch\/wp-content\/uploads\/2025\/03\/7-531-1.png","datePublished":"2025-03-09T19:44:02+00:00","dateModified":"2025-04-05T10:25:42+00:00","breadcrumb":{"@id":"https:\/\/falora.ch\/produit\/carnet-spirale-double-a5-lamine-kraft-nature\/#breadcrumb"},"inLanguage":"de","potentialAction":[{"@type":"ReadAction","target":["https:\/\/falora.ch\/produit\/carnet-spirale-double-a5-lamine-kraft-nature\/"]}]},{"@type":"ImageObject","inLanguage":"de","@id":"https:\/\/falora.ch\/produit\/carnet-spirale-double-a5-lamine-kraft-nature\/#primaryimage","url":"https:\/\/falora.ch\/wp-content\/uploads\/2025\/03\/7-531-1.png","contentUrl":"https:\/\/falora.ch\/wp-content\/uploads\/2025\/03\/7-531-1.png","width":500,"height":500,"caption":"7 531"},{"@type":"BreadcrumbList","@id":"https:\/\/falora.ch\/produit\/carnet-spirale-double-a5-lamine-kraft-nature\/#breadcrumb","itemListElement":[{"@type":"ListItem","position":1,"name":"Accueil","item":"https:\/\/falora.ch\/"},{"@type":"ListItem","position":2,"name":"Boutique","item":"https:\/\/falora.ch\/boutique\/"},{"@type":"ListItem","position":3,"name":"Carnet spiral\u00e9 A5 lamin\u00e9 KRAFT nature"}]},{"@type":"WebSite","@id":"https:\/\/falora.ch\/#website","url":"https:\/\/falora.ch\/","name":"Falora - Shop","description":"","publisher":{"@id":"https:\/\/falora.ch\/#organization"},"potentialAction":[{"@type":"SearchAction","target":{"@type":"EntryPoint","urlTemplate":"https:\/\/falora.ch\/?s={search_term_string}"},"query-input":{"@type":"PropertyValueSpecification","valueRequired":true,"valueName":"search_term_string"}}],"inLanguage":"de"},{"@type":"Organization","@id":"https:\/\/falora.ch\/#organization","name":"Falora - Shop","url":"https:\/\/falora.ch\/","logo":{"@type":"ImageObject","inLanguage":"de","@id":"https:\/\/falora.ch\/#\/schema\/logo\/image\/","url":"https:\/\/falora.ch\/wp-content\/uploads\/2025\/02\/logo.png","contentUrl":"https:\/\/falora.ch\/wp-content\/uploads\/2025\/02\/logo.png","width":952,"height":165,"caption":"Falora - Shop"},"image":{"@id":"https:\/\/falora.ch\/#\/schema\/logo\/image\/"}}]}},"_links":{"self":[{"href":"https:\/\/falora.ch\/de\/wp-json\/wp\/v2\/product\/1074","targetHints":{"allow":["GET"]}}],"collection":[{"href":"https:\/\/falora.ch\/de\/wp-json\/wp\/v2\/product"}],"about":[{"href":"https:\/\/falora.ch\/de\/wp-json\/wp\/v2\/types\/product"}],"wp:featuredmedia":[{"embeddable":true,"href":"https:\/\/falora.ch\/de\/wp-json\/wp\/v2\/media\/1091"}],"wp:attachment":[{"href":"https:\/\/falora.ch\/de\/wp-json\/wp\/v2\/media?parent=1074"}],"wp:term":[{"taxonomy":"product_brand","embeddable":true,"href":"https:\/\/falora.ch\/de\/wp-json\/wp\/v2\/product_brand?post=1074"},{"taxonomy":"product_cat","embeddable":true,"href":"https:\/\/falora.ch\/de\/wp-json\/wp\/v2\/product_cat?post=1074"},{"taxonomy":"product_tag","embeddable":true,"href":"https:\/\/falora.ch\/de\/wp-json\/wp\/v2\/product_tag?post=1074"}],"curies":[{"name":"wp","href":"https:\/\/api.w.org\/{rel}","templated":true}]}}