{"id":1080,"date":"2025-03-09T19:57:48","date_gmt":"2025-03-09T19:57:48","guid":{"rendered":"https:\/\/falora.ch\/?post_type=product&#038;p=1080"},"modified":"2025-04-18T17:32:29","modified_gmt":"2025-04-18T17:32:29","slug":"grande-boite-laminee-kraft-nature","status":"publish","type":"product","link":"https:\/\/falora.ch\/de\/produkt\/grande-boite-laminee-kraft-nature\/","title":{"rendered":"Grosse laminierte Archivbox KRAFT Natur"},"content":{"rendered":"<p>Ben\u00f6tigen Sie eine elegante und funktionale L\u00f6sung f\u00fcr die Aufbewahrung verschiedener Gegenst\u00e4nde? Dann ist unsere Lamino-Box mit Deckel und ausgestanzten Griffen die richtige L\u00f6sung f\u00fcr Sie. Diese Box ist nicht nur eine elegante Erg\u00e4nzung f\u00fcr Ihren Raum, sondern auch ein praktisches Organisationsmittel. Die Box ist so konzipiert, dass sie leicht zu handhaben ist. Dank der Aussparungen f\u00fcr die Griffe l\u00e4sst sie sich leicht tragen und \u00f6ffnen. Ob Sie nun Dokumente oder Spielzeug aufbewahren m\u00fcssen, unsere Box bietet gen\u00fcgend Platz f\u00fcr eine Vielzahl von Gegenst\u00e4nden. Die modernen Naturfarben verleihen der Box ein nat\u00fcrliches und frisches Aussehen. Sie ist die ideale M\u00f6glichkeit, Ihre Sachen nicht nur zu verstauen, sondern sie auch immer griffbereit zu haben, wenn Sie sie brauchen. Die Masse der Box betragen 35,5 x 24 x 16 cm, d. h. sie bietet viel Platz f\u00fcr Ihre Gegenst\u00e4nde. Sie m\u00fcssen sich nie wieder Sorgen um Unordnung oder verlorene Gegenst\u00e4nde machen. Lassen Sie sich von ihrer Vielseitigkeit und Einfachheit inspirieren und halten Sie Ihren Raum ordentlich und organisiert.<\/p>\n<p>Masse: 35,5 x 24 x 16 cm<\/p>\n<p>MOQ 5<\/p>\n<p>Art. Nr. 7-007<\/p>\n<p>EAN 8596424166498<\/p>","protected":false},"excerpt":{"rendered":"<p>auf Lager<\/p>","protected":false},"featured_media":1081,"template":"","meta":{"_et_pb_use_builder":"","_et_pb_old_content":"","_et_gb_content_width":""},"product_brand":[],"product_cat":[74],"product_tag":[],"class_list":{"0":"post-1080","1":"product","2":"type-product","3":"status-publish","4":"has-post-thumbnail","6":"product_cat-kraft","8":"first","9":"instock","10":"shipping-taxable","11":"purchasable","12":"product-type-simple"},"yoast_head":"<!-- This site is optimized with the Yoast SEO plugin v27.4 - https:\/\/yoast.com\/product\/yoast-seo-wordpress\/ -->\n<title>Grande bo\u00eete d&#039;archivage lamin\u00e9e KRAFT nature - Falora - Shop<\/title>\n<meta name=\"robots\" content=\"index, follow, max-snippet:-1, max-image-preview:large, max-video-preview:-1\" \/>\n<link rel=\"canonical\" href=\"https:\/\/falora.ch\/de\/produkt\/grande-boite-laminee-kraft-nature\/\" \/>\n<meta property=\"og:locale\" content=\"de_DE\" \/>\n<meta property=\"og:type\" content=\"article\" \/>\n<meta property=\"og:title\" content=\"Grande bo\u00eete d&#039;archivage lamin\u00e9e KRAFT nature - Falora - Shop\" \/>\n<meta property=\"og:description\" content=\"en stock\" \/>\n<meta property=\"og:url\" content=\"https:\/\/falora.ch\/de\/produkt\/grande-boite-laminee-kraft-nature\/\" \/>\n<meta property=\"og:site_name\" content=\"Falora - Shop\" \/>\n<meta property=\"article:modified_time\" content=\"2025-04-18T17:32:29+00:00\" \/>\n<meta property=\"og:image\" content=\"https:\/\/falora.ch\/wp-content\/uploads\/2025\/03\/7-007.png\" \/>\n\t<meta property=\"og:image:width\" content=\"500\" \/>\n\t<meta property=\"og:image:height\" content=\"500\" \/>\n\t<meta property=\"og:image:type\" content=\"image\/png\" \/>\n<meta name=\"twitter:card\" content=\"summary_large_image\" \/>\n<meta name=\"twitter:label1\" content=\"Gesch\u00e4tzte Lesezeit\" \/>\n\t<meta name=\"twitter:data1\" content=\"2\u00a0Minuten\" \/>\n<script type=\"application\/ld+json\" class=\"yoast-schema-graph\">{\"@context\":\"https:\\\/\\\/schema.org\",\"@graph\":[{\"@type\":\"WebPage\",\"@id\":\"https:\\\/\\\/falora.ch\\\/produit\\\/grande-boite-laminee-kraft-nature\\\/\",\"url\":\"https:\\\/\\\/falora.ch\\\/produit\\\/grande-boite-laminee-kraft-nature\\\/\",\"name\":\"Grande bo\u00eete d'archivage lamin\u00e9e KRAFT nature - Falora - Shop\",\"isPartOf\":{\"@id\":\"https:\\\/\\\/falora.ch\\\/#website\"},\"primaryImageOfPage\":{\"@id\":\"https:\\\/\\\/falora.ch\\\/produit\\\/grande-boite-laminee-kraft-nature\\\/#primaryimage\"},\"image\":{\"@id\":\"https:\\\/\\\/falora.ch\\\/produit\\\/grande-boite-laminee-kraft-nature\\\/#primaryimage\"},\"thumbnailUrl\":\"https:\\\/\\\/falora.ch\\\/wp-content\\\/uploads\\\/2025\\\/03\\\/7-007.png\",\"datePublished\":\"2025-03-09T19:57:48+00:00\",\"dateModified\":\"2025-04-18T17:32:29+00:00\",\"breadcrumb\":{\"@id\":\"https:\\\/\\\/falora.ch\\\/produit\\\/grande-boite-laminee-kraft-nature\\\/#breadcrumb\"},\"inLanguage\":\"de\",\"potentialAction\":[{\"@type\":\"ReadAction\",\"target\":[\"https:\\\/\\\/falora.ch\\\/produit\\\/grande-boite-laminee-kraft-nature\\\/\"]}]},{\"@type\":\"ImageObject\",\"inLanguage\":\"de\",\"@id\":\"https:\\\/\\\/falora.ch\\\/produit\\\/grande-boite-laminee-kraft-nature\\\/#primaryimage\",\"url\":\"https:\\\/\\\/falora.ch\\\/wp-content\\\/uploads\\\/2025\\\/03\\\/7-007.png\",\"contentUrl\":\"https:\\\/\\\/falora.ch\\\/wp-content\\\/uploads\\\/2025\\\/03\\\/7-007.png\",\"width\":500,\"height\":500,\"caption\":\"7 007\"},{\"@type\":\"BreadcrumbList\",\"@id\":\"https:\\\/\\\/falora.ch\\\/produit\\\/grande-boite-laminee-kraft-nature\\\/#breadcrumb\",\"itemListElement\":[{\"@type\":\"ListItem\",\"position\":1,\"name\":\"Accueil\",\"item\":\"https:\\\/\\\/falora.ch\\\/\"},{\"@type\":\"ListItem\",\"position\":2,\"name\":\"Boutique\",\"item\":\"https:\\\/\\\/falora.ch\\\/boutique\\\/\"},{\"@type\":\"ListItem\",\"position\":3,\"name\":\"Grande bo\u00eete d&rsquo;archivage lamin\u00e9e KRAFT nature\"}]},{\"@type\":\"WebSite\",\"@id\":\"https:\\\/\\\/falora.ch\\\/#website\",\"url\":\"https:\\\/\\\/falora.ch\\\/\",\"name\":\"Falora - Shop\",\"description\":\"\",\"publisher\":{\"@id\":\"https:\\\/\\\/falora.ch\\\/#organization\"},\"potentialAction\":[{\"@type\":\"SearchAction\",\"target\":{\"@type\":\"EntryPoint\",\"urlTemplate\":\"https:\\\/\\\/falora.ch\\\/?s={search_term_string}\"},\"query-input\":{\"@type\":\"PropertyValueSpecification\",\"valueRequired\":true,\"valueName\":\"search_term_string\"}}],\"inLanguage\":\"de\"},{\"@type\":\"Organization\",\"@id\":\"https:\\\/\\\/falora.ch\\\/#organization\",\"name\":\"Falora - Shop\",\"url\":\"https:\\\/\\\/falora.ch\\\/\",\"logo\":{\"@type\":\"ImageObject\",\"inLanguage\":\"de\",\"@id\":\"https:\\\/\\\/falora.ch\\\/#\\\/schema\\\/logo\\\/image\\\/\",\"url\":\"https:\\\/\\\/falora.ch\\\/wp-content\\\/uploads\\\/2025\\\/02\\\/logo.png\",\"contentUrl\":\"https:\\\/\\\/falora.ch\\\/wp-content\\\/uploads\\\/2025\\\/02\\\/logo.png\",\"width\":952,\"height\":165,\"caption\":\"Falora - Shop\"},\"image\":{\"@id\":\"https:\\\/\\\/falora.ch\\\/#\\\/schema\\\/logo\\\/image\\\/\"}}]}<\/script>\n<!-- \/ Yoast SEO plugin. -->","yoast_head_json":{"title":"Grande bo\u00eete d'archivage lamin\u00e9e KRAFT nature - Falora - Shop","robots":{"index":"index","follow":"follow","max-snippet":"max-snippet:-1","max-image-preview":"max-image-preview:large","max-video-preview":"max-video-preview:-1"},"canonical":"https:\/\/falora.ch\/de\/produkt\/grande-boite-laminee-kraft-nature\/","og_locale":"de_DE","og_type":"article","og_title":"Grande bo\u00eete d'archivage lamin\u00e9e KRAFT nature - Falora - Shop","og_description":"en stock","og_url":"https:\/\/falora.ch\/de\/produkt\/grande-boite-laminee-kraft-nature\/","og_site_name":"Falora - Shop","article_modified_time":"2025-04-18T17:32:29+00:00","og_image":[{"width":500,"height":500,"url":"https:\/\/falora.ch\/wp-content\/uploads\/2025\/03\/7-007.png","type":"image\/png"}],"twitter_card":"summary_large_image","twitter_misc":{"Gesch\u00e4tzte Lesezeit":"2\u00a0Minuten"},"schema":{"@context":"https:\/\/schema.org","@graph":[{"@type":"WebPage","@id":"https:\/\/falora.ch\/produit\/grande-boite-laminee-kraft-nature\/","url":"https:\/\/falora.ch\/produit\/grande-boite-laminee-kraft-nature\/","name":"Grande bo\u00eete d'archivage lamin\u00e9e KRAFT nature - Falora - Shop","isPartOf":{"@id":"https:\/\/falora.ch\/#website"},"primaryImageOfPage":{"@id":"https:\/\/falora.ch\/produit\/grande-boite-laminee-kraft-nature\/#primaryimage"},"image":{"@id":"https:\/\/falora.ch\/produit\/grande-boite-laminee-kraft-nature\/#primaryimage"},"thumbnailUrl":"https:\/\/falora.ch\/wp-content\/uploads\/2025\/03\/7-007.png","datePublished":"2025-03-09T19:57:48+00:00","dateModified":"2025-04-18T17:32:29+00:00","breadcrumb":{"@id":"https:\/\/falora.ch\/produit\/grande-boite-laminee-kraft-nature\/#breadcrumb"},"inLanguage":"de","potentialAction":[{"@type":"ReadAction","target":["https:\/\/falora.ch\/produit\/grande-boite-laminee-kraft-nature\/"]}]},{"@type":"ImageObject","inLanguage":"de","@id":"https:\/\/falora.ch\/produit\/grande-boite-laminee-kraft-nature\/#primaryimage","url":"https:\/\/falora.ch\/wp-content\/uploads\/2025\/03\/7-007.png","contentUrl":"https:\/\/falora.ch\/wp-content\/uploads\/2025\/03\/7-007.png","width":500,"height":500,"caption":"7 007"},{"@type":"BreadcrumbList","@id":"https:\/\/falora.ch\/produit\/grande-boite-laminee-kraft-nature\/#breadcrumb","itemListElement":[{"@type":"ListItem","position":1,"name":"Accueil","item":"https:\/\/falora.ch\/"},{"@type":"ListItem","position":2,"name":"Boutique","item":"https:\/\/falora.ch\/boutique\/"},{"@type":"ListItem","position":3,"name":"Grande bo\u00eete d&rsquo;archivage lamin\u00e9e KRAFT nature"}]},{"@type":"WebSite","@id":"https:\/\/falora.ch\/#website","url":"https:\/\/falora.ch\/","name":"Falora - Shop","description":"","publisher":{"@id":"https:\/\/falora.ch\/#organization"},"potentialAction":[{"@type":"SearchAction","target":{"@type":"EntryPoint","urlTemplate":"https:\/\/falora.ch\/?s={search_term_string}"},"query-input":{"@type":"PropertyValueSpecification","valueRequired":true,"valueName":"search_term_string"}}],"inLanguage":"de"},{"@type":"Organization","@id":"https:\/\/falora.ch\/#organization","name":"Falora - Shop","url":"https:\/\/falora.ch\/","logo":{"@type":"ImageObject","inLanguage":"de","@id":"https:\/\/falora.ch\/#\/schema\/logo\/image\/","url":"https:\/\/falora.ch\/wp-content\/uploads\/2025\/02\/logo.png","contentUrl":"https:\/\/falora.ch\/wp-content\/uploads\/2025\/02\/logo.png","width":952,"height":165,"caption":"Falora - Shop"},"image":{"@id":"https:\/\/falora.ch\/#\/schema\/logo\/image\/"}}]}},"_links":{"self":[{"href":"https:\/\/falora.ch\/de\/wp-json\/wp\/v2\/product\/1080","targetHints":{"allow":["GET"]}}],"collection":[{"href":"https:\/\/falora.ch\/de\/wp-json\/wp\/v2\/product"}],"about":[{"href":"https:\/\/falora.ch\/de\/wp-json\/wp\/v2\/types\/product"}],"wp:featuredmedia":[{"embeddable":true,"href":"https:\/\/falora.ch\/de\/wp-json\/wp\/v2\/media\/1081"}],"wp:attachment":[{"href":"https:\/\/falora.ch\/de\/wp-json\/wp\/v2\/media?parent=1080"}],"wp:term":[{"taxonomy":"product_brand","embeddable":true,"href":"https:\/\/falora.ch\/de\/wp-json\/wp\/v2\/product_brand?post=1080"},{"taxonomy":"product_cat","embeddable":true,"href":"https:\/\/falora.ch\/de\/wp-json\/wp\/v2\/product_cat?post=1080"},{"taxonomy":"product_tag","embeddable":true,"href":"https:\/\/falora.ch\/de\/wp-json\/wp\/v2\/product_tag?post=1080"}],"curies":[{"name":"wp","href":"https:\/\/api.w.org\/{rel}","templated":true}]}}