{"id":1178,"date":"2025-03-10T10:02:42","date_gmt":"2025-03-10T10:02:42","guid":{"rendered":"https:\/\/falora.ch\/?post_type=product&#038;p=1178"},"modified":"2025-04-03T12:23:28","modified_gmt":"2025-04-03T12:23:28","slug":"sac-a-dos-oxy-runner","status":"publish","type":"product","link":"https:\/\/falora.ch\/de\/produkt\/sac-a-dos-oxy-runner\/","title":{"rendered":"OXY Runner Rucksack"},"content":{"rendered":"<p>Der OXY Runner Rucksack beeindruckt durch sein elegantes und ansprechendes Design, seine praktische Konstruktion und sein geringes Gewicht, das vor allem von \u00e4lteren Sch\u00fclern der zweiten Klasse gesch\u00e4tzt wird. Der Rucksack verf\u00fcgt \u00fcber ein ger\u00e4umiges Hauptfach, in dem alle notwendigen Schulmaterialien untergebracht werden k\u00f6nnen. In der kleineren Fronttasche k\u00f6nnen die wichtigsten Dinge des t\u00e4glichen Bedarfs oder ein kleiner Snack verstaut werden. W\u00e4hle deinen Partner f\u00fcr die Schule und die Stadt, um dich zu unterst\u00fctzen. Die L\u00e4nge der R\u00fcckwand betr\u00e4gt 44 cm, das Volumen 21 Liter, das Gewicht des Rucksacks 450 g und seine Tragf\u00e4higkeit 12 kg.<\/p>\n<p>Gr\u00f6sse: 300*440*160 mm, Gewicht: 450 g<\/p>\n<p>MOQ 1<\/p>\n<p>Art. Nr. 8-43624 \/ 8-43724 \/ 8-44724 \/ 8-44824 \/ 8-44924<\/p>","protected":false},"excerpt":{"rendered":"<p>auf Lager<\/p>","protected":false},"featured_media":1185,"template":"","meta":{"_et_pb_use_builder":"","_et_pb_old_content":"","_et_gb_content_width":""},"product_brand":[],"product_cat":[93],"product_tag":[],"class_list":{"0":"post-1178","1":"product","2":"type-product","3":"status-publish","4":"has-post-thumbnail","6":"product_cat-sac-scolaire","8":"first","9":"instock","10":"shipping-taxable","11":"purchasable","12":"product-type-variable"},"yoast_head":"<!-- This site is optimized with the Yoast SEO plugin v27.3 - https:\/\/yoast.com\/product\/yoast-seo-wordpress\/ -->\n<title>Sac \u00e0 dos OXY Runner - Falora - Shop<\/title>\n<meta name=\"robots\" content=\"index, follow, max-snippet:-1, max-image-preview:large, max-video-preview:-1\" \/>\n<link rel=\"canonical\" href=\"https:\/\/falora.ch\/de\/produkt\/sac-a-dos-oxy-runner\/\" \/>\n<meta property=\"og:locale\" content=\"de_DE\" \/>\n<meta property=\"og:type\" content=\"article\" \/>\n<meta property=\"og:title\" content=\"Sac \u00e0 dos OXY Runner - Falora - Shop\" \/>\n<meta property=\"og:description\" content=\"en stock\" \/>\n<meta property=\"og:url\" content=\"https:\/\/falora.ch\/de\/produkt\/sac-a-dos-oxy-runner\/\" \/>\n<meta property=\"og:site_name\" content=\"Falora - Shop\" \/>\n<meta property=\"article:modified_time\" content=\"2025-04-03T12:23:28+00:00\" \/>\n<meta property=\"og:image\" content=\"https:\/\/falora.ch\/wp-content\/uploads\/2025\/03\/8-43724.png\" \/>\n\t<meta property=\"og:image:width\" content=\"500\" \/>\n\t<meta property=\"og:image:height\" content=\"500\" \/>\n\t<meta property=\"og:image:type\" content=\"image\/png\" \/>\n<meta name=\"twitter:card\" content=\"summary_large_image\" \/>\n<meta name=\"twitter:label1\" content=\"Gesch\u00e4tzte Lesezeit\" \/>\n\t<meta name=\"twitter:data1\" content=\"1\u00a0Minute\" \/>\n<script type=\"application\/ld+json\" class=\"yoast-schema-graph\">{\"@context\":\"https:\\\/\\\/schema.org\",\"@graph\":[{\"@type\":\"WebPage\",\"@id\":\"https:\\\/\\\/falora.ch\\\/produit\\\/sac-a-dos-oxy-runner\\\/\",\"url\":\"https:\\\/\\\/falora.ch\\\/produit\\\/sac-a-dos-oxy-runner\\\/\",\"name\":\"Sac \u00e0 dos OXY Runner - Falora - Shop\",\"isPartOf\":{\"@id\":\"https:\\\/\\\/falora.ch\\\/#website\"},\"primaryImageOfPage\":{\"@id\":\"https:\\\/\\\/falora.ch\\\/produit\\\/sac-a-dos-oxy-runner\\\/#primaryimage\"},\"image\":{\"@id\":\"https:\\\/\\\/falora.ch\\\/produit\\\/sac-a-dos-oxy-runner\\\/#primaryimage\"},\"thumbnailUrl\":\"https:\\\/\\\/falora.ch\\\/wp-content\\\/uploads\\\/2025\\\/03\\\/8-43724.png\",\"datePublished\":\"2025-03-10T10:02:42+00:00\",\"dateModified\":\"2025-04-03T12:23:28+00:00\",\"breadcrumb\":{\"@id\":\"https:\\\/\\\/falora.ch\\\/produit\\\/sac-a-dos-oxy-runner\\\/#breadcrumb\"},\"inLanguage\":\"de\",\"potentialAction\":[{\"@type\":\"ReadAction\",\"target\":[\"https:\\\/\\\/falora.ch\\\/produit\\\/sac-a-dos-oxy-runner\\\/\"]}]},{\"@type\":\"ImageObject\",\"inLanguage\":\"de\",\"@id\":\"https:\\\/\\\/falora.ch\\\/produit\\\/sac-a-dos-oxy-runner\\\/#primaryimage\",\"url\":\"https:\\\/\\\/falora.ch\\\/wp-content\\\/uploads\\\/2025\\\/03\\\/8-43724.png\",\"contentUrl\":\"https:\\\/\\\/falora.ch\\\/wp-content\\\/uploads\\\/2025\\\/03\\\/8-43724.png\",\"width\":500,\"height\":500,\"caption\":\"8 43724\"},{\"@type\":\"BreadcrumbList\",\"@id\":\"https:\\\/\\\/falora.ch\\\/produit\\\/sac-a-dos-oxy-runner\\\/#breadcrumb\",\"itemListElement\":[{\"@type\":\"ListItem\",\"position\":1,\"name\":\"Accueil\",\"item\":\"https:\\\/\\\/falora.ch\\\/\"},{\"@type\":\"ListItem\",\"position\":2,\"name\":\"Boutique\",\"item\":\"https:\\\/\\\/falora.ch\\\/boutique\\\/\"},{\"@type\":\"ListItem\",\"position\":3,\"name\":\"Sac \u00e0 dos OXY Runner\"}]},{\"@type\":\"WebSite\",\"@id\":\"https:\\\/\\\/falora.ch\\\/#website\",\"url\":\"https:\\\/\\\/falora.ch\\\/\",\"name\":\"Falora - Shop\",\"description\":\"\",\"publisher\":{\"@id\":\"https:\\\/\\\/falora.ch\\\/#organization\"},\"potentialAction\":[{\"@type\":\"SearchAction\",\"target\":{\"@type\":\"EntryPoint\",\"urlTemplate\":\"https:\\\/\\\/falora.ch\\\/?s={search_term_string}\"},\"query-input\":{\"@type\":\"PropertyValueSpecification\",\"valueRequired\":true,\"valueName\":\"search_term_string\"}}],\"inLanguage\":\"de\"},{\"@type\":\"Organization\",\"@id\":\"https:\\\/\\\/falora.ch\\\/#organization\",\"name\":\"Falora - Shop\",\"url\":\"https:\\\/\\\/falora.ch\\\/\",\"logo\":{\"@type\":\"ImageObject\",\"inLanguage\":\"de\",\"@id\":\"https:\\\/\\\/falora.ch\\\/#\\\/schema\\\/logo\\\/image\\\/\",\"url\":\"https:\\\/\\\/falora.ch\\\/wp-content\\\/uploads\\\/2025\\\/02\\\/logo.png\",\"contentUrl\":\"https:\\\/\\\/falora.ch\\\/wp-content\\\/uploads\\\/2025\\\/02\\\/logo.png\",\"width\":952,\"height\":165,\"caption\":\"Falora - Shop\"},\"image\":{\"@id\":\"https:\\\/\\\/falora.ch\\\/#\\\/schema\\\/logo\\\/image\\\/\"}}]}<\/script>\n<!-- \/ Yoast SEO plugin. -->","yoast_head_json":{"title":"Sac \u00e0 dos OXY Runner - Falora - Shop","robots":{"index":"index","follow":"follow","max-snippet":"max-snippet:-1","max-image-preview":"max-image-preview:large","max-video-preview":"max-video-preview:-1"},"canonical":"https:\/\/falora.ch\/de\/produkt\/sac-a-dos-oxy-runner\/","og_locale":"de_DE","og_type":"article","og_title":"Sac \u00e0 dos OXY Runner - Falora - Shop","og_description":"en stock","og_url":"https:\/\/falora.ch\/de\/produkt\/sac-a-dos-oxy-runner\/","og_site_name":"Falora - Shop","article_modified_time":"2025-04-03T12:23:28+00:00","og_image":[{"width":500,"height":500,"url":"https:\/\/falora.ch\/wp-content\/uploads\/2025\/03\/8-43724.png","type":"image\/png"}],"twitter_card":"summary_large_image","twitter_misc":{"Gesch\u00e4tzte Lesezeit":"1\u00a0Minute"},"schema":{"@context":"https:\/\/schema.org","@graph":[{"@type":"WebPage","@id":"https:\/\/falora.ch\/produit\/sac-a-dos-oxy-runner\/","url":"https:\/\/falora.ch\/produit\/sac-a-dos-oxy-runner\/","name":"Sac \u00e0 dos OXY Runner - Falora - Shop","isPartOf":{"@id":"https:\/\/falora.ch\/#website"},"primaryImageOfPage":{"@id":"https:\/\/falora.ch\/produit\/sac-a-dos-oxy-runner\/#primaryimage"},"image":{"@id":"https:\/\/falora.ch\/produit\/sac-a-dos-oxy-runner\/#primaryimage"},"thumbnailUrl":"https:\/\/falora.ch\/wp-content\/uploads\/2025\/03\/8-43724.png","datePublished":"2025-03-10T10:02:42+00:00","dateModified":"2025-04-03T12:23:28+00:00","breadcrumb":{"@id":"https:\/\/falora.ch\/produit\/sac-a-dos-oxy-runner\/#breadcrumb"},"inLanguage":"de","potentialAction":[{"@type":"ReadAction","target":["https:\/\/falora.ch\/produit\/sac-a-dos-oxy-runner\/"]}]},{"@type":"ImageObject","inLanguage":"de","@id":"https:\/\/falora.ch\/produit\/sac-a-dos-oxy-runner\/#primaryimage","url":"https:\/\/falora.ch\/wp-content\/uploads\/2025\/03\/8-43724.png","contentUrl":"https:\/\/falora.ch\/wp-content\/uploads\/2025\/03\/8-43724.png","width":500,"height":500,"caption":"8 43724"},{"@type":"BreadcrumbList","@id":"https:\/\/falora.ch\/produit\/sac-a-dos-oxy-runner\/#breadcrumb","itemListElement":[{"@type":"ListItem","position":1,"name":"Accueil","item":"https:\/\/falora.ch\/"},{"@type":"ListItem","position":2,"name":"Boutique","item":"https:\/\/falora.ch\/boutique\/"},{"@type":"ListItem","position":3,"name":"Sac \u00e0 dos OXY Runner"}]},{"@type":"WebSite","@id":"https:\/\/falora.ch\/#website","url":"https:\/\/falora.ch\/","name":"Falora - Shop","description":"","publisher":{"@id":"https:\/\/falora.ch\/#organization"},"potentialAction":[{"@type":"SearchAction","target":{"@type":"EntryPoint","urlTemplate":"https:\/\/falora.ch\/?s={search_term_string}"},"query-input":{"@type":"PropertyValueSpecification","valueRequired":true,"valueName":"search_term_string"}}],"inLanguage":"de"},{"@type":"Organization","@id":"https:\/\/falora.ch\/#organization","name":"Falora - Shop","url":"https:\/\/falora.ch\/","logo":{"@type":"ImageObject","inLanguage":"de","@id":"https:\/\/falora.ch\/#\/schema\/logo\/image\/","url":"https:\/\/falora.ch\/wp-content\/uploads\/2025\/02\/logo.png","contentUrl":"https:\/\/falora.ch\/wp-content\/uploads\/2025\/02\/logo.png","width":952,"height":165,"caption":"Falora - Shop"},"image":{"@id":"https:\/\/falora.ch\/#\/schema\/logo\/image\/"}}]}},"_links":{"self":[{"href":"https:\/\/falora.ch\/de\/wp-json\/wp\/v2\/product\/1178","targetHints":{"allow":["GET"]}}],"collection":[{"href":"https:\/\/falora.ch\/de\/wp-json\/wp\/v2\/product"}],"about":[{"href":"https:\/\/falora.ch\/de\/wp-json\/wp\/v2\/types\/product"}],"wp:featuredmedia":[{"embeddable":true,"href":"https:\/\/falora.ch\/de\/wp-json\/wp\/v2\/media\/1185"}],"wp:attachment":[{"href":"https:\/\/falora.ch\/de\/wp-json\/wp\/v2\/media?parent=1178"}],"wp:term":[{"taxonomy":"product_brand","embeddable":true,"href":"https:\/\/falora.ch\/de\/wp-json\/wp\/v2\/product_brand?post=1178"},{"taxonomy":"product_cat","embeddable":true,"href":"https:\/\/falora.ch\/de\/wp-json\/wp\/v2\/product_cat?post=1178"},{"taxonomy":"product_tag","embeddable":true,"href":"https:\/\/falora.ch\/de\/wp-json\/wp\/v2\/product_tag?post=1178"}],"curies":[{"name":"wp","href":"https:\/\/api.w.org\/{rel}","templated":true}]}}