{"id":1727,"date":"2025-07-05T13:31:27","date_gmt":"2025-07-05T13:31:27","guid":{"rendered":"https:\/\/falora.ch\/?post_type=product&#038;p=1727"},"modified":"2025-07-05T13:31:28","modified_gmt":"2025-07-05T13:31:28","slug":"carnet-de-note-spirale-a5-pp-ombre","status":"publish","type":"product","link":"https:\/\/falora.ch\/de\/produkt\/carnet-de-note-spirale-a5-pp-ombre\/","title":{"rendered":"Spiralbuch A5 PP OMBRE"},"content":{"rendered":"<p>Das Notizbuch mit Doppelspirale wird Ihr idealer Begleiter bei der Arbeit, beim Lernen oder beim kreativen Gestalten sein. Mit seinem A4-Format und 60 linierten Bl\u00e4ttern bietet es gen\u00fcgend Platz, um all Ihre wichtigen Ideen festzuhalten. Die Seitenbindung erleichtert das Umbl\u00e4ttern der Seiten und die perforierten Seiten lassen sich leicht heraustrennen. Die trendigen Polypropylen-Deckbl\u00e4tter verbinden Eleganz mit Zweckm\u00e4ssigkeit - die verspielten Farben erm\u00f6glichen es Ihnen, Ihren einzigartigen Stil zum Ausdruck zu bringen, w\u00e4hrend Ihre Notizen vor Besch\u00e4digungen gesch\u00fctzt sind, wohin Sie sie auch immer mitnehmen. Lassen Sie sich mit den spiralf\u00f6rmigen Notizb\u00fcchern von OMBRE in eine Welt voller Ideen entf\u00fchren.<\/p>\n<p>Gr\u00f6sse: 162x215x8mm, Gewicht: 0,196kg<\/p>\n<p>MOQ 5<\/p>\n<p>Art.-Nr. 7-42125 \/ 7-42225<\/p>\n<p>EAN 8596424194439 \/ 8596424194446<\/p>","protected":false},"excerpt":{"rendered":"<p>auf Lager<\/p>","protected":false},"featured_media":1714,"template":"","meta":{"_et_pb_use_builder":"","_et_pb_old_content":"","_et_gb_content_width":""},"product_brand":[],"product_cat":[102],"product_tag":[],"class_list":{"0":"post-1727","1":"product","2":"type-product","3":"status-publish","4":"has-post-thumbnail","6":"product_cat-ombre","8":"first","9":"instock","10":"shipping-taxable","11":"purchasable","12":"product-type-variable"},"yoast_head":"<!-- This site is optimized with the Yoast SEO plugin v27.4 - https:\/\/yoast.com\/product\/yoast-seo-wordpress\/ -->\n<title>Carnet de note spiral\u00e9 A5 PP OMBRE - Falora - Shop<\/title>\n<meta name=\"robots\" content=\"index, follow, max-snippet:-1, max-image-preview:large, max-video-preview:-1\" \/>\n<link rel=\"canonical\" href=\"https:\/\/falora.ch\/de\/produkt\/carnet-de-note-spirale-a5-pp-ombre\/\" \/>\n<meta property=\"og:locale\" content=\"de_DE\" \/>\n<meta property=\"og:type\" content=\"article\" \/>\n<meta property=\"og:title\" content=\"Carnet de note spiral\u00e9 A5 PP OMBRE - Falora - Shop\" \/>\n<meta property=\"og:description\" content=\"en stock\" \/>\n<meta property=\"og:url\" content=\"https:\/\/falora.ch\/de\/produkt\/carnet-de-note-spirale-a5-pp-ombre\/\" \/>\n<meta property=\"og:site_name\" content=\"Falora - Shop\" \/>\n<meta property=\"article:modified_time\" content=\"2025-07-05T13:31:28+00:00\" \/>\n<meta property=\"og:image\" content=\"https:\/\/falora.ch\/wp-content\/uploads\/2025\/05\/Twin_modry.png\" \/>\n\t<meta property=\"og:image:width\" content=\"1300\" \/>\n\t<meta property=\"og:image:height\" content=\"1671\" \/>\n\t<meta property=\"og:image:type\" content=\"image\/png\" \/>\n<meta name=\"twitter:card\" content=\"summary_large_image\" \/>\n<meta name=\"twitter:label1\" content=\"Gesch\u00e4tzte Lesezeit\" \/>\n\t<meta name=\"twitter:data1\" content=\"1\u00a0Minute\" \/>\n<script type=\"application\/ld+json\" class=\"yoast-schema-graph\">{\"@context\":\"https:\\\/\\\/schema.org\",\"@graph\":[{\"@type\":\"WebPage\",\"@id\":\"https:\\\/\\\/falora.ch\\\/produit\\\/carnet-de-note-spirale-a5-pp-ombre\\\/\",\"url\":\"https:\\\/\\\/falora.ch\\\/produit\\\/carnet-de-note-spirale-a5-pp-ombre\\\/\",\"name\":\"Carnet de note spiral\u00e9 A5 PP OMBRE - Falora - Shop\",\"isPartOf\":{\"@id\":\"https:\\\/\\\/falora.ch\\\/#website\"},\"primaryImageOfPage\":{\"@id\":\"https:\\\/\\\/falora.ch\\\/produit\\\/carnet-de-note-spirale-a5-pp-ombre\\\/#primaryimage\"},\"image\":{\"@id\":\"https:\\\/\\\/falora.ch\\\/produit\\\/carnet-de-note-spirale-a5-pp-ombre\\\/#primaryimage\"},\"thumbnailUrl\":\"https:\\\/\\\/falora.ch\\\/wp-content\\\/uploads\\\/2025\\\/05\\\/Twin_modry.png\",\"datePublished\":\"2025-07-05T13:31:27+00:00\",\"dateModified\":\"2025-07-05T13:31:28+00:00\",\"breadcrumb\":{\"@id\":\"https:\\\/\\\/falora.ch\\\/produit\\\/carnet-de-note-spirale-a5-pp-ombre\\\/#breadcrumb\"},\"inLanguage\":\"de\",\"potentialAction\":[{\"@type\":\"ReadAction\",\"target\":[\"https:\\\/\\\/falora.ch\\\/produit\\\/carnet-de-note-spirale-a5-pp-ombre\\\/\"]}]},{\"@type\":\"ImageObject\",\"inLanguage\":\"de\",\"@id\":\"https:\\\/\\\/falora.ch\\\/produit\\\/carnet-de-note-spirale-a5-pp-ombre\\\/#primaryimage\",\"url\":\"https:\\\/\\\/falora.ch\\\/wp-content\\\/uploads\\\/2025\\\/05\\\/Twin_modry.png\",\"contentUrl\":\"https:\\\/\\\/falora.ch\\\/wp-content\\\/uploads\\\/2025\\\/05\\\/Twin_modry.png\",\"width\":1300,\"height\":1671,\"caption\":\"Twin modry\"},{\"@type\":\"BreadcrumbList\",\"@id\":\"https:\\\/\\\/falora.ch\\\/produit\\\/carnet-de-note-spirale-a5-pp-ombre\\\/#breadcrumb\",\"itemListElement\":[{\"@type\":\"ListItem\",\"position\":1,\"name\":\"Accueil\",\"item\":\"https:\\\/\\\/falora.ch\\\/\"},{\"@type\":\"ListItem\",\"position\":2,\"name\":\"Boutique\",\"item\":\"https:\\\/\\\/falora.ch\\\/boutique\\\/\"},{\"@type\":\"ListItem\",\"position\":3,\"name\":\"Carnet de note spiral\u00e9 A5 PP OMBRE\"}]},{\"@type\":\"WebSite\",\"@id\":\"https:\\\/\\\/falora.ch\\\/#website\",\"url\":\"https:\\\/\\\/falora.ch\\\/\",\"name\":\"Falora - Shop\",\"description\":\"\",\"publisher\":{\"@id\":\"https:\\\/\\\/falora.ch\\\/#organization\"},\"potentialAction\":[{\"@type\":\"SearchAction\",\"target\":{\"@type\":\"EntryPoint\",\"urlTemplate\":\"https:\\\/\\\/falora.ch\\\/?s={search_term_string}\"},\"query-input\":{\"@type\":\"PropertyValueSpecification\",\"valueRequired\":true,\"valueName\":\"search_term_string\"}}],\"inLanguage\":\"de\"},{\"@type\":\"Organization\",\"@id\":\"https:\\\/\\\/falora.ch\\\/#organization\",\"name\":\"Falora - Shop\",\"url\":\"https:\\\/\\\/falora.ch\\\/\",\"logo\":{\"@type\":\"ImageObject\",\"inLanguage\":\"de\",\"@id\":\"https:\\\/\\\/falora.ch\\\/#\\\/schema\\\/logo\\\/image\\\/\",\"url\":\"https:\\\/\\\/falora.ch\\\/wp-content\\\/uploads\\\/2025\\\/02\\\/logo.png\",\"contentUrl\":\"https:\\\/\\\/falora.ch\\\/wp-content\\\/uploads\\\/2025\\\/02\\\/logo.png\",\"width\":952,\"height\":165,\"caption\":\"Falora - Shop\"},\"image\":{\"@id\":\"https:\\\/\\\/falora.ch\\\/#\\\/schema\\\/logo\\\/image\\\/\"}}]}<\/script>\n<!-- \/ Yoast SEO plugin. -->","yoast_head_json":{"title":"Carnet de note spiral\u00e9 A5 PP OMBRE - Falora - Shop","robots":{"index":"index","follow":"follow","max-snippet":"max-snippet:-1","max-image-preview":"max-image-preview:large","max-video-preview":"max-video-preview:-1"},"canonical":"https:\/\/falora.ch\/de\/produkt\/carnet-de-note-spirale-a5-pp-ombre\/","og_locale":"de_DE","og_type":"article","og_title":"Carnet de note spiral\u00e9 A5 PP OMBRE - Falora - Shop","og_description":"en stock","og_url":"https:\/\/falora.ch\/de\/produkt\/carnet-de-note-spirale-a5-pp-ombre\/","og_site_name":"Falora - Shop","article_modified_time":"2025-07-05T13:31:28+00:00","og_image":[{"width":1300,"height":1671,"url":"https:\/\/falora.ch\/wp-content\/uploads\/2025\/05\/Twin_modry.png","type":"image\/png"}],"twitter_card":"summary_large_image","twitter_misc":{"Gesch\u00e4tzte Lesezeit":"1\u00a0Minute"},"schema":{"@context":"https:\/\/schema.org","@graph":[{"@type":"WebPage","@id":"https:\/\/falora.ch\/produit\/carnet-de-note-spirale-a5-pp-ombre\/","url":"https:\/\/falora.ch\/produit\/carnet-de-note-spirale-a5-pp-ombre\/","name":"Carnet de note spiral\u00e9 A5 PP OMBRE - Falora - Shop","isPartOf":{"@id":"https:\/\/falora.ch\/#website"},"primaryImageOfPage":{"@id":"https:\/\/falora.ch\/produit\/carnet-de-note-spirale-a5-pp-ombre\/#primaryimage"},"image":{"@id":"https:\/\/falora.ch\/produit\/carnet-de-note-spirale-a5-pp-ombre\/#primaryimage"},"thumbnailUrl":"https:\/\/falora.ch\/wp-content\/uploads\/2025\/05\/Twin_modry.png","datePublished":"2025-07-05T13:31:27+00:00","dateModified":"2025-07-05T13:31:28+00:00","breadcrumb":{"@id":"https:\/\/falora.ch\/produit\/carnet-de-note-spirale-a5-pp-ombre\/#breadcrumb"},"inLanguage":"de","potentialAction":[{"@type":"ReadAction","target":["https:\/\/falora.ch\/produit\/carnet-de-note-spirale-a5-pp-ombre\/"]}]},{"@type":"ImageObject","inLanguage":"de","@id":"https:\/\/falora.ch\/produit\/carnet-de-note-spirale-a5-pp-ombre\/#primaryimage","url":"https:\/\/falora.ch\/wp-content\/uploads\/2025\/05\/Twin_modry.png","contentUrl":"https:\/\/falora.ch\/wp-content\/uploads\/2025\/05\/Twin_modry.png","width":1300,"height":1671,"caption":"Twin modry"},{"@type":"BreadcrumbList","@id":"https:\/\/falora.ch\/produit\/carnet-de-note-spirale-a5-pp-ombre\/#breadcrumb","itemListElement":[{"@type":"ListItem","position":1,"name":"Accueil","item":"https:\/\/falora.ch\/"},{"@type":"ListItem","position":2,"name":"Boutique","item":"https:\/\/falora.ch\/boutique\/"},{"@type":"ListItem","position":3,"name":"Carnet de note spiral\u00e9 A5 PP OMBRE"}]},{"@type":"WebSite","@id":"https:\/\/falora.ch\/#website","url":"https:\/\/falora.ch\/","name":"Falora - Shop","description":"","publisher":{"@id":"https:\/\/falora.ch\/#organization"},"potentialAction":[{"@type":"SearchAction","target":{"@type":"EntryPoint","urlTemplate":"https:\/\/falora.ch\/?s={search_term_string}"},"query-input":{"@type":"PropertyValueSpecification","valueRequired":true,"valueName":"search_term_string"}}],"inLanguage":"de"},{"@type":"Organization","@id":"https:\/\/falora.ch\/#organization","name":"Falora - Shop","url":"https:\/\/falora.ch\/","logo":{"@type":"ImageObject","inLanguage":"de","@id":"https:\/\/falora.ch\/#\/schema\/logo\/image\/","url":"https:\/\/falora.ch\/wp-content\/uploads\/2025\/02\/logo.png","contentUrl":"https:\/\/falora.ch\/wp-content\/uploads\/2025\/02\/logo.png","width":952,"height":165,"caption":"Falora - Shop"},"image":{"@id":"https:\/\/falora.ch\/#\/schema\/logo\/image\/"}}]}},"_links":{"self":[{"href":"https:\/\/falora.ch\/de\/wp-json\/wp\/v2\/product\/1727","targetHints":{"allow":["GET"]}}],"collection":[{"href":"https:\/\/falora.ch\/de\/wp-json\/wp\/v2\/product"}],"about":[{"href":"https:\/\/falora.ch\/de\/wp-json\/wp\/v2\/types\/product"}],"wp:featuredmedia":[{"embeddable":true,"href":"https:\/\/falora.ch\/de\/wp-json\/wp\/v2\/media\/1714"}],"wp:attachment":[{"href":"https:\/\/falora.ch\/de\/wp-json\/wp\/v2\/media?parent=1727"}],"wp:term":[{"taxonomy":"product_brand","embeddable":true,"href":"https:\/\/falora.ch\/de\/wp-json\/wp\/v2\/product_brand?post=1727"},{"taxonomy":"product_cat","embeddable":true,"href":"https:\/\/falora.ch\/de\/wp-json\/wp\/v2\/product_cat?post=1727"},{"taxonomy":"product_tag","embeddable":true,"href":"https:\/\/falora.ch\/de\/wp-json\/wp\/v2\/product_tag?post=1727"}],"curies":[{"name":"wp","href":"https:\/\/api.w.org\/{rel}","templated":true}]}}