{"id":1772,"date":"2025-07-09T14:03:49","date_gmt":"2025-07-09T14:03:49","guid":{"rendered":"https:\/\/falora.ch\/?post_type=product&#038;p=1772"},"modified":"2025-07-09T14:03:49","modified_gmt":"2025-07-09T14:03:49","slug":"sac-scolaire-ombre-pink","status":"publish","type":"product","link":"https:\/\/falora.ch\/de\/produkt\/sac-scolaire-ombre-pink\/","title":{"rendered":"OMBRE rosa Schultasche"},"content":{"rendered":"<p>Der OXY Ombre Schulrucksack ist ideal f\u00fcr Sch\u00fcler ab der ersten Klasse. Das moderne Ombre-Design f\u00e4llt sofort ins Auge. Der anatomisch geformte R\u00fccken, die gepolsterten Schultergurten und der verstellbare Brustgurt garantieren jedem Sch\u00fcler einen angenehmen R\u00fcckenkomfort. Der stabile Boden verhindert ein Umkippen des Rucksacks. Der Rucksack verf\u00fcgt \u00fcber zwei ger\u00e4umige Taschen zur Aufbewahrung aller wichtigen Schulmaterialien. In den elastischen Seitentaschen ist eine Trinkflasche leicht zug\u00e4nglich, um den Trinkbedarf des Sch\u00fclers zu erg\u00e4nzen. In der Fronttasche l\u00e4sst sich ein kleiner Snack bequem verstauen. Der Rucksack ist mit mehreren reflektierenden Elementen ausgestattet. Der Rucksack ist f\u00fcr Kinder ab 136 cm K\u00f6rpergr\u00f6\u00dfe geeignet.<\/p>\n<p>Die R\u00fcckenl\u00e4nge betr\u00e4gt 43 cm, das Volumen 28 Liter, das Gewicht des Rucksacks 960 g und die Tragkraft 8 kg.<\/p>\n<p>MOQ 5<\/p>\n<p>Art.-Nr. 9-78225<\/p>\n<p>EAN 8596424197355<\/p>","protected":false},"excerpt":{"rendered":"<p>auf Lager<\/p>","protected":false},"featured_media":1699,"template":"","meta":{"_et_pb_use_builder":"","_et_pb_old_content":"","_et_gb_content_width":""},"product_brand":[],"product_cat":[102],"product_tag":[],"class_list":{"0":"post-1772","1":"product","2":"type-product","3":"status-publish","4":"has-post-thumbnail","6":"product_cat-ombre","8":"first","9":"instock","10":"shipping-taxable","11":"purchasable","12":"product-type-simple"},"yoast_head":"<!-- This site is optimized with the Yoast SEO plugin v27.3 - https:\/\/yoast.com\/product\/yoast-seo-wordpress\/ -->\n<title>Sac scolaire OMBRE pink - Falora - Shop<\/title>\n<meta name=\"robots\" content=\"index, follow, max-snippet:-1, max-image-preview:large, max-video-preview:-1\" \/>\n<link rel=\"canonical\" href=\"https:\/\/falora.ch\/de\/produkt\/sac-scolaire-ombre-pink\/\" \/>\n<meta property=\"og:locale\" content=\"de_DE\" \/>\n<meta property=\"og:type\" content=\"article\" \/>\n<meta property=\"og:title\" content=\"Sac scolaire OMBRE pink - Falora - Shop\" \/>\n<meta property=\"og:description\" content=\"en stock\" \/>\n<meta property=\"og:url\" content=\"https:\/\/falora.ch\/de\/produkt\/sac-scolaire-ombre-pink\/\" \/>\n<meta property=\"og:site_name\" content=\"Falora - Shop\" \/>\n<meta property=\"og:image\" content=\"https:\/\/falora.ch\/wp-content\/uploads\/2025\/05\/9-78225_6.jpg\" \/>\n\t<meta property=\"og:image:width\" content=\"1000\" \/>\n\t<meta property=\"og:image:height\" content=\"1000\" \/>\n\t<meta property=\"og:image:type\" content=\"image\/jpeg\" \/>\n<meta name=\"twitter:card\" content=\"summary_large_image\" \/>\n<meta name=\"twitter:label1\" content=\"Gesch\u00e4tzte Lesezeit\" \/>\n\t<meta name=\"twitter:data1\" content=\"2\u00a0Minuten\" \/>\n<script type=\"application\/ld+json\" class=\"yoast-schema-graph\">{\"@context\":\"https:\\\/\\\/schema.org\",\"@graph\":[{\"@type\":\"WebPage\",\"@id\":\"https:\\\/\\\/falora.ch\\\/produit\\\/sac-scolaire-ombre-pink\\\/\",\"url\":\"https:\\\/\\\/falora.ch\\\/produit\\\/sac-scolaire-ombre-pink\\\/\",\"name\":\"Sac scolaire OMBRE pink - Falora - Shop\",\"isPartOf\":{\"@id\":\"https:\\\/\\\/falora.ch\\\/#website\"},\"primaryImageOfPage\":{\"@id\":\"https:\\\/\\\/falora.ch\\\/produit\\\/sac-scolaire-ombre-pink\\\/#primaryimage\"},\"image\":{\"@id\":\"https:\\\/\\\/falora.ch\\\/produit\\\/sac-scolaire-ombre-pink\\\/#primaryimage\"},\"thumbnailUrl\":\"https:\\\/\\\/falora.ch\\\/wp-content\\\/uploads\\\/2025\\\/05\\\/9-78225_6.jpg\",\"datePublished\":\"2025-07-09T14:03:49+00:00\",\"breadcrumb\":{\"@id\":\"https:\\\/\\\/falora.ch\\\/produit\\\/sac-scolaire-ombre-pink\\\/#breadcrumb\"},\"inLanguage\":\"de\",\"potentialAction\":[{\"@type\":\"ReadAction\",\"target\":[\"https:\\\/\\\/falora.ch\\\/produit\\\/sac-scolaire-ombre-pink\\\/\"]}]},{\"@type\":\"ImageObject\",\"inLanguage\":\"de\",\"@id\":\"https:\\\/\\\/falora.ch\\\/produit\\\/sac-scolaire-ombre-pink\\\/#primaryimage\",\"url\":\"https:\\\/\\\/falora.ch\\\/wp-content\\\/uploads\\\/2025\\\/05\\\/9-78225_6.jpg\",\"contentUrl\":\"https:\\\/\\\/falora.ch\\\/wp-content\\\/uploads\\\/2025\\\/05\\\/9-78225_6.jpg\",\"width\":1000,\"height\":1000,\"caption\":\"9 78225 6\"},{\"@type\":\"BreadcrumbList\",\"@id\":\"https:\\\/\\\/falora.ch\\\/produit\\\/sac-scolaire-ombre-pink\\\/#breadcrumb\",\"itemListElement\":[{\"@type\":\"ListItem\",\"position\":1,\"name\":\"Accueil\",\"item\":\"https:\\\/\\\/falora.ch\\\/\"},{\"@type\":\"ListItem\",\"position\":2,\"name\":\"Boutique\",\"item\":\"https:\\\/\\\/falora.ch\\\/boutique\\\/\"},{\"@type\":\"ListItem\",\"position\":3,\"name\":\"Sac scolaire OMBRE pink\"}]},{\"@type\":\"WebSite\",\"@id\":\"https:\\\/\\\/falora.ch\\\/#website\",\"url\":\"https:\\\/\\\/falora.ch\\\/\",\"name\":\"Falora - Shop\",\"description\":\"\",\"publisher\":{\"@id\":\"https:\\\/\\\/falora.ch\\\/#organization\"},\"potentialAction\":[{\"@type\":\"SearchAction\",\"target\":{\"@type\":\"EntryPoint\",\"urlTemplate\":\"https:\\\/\\\/falora.ch\\\/?s={search_term_string}\"},\"query-input\":{\"@type\":\"PropertyValueSpecification\",\"valueRequired\":true,\"valueName\":\"search_term_string\"}}],\"inLanguage\":\"de\"},{\"@type\":\"Organization\",\"@id\":\"https:\\\/\\\/falora.ch\\\/#organization\",\"name\":\"Falora - Shop\",\"url\":\"https:\\\/\\\/falora.ch\\\/\",\"logo\":{\"@type\":\"ImageObject\",\"inLanguage\":\"de\",\"@id\":\"https:\\\/\\\/falora.ch\\\/#\\\/schema\\\/logo\\\/image\\\/\",\"url\":\"https:\\\/\\\/falora.ch\\\/wp-content\\\/uploads\\\/2025\\\/02\\\/logo.png\",\"contentUrl\":\"https:\\\/\\\/falora.ch\\\/wp-content\\\/uploads\\\/2025\\\/02\\\/logo.png\",\"width\":952,\"height\":165,\"caption\":\"Falora - Shop\"},\"image\":{\"@id\":\"https:\\\/\\\/falora.ch\\\/#\\\/schema\\\/logo\\\/image\\\/\"}}]}<\/script>\n<!-- \/ Yoast SEO plugin. -->","yoast_head_json":{"title":"Sac scolaire OMBRE pink - Falora - Shop","robots":{"index":"index","follow":"follow","max-snippet":"max-snippet:-1","max-image-preview":"max-image-preview:large","max-video-preview":"max-video-preview:-1"},"canonical":"https:\/\/falora.ch\/de\/produkt\/sac-scolaire-ombre-pink\/","og_locale":"de_DE","og_type":"article","og_title":"Sac scolaire OMBRE pink - Falora - Shop","og_description":"en stock","og_url":"https:\/\/falora.ch\/de\/produkt\/sac-scolaire-ombre-pink\/","og_site_name":"Falora - Shop","og_image":[{"width":1000,"height":1000,"url":"https:\/\/falora.ch\/wp-content\/uploads\/2025\/05\/9-78225_6.jpg","type":"image\/jpeg"}],"twitter_card":"summary_large_image","twitter_misc":{"Gesch\u00e4tzte Lesezeit":"2\u00a0Minuten"},"schema":{"@context":"https:\/\/schema.org","@graph":[{"@type":"WebPage","@id":"https:\/\/falora.ch\/produit\/sac-scolaire-ombre-pink\/","url":"https:\/\/falora.ch\/produit\/sac-scolaire-ombre-pink\/","name":"Sac scolaire OMBRE pink - Falora - Shop","isPartOf":{"@id":"https:\/\/falora.ch\/#website"},"primaryImageOfPage":{"@id":"https:\/\/falora.ch\/produit\/sac-scolaire-ombre-pink\/#primaryimage"},"image":{"@id":"https:\/\/falora.ch\/produit\/sac-scolaire-ombre-pink\/#primaryimage"},"thumbnailUrl":"https:\/\/falora.ch\/wp-content\/uploads\/2025\/05\/9-78225_6.jpg","datePublished":"2025-07-09T14:03:49+00:00","breadcrumb":{"@id":"https:\/\/falora.ch\/produit\/sac-scolaire-ombre-pink\/#breadcrumb"},"inLanguage":"de","potentialAction":[{"@type":"ReadAction","target":["https:\/\/falora.ch\/produit\/sac-scolaire-ombre-pink\/"]}]},{"@type":"ImageObject","inLanguage":"de","@id":"https:\/\/falora.ch\/produit\/sac-scolaire-ombre-pink\/#primaryimage","url":"https:\/\/falora.ch\/wp-content\/uploads\/2025\/05\/9-78225_6.jpg","contentUrl":"https:\/\/falora.ch\/wp-content\/uploads\/2025\/05\/9-78225_6.jpg","width":1000,"height":1000,"caption":"9 78225 6"},{"@type":"BreadcrumbList","@id":"https:\/\/falora.ch\/produit\/sac-scolaire-ombre-pink\/#breadcrumb","itemListElement":[{"@type":"ListItem","position":1,"name":"Accueil","item":"https:\/\/falora.ch\/"},{"@type":"ListItem","position":2,"name":"Boutique","item":"https:\/\/falora.ch\/boutique\/"},{"@type":"ListItem","position":3,"name":"Sac scolaire OMBRE pink"}]},{"@type":"WebSite","@id":"https:\/\/falora.ch\/#website","url":"https:\/\/falora.ch\/","name":"Falora - Shop","description":"","publisher":{"@id":"https:\/\/falora.ch\/#organization"},"potentialAction":[{"@type":"SearchAction","target":{"@type":"EntryPoint","urlTemplate":"https:\/\/falora.ch\/?s={search_term_string}"},"query-input":{"@type":"PropertyValueSpecification","valueRequired":true,"valueName":"search_term_string"}}],"inLanguage":"de"},{"@type":"Organization","@id":"https:\/\/falora.ch\/#organization","name":"Falora - Shop","url":"https:\/\/falora.ch\/","logo":{"@type":"ImageObject","inLanguage":"de","@id":"https:\/\/falora.ch\/#\/schema\/logo\/image\/","url":"https:\/\/falora.ch\/wp-content\/uploads\/2025\/02\/logo.png","contentUrl":"https:\/\/falora.ch\/wp-content\/uploads\/2025\/02\/logo.png","width":952,"height":165,"caption":"Falora - Shop"},"image":{"@id":"https:\/\/falora.ch\/#\/schema\/logo\/image\/"}}]}},"_links":{"self":[{"href":"https:\/\/falora.ch\/de\/wp-json\/wp\/v2\/product\/1772","targetHints":{"allow":["GET"]}}],"collection":[{"href":"https:\/\/falora.ch\/de\/wp-json\/wp\/v2\/product"}],"about":[{"href":"https:\/\/falora.ch\/de\/wp-json\/wp\/v2\/types\/product"}],"wp:featuredmedia":[{"embeddable":true,"href":"https:\/\/falora.ch\/de\/wp-json\/wp\/v2\/media\/1699"}],"wp:attachment":[{"href":"https:\/\/falora.ch\/de\/wp-json\/wp\/v2\/media?parent=1772"}],"wp:term":[{"taxonomy":"product_brand","embeddable":true,"href":"https:\/\/falora.ch\/de\/wp-json\/wp\/v2\/product_brand?post=1772"},{"taxonomy":"product_cat","embeddable":true,"href":"https:\/\/falora.ch\/de\/wp-json\/wp\/v2\/product_cat?post=1772"},{"taxonomy":"product_tag","embeddable":true,"href":"https:\/\/falora.ch\/de\/wp-json\/wp\/v2\/product_tag?post=1772"}],"curies":[{"name":"wp","href":"https:\/\/api.w.org\/{rel}","templated":true}]}}