{"id":2049,"date":"2025-08-21T10:41:53","date_gmt":"2025-08-21T10:41:53","guid":{"rendered":"https:\/\/falora.ch\/?post_type=product&#038;p=2049"},"modified":"2025-08-21T11:23:21","modified_gmt":"2025-08-21T11:23:21","slug":"aldo-domani-plume-bleu","status":"publish","type":"product","link":"https:\/\/falora.ch\/de\/produkt\/aldo-domani-plume-bleu\/","title":{"rendered":"Aldo Domani F\u00fcllhalter blau"},"content":{"rendered":"<div class=\"max-height--inner\">\n<div class=\"max-height--inner-content rte product-short-description\">\n<p>Der Monteverde USA Aldo Domani F\u00fcllfederhalter in Blau vereint leuchtende Farben mit edlem Stil. Sein tiefblau lackierter Schaft und die gl\u00e4nzenden Chrom-Akzente sorgen f\u00fcr einen markanten und zugleich eleganten Look \u2013 perfekt f\u00fcr Profis und Kreative. Der F\u00fcllfederhalter verf\u00fcgt \u00fcber eine in Deutschland gefertigte JoWo-Edelstahlfeder, die f\u00fcr au\u00dfergew\u00f6hnlichen Tintenfluss und Komfort in allen Federst\u00e4rken sorgt: Extrafein, Fein, Mittel, Breit, Stub und Flex. Er l\u00e4sst sich mit internationalen Standard-Tintenpatronen oder einem Konverter bef\u00fcllen und bietet so Vielseitigkeit und Benutzerfreundlichkeit. Ob beim Schreiben eines Briefes oder beim Verzieren Ihrer Unterschrift \u2013 dieser F\u00fcllfederhalter bietet ein sanftes und luxuri\u00f6ses Schreibgef\u00fchl. Ob Geschenkidee oder Alltagsnutzer: Der Aldo Domani in Blau bietet markantes Design und zuverl\u00e4ssige Leistung in einem stilvollen Paket.<\/p>\n<p>MOQ 1<\/p>\n<p>Art.-Nr. MV59621 \/ MV59622 \/ MV59623 \/ MV59624 \/ MV59627 \/ MV59628<\/p>\n<p>EAN 080333596210 \/ 080333596227 \/ 080333596234 \/ 080333596241 \/ 080333596272 \/ 080333596289<\/p>\n<p>&nbsp;<\/p>\n<p>&nbsp;<\/p>\n<\/div>\n<\/div>","protected":false},"excerpt":{"rendered":"<p>auf Lager<\/p>","protected":false},"featured_media":2053,"template":"","meta":{"_et_pb_use_builder":"","_et_pb_old_content":"","_et_gb_content_width":""},"product_brand":[],"product_cat":[104],"product_tag":[],"class_list":{"0":"post-2049","1":"product","2":"type-product","3":"status-publish","4":"has-post-thumbnail","6":"product_cat-aldo-domani","8":"first","9":"instock","10":"shipping-taxable","11":"purchasable","12":"product-type-variable"},"yoast_head":"<!-- This site is optimized with the Yoast SEO plugin v27.3 - https:\/\/yoast.com\/product\/yoast-seo-wordpress\/ -->\n<title>Aldo Domani Plume bleu - Falora - Shop<\/title>\n<meta name=\"robots\" content=\"index, follow, max-snippet:-1, max-image-preview:large, max-video-preview:-1\" \/>\n<link rel=\"canonical\" href=\"https:\/\/falora.ch\/de\/produkt\/aldo-domani-plume-bleu\/\" \/>\n<meta property=\"og:locale\" content=\"de_DE\" \/>\n<meta property=\"og:type\" content=\"article\" \/>\n<meta property=\"og:title\" content=\"Aldo Domani Plume bleu - Falora - Shop\" \/>\n<meta property=\"og:description\" content=\"en stock\" \/>\n<meta property=\"og:url\" content=\"https:\/\/falora.ch\/de\/produkt\/aldo-domani-plume-bleu\/\" \/>\n<meta property=\"og:site_name\" content=\"Falora - Shop\" \/>\n<meta property=\"article:modified_time\" content=\"2025-08-21T11:23:21+00:00\" \/>\n<meta property=\"og:image\" content=\"https:\/\/falora.ch\/wp-content\/uploads\/2025\/08\/aldo_fp_bu_fs.webp\" \/>\n\t<meta property=\"og:image:width\" content=\"640\" \/>\n\t<meta property=\"og:image:height\" content=\"640\" \/>\n\t<meta property=\"og:image:type\" content=\"image\/webp\" \/>\n<meta name=\"twitter:card\" content=\"summary_large_image\" \/>\n<meta name=\"twitter:label1\" content=\"Gesch\u00e4tzte Lesezeit\" \/>\n\t<meta name=\"twitter:data1\" content=\"2\u00a0Minuten\" \/>\n<script type=\"application\/ld+json\" class=\"yoast-schema-graph\">{\"@context\":\"https:\\\/\\\/schema.org\",\"@graph\":[{\"@type\":\"WebPage\",\"@id\":\"https:\\\/\\\/falora.ch\\\/produit\\\/aldo-domani-plume-bleu\\\/\",\"url\":\"https:\\\/\\\/falora.ch\\\/produit\\\/aldo-domani-plume-bleu\\\/\",\"name\":\"Aldo Domani Plume bleu - Falora - Shop\",\"isPartOf\":{\"@id\":\"https:\\\/\\\/falora.ch\\\/#website\"},\"primaryImageOfPage\":{\"@id\":\"https:\\\/\\\/falora.ch\\\/produit\\\/aldo-domani-plume-bleu\\\/#primaryimage\"},\"image\":{\"@id\":\"https:\\\/\\\/falora.ch\\\/produit\\\/aldo-domani-plume-bleu\\\/#primaryimage\"},\"thumbnailUrl\":\"https:\\\/\\\/falora.ch\\\/wp-content\\\/uploads\\\/2025\\\/08\\\/aldo_fp_bu_fs.webp\",\"datePublished\":\"2025-08-21T10:41:53+00:00\",\"dateModified\":\"2025-08-21T11:23:21+00:00\",\"breadcrumb\":{\"@id\":\"https:\\\/\\\/falora.ch\\\/produit\\\/aldo-domani-plume-bleu\\\/#breadcrumb\"},\"inLanguage\":\"de\",\"potentialAction\":[{\"@type\":\"ReadAction\",\"target\":[\"https:\\\/\\\/falora.ch\\\/produit\\\/aldo-domani-plume-bleu\\\/\"]}]},{\"@type\":\"ImageObject\",\"inLanguage\":\"de\",\"@id\":\"https:\\\/\\\/falora.ch\\\/produit\\\/aldo-domani-plume-bleu\\\/#primaryimage\",\"url\":\"https:\\\/\\\/falora.ch\\\/wp-content\\\/uploads\\\/2025\\\/08\\\/aldo_fp_bu_fs.webp\",\"contentUrl\":\"https:\\\/\\\/falora.ch\\\/wp-content\\\/uploads\\\/2025\\\/08\\\/aldo_fp_bu_fs.webp\",\"width\":640,\"height\":640,\"caption\":\"aldo fp bu fs\"},{\"@type\":\"BreadcrumbList\",\"@id\":\"https:\\\/\\\/falora.ch\\\/produit\\\/aldo-domani-plume-bleu\\\/#breadcrumb\",\"itemListElement\":[{\"@type\":\"ListItem\",\"position\":1,\"name\":\"Accueil\",\"item\":\"https:\\\/\\\/falora.ch\\\/\"},{\"@type\":\"ListItem\",\"position\":2,\"name\":\"Boutique\",\"item\":\"https:\\\/\\\/falora.ch\\\/boutique\\\/\"},{\"@type\":\"ListItem\",\"position\":3,\"name\":\"Aldo Domani Plume bleu\"}]},{\"@type\":\"WebSite\",\"@id\":\"https:\\\/\\\/falora.ch\\\/#website\",\"url\":\"https:\\\/\\\/falora.ch\\\/\",\"name\":\"Falora - Shop\",\"description\":\"\",\"publisher\":{\"@id\":\"https:\\\/\\\/falora.ch\\\/#organization\"},\"potentialAction\":[{\"@type\":\"SearchAction\",\"target\":{\"@type\":\"EntryPoint\",\"urlTemplate\":\"https:\\\/\\\/falora.ch\\\/?s={search_term_string}\"},\"query-input\":{\"@type\":\"PropertyValueSpecification\",\"valueRequired\":true,\"valueName\":\"search_term_string\"}}],\"inLanguage\":\"de\"},{\"@type\":\"Organization\",\"@id\":\"https:\\\/\\\/falora.ch\\\/#organization\",\"name\":\"Falora - Shop\",\"url\":\"https:\\\/\\\/falora.ch\\\/\",\"logo\":{\"@type\":\"ImageObject\",\"inLanguage\":\"de\",\"@id\":\"https:\\\/\\\/falora.ch\\\/#\\\/schema\\\/logo\\\/image\\\/\",\"url\":\"https:\\\/\\\/falora.ch\\\/wp-content\\\/uploads\\\/2025\\\/02\\\/logo.png\",\"contentUrl\":\"https:\\\/\\\/falora.ch\\\/wp-content\\\/uploads\\\/2025\\\/02\\\/logo.png\",\"width\":952,\"height\":165,\"caption\":\"Falora - Shop\"},\"image\":{\"@id\":\"https:\\\/\\\/falora.ch\\\/#\\\/schema\\\/logo\\\/image\\\/\"}}]}<\/script>\n<!-- \/ Yoast SEO plugin. -->","yoast_head_json":{"title":"Aldo Domani Plume bleu - Falora - Shop","robots":{"index":"index","follow":"follow","max-snippet":"max-snippet:-1","max-image-preview":"max-image-preview:large","max-video-preview":"max-video-preview:-1"},"canonical":"https:\/\/falora.ch\/de\/produkt\/aldo-domani-plume-bleu\/","og_locale":"de_DE","og_type":"article","og_title":"Aldo Domani Plume bleu - Falora - Shop","og_description":"en stock","og_url":"https:\/\/falora.ch\/de\/produkt\/aldo-domani-plume-bleu\/","og_site_name":"Falora - Shop","article_modified_time":"2025-08-21T11:23:21+00:00","og_image":[{"width":640,"height":640,"url":"https:\/\/falora.ch\/wp-content\/uploads\/2025\/08\/aldo_fp_bu_fs.webp","type":"image\/webp"}],"twitter_card":"summary_large_image","twitter_misc":{"Gesch\u00e4tzte Lesezeit":"2\u00a0Minuten"},"schema":{"@context":"https:\/\/schema.org","@graph":[{"@type":"WebPage","@id":"https:\/\/falora.ch\/produit\/aldo-domani-plume-bleu\/","url":"https:\/\/falora.ch\/produit\/aldo-domani-plume-bleu\/","name":"Aldo Domani Plume bleu - Falora - Shop","isPartOf":{"@id":"https:\/\/falora.ch\/#website"},"primaryImageOfPage":{"@id":"https:\/\/falora.ch\/produit\/aldo-domani-plume-bleu\/#primaryimage"},"image":{"@id":"https:\/\/falora.ch\/produit\/aldo-domani-plume-bleu\/#primaryimage"},"thumbnailUrl":"https:\/\/falora.ch\/wp-content\/uploads\/2025\/08\/aldo_fp_bu_fs.webp","datePublished":"2025-08-21T10:41:53+00:00","dateModified":"2025-08-21T11:23:21+00:00","breadcrumb":{"@id":"https:\/\/falora.ch\/produit\/aldo-domani-plume-bleu\/#breadcrumb"},"inLanguage":"de","potentialAction":[{"@type":"ReadAction","target":["https:\/\/falora.ch\/produit\/aldo-domani-plume-bleu\/"]}]},{"@type":"ImageObject","inLanguage":"de","@id":"https:\/\/falora.ch\/produit\/aldo-domani-plume-bleu\/#primaryimage","url":"https:\/\/falora.ch\/wp-content\/uploads\/2025\/08\/aldo_fp_bu_fs.webp","contentUrl":"https:\/\/falora.ch\/wp-content\/uploads\/2025\/08\/aldo_fp_bu_fs.webp","width":640,"height":640,"caption":"aldo fp bu fs"},{"@type":"BreadcrumbList","@id":"https:\/\/falora.ch\/produit\/aldo-domani-plume-bleu\/#breadcrumb","itemListElement":[{"@type":"ListItem","position":1,"name":"Accueil","item":"https:\/\/falora.ch\/"},{"@type":"ListItem","position":2,"name":"Boutique","item":"https:\/\/falora.ch\/boutique\/"},{"@type":"ListItem","position":3,"name":"Aldo Domani Plume bleu"}]},{"@type":"WebSite","@id":"https:\/\/falora.ch\/#website","url":"https:\/\/falora.ch\/","name":"Falora - Shop","description":"","publisher":{"@id":"https:\/\/falora.ch\/#organization"},"potentialAction":[{"@type":"SearchAction","target":{"@type":"EntryPoint","urlTemplate":"https:\/\/falora.ch\/?s={search_term_string}"},"query-input":{"@type":"PropertyValueSpecification","valueRequired":true,"valueName":"search_term_string"}}],"inLanguage":"de"},{"@type":"Organization","@id":"https:\/\/falora.ch\/#organization","name":"Falora - Shop","url":"https:\/\/falora.ch\/","logo":{"@type":"ImageObject","inLanguage":"de","@id":"https:\/\/falora.ch\/#\/schema\/logo\/image\/","url":"https:\/\/falora.ch\/wp-content\/uploads\/2025\/02\/logo.png","contentUrl":"https:\/\/falora.ch\/wp-content\/uploads\/2025\/02\/logo.png","width":952,"height":165,"caption":"Falora - Shop"},"image":{"@id":"https:\/\/falora.ch\/#\/schema\/logo\/image\/"}}]}},"_links":{"self":[{"href":"https:\/\/falora.ch\/de\/wp-json\/wp\/v2\/product\/2049","targetHints":{"allow":["GET"]}}],"collection":[{"href":"https:\/\/falora.ch\/de\/wp-json\/wp\/v2\/product"}],"about":[{"href":"https:\/\/falora.ch\/de\/wp-json\/wp\/v2\/types\/product"}],"wp:featuredmedia":[{"embeddable":true,"href":"https:\/\/falora.ch\/de\/wp-json\/wp\/v2\/media\/2053"}],"wp:attachment":[{"href":"https:\/\/falora.ch\/de\/wp-json\/wp\/v2\/media?parent=2049"}],"wp:term":[{"taxonomy":"product_brand","embeddable":true,"href":"https:\/\/falora.ch\/de\/wp-json\/wp\/v2\/product_brand?post=2049"},{"taxonomy":"product_cat","embeddable":true,"href":"https:\/\/falora.ch\/de\/wp-json\/wp\/v2\/product_cat?post=2049"},{"taxonomy":"product_tag","embeddable":true,"href":"https:\/\/falora.ch\/de\/wp-json\/wp\/v2\/product_tag?post=2049"}],"curies":[{"name":"wp","href":"https:\/\/api.w.org\/{rel}","templated":true}]}}