{"id":2144,"date":"2025-08-21T15:29:57","date_gmt":"2025-08-21T15:29:57","guid":{"rendered":"https:\/\/falora.ch\/?post_type=product&#038;p=2144"},"modified":"2025-08-21T15:29:58","modified_gmt":"2025-08-21T15:29:58","slug":"aldo-domani-plume-brosse","status":"publish","type":"product","link":"https:\/\/falora.ch\/de\/produkt\/aldo-domani-plume-brosse\/","title":{"rendered":"Aldo Domani F\u00fcllfeder brushed"},"content":{"rendered":"<div class=\"max-height--inner\">\n<div class=\"max-height--inner-content rte product-short-description\">\n<p>Der Monteverde USA Aldo Domani F\u00fcllfederhalter in geb\u00fcrstetem Chrom besticht durch seine elegante, moderne \u00c4sthetik und passt perfekt in jedes professionelle Umfeld. Mit seinem geb\u00fcrsteten Metallgeh\u00e4use und den polierten Chromverzierungen verbindet dieser Stift industriellen Stil mit raffinierter Eleganz. Ausgestattet mit einer hochwertigen JoWo-Edelstahlfeder aus deutscher Produktion liefert er einen gleichm\u00e4\u00dfigen Tintenfluss in allen Federst\u00e4rken: Extrafein, Fein, Mittel, Breit, Stub und Flex. Der Stift l\u00e4sst sich mit internationalen Standardpatronen oder dem mitgelieferten Konverter bef\u00fcllen und bietet so praktische Tintenoptionen. Der Aldo Domani F\u00fcllfederhalter in geb\u00fcrstetem Chrom eignet sich ideal f\u00fcr allt\u00e4gliches Schreiben, als Geschenk oder zum Unterschreiben wichtiger Dokumente und ist die perfekte Mischung aus Langlebigkeit, Design und Luxus. Er ist ein Muss f\u00fcr Stiftsammler und Profis, die minimalistische Sch\u00f6nheit und erstklassige Leistung sch\u00e4tzen.<\/p>\n<p>MOQ 1<\/p>\n<p>Art.-Nr. MV59678 \/ MV59671 \/ MV59672 \/ MV59673 \/ MV59674 \/ MV59677<\/p>\n<p>EAN 080333596715 \/ 080333596722 \/ 080333596739 \/ 080333596746 \/ 080333596777 \/ 080333596784<\/p>\n<p>&nbsp;<\/p>\n<\/div>\n<\/div>","protected":false},"excerpt":{"rendered":"<p>auf Lager<\/p>","protected":false},"featured_media":2145,"template":"","meta":{"_et_pb_use_builder":"","_et_pb_old_content":"","_et_gb_content_width":""},"product_brand":[],"product_cat":[104],"product_tag":[],"class_list":{"0":"post-2144","1":"product","2":"type-product","3":"status-publish","4":"has-post-thumbnail","6":"product_cat-aldo-domani","8":"first","9":"instock","10":"shipping-taxable","11":"purchasable","12":"product-type-variable"},"yoast_head":"<!-- This site is optimized with the Yoast SEO plugin v27.3 - https:\/\/yoast.com\/product\/yoast-seo-wordpress\/ -->\n<title>Aldo Domani Plume bross\u00e9 - Falora - Shop<\/title>\n<meta name=\"robots\" content=\"index, follow, max-snippet:-1, max-image-preview:large, max-video-preview:-1\" \/>\n<link rel=\"canonical\" href=\"https:\/\/falora.ch\/de\/produkt\/aldo-domani-plume-brosse\/\" \/>\n<meta property=\"og:locale\" content=\"de_DE\" \/>\n<meta property=\"og:type\" content=\"article\" \/>\n<meta property=\"og:title\" content=\"Aldo Domani Plume bross\u00e9 - Falora - Shop\" \/>\n<meta property=\"og:description\" content=\"en stock\" \/>\n<meta property=\"og:url\" content=\"https:\/\/falora.ch\/de\/produkt\/aldo-domani-plume-brosse\/\" \/>\n<meta property=\"og:site_name\" content=\"Falora - Shop\" \/>\n<meta property=\"article:modified_time\" content=\"2025-08-21T15:29:58+00:00\" \/>\n<meta property=\"og:image\" content=\"https:\/\/falora.ch\/wp-content\/uploads\/2025\/08\/si.webp\" \/>\n\t<meta property=\"og:image:width\" content=\"960\" \/>\n\t<meta property=\"og:image:height\" content=\"960\" \/>\n\t<meta property=\"og:image:type\" content=\"image\/webp\" \/>\n<meta name=\"twitter:card\" content=\"summary_large_image\" \/>\n<meta name=\"twitter:label1\" content=\"Gesch\u00e4tzte Lesezeit\" \/>\n\t<meta name=\"twitter:data1\" content=\"2\u00a0Minuten\" \/>\n<script type=\"application\/ld+json\" class=\"yoast-schema-graph\">{\"@context\":\"https:\\\/\\\/schema.org\",\"@graph\":[{\"@type\":\"WebPage\",\"@id\":\"https:\\\/\\\/falora.ch\\\/produit\\\/aldo-domani-plume-brosse\\\/\",\"url\":\"https:\\\/\\\/falora.ch\\\/produit\\\/aldo-domani-plume-brosse\\\/\",\"name\":\"Aldo Domani Plume bross\u00e9 - Falora - Shop\",\"isPartOf\":{\"@id\":\"https:\\\/\\\/falora.ch\\\/#website\"},\"primaryImageOfPage\":{\"@id\":\"https:\\\/\\\/falora.ch\\\/produit\\\/aldo-domani-plume-brosse\\\/#primaryimage\"},\"image\":{\"@id\":\"https:\\\/\\\/falora.ch\\\/produit\\\/aldo-domani-plume-brosse\\\/#primaryimage\"},\"thumbnailUrl\":\"https:\\\/\\\/falora.ch\\\/wp-content\\\/uploads\\\/2025\\\/08\\\/si.webp\",\"datePublished\":\"2025-08-21T15:29:57+00:00\",\"dateModified\":\"2025-08-21T15:29:58+00:00\",\"breadcrumb\":{\"@id\":\"https:\\\/\\\/falora.ch\\\/produit\\\/aldo-domani-plume-brosse\\\/#breadcrumb\"},\"inLanguage\":\"de\",\"potentialAction\":[{\"@type\":\"ReadAction\",\"target\":[\"https:\\\/\\\/falora.ch\\\/produit\\\/aldo-domani-plume-brosse\\\/\"]}]},{\"@type\":\"ImageObject\",\"inLanguage\":\"de\",\"@id\":\"https:\\\/\\\/falora.ch\\\/produit\\\/aldo-domani-plume-brosse\\\/#primaryimage\",\"url\":\"https:\\\/\\\/falora.ch\\\/wp-content\\\/uploads\\\/2025\\\/08\\\/si.webp\",\"contentUrl\":\"https:\\\/\\\/falora.ch\\\/wp-content\\\/uploads\\\/2025\\\/08\\\/si.webp\",\"width\":960,\"height\":960,\"caption\":\"si\"},{\"@type\":\"BreadcrumbList\",\"@id\":\"https:\\\/\\\/falora.ch\\\/produit\\\/aldo-domani-plume-brosse\\\/#breadcrumb\",\"itemListElement\":[{\"@type\":\"ListItem\",\"position\":1,\"name\":\"Accueil\",\"item\":\"https:\\\/\\\/falora.ch\\\/\"},{\"@type\":\"ListItem\",\"position\":2,\"name\":\"Boutique\",\"item\":\"https:\\\/\\\/falora.ch\\\/boutique\\\/\"},{\"@type\":\"ListItem\",\"position\":3,\"name\":\"Aldo Domani Plume bross\u00e9\"}]},{\"@type\":\"WebSite\",\"@id\":\"https:\\\/\\\/falora.ch\\\/#website\",\"url\":\"https:\\\/\\\/falora.ch\\\/\",\"name\":\"Falora - Shop\",\"description\":\"\",\"publisher\":{\"@id\":\"https:\\\/\\\/falora.ch\\\/#organization\"},\"potentialAction\":[{\"@type\":\"SearchAction\",\"target\":{\"@type\":\"EntryPoint\",\"urlTemplate\":\"https:\\\/\\\/falora.ch\\\/?s={search_term_string}\"},\"query-input\":{\"@type\":\"PropertyValueSpecification\",\"valueRequired\":true,\"valueName\":\"search_term_string\"}}],\"inLanguage\":\"de\"},{\"@type\":\"Organization\",\"@id\":\"https:\\\/\\\/falora.ch\\\/#organization\",\"name\":\"Falora - Shop\",\"url\":\"https:\\\/\\\/falora.ch\\\/\",\"logo\":{\"@type\":\"ImageObject\",\"inLanguage\":\"de\",\"@id\":\"https:\\\/\\\/falora.ch\\\/#\\\/schema\\\/logo\\\/image\\\/\",\"url\":\"https:\\\/\\\/falora.ch\\\/wp-content\\\/uploads\\\/2025\\\/02\\\/logo.png\",\"contentUrl\":\"https:\\\/\\\/falora.ch\\\/wp-content\\\/uploads\\\/2025\\\/02\\\/logo.png\",\"width\":952,\"height\":165,\"caption\":\"Falora - Shop\"},\"image\":{\"@id\":\"https:\\\/\\\/falora.ch\\\/#\\\/schema\\\/logo\\\/image\\\/\"}}]}<\/script>\n<!-- \/ Yoast SEO plugin. -->","yoast_head_json":{"title":"Aldo Domani Plume bross\u00e9 - Falora - Shop","robots":{"index":"index","follow":"follow","max-snippet":"max-snippet:-1","max-image-preview":"max-image-preview:large","max-video-preview":"max-video-preview:-1"},"canonical":"https:\/\/falora.ch\/de\/produkt\/aldo-domani-plume-brosse\/","og_locale":"de_DE","og_type":"article","og_title":"Aldo Domani Plume bross\u00e9 - Falora - Shop","og_description":"en stock","og_url":"https:\/\/falora.ch\/de\/produkt\/aldo-domani-plume-brosse\/","og_site_name":"Falora - Shop","article_modified_time":"2025-08-21T15:29:58+00:00","og_image":[{"width":960,"height":960,"url":"https:\/\/falora.ch\/wp-content\/uploads\/2025\/08\/si.webp","type":"image\/webp"}],"twitter_card":"summary_large_image","twitter_misc":{"Gesch\u00e4tzte Lesezeit":"2\u00a0Minuten"},"schema":{"@context":"https:\/\/schema.org","@graph":[{"@type":"WebPage","@id":"https:\/\/falora.ch\/produit\/aldo-domani-plume-brosse\/","url":"https:\/\/falora.ch\/produit\/aldo-domani-plume-brosse\/","name":"Aldo Domani Plume bross\u00e9 - Falora - Shop","isPartOf":{"@id":"https:\/\/falora.ch\/#website"},"primaryImageOfPage":{"@id":"https:\/\/falora.ch\/produit\/aldo-domani-plume-brosse\/#primaryimage"},"image":{"@id":"https:\/\/falora.ch\/produit\/aldo-domani-plume-brosse\/#primaryimage"},"thumbnailUrl":"https:\/\/falora.ch\/wp-content\/uploads\/2025\/08\/si.webp","datePublished":"2025-08-21T15:29:57+00:00","dateModified":"2025-08-21T15:29:58+00:00","breadcrumb":{"@id":"https:\/\/falora.ch\/produit\/aldo-domani-plume-brosse\/#breadcrumb"},"inLanguage":"de","potentialAction":[{"@type":"ReadAction","target":["https:\/\/falora.ch\/produit\/aldo-domani-plume-brosse\/"]}]},{"@type":"ImageObject","inLanguage":"de","@id":"https:\/\/falora.ch\/produit\/aldo-domani-plume-brosse\/#primaryimage","url":"https:\/\/falora.ch\/wp-content\/uploads\/2025\/08\/si.webp","contentUrl":"https:\/\/falora.ch\/wp-content\/uploads\/2025\/08\/si.webp","width":960,"height":960,"caption":"si"},{"@type":"BreadcrumbList","@id":"https:\/\/falora.ch\/produit\/aldo-domani-plume-brosse\/#breadcrumb","itemListElement":[{"@type":"ListItem","position":1,"name":"Accueil","item":"https:\/\/falora.ch\/"},{"@type":"ListItem","position":2,"name":"Boutique","item":"https:\/\/falora.ch\/boutique\/"},{"@type":"ListItem","position":3,"name":"Aldo Domani Plume bross\u00e9"}]},{"@type":"WebSite","@id":"https:\/\/falora.ch\/#website","url":"https:\/\/falora.ch\/","name":"Falora - Shop","description":"","publisher":{"@id":"https:\/\/falora.ch\/#organization"},"potentialAction":[{"@type":"SearchAction","target":{"@type":"EntryPoint","urlTemplate":"https:\/\/falora.ch\/?s={search_term_string}"},"query-input":{"@type":"PropertyValueSpecification","valueRequired":true,"valueName":"search_term_string"}}],"inLanguage":"de"},{"@type":"Organization","@id":"https:\/\/falora.ch\/#organization","name":"Falora - Shop","url":"https:\/\/falora.ch\/","logo":{"@type":"ImageObject","inLanguage":"de","@id":"https:\/\/falora.ch\/#\/schema\/logo\/image\/","url":"https:\/\/falora.ch\/wp-content\/uploads\/2025\/02\/logo.png","contentUrl":"https:\/\/falora.ch\/wp-content\/uploads\/2025\/02\/logo.png","width":952,"height":165,"caption":"Falora - Shop"},"image":{"@id":"https:\/\/falora.ch\/#\/schema\/logo\/image\/"}}]}},"_links":{"self":[{"href":"https:\/\/falora.ch\/de\/wp-json\/wp\/v2\/product\/2144","targetHints":{"allow":["GET"]}}],"collection":[{"href":"https:\/\/falora.ch\/de\/wp-json\/wp\/v2\/product"}],"about":[{"href":"https:\/\/falora.ch\/de\/wp-json\/wp\/v2\/types\/product"}],"wp:featuredmedia":[{"embeddable":true,"href":"https:\/\/falora.ch\/de\/wp-json\/wp\/v2\/media\/2145"}],"wp:attachment":[{"href":"https:\/\/falora.ch\/de\/wp-json\/wp\/v2\/media?parent=2144"}],"wp:term":[{"taxonomy":"product_brand","embeddable":true,"href":"https:\/\/falora.ch\/de\/wp-json\/wp\/v2\/product_brand?post=2144"},{"taxonomy":"product_cat","embeddable":true,"href":"https:\/\/falora.ch\/de\/wp-json\/wp\/v2\/product_cat?post=2144"},{"taxonomy":"product_tag","embeddable":true,"href":"https:\/\/falora.ch\/de\/wp-json\/wp\/v2\/product_tag?post=2144"}],"curies":[{"name":"wp","href":"https:\/\/api.w.org\/{rel}","templated":true}]}}