{"id":2184,"date":"2025-08-22T08:08:04","date_gmt":"2025-08-22T08:08:04","guid":{"rendered":"https:\/\/falora.ch\/?post_type=product&#038;p=2184"},"modified":"2025-08-22T08:08:05","modified_gmt":"2025-08-22T08:08:05","slug":"dakota-plume-stainless-steel","status":"publish","type":"product","link":"https:\/\/falora.ch\/de\/produkt\/dakota-plume-stainless-steel\/","title":{"rendered":"Dakota Feder, Edelstahl"},"content":{"rendered":"<p>Der Monteverde USA Dakota Edelstahl-F\u00fcllfederhalter f\u00e4ngt die industrielle St\u00e4rke und k\u00fchne Eleganz der Milit\u00e4rluftfahrt ein. Inspiriert vom Flugzeug Douglas C-47 \u201eDakota\u201c feiert dieser Stift den 80. Jahrestag des Endes des Zweiten Weltkriegs mit zeitlosem Design und moderner Handwerkskunst. Gefertigt aus massivem Edelstahl mit geb\u00fcrstetem Finish strahlt er Langlebigkeit und elegante Raffinesse aus. Die in Deutschland hergestellte JoWo #5-Feder erm\u00f6glicht gleichm\u00e4\u00dfiges, pr\u00e4zises Schreiben in den St\u00e4rken extrafein, fein oder mittel. Der Stift verf\u00fcgt \u00fcber das patentierte Slip-In Cap\u2122-System f\u00fcr sicheren Verschluss und m\u00fcheloses Verwenden. Er l\u00e4sst sich mit internationalen Standardpatronen oder dem mitgelieferten Kolbenkonverter bef\u00fcllen. Komplett mit einem gravierten Propeller und einer Geschenkbox im Vintage-Stil ist der Dakota ein leistungsstarkes Schreibger\u00e4t f\u00fcr Geschichtsinteressierte, Profis und Geschenkk\u00e4ufer.<\/p>\n<p>MOQ 1<\/p>\n<p>Art.-Nr. MV44511 \/ MV44512 \/ MV44513 \/ MV44514<\/p>\n<p>EAN 080333445112 \/ 080333445129 \/ 080333445136 \/ 080333445150<\/p>\n<p>&nbsp;<\/p>\n<p>&nbsp;<\/p>\n<p>&nbsp;<\/p>\n<p>&nbsp;<\/p>\n<p>&nbsp;<\/p>\n<p>&nbsp;<\/p>\n<p>&nbsp;<\/p>\n<p>&nbsp;<\/p>\n<p>&nbsp;<\/p>","protected":false},"excerpt":{"rendered":"<p>auf Lager<\/p>","protected":false},"featured_media":2185,"template":"","meta":{"_et_pb_use_builder":"","_et_pb_old_content":"","_et_gb_content_width":""},"product_brand":[],"product_cat":[105],"product_tag":[],"class_list":{"0":"post-2184","1":"product","2":"type-product","3":"status-publish","4":"has-post-thumbnail","6":"product_cat-dakota","8":"first","9":"instock","10":"shipping-taxable","11":"purchasable","12":"product-type-variable"},"yoast_head":"<!-- This site is optimized with the Yoast SEO plugin v27.5 - https:\/\/yoast.com\/product\/yoast-seo-wordpress\/ -->\n<title>Dakota Plume, Stainless Steel - Falora - Shop<\/title>\n<meta name=\"robots\" content=\"index, follow, max-snippet:-1, max-image-preview:large, max-video-preview:-1\" \/>\n<link rel=\"canonical\" href=\"https:\/\/falora.ch\/de\/produkt\/dakota-plume-stainless-steel\/\" \/>\n<meta property=\"og:locale\" content=\"de_DE\" \/>\n<meta property=\"og:type\" content=\"article\" \/>\n<meta property=\"og:title\" content=\"Dakota Plume, Stainless Steel - Falora - Shop\" \/>\n<meta property=\"og:description\" content=\"en stock\" \/>\n<meta property=\"og:url\" content=\"https:\/\/falora.ch\/de\/produkt\/dakota-plume-stainless-steel\/\" \/>\n<meta property=\"og:site_name\" content=\"Falora - Shop\" \/>\n<meta property=\"article:modified_time\" content=\"2025-08-22T08:08:05+00:00\" \/>\n<meta property=\"og:image\" content=\"https:\/\/falora.ch\/wp-content\/uploads\/2025\/08\/st.webp\" \/>\n\t<meta property=\"og:image:width\" content=\"1280\" \/>\n\t<meta property=\"og:image:height\" content=\"1280\" \/>\n\t<meta property=\"og:image:type\" content=\"image\/webp\" \/>\n<meta name=\"twitter:card\" content=\"summary_large_image\" \/>\n<meta name=\"twitter:label1\" content=\"Gesch\u00e4tzte Lesezeit\" \/>\n\t<meta name=\"twitter:data1\" content=\"2\u00a0Minuten\" \/>\n<script type=\"application\/ld+json\" class=\"yoast-schema-graph\">{\"@context\":\"https:\\\/\\\/schema.org\",\"@graph\":[{\"@type\":\"WebPage\",\"@id\":\"https:\\\/\\\/falora.ch\\\/produit\\\/dakota-plume-stainless-steel\\\/\",\"url\":\"https:\\\/\\\/falora.ch\\\/produit\\\/dakota-plume-stainless-steel\\\/\",\"name\":\"Dakota Plume, Stainless Steel - Falora - Shop\",\"isPartOf\":{\"@id\":\"https:\\\/\\\/falora.ch\\\/#website\"},\"primaryImageOfPage\":{\"@id\":\"https:\\\/\\\/falora.ch\\\/produit\\\/dakota-plume-stainless-steel\\\/#primaryimage\"},\"image\":{\"@id\":\"https:\\\/\\\/falora.ch\\\/produit\\\/dakota-plume-stainless-steel\\\/#primaryimage\"},\"thumbnailUrl\":\"https:\\\/\\\/falora.ch\\\/wp-content\\\/uploads\\\/2025\\\/08\\\/st.webp\",\"datePublished\":\"2025-08-22T08:08:04+00:00\",\"dateModified\":\"2025-08-22T08:08:05+00:00\",\"breadcrumb\":{\"@id\":\"https:\\\/\\\/falora.ch\\\/produit\\\/dakota-plume-stainless-steel\\\/#breadcrumb\"},\"inLanguage\":\"de\",\"potentialAction\":[{\"@type\":\"ReadAction\",\"target\":[\"https:\\\/\\\/falora.ch\\\/produit\\\/dakota-plume-stainless-steel\\\/\"]}]},{\"@type\":\"ImageObject\",\"inLanguage\":\"de\",\"@id\":\"https:\\\/\\\/falora.ch\\\/produit\\\/dakota-plume-stainless-steel\\\/#primaryimage\",\"url\":\"https:\\\/\\\/falora.ch\\\/wp-content\\\/uploads\\\/2025\\\/08\\\/st.webp\",\"contentUrl\":\"https:\\\/\\\/falora.ch\\\/wp-content\\\/uploads\\\/2025\\\/08\\\/st.webp\",\"width\":1280,\"height\":1280,\"caption\":\"st\"},{\"@type\":\"BreadcrumbList\",\"@id\":\"https:\\\/\\\/falora.ch\\\/produit\\\/dakota-plume-stainless-steel\\\/#breadcrumb\",\"itemListElement\":[{\"@type\":\"ListItem\",\"position\":1,\"name\":\"Accueil\",\"item\":\"https:\\\/\\\/falora.ch\\\/\"},{\"@type\":\"ListItem\",\"position\":2,\"name\":\"Boutique\",\"item\":\"https:\\\/\\\/falora.ch\\\/boutique\\\/\"},{\"@type\":\"ListItem\",\"position\":3,\"name\":\"Dakota Plume, Stainless Steel\"}]},{\"@type\":\"WebSite\",\"@id\":\"https:\\\/\\\/falora.ch\\\/#website\",\"url\":\"https:\\\/\\\/falora.ch\\\/\",\"name\":\"Falora - Shop\",\"description\":\"\",\"publisher\":{\"@id\":\"https:\\\/\\\/falora.ch\\\/#organization\"},\"potentialAction\":[{\"@type\":\"SearchAction\",\"target\":{\"@type\":\"EntryPoint\",\"urlTemplate\":\"https:\\\/\\\/falora.ch\\\/?s={search_term_string}\"},\"query-input\":{\"@type\":\"PropertyValueSpecification\",\"valueRequired\":true,\"valueName\":\"search_term_string\"}}],\"inLanguage\":\"de\"},{\"@type\":\"Organization\",\"@id\":\"https:\\\/\\\/falora.ch\\\/#organization\",\"name\":\"Falora - Shop\",\"url\":\"https:\\\/\\\/falora.ch\\\/\",\"logo\":{\"@type\":\"ImageObject\",\"inLanguage\":\"de\",\"@id\":\"https:\\\/\\\/falora.ch\\\/#\\\/schema\\\/logo\\\/image\\\/\",\"url\":\"https:\\\/\\\/falora.ch\\\/wp-content\\\/uploads\\\/2025\\\/02\\\/logo.png\",\"contentUrl\":\"https:\\\/\\\/falora.ch\\\/wp-content\\\/uploads\\\/2025\\\/02\\\/logo.png\",\"width\":952,\"height\":165,\"caption\":\"Falora - Shop\"},\"image\":{\"@id\":\"https:\\\/\\\/falora.ch\\\/#\\\/schema\\\/logo\\\/image\\\/\"}}]}<\/script>\n<!-- \/ Yoast SEO plugin. -->","yoast_head_json":{"title":"Dakota Plume, Stainless Steel - Falora - Shop","robots":{"index":"index","follow":"follow","max-snippet":"max-snippet:-1","max-image-preview":"max-image-preview:large","max-video-preview":"max-video-preview:-1"},"canonical":"https:\/\/falora.ch\/de\/produkt\/dakota-plume-stainless-steel\/","og_locale":"de_DE","og_type":"article","og_title":"Dakota Plume, Stainless Steel - Falora - Shop","og_description":"en stock","og_url":"https:\/\/falora.ch\/de\/produkt\/dakota-plume-stainless-steel\/","og_site_name":"Falora - Shop","article_modified_time":"2025-08-22T08:08:05+00:00","og_image":[{"width":1280,"height":1280,"url":"https:\/\/falora.ch\/wp-content\/uploads\/2025\/08\/st.webp","type":"image\/webp"}],"twitter_card":"summary_large_image","twitter_misc":{"Gesch\u00e4tzte Lesezeit":"2\u00a0Minuten"},"schema":{"@context":"https:\/\/schema.org","@graph":[{"@type":"WebPage","@id":"https:\/\/falora.ch\/produit\/dakota-plume-stainless-steel\/","url":"https:\/\/falora.ch\/produit\/dakota-plume-stainless-steel\/","name":"Dakota Plume, Stainless Steel - Falora - Shop","isPartOf":{"@id":"https:\/\/falora.ch\/#website"},"primaryImageOfPage":{"@id":"https:\/\/falora.ch\/produit\/dakota-plume-stainless-steel\/#primaryimage"},"image":{"@id":"https:\/\/falora.ch\/produit\/dakota-plume-stainless-steel\/#primaryimage"},"thumbnailUrl":"https:\/\/falora.ch\/wp-content\/uploads\/2025\/08\/st.webp","datePublished":"2025-08-22T08:08:04+00:00","dateModified":"2025-08-22T08:08:05+00:00","breadcrumb":{"@id":"https:\/\/falora.ch\/produit\/dakota-plume-stainless-steel\/#breadcrumb"},"inLanguage":"de","potentialAction":[{"@type":"ReadAction","target":["https:\/\/falora.ch\/produit\/dakota-plume-stainless-steel\/"]}]},{"@type":"ImageObject","inLanguage":"de","@id":"https:\/\/falora.ch\/produit\/dakota-plume-stainless-steel\/#primaryimage","url":"https:\/\/falora.ch\/wp-content\/uploads\/2025\/08\/st.webp","contentUrl":"https:\/\/falora.ch\/wp-content\/uploads\/2025\/08\/st.webp","width":1280,"height":1280,"caption":"st"},{"@type":"BreadcrumbList","@id":"https:\/\/falora.ch\/produit\/dakota-plume-stainless-steel\/#breadcrumb","itemListElement":[{"@type":"ListItem","position":1,"name":"Accueil","item":"https:\/\/falora.ch\/"},{"@type":"ListItem","position":2,"name":"Boutique","item":"https:\/\/falora.ch\/boutique\/"},{"@type":"ListItem","position":3,"name":"Dakota Plume, Stainless Steel"}]},{"@type":"WebSite","@id":"https:\/\/falora.ch\/#website","url":"https:\/\/falora.ch\/","name":"Falora - Shop","description":"","publisher":{"@id":"https:\/\/falora.ch\/#organization"},"potentialAction":[{"@type":"SearchAction","target":{"@type":"EntryPoint","urlTemplate":"https:\/\/falora.ch\/?s={search_term_string}"},"query-input":{"@type":"PropertyValueSpecification","valueRequired":true,"valueName":"search_term_string"}}],"inLanguage":"de"},{"@type":"Organization","@id":"https:\/\/falora.ch\/#organization","name":"Falora - Shop","url":"https:\/\/falora.ch\/","logo":{"@type":"ImageObject","inLanguage":"de","@id":"https:\/\/falora.ch\/#\/schema\/logo\/image\/","url":"https:\/\/falora.ch\/wp-content\/uploads\/2025\/02\/logo.png","contentUrl":"https:\/\/falora.ch\/wp-content\/uploads\/2025\/02\/logo.png","width":952,"height":165,"caption":"Falora - Shop"},"image":{"@id":"https:\/\/falora.ch\/#\/schema\/logo\/image\/"}}]}},"_links":{"self":[{"href":"https:\/\/falora.ch\/de\/wp-json\/wp\/v2\/product\/2184","targetHints":{"allow":["GET"]}}],"collection":[{"href":"https:\/\/falora.ch\/de\/wp-json\/wp\/v2\/product"}],"about":[{"href":"https:\/\/falora.ch\/de\/wp-json\/wp\/v2\/types\/product"}],"wp:featuredmedia":[{"embeddable":true,"href":"https:\/\/falora.ch\/de\/wp-json\/wp\/v2\/media\/2185"}],"wp:attachment":[{"href":"https:\/\/falora.ch\/de\/wp-json\/wp\/v2\/media?parent=2184"}],"wp:term":[{"taxonomy":"product_brand","embeddable":true,"href":"https:\/\/falora.ch\/de\/wp-json\/wp\/v2\/product_brand?post=2184"},{"taxonomy":"product_cat","embeddable":true,"href":"https:\/\/falora.ch\/de\/wp-json\/wp\/v2\/product_cat?post=2184"},{"taxonomy":"product_tag","embeddable":true,"href":"https:\/\/falora.ch\/de\/wp-json\/wp\/v2\/product_tag?post=2184"}],"curies":[{"name":"wp","href":"https:\/\/api.w.org\/{rel}","templated":true}]}}