{"id":2236,"date":"2025-08-22T11:37:52","date_gmt":"2025-08-22T11:37:52","guid":{"rendered":"https:\/\/falora.ch\/?post_type=product&#038;p=2236"},"modified":"2025-08-22T11:37:53","modified_gmt":"2025-08-22T11:37:53","slug":"engage-liquid-lnk-rollerball-noir-rollerball-carbone-fiber-b","status":"publish","type":"product","link":"https:\/\/falora.ch\/de\/produkt\/engage-liquid-lnk-rollerball-noir-rollerball-carbone-fiber-b\/","title":{"rendered":"Engage Liquid lnk Tintenroller, schwarz, Tintenroller, Kohlefaser, B"},"content":{"rendered":"<div>\n<div class=\"max-height--inner\">\n<div class=\"max-height--inner-content rte product-short-description\">\n<p>Auff\u00e4llig. Raffiniert. Leistungsstark. Der Monteverde USA Engage Black Carbon Fiber Liquid Ink Tintenroller vereint die Eleganz moderner Materialien mit modernster Tinte. Sein leichter Carbonfaserschaft bietet Hightech-\u00c4sthetik und au\u00dfergew\u00f6hnliche Haltbarkeit, w\u00e4hrend das nachf\u00fcllbare Design mit handels\u00fcblicher F\u00fcllfedertinte Komfort und Langlebigkeit vereint. W\u00e4hlen Sie zwischen einer feinen, mittleren oder breiten Feder f\u00fcr ein geschmeidiges, fl\u00fcssiges Schreiberlebnis, das zu Ihrem pers\u00f6nlichen Stil passt. Der kappenlose Mechanismus erm\u00f6glicht schnellen Zugriff und einfache Handhabung im Alltag \u2013 ideal zum Notieren, Unterschreiben oder Tagebuchschreiben. Chrom-Akzente und ein ausgewogenes Gewicht unterstreichen das hochwertige Gef\u00fchl. Der Engage Carbon Fiber ist das ideale Geschenk f\u00fcr Profis und Schreibger\u00e4teliebhaber und die Zukunft des Luxusschreibens.<\/p>\n<p>Art.-Nr. MV35311<\/p>\n<p>EAN 080333353110<\/p>\n<\/div>\n<\/div>\n<\/div>\n<p>&nbsp;<\/p>","protected":false},"excerpt":{"rendered":"<p>auf Lager<\/p>","protected":false},"featured_media":2228,"template":"","meta":{"_et_pb_use_builder":"","_et_pb_old_content":"","_et_gb_content_width":""},"product_brand":[],"product_cat":[106],"product_tag":[],"class_list":{"0":"post-2236","1":"product","2":"type-product","3":"status-publish","4":"has-post-thumbnail","6":"product_cat-engage","8":"first","9":"instock","10":"shipping-taxable","11":"purchasable","12":"product-type-simple"},"yoast_head":"<!-- This site is optimized with the Yoast SEO plugin v27.3 - https:\/\/yoast.com\/product\/yoast-seo-wordpress\/ -->\n<title>Engage Liquid lnk Rollerball noir Rollerball Carbone Fiber, B - Falora - Shop<\/title>\n<meta name=\"robots\" content=\"index, follow, max-snippet:-1, max-image-preview:large, max-video-preview:-1\" \/>\n<link rel=\"canonical\" href=\"https:\/\/falora.ch\/de\/produkt\/engage-liquid-lnk-rollerball-noir-rollerball-carbone-fiber-b\/\" \/>\n<meta property=\"og:locale\" content=\"de_DE\" \/>\n<meta property=\"og:type\" content=\"article\" \/>\n<meta property=\"og:title\" content=\"Engage Liquid lnk Rollerball noir Rollerball Carbone Fiber, B - Falora - Shop\" \/>\n<meta property=\"og:description\" content=\"en stock\" \/>\n<meta property=\"og:url\" content=\"https:\/\/falora.ch\/de\/produkt\/engage-liquid-lnk-rollerball-noir-rollerball-carbone-fiber-b\/\" \/>\n<meta property=\"og:site_name\" content=\"Falora - Shop\" \/>\n<meta property=\"article:modified_time\" content=\"2025-08-22T11:37:53+00:00\" \/>\n<meta property=\"og:image\" content=\"https:\/\/falora.ch\/wp-content\/uploads\/2025\/08\/e1.webp\" \/>\n\t<meta property=\"og:image:width\" content=\"640\" \/>\n\t<meta property=\"og:image:height\" content=\"640\" \/>\n\t<meta property=\"og:image:type\" content=\"image\/webp\" \/>\n<meta name=\"twitter:card\" content=\"summary_large_image\" \/>\n<meta name=\"twitter:label1\" content=\"Gesch\u00e4tzte Lesezeit\" \/>\n\t<meta name=\"twitter:data1\" content=\"1\u00a0Minute\" \/>\n<script type=\"application\/ld+json\" class=\"yoast-schema-graph\">{\"@context\":\"https:\\\/\\\/schema.org\",\"@graph\":[{\"@type\":\"WebPage\",\"@id\":\"https:\\\/\\\/falora.ch\\\/produit\\\/engage-liquid-lnk-rollerball-noir-rollerball-carbone-fiber-b\\\/\",\"url\":\"https:\\\/\\\/falora.ch\\\/produit\\\/engage-liquid-lnk-rollerball-noir-rollerball-carbone-fiber-b\\\/\",\"name\":\"Engage Liquid lnk Rollerball noir Rollerball Carbone Fiber, B - Falora - Shop\",\"isPartOf\":{\"@id\":\"https:\\\/\\\/falora.ch\\\/#website\"},\"primaryImageOfPage\":{\"@id\":\"https:\\\/\\\/falora.ch\\\/produit\\\/engage-liquid-lnk-rollerball-noir-rollerball-carbone-fiber-b\\\/#primaryimage\"},\"image\":{\"@id\":\"https:\\\/\\\/falora.ch\\\/produit\\\/engage-liquid-lnk-rollerball-noir-rollerball-carbone-fiber-b\\\/#primaryimage\"},\"thumbnailUrl\":\"https:\\\/\\\/falora.ch\\\/wp-content\\\/uploads\\\/2025\\\/08\\\/e1.webp\",\"datePublished\":\"2025-08-22T11:37:52+00:00\",\"dateModified\":\"2025-08-22T11:37:53+00:00\",\"breadcrumb\":{\"@id\":\"https:\\\/\\\/falora.ch\\\/produit\\\/engage-liquid-lnk-rollerball-noir-rollerball-carbone-fiber-b\\\/#breadcrumb\"},\"inLanguage\":\"de\",\"potentialAction\":[{\"@type\":\"ReadAction\",\"target\":[\"https:\\\/\\\/falora.ch\\\/produit\\\/engage-liquid-lnk-rollerball-noir-rollerball-carbone-fiber-b\\\/\"]}]},{\"@type\":\"ImageObject\",\"inLanguage\":\"de\",\"@id\":\"https:\\\/\\\/falora.ch\\\/produit\\\/engage-liquid-lnk-rollerball-noir-rollerball-carbone-fiber-b\\\/#primaryimage\",\"url\":\"https:\\\/\\\/falora.ch\\\/wp-content\\\/uploads\\\/2025\\\/08\\\/e1.webp\",\"contentUrl\":\"https:\\\/\\\/falora.ch\\\/wp-content\\\/uploads\\\/2025\\\/08\\\/e1.webp\",\"width\":640,\"height\":640,\"caption\":\"e1\"},{\"@type\":\"BreadcrumbList\",\"@id\":\"https:\\\/\\\/falora.ch\\\/produit\\\/engage-liquid-lnk-rollerball-noir-rollerball-carbone-fiber-b\\\/#breadcrumb\",\"itemListElement\":[{\"@type\":\"ListItem\",\"position\":1,\"name\":\"Accueil\",\"item\":\"https:\\\/\\\/falora.ch\\\/\"},{\"@type\":\"ListItem\",\"position\":2,\"name\":\"Boutique\",\"item\":\"https:\\\/\\\/falora.ch\\\/boutique\\\/\"},{\"@type\":\"ListItem\",\"position\":3,\"name\":\"Engage Liquid lnk Rollerball noir Rollerball Carbone Fiber, B\"}]},{\"@type\":\"WebSite\",\"@id\":\"https:\\\/\\\/falora.ch\\\/#website\",\"url\":\"https:\\\/\\\/falora.ch\\\/\",\"name\":\"Falora - Shop\",\"description\":\"\",\"publisher\":{\"@id\":\"https:\\\/\\\/falora.ch\\\/#organization\"},\"potentialAction\":[{\"@type\":\"SearchAction\",\"target\":{\"@type\":\"EntryPoint\",\"urlTemplate\":\"https:\\\/\\\/falora.ch\\\/?s={search_term_string}\"},\"query-input\":{\"@type\":\"PropertyValueSpecification\",\"valueRequired\":true,\"valueName\":\"search_term_string\"}}],\"inLanguage\":\"de\"},{\"@type\":\"Organization\",\"@id\":\"https:\\\/\\\/falora.ch\\\/#organization\",\"name\":\"Falora - Shop\",\"url\":\"https:\\\/\\\/falora.ch\\\/\",\"logo\":{\"@type\":\"ImageObject\",\"inLanguage\":\"de\",\"@id\":\"https:\\\/\\\/falora.ch\\\/#\\\/schema\\\/logo\\\/image\\\/\",\"url\":\"https:\\\/\\\/falora.ch\\\/wp-content\\\/uploads\\\/2025\\\/02\\\/logo.png\",\"contentUrl\":\"https:\\\/\\\/falora.ch\\\/wp-content\\\/uploads\\\/2025\\\/02\\\/logo.png\",\"width\":952,\"height\":165,\"caption\":\"Falora - Shop\"},\"image\":{\"@id\":\"https:\\\/\\\/falora.ch\\\/#\\\/schema\\\/logo\\\/image\\\/\"}}]}<\/script>\n<!-- \/ Yoast SEO plugin. -->","yoast_head_json":{"title":"Engage Liquid lnk Rollerball noir Rollerball Carbone Fiber, B - Falora - Shop","robots":{"index":"index","follow":"follow","max-snippet":"max-snippet:-1","max-image-preview":"max-image-preview:large","max-video-preview":"max-video-preview:-1"},"canonical":"https:\/\/falora.ch\/de\/produkt\/engage-liquid-lnk-rollerball-noir-rollerball-carbone-fiber-b\/","og_locale":"de_DE","og_type":"article","og_title":"Engage Liquid lnk Rollerball noir Rollerball Carbone Fiber, B - Falora - Shop","og_description":"en stock","og_url":"https:\/\/falora.ch\/de\/produkt\/engage-liquid-lnk-rollerball-noir-rollerball-carbone-fiber-b\/","og_site_name":"Falora - Shop","article_modified_time":"2025-08-22T11:37:53+00:00","og_image":[{"width":640,"height":640,"url":"https:\/\/falora.ch\/wp-content\/uploads\/2025\/08\/e1.webp","type":"image\/webp"}],"twitter_card":"summary_large_image","twitter_misc":{"Gesch\u00e4tzte Lesezeit":"1\u00a0Minute"},"schema":{"@context":"https:\/\/schema.org","@graph":[{"@type":"WebPage","@id":"https:\/\/falora.ch\/produit\/engage-liquid-lnk-rollerball-noir-rollerball-carbone-fiber-b\/","url":"https:\/\/falora.ch\/produit\/engage-liquid-lnk-rollerball-noir-rollerball-carbone-fiber-b\/","name":"Engage Liquid lnk Rollerball noir Rollerball Carbone Fiber, B - Falora - Shop","isPartOf":{"@id":"https:\/\/falora.ch\/#website"},"primaryImageOfPage":{"@id":"https:\/\/falora.ch\/produit\/engage-liquid-lnk-rollerball-noir-rollerball-carbone-fiber-b\/#primaryimage"},"image":{"@id":"https:\/\/falora.ch\/produit\/engage-liquid-lnk-rollerball-noir-rollerball-carbone-fiber-b\/#primaryimage"},"thumbnailUrl":"https:\/\/falora.ch\/wp-content\/uploads\/2025\/08\/e1.webp","datePublished":"2025-08-22T11:37:52+00:00","dateModified":"2025-08-22T11:37:53+00:00","breadcrumb":{"@id":"https:\/\/falora.ch\/produit\/engage-liquid-lnk-rollerball-noir-rollerball-carbone-fiber-b\/#breadcrumb"},"inLanguage":"de","potentialAction":[{"@type":"ReadAction","target":["https:\/\/falora.ch\/produit\/engage-liquid-lnk-rollerball-noir-rollerball-carbone-fiber-b\/"]}]},{"@type":"ImageObject","inLanguage":"de","@id":"https:\/\/falora.ch\/produit\/engage-liquid-lnk-rollerball-noir-rollerball-carbone-fiber-b\/#primaryimage","url":"https:\/\/falora.ch\/wp-content\/uploads\/2025\/08\/e1.webp","contentUrl":"https:\/\/falora.ch\/wp-content\/uploads\/2025\/08\/e1.webp","width":640,"height":640,"caption":"e1"},{"@type":"BreadcrumbList","@id":"https:\/\/falora.ch\/produit\/engage-liquid-lnk-rollerball-noir-rollerball-carbone-fiber-b\/#breadcrumb","itemListElement":[{"@type":"ListItem","position":1,"name":"Accueil","item":"https:\/\/falora.ch\/"},{"@type":"ListItem","position":2,"name":"Boutique","item":"https:\/\/falora.ch\/boutique\/"},{"@type":"ListItem","position":3,"name":"Engage Liquid lnk Rollerball noir Rollerball Carbone Fiber, B"}]},{"@type":"WebSite","@id":"https:\/\/falora.ch\/#website","url":"https:\/\/falora.ch\/","name":"Falora - Shop","description":"","publisher":{"@id":"https:\/\/falora.ch\/#organization"},"potentialAction":[{"@type":"SearchAction","target":{"@type":"EntryPoint","urlTemplate":"https:\/\/falora.ch\/?s={search_term_string}"},"query-input":{"@type":"PropertyValueSpecification","valueRequired":true,"valueName":"search_term_string"}}],"inLanguage":"de"},{"@type":"Organization","@id":"https:\/\/falora.ch\/#organization","name":"Falora - Shop","url":"https:\/\/falora.ch\/","logo":{"@type":"ImageObject","inLanguage":"de","@id":"https:\/\/falora.ch\/#\/schema\/logo\/image\/","url":"https:\/\/falora.ch\/wp-content\/uploads\/2025\/02\/logo.png","contentUrl":"https:\/\/falora.ch\/wp-content\/uploads\/2025\/02\/logo.png","width":952,"height":165,"caption":"Falora - Shop"},"image":{"@id":"https:\/\/falora.ch\/#\/schema\/logo\/image\/"}}]}},"_links":{"self":[{"href":"https:\/\/falora.ch\/de\/wp-json\/wp\/v2\/product\/2236","targetHints":{"allow":["GET"]}}],"collection":[{"href":"https:\/\/falora.ch\/de\/wp-json\/wp\/v2\/product"}],"about":[{"href":"https:\/\/falora.ch\/de\/wp-json\/wp\/v2\/types\/product"}],"wp:featuredmedia":[{"embeddable":true,"href":"https:\/\/falora.ch\/de\/wp-json\/wp\/v2\/media\/2228"}],"wp:attachment":[{"href":"https:\/\/falora.ch\/de\/wp-json\/wp\/v2\/media?parent=2236"}],"wp:term":[{"taxonomy":"product_brand","embeddable":true,"href":"https:\/\/falora.ch\/de\/wp-json\/wp\/v2\/product_brand?post=2236"},{"taxonomy":"product_cat","embeddable":true,"href":"https:\/\/falora.ch\/de\/wp-json\/wp\/v2\/product_cat?post=2236"},{"taxonomy":"product_tag","embeddable":true,"href":"https:\/\/falora.ch\/de\/wp-json\/wp\/v2\/product_tag?post=2236"}],"curies":[{"name":"wp","href":"https:\/\/api.w.org\/{rel}","templated":true}]}}