{"id":2237,"date":"2025-08-22T11:46:10","date_gmt":"2025-08-22T11:46:10","guid":{"rendered":"https:\/\/falora.ch\/?post_type=product&#038;p=2237"},"modified":"2025-08-22T11:46:10","modified_gmt":"2025-08-22T11:46:10","slug":"engage-liquid-lnk-stylo-roller-demo-f","status":"publish","type":"product","link":"https:\/\/falora.ch\/de\/produkt\/engage-liquid-lnk-stylo-roller-demo-f\/","title":{"rendered":"Engage Liquid lnk Demo Tintenroller, F"},"content":{"rendered":"<p>Entdecken Sie die Eleganz der Transparenz mit dem Monteverde USA Engage Demo Tintenroller. Dieser kappenlose Stift verf\u00fcgt \u00fcber einen transparenten Demonstrationsschaft, der das innovative nachf\u00fcllbare Tintensystem pr\u00e4sentiert. Er ist f\u00fcr die Bef\u00fcllung mit handels\u00fcblicher F\u00fcllfedertinte konzipiert und bietet eine umweltfreundliche Alternative zu Einwegstiften. Erh\u00e4ltlich mit feiner, mittlerer oder breiter Feder, erzeugt jede Feder ultraweiche Linien ohne Aussetzer oder Auslaufen. Das klare, minimalistische Design verbindet moderne \u00c4sthetik mit Komfort im Alltag. Ideal f\u00fcr Schriftsteller, K\u00fcnstler und Profis: Der Demo Clear Engage macht jedes Wort sichtbar und jeden Moment unvergesslich. Wenn Sie einen hochwertigen nachf\u00fcllbaren Tintenroller mit bemerkenswertem Stil suchen, bietet dieser Stift Klarheit und Leistung in einem ikonischen Schreibger\u00e4t.<\/p>\n<p>Art.-Nr. MV35314<\/p>\n<p>EAN 080333353141<\/p>\n<p>&nbsp;<\/p>\n<p>&nbsp;<\/p>","protected":false},"excerpt":{"rendered":"<p>auf Lager<\/p>","protected":false},"featured_media":2238,"template":"","meta":{"_et_pb_use_builder":"","_et_pb_old_content":"","_et_gb_content_width":""},"product_brand":[],"product_cat":[106],"product_tag":[],"class_list":{"0":"post-2237","1":"product","2":"type-product","3":"status-publish","4":"has-post-thumbnail","6":"product_cat-engage","8":"first","9":"instock","10":"shipping-taxable","11":"purchasable","12":"product-type-simple"},"yoast_head":"<!-- This site is optimized with the Yoast SEO plugin v27.3 - https:\/\/yoast.com\/product\/yoast-seo-wordpress\/ -->\n<title>Engage Liquid lnk Stylo roller Demo, F - Falora - Shop<\/title>\n<meta name=\"robots\" content=\"index, follow, max-snippet:-1, max-image-preview:large, max-video-preview:-1\" \/>\n<link rel=\"canonical\" href=\"https:\/\/falora.ch\/de\/produkt\/engage-liquid-lnk-stylo-roller-demo-f\/\" \/>\n<meta property=\"og:locale\" content=\"de_DE\" \/>\n<meta property=\"og:type\" content=\"article\" \/>\n<meta property=\"og:title\" content=\"Engage Liquid lnk Stylo roller Demo, F - Falora - Shop\" \/>\n<meta property=\"og:description\" content=\"en stock\" \/>\n<meta property=\"og:url\" content=\"https:\/\/falora.ch\/de\/produkt\/engage-liquid-lnk-stylo-roller-demo-f\/\" \/>\n<meta property=\"og:site_name\" content=\"Falora - Shop\" \/>\n<meta property=\"og:image\" content=\"https:\/\/falora.ch\/wp-content\/uploads\/2025\/08\/d2.webp\" \/>\n\t<meta property=\"og:image:width\" content=\"640\" \/>\n\t<meta property=\"og:image:height\" content=\"640\" \/>\n\t<meta property=\"og:image:type\" content=\"image\/webp\" \/>\n<meta name=\"twitter:card\" content=\"summary_large_image\" \/>\n<meta name=\"twitter:label1\" content=\"Gesch\u00e4tzte Lesezeit\" \/>\n\t<meta name=\"twitter:data1\" content=\"1\u00a0Minute\" \/>\n<script type=\"application\/ld+json\" class=\"yoast-schema-graph\">{\"@context\":\"https:\\\/\\\/schema.org\",\"@graph\":[{\"@type\":\"WebPage\",\"@id\":\"https:\\\/\\\/falora.ch\\\/produit\\\/engage-liquid-lnk-stylo-roller-demo-f\\\/\",\"url\":\"https:\\\/\\\/falora.ch\\\/produit\\\/engage-liquid-lnk-stylo-roller-demo-f\\\/\",\"name\":\"Engage Liquid lnk Stylo roller Demo, F - Falora - Shop\",\"isPartOf\":{\"@id\":\"https:\\\/\\\/falora.ch\\\/#website\"},\"primaryImageOfPage\":{\"@id\":\"https:\\\/\\\/falora.ch\\\/produit\\\/engage-liquid-lnk-stylo-roller-demo-f\\\/#primaryimage\"},\"image\":{\"@id\":\"https:\\\/\\\/falora.ch\\\/produit\\\/engage-liquid-lnk-stylo-roller-demo-f\\\/#primaryimage\"},\"thumbnailUrl\":\"https:\\\/\\\/falora.ch\\\/wp-content\\\/uploads\\\/2025\\\/08\\\/d2.webp\",\"datePublished\":\"2025-08-22T11:46:10+00:00\",\"breadcrumb\":{\"@id\":\"https:\\\/\\\/falora.ch\\\/produit\\\/engage-liquid-lnk-stylo-roller-demo-f\\\/#breadcrumb\"},\"inLanguage\":\"de\",\"potentialAction\":[{\"@type\":\"ReadAction\",\"target\":[\"https:\\\/\\\/falora.ch\\\/produit\\\/engage-liquid-lnk-stylo-roller-demo-f\\\/\"]}]},{\"@type\":\"ImageObject\",\"inLanguage\":\"de\",\"@id\":\"https:\\\/\\\/falora.ch\\\/produit\\\/engage-liquid-lnk-stylo-roller-demo-f\\\/#primaryimage\",\"url\":\"https:\\\/\\\/falora.ch\\\/wp-content\\\/uploads\\\/2025\\\/08\\\/d2.webp\",\"contentUrl\":\"https:\\\/\\\/falora.ch\\\/wp-content\\\/uploads\\\/2025\\\/08\\\/d2.webp\",\"width\":640,\"height\":640,\"caption\":\"d2\"},{\"@type\":\"BreadcrumbList\",\"@id\":\"https:\\\/\\\/falora.ch\\\/produit\\\/engage-liquid-lnk-stylo-roller-demo-f\\\/#breadcrumb\",\"itemListElement\":[{\"@type\":\"ListItem\",\"position\":1,\"name\":\"Accueil\",\"item\":\"https:\\\/\\\/falora.ch\\\/\"},{\"@type\":\"ListItem\",\"position\":2,\"name\":\"Boutique\",\"item\":\"https:\\\/\\\/falora.ch\\\/boutique\\\/\"},{\"@type\":\"ListItem\",\"position\":3,\"name\":\"Engage Liquid lnk Stylo roller Demo, F\"}]},{\"@type\":\"WebSite\",\"@id\":\"https:\\\/\\\/falora.ch\\\/#website\",\"url\":\"https:\\\/\\\/falora.ch\\\/\",\"name\":\"Falora - Shop\",\"description\":\"\",\"publisher\":{\"@id\":\"https:\\\/\\\/falora.ch\\\/#organization\"},\"potentialAction\":[{\"@type\":\"SearchAction\",\"target\":{\"@type\":\"EntryPoint\",\"urlTemplate\":\"https:\\\/\\\/falora.ch\\\/?s={search_term_string}\"},\"query-input\":{\"@type\":\"PropertyValueSpecification\",\"valueRequired\":true,\"valueName\":\"search_term_string\"}}],\"inLanguage\":\"de\"},{\"@type\":\"Organization\",\"@id\":\"https:\\\/\\\/falora.ch\\\/#organization\",\"name\":\"Falora - Shop\",\"url\":\"https:\\\/\\\/falora.ch\\\/\",\"logo\":{\"@type\":\"ImageObject\",\"inLanguage\":\"de\",\"@id\":\"https:\\\/\\\/falora.ch\\\/#\\\/schema\\\/logo\\\/image\\\/\",\"url\":\"https:\\\/\\\/falora.ch\\\/wp-content\\\/uploads\\\/2025\\\/02\\\/logo.png\",\"contentUrl\":\"https:\\\/\\\/falora.ch\\\/wp-content\\\/uploads\\\/2025\\\/02\\\/logo.png\",\"width\":952,\"height\":165,\"caption\":\"Falora - Shop\"},\"image\":{\"@id\":\"https:\\\/\\\/falora.ch\\\/#\\\/schema\\\/logo\\\/image\\\/\"}}]}<\/script>\n<!-- \/ Yoast SEO plugin. -->","yoast_head_json":{"title":"Engage Liquid lnk Stylo roller Demo, F - Falora - Shop","robots":{"index":"index","follow":"follow","max-snippet":"max-snippet:-1","max-image-preview":"max-image-preview:large","max-video-preview":"max-video-preview:-1"},"canonical":"https:\/\/falora.ch\/de\/produkt\/engage-liquid-lnk-stylo-roller-demo-f\/","og_locale":"de_DE","og_type":"article","og_title":"Engage Liquid lnk Stylo roller Demo, F - Falora - Shop","og_description":"en stock","og_url":"https:\/\/falora.ch\/de\/produkt\/engage-liquid-lnk-stylo-roller-demo-f\/","og_site_name":"Falora - Shop","og_image":[{"width":640,"height":640,"url":"https:\/\/falora.ch\/wp-content\/uploads\/2025\/08\/d2.webp","type":"image\/webp"}],"twitter_card":"summary_large_image","twitter_misc":{"Gesch\u00e4tzte Lesezeit":"1\u00a0Minute"},"schema":{"@context":"https:\/\/schema.org","@graph":[{"@type":"WebPage","@id":"https:\/\/falora.ch\/produit\/engage-liquid-lnk-stylo-roller-demo-f\/","url":"https:\/\/falora.ch\/produit\/engage-liquid-lnk-stylo-roller-demo-f\/","name":"Engage Liquid lnk Stylo roller Demo, F - Falora - Shop","isPartOf":{"@id":"https:\/\/falora.ch\/#website"},"primaryImageOfPage":{"@id":"https:\/\/falora.ch\/produit\/engage-liquid-lnk-stylo-roller-demo-f\/#primaryimage"},"image":{"@id":"https:\/\/falora.ch\/produit\/engage-liquid-lnk-stylo-roller-demo-f\/#primaryimage"},"thumbnailUrl":"https:\/\/falora.ch\/wp-content\/uploads\/2025\/08\/d2.webp","datePublished":"2025-08-22T11:46:10+00:00","breadcrumb":{"@id":"https:\/\/falora.ch\/produit\/engage-liquid-lnk-stylo-roller-demo-f\/#breadcrumb"},"inLanguage":"de","potentialAction":[{"@type":"ReadAction","target":["https:\/\/falora.ch\/produit\/engage-liquid-lnk-stylo-roller-demo-f\/"]}]},{"@type":"ImageObject","inLanguage":"de","@id":"https:\/\/falora.ch\/produit\/engage-liquid-lnk-stylo-roller-demo-f\/#primaryimage","url":"https:\/\/falora.ch\/wp-content\/uploads\/2025\/08\/d2.webp","contentUrl":"https:\/\/falora.ch\/wp-content\/uploads\/2025\/08\/d2.webp","width":640,"height":640,"caption":"d2"},{"@type":"BreadcrumbList","@id":"https:\/\/falora.ch\/produit\/engage-liquid-lnk-stylo-roller-demo-f\/#breadcrumb","itemListElement":[{"@type":"ListItem","position":1,"name":"Accueil","item":"https:\/\/falora.ch\/"},{"@type":"ListItem","position":2,"name":"Boutique","item":"https:\/\/falora.ch\/boutique\/"},{"@type":"ListItem","position":3,"name":"Engage Liquid lnk Stylo roller Demo, F"}]},{"@type":"WebSite","@id":"https:\/\/falora.ch\/#website","url":"https:\/\/falora.ch\/","name":"Falora - Shop","description":"","publisher":{"@id":"https:\/\/falora.ch\/#organization"},"potentialAction":[{"@type":"SearchAction","target":{"@type":"EntryPoint","urlTemplate":"https:\/\/falora.ch\/?s={search_term_string}"},"query-input":{"@type":"PropertyValueSpecification","valueRequired":true,"valueName":"search_term_string"}}],"inLanguage":"de"},{"@type":"Organization","@id":"https:\/\/falora.ch\/#organization","name":"Falora - Shop","url":"https:\/\/falora.ch\/","logo":{"@type":"ImageObject","inLanguage":"de","@id":"https:\/\/falora.ch\/#\/schema\/logo\/image\/","url":"https:\/\/falora.ch\/wp-content\/uploads\/2025\/02\/logo.png","contentUrl":"https:\/\/falora.ch\/wp-content\/uploads\/2025\/02\/logo.png","width":952,"height":165,"caption":"Falora - Shop"},"image":{"@id":"https:\/\/falora.ch\/#\/schema\/logo\/image\/"}}]}},"_links":{"self":[{"href":"https:\/\/falora.ch\/de\/wp-json\/wp\/v2\/product\/2237","targetHints":{"allow":["GET"]}}],"collection":[{"href":"https:\/\/falora.ch\/de\/wp-json\/wp\/v2\/product"}],"about":[{"href":"https:\/\/falora.ch\/de\/wp-json\/wp\/v2\/types\/product"}],"wp:featuredmedia":[{"embeddable":true,"href":"https:\/\/falora.ch\/de\/wp-json\/wp\/v2\/media\/2238"}],"wp:attachment":[{"href":"https:\/\/falora.ch\/de\/wp-json\/wp\/v2\/media?parent=2237"}],"wp:term":[{"taxonomy":"product_brand","embeddable":true,"href":"https:\/\/falora.ch\/de\/wp-json\/wp\/v2\/product_brand?post=2237"},{"taxonomy":"product_cat","embeddable":true,"href":"https:\/\/falora.ch\/de\/wp-json\/wp\/v2\/product_cat?post=2237"},{"taxonomy":"product_tag","embeddable":true,"href":"https:\/\/falora.ch\/de\/wp-json\/wp\/v2\/product_tag?post=2237"}],"curies":[{"name":"wp","href":"https:\/\/api.w.org\/{rel}","templated":true}]}}