{"id":2283,"date":"2025-08-22T15:09:21","date_gmt":"2025-08-22T15:09:21","guid":{"rendered":"https:\/\/falora.ch\/?post_type=product&#038;p=2283"},"modified":"2025-08-22T15:09:21","modified_gmt":"2025-08-22T15:09:21","slug":"impressa-stylo-bille-noir-w-rose-gold-trim","status":"publish","type":"product","link":"https:\/\/falora.ch\/de\/produkt\/impressa-stylo-bille-noir-w-rose-gold-trim\/","title":{"rendered":"Impressa-Kugelschreiber, schwarz, mit ros\u00e9goldener Verzierung"},"content":{"rendered":"<p>Der Monteverde USA Impressa\u2122 Kugelschreiber in Schwarz mit 18 Karat Ros\u00e9gold-Besatz vereint Luxus mit Alltagstauglichkeit. Das mattschwarze Finish mit warmen Ros\u00e9gold-Akzenten verleiht diesem Stift ein markantes und elegantes Erscheinungsbild. Die charakteristische quadratische Kappe geht nahtlos in einen runden Schaft \u00fcber und schafft so ein ergonomisches Profil, das ausgewogen in der Hand liegt. Der Drehmechanismus sorgt f\u00fcr eine reibungslose und zuverl\u00e4ssige Bedienung, w\u00e4hrend das nachf\u00fcllbare Kugelschreibersystem einen gleichm\u00e4\u00dfigen Tintenfluss liefert \u2013 ideal f\u00fcr allt\u00e4gliche Notizen, Unterschriften und Tageb\u00fccher. Dieser Stift ist mit Standard-Minen im Parker-Stil kompatibel, einschlie\u00dflich Monteverde-Kugelschreiberminen. Der auf Komfort und Langlebigkeit ausgelegte Impressa Kugelschreiber ist ein Statement f\u00fcr Ihren Schreibtisch oder ein aufmerksames Geschenk, das ein Statement f\u00fcr Stil und Eleganz setzt.<\/p>\n<p>MOQ 1<\/p>\n<p>Art.-Nr. MV29865<\/p>\n<p>EAN 080333298657<\/p>\n<p>&nbsp;<\/p>\n<p>&nbsp;<\/p>","protected":false},"excerpt":{"rendered":"<p>auf Lager<\/p>","protected":false},"featured_media":2285,"template":"","meta":{"_et_pb_use_builder":"","_et_pb_old_content":"","_et_gb_content_width":""},"product_brand":[],"product_cat":[107],"product_tag":[],"class_list":{"0":"post-2283","1":"product","2":"type-product","3":"status-publish","4":"has-post-thumbnail","6":"product_cat-impressa","8":"first","9":"instock","10":"shipping-taxable","11":"purchasable","12":"product-type-simple"},"yoast_head":"<!-- This site is optimized with the Yoast SEO plugin v27.3 - https:\/\/yoast.com\/product\/yoast-seo-wordpress\/ -->\n<title>Impressa Stylo Bille noir w\/ Rose Gold Trim - Falora - Shop<\/title>\n<meta name=\"robots\" content=\"index, follow, max-snippet:-1, max-image-preview:large, max-video-preview:-1\" \/>\n<link rel=\"canonical\" href=\"https:\/\/falora.ch\/de\/produkt\/impressa-stylo-bille-noir-w-rose-gold-trim\/\" \/>\n<meta property=\"og:locale\" content=\"de_DE\" \/>\n<meta property=\"og:type\" content=\"article\" \/>\n<meta property=\"og:title\" content=\"Impressa Stylo Bille noir w\/ Rose Gold Trim - Falora - Shop\" \/>\n<meta property=\"og:description\" content=\"en stock\" \/>\n<meta property=\"og:url\" content=\"https:\/\/falora.ch\/de\/produkt\/impressa-stylo-bille-noir-w-rose-gold-trim\/\" \/>\n<meta property=\"og:site_name\" content=\"Falora - Shop\" \/>\n<meta property=\"og:image\" content=\"https:\/\/falora.ch\/wp-content\/uploads\/2025\/08\/Monteverde_Impressa_Black_Gold-BP-2-Edit.webp\" \/>\n\t<meta property=\"og:image:width\" content=\"960\" \/>\n\t<meta property=\"og:image:height\" content=\"960\" \/>\n\t<meta property=\"og:image:type\" content=\"image\/webp\" \/>\n<meta name=\"twitter:card\" content=\"summary_large_image\" \/>\n<meta name=\"twitter:label1\" content=\"Gesch\u00e4tzte Lesezeit\" \/>\n\t<meta name=\"twitter:data1\" content=\"2\u00a0Minuten\" \/>\n<script type=\"application\/ld+json\" class=\"yoast-schema-graph\">{\"@context\":\"https:\\\/\\\/schema.org\",\"@graph\":[{\"@type\":\"WebPage\",\"@id\":\"https:\\\/\\\/falora.ch\\\/produit\\\/impressa-stylo-bille-noir-w-rose-gold-trim\\\/\",\"url\":\"https:\\\/\\\/falora.ch\\\/produit\\\/impressa-stylo-bille-noir-w-rose-gold-trim\\\/\",\"name\":\"Impressa Stylo Bille noir w\\\/ Rose Gold Trim - Falora - Shop\",\"isPartOf\":{\"@id\":\"https:\\\/\\\/falora.ch\\\/#website\"},\"primaryImageOfPage\":{\"@id\":\"https:\\\/\\\/falora.ch\\\/produit\\\/impressa-stylo-bille-noir-w-rose-gold-trim\\\/#primaryimage\"},\"image\":{\"@id\":\"https:\\\/\\\/falora.ch\\\/produit\\\/impressa-stylo-bille-noir-w-rose-gold-trim\\\/#primaryimage\"},\"thumbnailUrl\":\"https:\\\/\\\/falora.ch\\\/wp-content\\\/uploads\\\/2025\\\/08\\\/Monteverde_Impressa_Black_Gold-BP-2-Edit.webp\",\"datePublished\":\"2025-08-22T15:09:21+00:00\",\"breadcrumb\":{\"@id\":\"https:\\\/\\\/falora.ch\\\/produit\\\/impressa-stylo-bille-noir-w-rose-gold-trim\\\/#breadcrumb\"},\"inLanguage\":\"de\",\"potentialAction\":[{\"@type\":\"ReadAction\",\"target\":[\"https:\\\/\\\/falora.ch\\\/produit\\\/impressa-stylo-bille-noir-w-rose-gold-trim\\\/\"]}]},{\"@type\":\"ImageObject\",\"inLanguage\":\"de\",\"@id\":\"https:\\\/\\\/falora.ch\\\/produit\\\/impressa-stylo-bille-noir-w-rose-gold-trim\\\/#primaryimage\",\"url\":\"https:\\\/\\\/falora.ch\\\/wp-content\\\/uploads\\\/2025\\\/08\\\/Monteverde_Impressa_Black_Gold-BP-2-Edit.webp\",\"contentUrl\":\"https:\\\/\\\/falora.ch\\\/wp-content\\\/uploads\\\/2025\\\/08\\\/Monteverde_Impressa_Black_Gold-BP-2-Edit.webp\",\"width\":960,\"height\":960,\"caption\":\"Monteverde Impressa Black Gold BP 2 Edit\"},{\"@type\":\"BreadcrumbList\",\"@id\":\"https:\\\/\\\/falora.ch\\\/produit\\\/impressa-stylo-bille-noir-w-rose-gold-trim\\\/#breadcrumb\",\"itemListElement\":[{\"@type\":\"ListItem\",\"position\":1,\"name\":\"Accueil\",\"item\":\"https:\\\/\\\/falora.ch\\\/\"},{\"@type\":\"ListItem\",\"position\":2,\"name\":\"Boutique\",\"item\":\"https:\\\/\\\/falora.ch\\\/boutique\\\/\"},{\"@type\":\"ListItem\",\"position\":3,\"name\":\"Impressa Stylo Bille noir w\\\/ Rose Gold Trim\"}]},{\"@type\":\"WebSite\",\"@id\":\"https:\\\/\\\/falora.ch\\\/#website\",\"url\":\"https:\\\/\\\/falora.ch\\\/\",\"name\":\"Falora - Shop\",\"description\":\"\",\"publisher\":{\"@id\":\"https:\\\/\\\/falora.ch\\\/#organization\"},\"potentialAction\":[{\"@type\":\"SearchAction\",\"target\":{\"@type\":\"EntryPoint\",\"urlTemplate\":\"https:\\\/\\\/falora.ch\\\/?s={search_term_string}\"},\"query-input\":{\"@type\":\"PropertyValueSpecification\",\"valueRequired\":true,\"valueName\":\"search_term_string\"}}],\"inLanguage\":\"de\"},{\"@type\":\"Organization\",\"@id\":\"https:\\\/\\\/falora.ch\\\/#organization\",\"name\":\"Falora - Shop\",\"url\":\"https:\\\/\\\/falora.ch\\\/\",\"logo\":{\"@type\":\"ImageObject\",\"inLanguage\":\"de\",\"@id\":\"https:\\\/\\\/falora.ch\\\/#\\\/schema\\\/logo\\\/image\\\/\",\"url\":\"https:\\\/\\\/falora.ch\\\/wp-content\\\/uploads\\\/2025\\\/02\\\/logo.png\",\"contentUrl\":\"https:\\\/\\\/falora.ch\\\/wp-content\\\/uploads\\\/2025\\\/02\\\/logo.png\",\"width\":952,\"height\":165,\"caption\":\"Falora - Shop\"},\"image\":{\"@id\":\"https:\\\/\\\/falora.ch\\\/#\\\/schema\\\/logo\\\/image\\\/\"}}]}<\/script>\n<!-- \/ Yoast SEO plugin. -->","yoast_head_json":{"title":"Impressa Stylo Bille noir w\/ Rose Gold Trim - Falora - Shop","robots":{"index":"index","follow":"follow","max-snippet":"max-snippet:-1","max-image-preview":"max-image-preview:large","max-video-preview":"max-video-preview:-1"},"canonical":"https:\/\/falora.ch\/de\/produkt\/impressa-stylo-bille-noir-w-rose-gold-trim\/","og_locale":"de_DE","og_type":"article","og_title":"Impressa Stylo Bille noir w\/ Rose Gold Trim - Falora - Shop","og_description":"en stock","og_url":"https:\/\/falora.ch\/de\/produkt\/impressa-stylo-bille-noir-w-rose-gold-trim\/","og_site_name":"Falora - Shop","og_image":[{"width":960,"height":960,"url":"https:\/\/falora.ch\/wp-content\/uploads\/2025\/08\/Monteverde_Impressa_Black_Gold-BP-2-Edit.webp","type":"image\/webp"}],"twitter_card":"summary_large_image","twitter_misc":{"Gesch\u00e4tzte Lesezeit":"2\u00a0Minuten"},"schema":{"@context":"https:\/\/schema.org","@graph":[{"@type":"WebPage","@id":"https:\/\/falora.ch\/produit\/impressa-stylo-bille-noir-w-rose-gold-trim\/","url":"https:\/\/falora.ch\/produit\/impressa-stylo-bille-noir-w-rose-gold-trim\/","name":"Impressa Stylo Bille noir w\/ Rose Gold Trim - Falora - Shop","isPartOf":{"@id":"https:\/\/falora.ch\/#website"},"primaryImageOfPage":{"@id":"https:\/\/falora.ch\/produit\/impressa-stylo-bille-noir-w-rose-gold-trim\/#primaryimage"},"image":{"@id":"https:\/\/falora.ch\/produit\/impressa-stylo-bille-noir-w-rose-gold-trim\/#primaryimage"},"thumbnailUrl":"https:\/\/falora.ch\/wp-content\/uploads\/2025\/08\/Monteverde_Impressa_Black_Gold-BP-2-Edit.webp","datePublished":"2025-08-22T15:09:21+00:00","breadcrumb":{"@id":"https:\/\/falora.ch\/produit\/impressa-stylo-bille-noir-w-rose-gold-trim\/#breadcrumb"},"inLanguage":"de","potentialAction":[{"@type":"ReadAction","target":["https:\/\/falora.ch\/produit\/impressa-stylo-bille-noir-w-rose-gold-trim\/"]}]},{"@type":"ImageObject","inLanguage":"de","@id":"https:\/\/falora.ch\/produit\/impressa-stylo-bille-noir-w-rose-gold-trim\/#primaryimage","url":"https:\/\/falora.ch\/wp-content\/uploads\/2025\/08\/Monteverde_Impressa_Black_Gold-BP-2-Edit.webp","contentUrl":"https:\/\/falora.ch\/wp-content\/uploads\/2025\/08\/Monteverde_Impressa_Black_Gold-BP-2-Edit.webp","width":960,"height":960,"caption":"Monteverde Impressa Black Gold BP 2 Edit"},{"@type":"BreadcrumbList","@id":"https:\/\/falora.ch\/produit\/impressa-stylo-bille-noir-w-rose-gold-trim\/#breadcrumb","itemListElement":[{"@type":"ListItem","position":1,"name":"Accueil","item":"https:\/\/falora.ch\/"},{"@type":"ListItem","position":2,"name":"Boutique","item":"https:\/\/falora.ch\/boutique\/"},{"@type":"ListItem","position":3,"name":"Impressa Stylo Bille noir w\/ Rose Gold Trim"}]},{"@type":"WebSite","@id":"https:\/\/falora.ch\/#website","url":"https:\/\/falora.ch\/","name":"Falora - Shop","description":"","publisher":{"@id":"https:\/\/falora.ch\/#organization"},"potentialAction":[{"@type":"SearchAction","target":{"@type":"EntryPoint","urlTemplate":"https:\/\/falora.ch\/?s={search_term_string}"},"query-input":{"@type":"PropertyValueSpecification","valueRequired":true,"valueName":"search_term_string"}}],"inLanguage":"de"},{"@type":"Organization","@id":"https:\/\/falora.ch\/#organization","name":"Falora - Shop","url":"https:\/\/falora.ch\/","logo":{"@type":"ImageObject","inLanguage":"de","@id":"https:\/\/falora.ch\/#\/schema\/logo\/image\/","url":"https:\/\/falora.ch\/wp-content\/uploads\/2025\/02\/logo.png","contentUrl":"https:\/\/falora.ch\/wp-content\/uploads\/2025\/02\/logo.png","width":952,"height":165,"caption":"Falora - Shop"},"image":{"@id":"https:\/\/falora.ch\/#\/schema\/logo\/image\/"}}]}},"_links":{"self":[{"href":"https:\/\/falora.ch\/de\/wp-json\/wp\/v2\/product\/2283","targetHints":{"allow":["GET"]}}],"collection":[{"href":"https:\/\/falora.ch\/de\/wp-json\/wp\/v2\/product"}],"about":[{"href":"https:\/\/falora.ch\/de\/wp-json\/wp\/v2\/types\/product"}],"wp:featuredmedia":[{"embeddable":true,"href":"https:\/\/falora.ch\/de\/wp-json\/wp\/v2\/media\/2285"}],"wp:attachment":[{"href":"https:\/\/falora.ch\/de\/wp-json\/wp\/v2\/media?parent=2283"}],"wp:term":[{"taxonomy":"product_brand","embeddable":true,"href":"https:\/\/falora.ch\/de\/wp-json\/wp\/v2\/product_brand?post=2283"},{"taxonomy":"product_cat","embeddable":true,"href":"https:\/\/falora.ch\/de\/wp-json\/wp\/v2\/product_cat?post=2283"},{"taxonomy":"product_tag","embeddable":true,"href":"https:\/\/falora.ch\/de\/wp-json\/wp\/v2\/product_tag?post=2283"}],"curies":[{"name":"wp","href":"https:\/\/api.w.org\/{rel}","templated":true}]}}