{"id":2301,"date":"2025-08-22T15:35:24","date_gmt":"2025-08-22T15:35:24","guid":{"rendered":"https:\/\/falora.ch\/?post_type=product&#038;p=2301"},"modified":"2025-08-22T15:35:25","modified_gmt":"2025-08-22T15:35:25","slug":"impressa-plume-noir-w-rose-gold-trim","status":"publish","type":"product","link":"https:\/\/falora.ch\/de\/produkt\/impressa-plume-noir-w-rose-gold-trim\/","title":{"rendered":"Impressa Plume Schwarz mit Ros\u00e9gold-Besatz"},"content":{"rendered":"<p>Der Monteverde USA Impressa\u2122 F\u00fcllfederhalter in Schwarz mit 18 Karat Ros\u00e9gold-Beschichtung bietet zeitlose Eleganz und moderne Funktionalit\u00e4t. Sein mattschwarzer Schaft und die markanten Ros\u00e9gold-Akzente verleihen ihm ein elegantes, luxuri\u00f6ses Erscheinungsbild, das auf jedem Schreibtisch auff\u00e4llt. Die quadratische Kappe geht flie\u00dfend in einen runden Schaft \u00fcber und liegt angenehm in der Hand. Ausgestattet mit einer hochwertigen, in Deutschland gefertigten JoWo-Edelstahlfeder bietet der Impressa einen hervorragenden Tintenfluss und ein gleichm\u00e4\u00dfiges Schreiben in allen Federst\u00e4rken \u2013 Extrafein, Fein, Mittel, Breit, Stub und Flex. Der Stift l\u00e4sst sich mit einer Patrone oder dem mitgelieferten Konverter bef\u00fcllen und ist somit mit der gro\u00dfen Tintenauswahl von Monteverde kompatibel. Dieser Stift wurde f\u00fcr Profis, Sammler und als Geschenk entwickelt und vereint Sch\u00f6nheit, Leistung und Zuverl\u00e4ssigkeit mit jedem Strich.<\/p>\n<p>MOQ 1<\/p>\n<p>Art. Nr. MV29861 \/ MV29862 \/ MV29863 \/ MV29864 \/ MV29867 \/ MV29868<\/p>\n<p>EAN 080333298619 \/ 080333298626 \/ 080333298633 \/ 080333298640 \/ 080333298671 \/ 080333298688<\/p>\n<p>&nbsp;<\/p>\n<p>&nbsp;<\/p>\n<p>&nbsp;<\/p>\n<p>&nbsp;<\/p>\n<p>&nbsp;<\/p>\n<p>&nbsp;<\/p>\n<p>&nbsp;<\/p>\n<p>&nbsp;<\/p>\n<p>&nbsp;<\/p>\n<p>&nbsp;<\/p>\n<p>&nbsp;<\/p>\n<p>&nbsp;<\/p>","protected":false},"excerpt":{"rendered":"<p>auf Lager<\/p>","protected":false},"featured_media":2302,"template":"","meta":{"_et_pb_use_builder":"","_et_pb_old_content":"","_et_gb_content_width":""},"product_brand":[],"product_cat":[107],"product_tag":[],"class_list":{"0":"post-2301","1":"product","2":"type-product","3":"status-publish","4":"has-post-thumbnail","6":"product_cat-impressa","8":"first","9":"instock","10":"shipping-taxable","11":"purchasable","12":"product-type-variable"},"yoast_head":"<!-- This site is optimized with the Yoast SEO plugin v27.6 - https:\/\/yoast.com\/product\/yoast-seo-wordpress\/ -->\n<title>Impressa Plume noir w\/ Rose Gold Trim - Falora - Shop<\/title>\n<meta name=\"robots\" content=\"index, follow, max-snippet:-1, max-image-preview:large, max-video-preview:-1\" \/>\n<link rel=\"canonical\" href=\"https:\/\/falora.ch\/de\/produkt\/impressa-plume-noir-w-rose-gold-trim\/\" \/>\n<meta property=\"og:locale\" content=\"de_DE\" \/>\n<meta property=\"og:type\" content=\"article\" \/>\n<meta property=\"og:title\" content=\"Impressa Plume noir w\/ Rose Gold Trim - Falora - Shop\" \/>\n<meta property=\"og:description\" content=\"en stock\" \/>\n<meta property=\"og:url\" content=\"https:\/\/falora.ch\/de\/produkt\/impressa-plume-noir-w-rose-gold-trim\/\" \/>\n<meta property=\"og:site_name\" content=\"Falora - Shop\" \/>\n<meta property=\"article:modified_time\" content=\"2025-08-22T15:35:25+00:00\" \/>\n<meta property=\"og:image\" content=\"https:\/\/falora.ch\/wp-content\/uploads\/2025\/08\/go.webp\" \/>\n\t<meta property=\"og:image:width\" content=\"640\" \/>\n\t<meta property=\"og:image:height\" content=\"640\" \/>\n\t<meta property=\"og:image:type\" content=\"image\/webp\" \/>\n<meta name=\"twitter:card\" content=\"summary_large_image\" \/>\n<meta name=\"twitter:label1\" content=\"Gesch\u00e4tzte Lesezeit\" \/>\n\t<meta name=\"twitter:data1\" content=\"2\u00a0Minuten\" \/>\n<script type=\"application\/ld+json\" class=\"yoast-schema-graph\">{\"@context\":\"https:\\\/\\\/schema.org\",\"@graph\":[{\"@type\":\"WebPage\",\"@id\":\"https:\\\/\\\/falora.ch\\\/produit\\\/impressa-plume-noir-w-rose-gold-trim\\\/\",\"url\":\"https:\\\/\\\/falora.ch\\\/produit\\\/impressa-plume-noir-w-rose-gold-trim\\\/\",\"name\":\"Impressa Plume noir w\\\/ Rose Gold Trim - Falora - Shop\",\"isPartOf\":{\"@id\":\"https:\\\/\\\/falora.ch\\\/#website\"},\"primaryImageOfPage\":{\"@id\":\"https:\\\/\\\/falora.ch\\\/produit\\\/impressa-plume-noir-w-rose-gold-trim\\\/#primaryimage\"},\"image\":{\"@id\":\"https:\\\/\\\/falora.ch\\\/produit\\\/impressa-plume-noir-w-rose-gold-trim\\\/#primaryimage\"},\"thumbnailUrl\":\"https:\\\/\\\/falora.ch\\\/wp-content\\\/uploads\\\/2025\\\/08\\\/go.webp\",\"datePublished\":\"2025-08-22T15:35:24+00:00\",\"dateModified\":\"2025-08-22T15:35:25+00:00\",\"breadcrumb\":{\"@id\":\"https:\\\/\\\/falora.ch\\\/produit\\\/impressa-plume-noir-w-rose-gold-trim\\\/#breadcrumb\"},\"inLanguage\":\"de\",\"potentialAction\":[{\"@type\":\"ReadAction\",\"target\":[\"https:\\\/\\\/falora.ch\\\/produit\\\/impressa-plume-noir-w-rose-gold-trim\\\/\"]}]},{\"@type\":\"ImageObject\",\"inLanguage\":\"de\",\"@id\":\"https:\\\/\\\/falora.ch\\\/produit\\\/impressa-plume-noir-w-rose-gold-trim\\\/#primaryimage\",\"url\":\"https:\\\/\\\/falora.ch\\\/wp-content\\\/uploads\\\/2025\\\/08\\\/go.webp\",\"contentUrl\":\"https:\\\/\\\/falora.ch\\\/wp-content\\\/uploads\\\/2025\\\/08\\\/go.webp\",\"width\":640,\"height\":640,\"caption\":\"go\"},{\"@type\":\"BreadcrumbList\",\"@id\":\"https:\\\/\\\/falora.ch\\\/produit\\\/impressa-plume-noir-w-rose-gold-trim\\\/#breadcrumb\",\"itemListElement\":[{\"@type\":\"ListItem\",\"position\":1,\"name\":\"Accueil\",\"item\":\"https:\\\/\\\/falora.ch\\\/\"},{\"@type\":\"ListItem\",\"position\":2,\"name\":\"Boutique\",\"item\":\"https:\\\/\\\/falora.ch\\\/boutique\\\/\"},{\"@type\":\"ListItem\",\"position\":3,\"name\":\"Impressa Plume noir w\\\/ Rose Gold Trim\"}]},{\"@type\":\"WebSite\",\"@id\":\"https:\\\/\\\/falora.ch\\\/#website\",\"url\":\"https:\\\/\\\/falora.ch\\\/\",\"name\":\"Falora - Shop\",\"description\":\"\",\"publisher\":{\"@id\":\"https:\\\/\\\/falora.ch\\\/#organization\"},\"potentialAction\":[{\"@type\":\"SearchAction\",\"target\":{\"@type\":\"EntryPoint\",\"urlTemplate\":\"https:\\\/\\\/falora.ch\\\/?s={search_term_string}\"},\"query-input\":{\"@type\":\"PropertyValueSpecification\",\"valueRequired\":true,\"valueName\":\"search_term_string\"}}],\"inLanguage\":\"de\"},{\"@type\":\"Organization\",\"@id\":\"https:\\\/\\\/falora.ch\\\/#organization\",\"name\":\"Falora - Shop\",\"url\":\"https:\\\/\\\/falora.ch\\\/\",\"logo\":{\"@type\":\"ImageObject\",\"inLanguage\":\"de\",\"@id\":\"https:\\\/\\\/falora.ch\\\/#\\\/schema\\\/logo\\\/image\\\/\",\"url\":\"https:\\\/\\\/falora.ch\\\/wp-content\\\/uploads\\\/2025\\\/02\\\/logo.png\",\"contentUrl\":\"https:\\\/\\\/falora.ch\\\/wp-content\\\/uploads\\\/2025\\\/02\\\/logo.png\",\"width\":952,\"height\":165,\"caption\":\"Falora - Shop\"},\"image\":{\"@id\":\"https:\\\/\\\/falora.ch\\\/#\\\/schema\\\/logo\\\/image\\\/\"}}]}<\/script>\n<!-- \/ Yoast SEO plugin. -->","yoast_head_json":{"title":"Impressa Plume noir w\/ Rose Gold Trim - Falora - Shop","robots":{"index":"index","follow":"follow","max-snippet":"max-snippet:-1","max-image-preview":"max-image-preview:large","max-video-preview":"max-video-preview:-1"},"canonical":"https:\/\/falora.ch\/de\/produkt\/impressa-plume-noir-w-rose-gold-trim\/","og_locale":"de_DE","og_type":"article","og_title":"Impressa Plume noir w\/ Rose Gold Trim - Falora - Shop","og_description":"en stock","og_url":"https:\/\/falora.ch\/de\/produkt\/impressa-plume-noir-w-rose-gold-trim\/","og_site_name":"Falora - Shop","article_modified_time":"2025-08-22T15:35:25+00:00","og_image":[{"width":640,"height":640,"url":"https:\/\/falora.ch\/wp-content\/uploads\/2025\/08\/go.webp","type":"image\/webp"}],"twitter_card":"summary_large_image","twitter_misc":{"Gesch\u00e4tzte Lesezeit":"2\u00a0Minuten"},"schema":{"@context":"https:\/\/schema.org","@graph":[{"@type":"WebPage","@id":"https:\/\/falora.ch\/produit\/impressa-plume-noir-w-rose-gold-trim\/","url":"https:\/\/falora.ch\/produit\/impressa-plume-noir-w-rose-gold-trim\/","name":"Impressa Plume noir w\/ Rose Gold Trim - Falora - Shop","isPartOf":{"@id":"https:\/\/falora.ch\/#website"},"primaryImageOfPage":{"@id":"https:\/\/falora.ch\/produit\/impressa-plume-noir-w-rose-gold-trim\/#primaryimage"},"image":{"@id":"https:\/\/falora.ch\/produit\/impressa-plume-noir-w-rose-gold-trim\/#primaryimage"},"thumbnailUrl":"https:\/\/falora.ch\/wp-content\/uploads\/2025\/08\/go.webp","datePublished":"2025-08-22T15:35:24+00:00","dateModified":"2025-08-22T15:35:25+00:00","breadcrumb":{"@id":"https:\/\/falora.ch\/produit\/impressa-plume-noir-w-rose-gold-trim\/#breadcrumb"},"inLanguage":"de","potentialAction":[{"@type":"ReadAction","target":["https:\/\/falora.ch\/produit\/impressa-plume-noir-w-rose-gold-trim\/"]}]},{"@type":"ImageObject","inLanguage":"de","@id":"https:\/\/falora.ch\/produit\/impressa-plume-noir-w-rose-gold-trim\/#primaryimage","url":"https:\/\/falora.ch\/wp-content\/uploads\/2025\/08\/go.webp","contentUrl":"https:\/\/falora.ch\/wp-content\/uploads\/2025\/08\/go.webp","width":640,"height":640,"caption":"go"},{"@type":"BreadcrumbList","@id":"https:\/\/falora.ch\/produit\/impressa-plume-noir-w-rose-gold-trim\/#breadcrumb","itemListElement":[{"@type":"ListItem","position":1,"name":"Accueil","item":"https:\/\/falora.ch\/"},{"@type":"ListItem","position":2,"name":"Boutique","item":"https:\/\/falora.ch\/boutique\/"},{"@type":"ListItem","position":3,"name":"Impressa Plume noir w\/ Rose Gold Trim"}]},{"@type":"WebSite","@id":"https:\/\/falora.ch\/#website","url":"https:\/\/falora.ch\/","name":"Falora - Shop","description":"","publisher":{"@id":"https:\/\/falora.ch\/#organization"},"potentialAction":[{"@type":"SearchAction","target":{"@type":"EntryPoint","urlTemplate":"https:\/\/falora.ch\/?s={search_term_string}"},"query-input":{"@type":"PropertyValueSpecification","valueRequired":true,"valueName":"search_term_string"}}],"inLanguage":"de"},{"@type":"Organization","@id":"https:\/\/falora.ch\/#organization","name":"Falora - Shop","url":"https:\/\/falora.ch\/","logo":{"@type":"ImageObject","inLanguage":"de","@id":"https:\/\/falora.ch\/#\/schema\/logo\/image\/","url":"https:\/\/falora.ch\/wp-content\/uploads\/2025\/02\/logo.png","contentUrl":"https:\/\/falora.ch\/wp-content\/uploads\/2025\/02\/logo.png","width":952,"height":165,"caption":"Falora - Shop"},"image":{"@id":"https:\/\/falora.ch\/#\/schema\/logo\/image\/"}}]}},"_links":{"self":[{"href":"https:\/\/falora.ch\/de\/wp-json\/wp\/v2\/product\/2301","targetHints":{"allow":["GET"]}}],"collection":[{"href":"https:\/\/falora.ch\/de\/wp-json\/wp\/v2\/product"}],"about":[{"href":"https:\/\/falora.ch\/de\/wp-json\/wp\/v2\/types\/product"}],"wp:featuredmedia":[{"embeddable":true,"href":"https:\/\/falora.ch\/de\/wp-json\/wp\/v2\/media\/2302"}],"wp:attachment":[{"href":"https:\/\/falora.ch\/de\/wp-json\/wp\/v2\/media?parent=2301"}],"wp:term":[{"taxonomy":"product_brand","embeddable":true,"href":"https:\/\/falora.ch\/de\/wp-json\/wp\/v2\/product_brand?post=2301"},{"taxonomy":"product_cat","embeddable":true,"href":"https:\/\/falora.ch\/de\/wp-json\/wp\/v2\/product_cat?post=2301"},{"taxonomy":"product_tag","embeddable":true,"href":"https:\/\/falora.ch\/de\/wp-json\/wp\/v2\/product_tag?post=2301"}],"curies":[{"name":"wp","href":"https:\/\/api.w.org\/{rel}","templated":true}]}}