{"id":2318,"date":"2025-08-22T15:43:18","date_gmt":"2025-08-22T15:43:18","guid":{"rendered":"https:\/\/falora.ch\/?post_type=product&#038;p=2318"},"modified":"2025-08-22T15:43:18","modified_gmt":"2025-08-22T15:43:18","slug":"impressa-stylo-bille-gun-metal-w-rouge-trim","status":"publish","type":"product","link":"https:\/\/falora.ch\/de\/produkt\/impressa-stylo-bille-gun-metal-w-rouge-trim\/","title":{"rendered":"Impressa Kugelschreiber Gun Metal mit roter Verzierung"},"content":{"rendered":"<div>\n<div class=\"max-height--inner\">\n<div class=\"max-height--inner-content rte product-short-description\">\n<p>Der markante und moderne Monteverde USA Impressa\u2122 Gunmetal-Kugelschreiber mit metallisch-roter Verzierung ist eine stilvolle Erg\u00e4nzung f\u00fcr jede Schreibger\u00e4tesammlung. Der matte Gunmetal-Schaft wird durch leuchtend rote Akzente kontrastiert und sorgt f\u00fcr einen ausdrucksstarken Look. Der quadratische \u00dcbergang zwischen Kappe und Schaft sorgt f\u00fcr einen einzigartigen, ergonomischen Griff, der solide und edel wirkt. Dieser nachf\u00fcllbare Kugelschreiber mit leichtg\u00e4ngigem Drehmechanismus bietet einen zuverl\u00e4ssigen Tintenfluss f\u00fcr m\u00fcheloses Schreiben. Ideal f\u00fcr Profis und Kreative, verwendet er Standard-Kugelschreiberminen von Monteverde oder Parker. Ob Sie am Schreibtisch schreiben oder wichtige Dokumente unterschreiben, der Impressa-Kugelschreiber bietet Stil, Komfort und Leistung in einem modernen Design, das einen bleibenden Eindruck hinterl\u00e4sst.<\/p>\n<p>MOQ 1<\/p>\n<\/div>\n<\/div>\n<\/div>\n<p>Art.-Nr. MV29875<\/p>\n<p>EAN 080333298756<\/p>\n<p>&nbsp;<\/p>\n<p>&nbsp;<\/p>","protected":false},"excerpt":{"rendered":"<p>auf Lager<\/p>","protected":false},"featured_media":2319,"template":"","meta":{"_et_pb_use_builder":"","_et_pb_old_content":"","_et_gb_content_width":""},"product_brand":[],"product_cat":[107],"product_tag":[],"class_list":{"0":"post-2318","1":"product","2":"type-product","3":"status-publish","4":"has-post-thumbnail","6":"product_cat-impressa","8":"first","9":"instock","10":"shipping-taxable","11":"purchasable","12":"product-type-simple"},"yoast_head":"<!-- This site is optimized with the Yoast SEO plugin v27.3 - https:\/\/yoast.com\/product\/yoast-seo-wordpress\/ -->\n<title>Impressa Stylo Bille Gun Metal w\/ rouge Trim - Falora - Shop<\/title>\n<meta name=\"robots\" content=\"index, follow, max-snippet:-1, max-image-preview:large, max-video-preview:-1\" \/>\n<link rel=\"canonical\" href=\"https:\/\/falora.ch\/de\/produkt\/impressa-stylo-bille-gun-metal-w-rouge-trim\/\" \/>\n<meta property=\"og:locale\" content=\"de_DE\" \/>\n<meta property=\"og:type\" content=\"article\" \/>\n<meta property=\"og:title\" content=\"Impressa Stylo Bille Gun Metal w\/ rouge Trim - Falora - Shop\" \/>\n<meta property=\"og:description\" content=\"en stock\" \/>\n<meta property=\"og:url\" content=\"https:\/\/falora.ch\/de\/produkt\/impressa-stylo-bille-gun-metal-w-rouge-trim\/\" \/>\n<meta property=\"og:site_name\" content=\"Falora - Shop\" \/>\n<meta property=\"og:image\" content=\"https:\/\/falora.ch\/wp-content\/uploads\/2025\/08\/iro.webp\" \/>\n\t<meta property=\"og:image:width\" content=\"640\" \/>\n\t<meta property=\"og:image:height\" content=\"640\" \/>\n\t<meta property=\"og:image:type\" content=\"image\/webp\" \/>\n<meta name=\"twitter:card\" content=\"summary_large_image\" \/>\n<meta name=\"twitter:label1\" content=\"Gesch\u00e4tzte Lesezeit\" \/>\n\t<meta name=\"twitter:data1\" content=\"1\u00a0Minute\" \/>\n<script type=\"application\/ld+json\" class=\"yoast-schema-graph\">{\"@context\":\"https:\\\/\\\/schema.org\",\"@graph\":[{\"@type\":\"WebPage\",\"@id\":\"https:\\\/\\\/falora.ch\\\/produit\\\/impressa-stylo-bille-gun-metal-w-rouge-trim\\\/\",\"url\":\"https:\\\/\\\/falora.ch\\\/produit\\\/impressa-stylo-bille-gun-metal-w-rouge-trim\\\/\",\"name\":\"Impressa Stylo Bille Gun Metal w\\\/ rouge Trim - Falora - Shop\",\"isPartOf\":{\"@id\":\"https:\\\/\\\/falora.ch\\\/#website\"},\"primaryImageOfPage\":{\"@id\":\"https:\\\/\\\/falora.ch\\\/produit\\\/impressa-stylo-bille-gun-metal-w-rouge-trim\\\/#primaryimage\"},\"image\":{\"@id\":\"https:\\\/\\\/falora.ch\\\/produit\\\/impressa-stylo-bille-gun-metal-w-rouge-trim\\\/#primaryimage\"},\"thumbnailUrl\":\"https:\\\/\\\/falora.ch\\\/wp-content\\\/uploads\\\/2025\\\/08\\\/iro.webp\",\"datePublished\":\"2025-08-22T15:43:18+00:00\",\"breadcrumb\":{\"@id\":\"https:\\\/\\\/falora.ch\\\/produit\\\/impressa-stylo-bille-gun-metal-w-rouge-trim\\\/#breadcrumb\"},\"inLanguage\":\"de\",\"potentialAction\":[{\"@type\":\"ReadAction\",\"target\":[\"https:\\\/\\\/falora.ch\\\/produit\\\/impressa-stylo-bille-gun-metal-w-rouge-trim\\\/\"]}]},{\"@type\":\"ImageObject\",\"inLanguage\":\"de\",\"@id\":\"https:\\\/\\\/falora.ch\\\/produit\\\/impressa-stylo-bille-gun-metal-w-rouge-trim\\\/#primaryimage\",\"url\":\"https:\\\/\\\/falora.ch\\\/wp-content\\\/uploads\\\/2025\\\/08\\\/iro.webp\",\"contentUrl\":\"https:\\\/\\\/falora.ch\\\/wp-content\\\/uploads\\\/2025\\\/08\\\/iro.webp\",\"width\":640,\"height\":640,\"caption\":\"iro\"},{\"@type\":\"BreadcrumbList\",\"@id\":\"https:\\\/\\\/falora.ch\\\/produit\\\/impressa-stylo-bille-gun-metal-w-rouge-trim\\\/#breadcrumb\",\"itemListElement\":[{\"@type\":\"ListItem\",\"position\":1,\"name\":\"Accueil\",\"item\":\"https:\\\/\\\/falora.ch\\\/\"},{\"@type\":\"ListItem\",\"position\":2,\"name\":\"Boutique\",\"item\":\"https:\\\/\\\/falora.ch\\\/boutique\\\/\"},{\"@type\":\"ListItem\",\"position\":3,\"name\":\"Impressa Stylo Bille Gun Metal w\\\/ rouge Trim\"}]},{\"@type\":\"WebSite\",\"@id\":\"https:\\\/\\\/falora.ch\\\/#website\",\"url\":\"https:\\\/\\\/falora.ch\\\/\",\"name\":\"Falora - Shop\",\"description\":\"\",\"publisher\":{\"@id\":\"https:\\\/\\\/falora.ch\\\/#organization\"},\"potentialAction\":[{\"@type\":\"SearchAction\",\"target\":{\"@type\":\"EntryPoint\",\"urlTemplate\":\"https:\\\/\\\/falora.ch\\\/?s={search_term_string}\"},\"query-input\":{\"@type\":\"PropertyValueSpecification\",\"valueRequired\":true,\"valueName\":\"search_term_string\"}}],\"inLanguage\":\"de\"},{\"@type\":\"Organization\",\"@id\":\"https:\\\/\\\/falora.ch\\\/#organization\",\"name\":\"Falora - Shop\",\"url\":\"https:\\\/\\\/falora.ch\\\/\",\"logo\":{\"@type\":\"ImageObject\",\"inLanguage\":\"de\",\"@id\":\"https:\\\/\\\/falora.ch\\\/#\\\/schema\\\/logo\\\/image\\\/\",\"url\":\"https:\\\/\\\/falora.ch\\\/wp-content\\\/uploads\\\/2025\\\/02\\\/logo.png\",\"contentUrl\":\"https:\\\/\\\/falora.ch\\\/wp-content\\\/uploads\\\/2025\\\/02\\\/logo.png\",\"width\":952,\"height\":165,\"caption\":\"Falora - Shop\"},\"image\":{\"@id\":\"https:\\\/\\\/falora.ch\\\/#\\\/schema\\\/logo\\\/image\\\/\"}}]}<\/script>\n<!-- \/ Yoast SEO plugin. -->","yoast_head_json":{"title":"Impressa Kugelschreiber Gun Metal mit roter Zierleiste - Falora - Shop","robots":{"index":"index","follow":"follow","max-snippet":"max-snippet:-1","max-image-preview":"max-image-preview:large","max-video-preview":"max-video-preview:-1"},"canonical":"https:\/\/falora.ch\/de\/produkt\/impressa-stylo-bille-gun-metal-w-rouge-trim\/","og_locale":"de_DE","og_type":"article","og_title":"Impressa Stylo Bille Gun Metal w\/ rouge Trim - Falora - Shop","og_description":"en stock","og_url":"https:\/\/falora.ch\/de\/produkt\/impressa-stylo-bille-gun-metal-w-rouge-trim\/","og_site_name":"Falora - Shop","og_image":[{"width":640,"height":640,"url":"https:\/\/falora.ch\/wp-content\/uploads\/2025\/08\/iro.webp","type":"image\/webp"}],"twitter_card":"summary_large_image","twitter_misc":{"Gesch\u00e4tzte Lesezeit":"1\u00a0Minute"},"schema":{"@context":"https:\/\/schema.org","@graph":[{"@type":"WebPage","@id":"https:\/\/falora.ch\/produit\/impressa-stylo-bille-gun-metal-w-rouge-trim\/","url":"https:\/\/falora.ch\/produit\/impressa-stylo-bille-gun-metal-w-rouge-trim\/","name":"Impressa Kugelschreiber Gun Metal mit roter Zierleiste - Falora - Shop","isPartOf":{"@id":"https:\/\/falora.ch\/#website"},"primaryImageOfPage":{"@id":"https:\/\/falora.ch\/produit\/impressa-stylo-bille-gun-metal-w-rouge-trim\/#primaryimage"},"image":{"@id":"https:\/\/falora.ch\/produit\/impressa-stylo-bille-gun-metal-w-rouge-trim\/#primaryimage"},"thumbnailUrl":"https:\/\/falora.ch\/wp-content\/uploads\/2025\/08\/iro.webp","datePublished":"2025-08-22T15:43:18+00:00","breadcrumb":{"@id":"https:\/\/falora.ch\/produit\/impressa-stylo-bille-gun-metal-w-rouge-trim\/#breadcrumb"},"inLanguage":"de","potentialAction":[{"@type":"ReadAction","target":["https:\/\/falora.ch\/produit\/impressa-stylo-bille-gun-metal-w-rouge-trim\/"]}]},{"@type":"ImageObject","inLanguage":"de","@id":"https:\/\/falora.ch\/produit\/impressa-stylo-bille-gun-metal-w-rouge-trim\/#primaryimage","url":"https:\/\/falora.ch\/wp-content\/uploads\/2025\/08\/iro.webp","contentUrl":"https:\/\/falora.ch\/wp-content\/uploads\/2025\/08\/iro.webp","width":640,"height":640,"caption":"iro"},{"@type":"BreadcrumbList","@id":"https:\/\/falora.ch\/produit\/impressa-stylo-bille-gun-metal-w-rouge-trim\/#breadcrumb","itemListElement":[{"@type":"ListItem","position":1,"name":"Accueil","item":"https:\/\/falora.ch\/"},{"@type":"ListItem","position":2,"name":"Boutique","item":"https:\/\/falora.ch\/boutique\/"},{"@type":"ListItem","position":3,"name":"Impressa Stylo Bille Gun Metal w\/ rouge Trim"}]},{"@type":"WebSite","@id":"https:\/\/falora.ch\/#website","url":"https:\/\/falora.ch\/","name":"Falora - Shop","description":"","publisher":{"@id":"https:\/\/falora.ch\/#organization"},"potentialAction":[{"@type":"SearchAction","target":{"@type":"EntryPoint","urlTemplate":"https:\/\/falora.ch\/?s={search_term_string}"},"query-input":{"@type":"PropertyValueSpecification","valueRequired":true,"valueName":"search_term_string"}}],"inLanguage":"de"},{"@type":"Organization","@id":"https:\/\/falora.ch\/#organization","name":"Falora - Shop","url":"https:\/\/falora.ch\/","logo":{"@type":"ImageObject","inLanguage":"de","@id":"https:\/\/falora.ch\/#\/schema\/logo\/image\/","url":"https:\/\/falora.ch\/wp-content\/uploads\/2025\/02\/logo.png","contentUrl":"https:\/\/falora.ch\/wp-content\/uploads\/2025\/02\/logo.png","width":952,"height":165,"caption":"Falora - Shop"},"image":{"@id":"https:\/\/falora.ch\/#\/schema\/logo\/image\/"}}]}},"_links":{"self":[{"href":"https:\/\/falora.ch\/de\/wp-json\/wp\/v2\/product\/2318","targetHints":{"allow":["GET"]}}],"collection":[{"href":"https:\/\/falora.ch\/de\/wp-json\/wp\/v2\/product"}],"about":[{"href":"https:\/\/falora.ch\/de\/wp-json\/wp\/v2\/types\/product"}],"wp:featuredmedia":[{"embeddable":true,"href":"https:\/\/falora.ch\/de\/wp-json\/wp\/v2\/media\/2319"}],"wp:attachment":[{"href":"https:\/\/falora.ch\/de\/wp-json\/wp\/v2\/media?parent=2318"}],"wp:term":[{"taxonomy":"product_brand","embeddable":true,"href":"https:\/\/falora.ch\/de\/wp-json\/wp\/v2\/product_brand?post=2318"},{"taxonomy":"product_cat","embeddable":true,"href":"https:\/\/falora.ch\/de\/wp-json\/wp\/v2\/product_cat?post=2318"},{"taxonomy":"product_tag","embeddable":true,"href":"https:\/\/falora.ch\/de\/wp-json\/wp\/v2\/product_tag?post=2318"}],"curies":[{"name":"wp","href":"https:\/\/api.w.org\/{rel}","templated":true}]}}