{"id":2358,"date":"2025-08-23T10:29:24","date_gmt":"2025-08-23T10:29:24","guid":{"rendered":"https:\/\/falora.ch\/?post_type=product&#038;p=2358"},"modified":"2025-08-23T10:29:25","modified_gmt":"2025-08-23T10:29:25","slug":"innova-formula-m-noir-stylo-bille","status":"publish","type":"product","link":"https:\/\/falora.ch\/de\/produkt\/innova-formula-m-noir-stylo-bille\/","title":{"rendered":"Innova Formula M, schwarz; Kugelschreiber"},"content":{"rendered":"<p>Verbessern Sie Ihre Schreibf\u00e4higkeiten mit dem Monteverde USA Innova Formula M Kugelschreiber in Schwarz. Inspiriert von der Geschwindigkeit und Pr\u00e4zision der Formel 1 besticht dieser Stift durch einen eleganten schwarzen Aluminiumschaft mit Carbonfaser-Akzenten. Der Drehmechanismus sorgt f\u00fcr ein sanftes \u00d6ffnen, w\u00e4hrend die nachf\u00fcllbare Kugelschreibertinte m\u00fchelos \u00fcber die Seite gleitet. Der auf Leistung und Komfort ausgelegte Stift ist dank seiner leichten Konstruktion und der ausgewogenen Haptik eine zuverl\u00e4ssige Wahl f\u00fcr das t\u00e4gliche Schreiben. Ob f\u00fcr die Arbeit, das Tagebuch oder als Geschenk \u2013 der Formula M ist ein markantes Accessoire, das Ihrem Schreiben Kraft und Pers\u00f6nlichkeit verleiht. Ein markantes Werkzeug f\u00fcr Profis und Designliebhaber gleicherma\u00dfen.<\/p>\n<p>MOQ 1<\/p>\n<p>Art.-Nr. MV45357<\/p>\n<p>EAN 080333453575<\/p>\n<p>&nbsp;<\/p>\n<p>&nbsp;<\/p>","protected":false},"excerpt":{"rendered":"<p>auf Lager<\/p>","protected":false},"featured_media":2359,"template":"","meta":{"_et_pb_use_builder":"","_et_pb_old_content":"","_et_gb_content_width":""},"product_brand":[],"product_cat":[108],"product_tag":[],"class_list":{"0":"post-2358","1":"product","2":"type-product","3":"status-publish","4":"has-post-thumbnail","6":"product_cat-innova-formula-m","8":"first","9":"instock","10":"shipping-taxable","11":"purchasable","12":"product-type-simple"},"yoast_head":"<!-- This site is optimized with the Yoast SEO plugin v27.4 - https:\/\/yoast.com\/product\/yoast-seo-wordpress\/ -->\n<title>Innova Formula M, noir; Stylo Bille - Falora - Shop<\/title>\n<meta name=\"robots\" content=\"index, follow, max-snippet:-1, max-image-preview:large, max-video-preview:-1\" \/>\n<link rel=\"canonical\" href=\"https:\/\/falora.ch\/de\/produkt\/innova-formula-m-noir-stylo-bille\/\" \/>\n<meta property=\"og:locale\" content=\"de_DE\" \/>\n<meta property=\"og:type\" content=\"article\" \/>\n<meta property=\"og:title\" content=\"Innova Formula M, noir; Stylo Bille - Falora - Shop\" \/>\n<meta property=\"og:description\" content=\"en stock\" \/>\n<meta property=\"og:url\" content=\"https:\/\/falora.ch\/de\/produkt\/innova-formula-m-noir-stylo-bille\/\" \/>\n<meta property=\"og:site_name\" content=\"Falora - Shop\" \/>\n<meta property=\"article:modified_time\" content=\"2025-08-23T10:29:25+00:00\" \/>\n<meta property=\"og:image\" content=\"https:\/\/falora.ch\/wp-content\/uploads\/2025\/08\/innov9.webp\" \/>\n\t<meta property=\"og:image:width\" content=\"640\" \/>\n\t<meta property=\"og:image:height\" content=\"438\" \/>\n\t<meta property=\"og:image:type\" content=\"image\/webp\" \/>\n<meta name=\"twitter:card\" content=\"summary_large_image\" \/>\n<meta name=\"twitter:label1\" content=\"Gesch\u00e4tzte Lesezeit\" \/>\n\t<meta name=\"twitter:data1\" content=\"1\u00a0Minute\" \/>\n<script type=\"application\/ld+json\" class=\"yoast-schema-graph\">{\"@context\":\"https:\\\/\\\/schema.org\",\"@graph\":[{\"@type\":\"WebPage\",\"@id\":\"https:\\\/\\\/falora.ch\\\/produit\\\/innova-formula-m-noir-stylo-bille\\\/\",\"url\":\"https:\\\/\\\/falora.ch\\\/produit\\\/innova-formula-m-noir-stylo-bille\\\/\",\"name\":\"Innova Formula M, noir; Stylo Bille - Falora - Shop\",\"isPartOf\":{\"@id\":\"https:\\\/\\\/falora.ch\\\/#website\"},\"primaryImageOfPage\":{\"@id\":\"https:\\\/\\\/falora.ch\\\/produit\\\/innova-formula-m-noir-stylo-bille\\\/#primaryimage\"},\"image\":{\"@id\":\"https:\\\/\\\/falora.ch\\\/produit\\\/innova-formula-m-noir-stylo-bille\\\/#primaryimage\"},\"thumbnailUrl\":\"https:\\\/\\\/falora.ch\\\/wp-content\\\/uploads\\\/2025\\\/08\\\/innov9.webp\",\"datePublished\":\"2025-08-23T10:29:24+00:00\",\"dateModified\":\"2025-08-23T10:29:25+00:00\",\"breadcrumb\":{\"@id\":\"https:\\\/\\\/falora.ch\\\/produit\\\/innova-formula-m-noir-stylo-bille\\\/#breadcrumb\"},\"inLanguage\":\"de\",\"potentialAction\":[{\"@type\":\"ReadAction\",\"target\":[\"https:\\\/\\\/falora.ch\\\/produit\\\/innova-formula-m-noir-stylo-bille\\\/\"]}]},{\"@type\":\"ImageObject\",\"inLanguage\":\"de\",\"@id\":\"https:\\\/\\\/falora.ch\\\/produit\\\/innova-formula-m-noir-stylo-bille\\\/#primaryimage\",\"url\":\"https:\\\/\\\/falora.ch\\\/wp-content\\\/uploads\\\/2025\\\/08\\\/innov9.webp\",\"contentUrl\":\"https:\\\/\\\/falora.ch\\\/wp-content\\\/uploads\\\/2025\\\/08\\\/innov9.webp\",\"width\":640,\"height\":438,\"caption\":\"innov9\"},{\"@type\":\"BreadcrumbList\",\"@id\":\"https:\\\/\\\/falora.ch\\\/produit\\\/innova-formula-m-noir-stylo-bille\\\/#breadcrumb\",\"itemListElement\":[{\"@type\":\"ListItem\",\"position\":1,\"name\":\"Accueil\",\"item\":\"https:\\\/\\\/falora.ch\\\/\"},{\"@type\":\"ListItem\",\"position\":2,\"name\":\"Boutique\",\"item\":\"https:\\\/\\\/falora.ch\\\/boutique\\\/\"},{\"@type\":\"ListItem\",\"position\":3,\"name\":\"Innova Formula M, noir; Stylo Bille\"}]},{\"@type\":\"WebSite\",\"@id\":\"https:\\\/\\\/falora.ch\\\/#website\",\"url\":\"https:\\\/\\\/falora.ch\\\/\",\"name\":\"Falora - Shop\",\"description\":\"\",\"publisher\":{\"@id\":\"https:\\\/\\\/falora.ch\\\/#organization\"},\"potentialAction\":[{\"@type\":\"SearchAction\",\"target\":{\"@type\":\"EntryPoint\",\"urlTemplate\":\"https:\\\/\\\/falora.ch\\\/?s={search_term_string}\"},\"query-input\":{\"@type\":\"PropertyValueSpecification\",\"valueRequired\":true,\"valueName\":\"search_term_string\"}}],\"inLanguage\":\"de\"},{\"@type\":\"Organization\",\"@id\":\"https:\\\/\\\/falora.ch\\\/#organization\",\"name\":\"Falora - Shop\",\"url\":\"https:\\\/\\\/falora.ch\\\/\",\"logo\":{\"@type\":\"ImageObject\",\"inLanguage\":\"de\",\"@id\":\"https:\\\/\\\/falora.ch\\\/#\\\/schema\\\/logo\\\/image\\\/\",\"url\":\"https:\\\/\\\/falora.ch\\\/wp-content\\\/uploads\\\/2025\\\/02\\\/logo.png\",\"contentUrl\":\"https:\\\/\\\/falora.ch\\\/wp-content\\\/uploads\\\/2025\\\/02\\\/logo.png\",\"width\":952,\"height\":165,\"caption\":\"Falora - Shop\"},\"image\":{\"@id\":\"https:\\\/\\\/falora.ch\\\/#\\\/schema\\\/logo\\\/image\\\/\"}}]}<\/script>\n<!-- \/ Yoast SEO plugin. -->","yoast_head_json":{"title":"Innova Formula M, noir; Stylo Bille - Falora - Shop","robots":{"index":"index","follow":"follow","max-snippet":"max-snippet:-1","max-image-preview":"max-image-preview:large","max-video-preview":"max-video-preview:-1"},"canonical":"https:\/\/falora.ch\/de\/produkt\/innova-formula-m-noir-stylo-bille\/","og_locale":"de_DE","og_type":"article","og_title":"Innova Formula M, noir; Stylo Bille - Falora - Shop","og_description":"en stock","og_url":"https:\/\/falora.ch\/de\/produkt\/innova-formula-m-noir-stylo-bille\/","og_site_name":"Falora - Shop","article_modified_time":"2025-08-23T10:29:25+00:00","og_image":[{"width":640,"height":438,"url":"https:\/\/falora.ch\/wp-content\/uploads\/2025\/08\/innov9.webp","type":"image\/webp"}],"twitter_card":"summary_large_image","twitter_misc":{"Gesch\u00e4tzte Lesezeit":"1\u00a0Minute"},"schema":{"@context":"https:\/\/schema.org","@graph":[{"@type":"WebPage","@id":"https:\/\/falora.ch\/produit\/innova-formula-m-noir-stylo-bille\/","url":"https:\/\/falora.ch\/produit\/innova-formula-m-noir-stylo-bille\/","name":"Innova Formula M, noir; Stylo Bille - Falora - Shop","isPartOf":{"@id":"https:\/\/falora.ch\/#website"},"primaryImageOfPage":{"@id":"https:\/\/falora.ch\/produit\/innova-formula-m-noir-stylo-bille\/#primaryimage"},"image":{"@id":"https:\/\/falora.ch\/produit\/innova-formula-m-noir-stylo-bille\/#primaryimage"},"thumbnailUrl":"https:\/\/falora.ch\/wp-content\/uploads\/2025\/08\/innov9.webp","datePublished":"2025-08-23T10:29:24+00:00","dateModified":"2025-08-23T10:29:25+00:00","breadcrumb":{"@id":"https:\/\/falora.ch\/produit\/innova-formula-m-noir-stylo-bille\/#breadcrumb"},"inLanguage":"de","potentialAction":[{"@type":"ReadAction","target":["https:\/\/falora.ch\/produit\/innova-formula-m-noir-stylo-bille\/"]}]},{"@type":"ImageObject","inLanguage":"de","@id":"https:\/\/falora.ch\/produit\/innova-formula-m-noir-stylo-bille\/#primaryimage","url":"https:\/\/falora.ch\/wp-content\/uploads\/2025\/08\/innov9.webp","contentUrl":"https:\/\/falora.ch\/wp-content\/uploads\/2025\/08\/innov9.webp","width":640,"height":438,"caption":"innov9"},{"@type":"BreadcrumbList","@id":"https:\/\/falora.ch\/produit\/innova-formula-m-noir-stylo-bille\/#breadcrumb","itemListElement":[{"@type":"ListItem","position":1,"name":"Accueil","item":"https:\/\/falora.ch\/"},{"@type":"ListItem","position":2,"name":"Boutique","item":"https:\/\/falora.ch\/boutique\/"},{"@type":"ListItem","position":3,"name":"Innova Formula M, noir; Stylo Bille"}]},{"@type":"WebSite","@id":"https:\/\/falora.ch\/#website","url":"https:\/\/falora.ch\/","name":"Falora - Shop","description":"","publisher":{"@id":"https:\/\/falora.ch\/#organization"},"potentialAction":[{"@type":"SearchAction","target":{"@type":"EntryPoint","urlTemplate":"https:\/\/falora.ch\/?s={search_term_string}"},"query-input":{"@type":"PropertyValueSpecification","valueRequired":true,"valueName":"search_term_string"}}],"inLanguage":"de"},{"@type":"Organization","@id":"https:\/\/falora.ch\/#organization","name":"Falora - Shop","url":"https:\/\/falora.ch\/","logo":{"@type":"ImageObject","inLanguage":"de","@id":"https:\/\/falora.ch\/#\/schema\/logo\/image\/","url":"https:\/\/falora.ch\/wp-content\/uploads\/2025\/02\/logo.png","contentUrl":"https:\/\/falora.ch\/wp-content\/uploads\/2025\/02\/logo.png","width":952,"height":165,"caption":"Falora - Shop"},"image":{"@id":"https:\/\/falora.ch\/#\/schema\/logo\/image\/"}}]}},"_links":{"self":[{"href":"https:\/\/falora.ch\/de\/wp-json\/wp\/v2\/product\/2358","targetHints":{"allow":["GET"]}}],"collection":[{"href":"https:\/\/falora.ch\/de\/wp-json\/wp\/v2\/product"}],"about":[{"href":"https:\/\/falora.ch\/de\/wp-json\/wp\/v2\/types\/product"}],"wp:featuredmedia":[{"embeddable":true,"href":"https:\/\/falora.ch\/de\/wp-json\/wp\/v2\/media\/2359"}],"wp:attachment":[{"href":"https:\/\/falora.ch\/de\/wp-json\/wp\/v2\/media?parent=2358"}],"wp:term":[{"taxonomy":"product_brand","embeddable":true,"href":"https:\/\/falora.ch\/de\/wp-json\/wp\/v2\/product_brand?post=2358"},{"taxonomy":"product_cat","embeddable":true,"href":"https:\/\/falora.ch\/de\/wp-json\/wp\/v2\/product_cat?post=2358"},{"taxonomy":"product_tag","embeddable":true,"href":"https:\/\/falora.ch\/de\/wp-json\/wp\/v2\/product_tag?post=2358"}],"curies":[{"name":"wp","href":"https:\/\/api.w.org\/{rel}","templated":true}]}}