{"id":2378,"date":"2025-08-24T18:04:26","date_gmt":"2025-08-24T18:04:26","guid":{"rendered":"https:\/\/falora.ch\/?post_type=product&#038;p=2378"},"modified":"2025-08-24T18:04:28","modified_gmt":"2025-08-24T18:04:28","slug":"innova-formula-m-bleu-plume","status":"publish","type":"product","link":"https:\/\/falora.ch\/de\/produkt\/innova-formula-m-bleu-plume\/","title":{"rendered":"Innova Formula M, blau; Feder"},"content":{"rendered":"<div>\n<div class=\"max-height--inner\">\n<div class=\"max-height--inner-content rte product-short-description\">\n<p>Inspiriert von der Energie und Bewegung leistungsstarker Maschinen, ist der Monteverde USA Innova Formula M F\u00fcllfederhalter in Blau f\u00fcr alle gedacht, die nach Innovation und Exzellenz streben. Das metallisch blau eloxierte Aluminiumgeh\u00e4use wird durch Carbonfaser und schwarze Verzierungen f\u00fcr einen markanten Kontrast akzentuiert. Ausgestattet mit einer hochwertigen, in Deutschland gefertigten JoWo-Edelstahlfeder erzeugt dieser Stift weiche, ausdrucksstarke Linien mit bemerkenswerter Pr\u00e4zision. Der mitgelieferte Tintenkonverter erm\u00f6glicht einfaches Nachf\u00fcllen mit Flaschentinte, w\u00e4hrend die internationale Patronenkompatibilit\u00e4t f\u00fcr zus\u00e4tzliche Vielseitigkeit sorgt. Dieser auf Balance und Komfort ausgelegte Stift eignet sich ideal f\u00fcr das t\u00e4gliche Tagebuchschreiben oder den professionellen Einsatz. Ob f\u00fcr Sie selbst oder als Geschenk \u2013 der Formula M F\u00fcllfederhalter bietet Leistung und bemerkenswerten Stil.<\/p>\n<p>MOQ 1<\/p>\n<\/div>\n<\/div>\n<\/div>\n<p>Art.-Nr. MV45361 \/ MV45362 \/ MV45363 \/ MV45364 \/ MV45365 \/ MV45366<\/p>\n<p>EAN 080333453513 \/ 080333453520 \/ 080333453537 \/ 080333453544 \/ 080333453551 \/ 080333453568<\/p>\n<p>&nbsp;<\/p>\n<p>&nbsp;<\/p>\n<p>&nbsp;<\/p>\n<p>&nbsp;<\/p>\n<p>&nbsp;<\/p>\n<p>&nbsp;<\/p>\n<p>&nbsp;<\/p>","protected":false},"excerpt":{"rendered":"<p>auf Lager<\/p>","protected":false},"featured_media":987509732,"template":"","meta":{"_et_pb_use_builder":"","_et_pb_old_content":"","_et_gb_content_width":""},"product_brand":[],"product_cat":[108],"product_tag":[],"class_list":{"0":"post-2378","1":"product","2":"type-product","3":"status-publish","4":"has-post-thumbnail","6":"product_cat-innova-formula-m","8":"first","9":"instock","10":"shipping-taxable","11":"purchasable","12":"product-type-variable"},"yoast_head":"<!-- This site is optimized with the Yoast SEO plugin v27.3 - https:\/\/yoast.com\/product\/yoast-seo-wordpress\/ -->\n<title>Innova Formula M, bleu; Plume - Falora - Shop<\/title>\n<meta name=\"robots\" content=\"index, follow, max-snippet:-1, max-image-preview:large, max-video-preview:-1\" \/>\n<link rel=\"canonical\" href=\"https:\/\/falora.ch\/de\/produkt\/innova-formula-m-bleu-plume\/\" \/>\n<meta property=\"og:locale\" content=\"de_DE\" \/>\n<meta property=\"og:type\" content=\"article\" \/>\n<meta property=\"og:title\" content=\"Innova Formula M, bleu; Plume - Falora - Shop\" \/>\n<meta property=\"og:description\" content=\"en stock\" \/>\n<meta property=\"og:url\" content=\"https:\/\/falora.ch\/de\/produkt\/innova-formula-m-bleu-plume\/\" \/>\n<meta property=\"og:site_name\" content=\"Falora - Shop\" \/>\n<meta property=\"article:modified_time\" content=\"2025-08-24T18:04:28+00:00\" \/>\n<meta property=\"og:image\" content=\"https:\/\/falora.ch\/wp-content\/uploads\/2025\/08\/formula_m_fp_bu_main.webp\" \/>\n\t<meta property=\"og:image:width\" content=\"640\" \/>\n\t<meta property=\"og:image:height\" content=\"438\" \/>\n\t<meta property=\"og:image:type\" content=\"image\/webp\" \/>\n<meta name=\"twitter:card\" content=\"summary_large_image\" \/>\n<meta name=\"twitter:label1\" content=\"Gesch\u00e4tzte Lesezeit\" \/>\n\t<meta name=\"twitter:data1\" content=\"2\u00a0Minuten\" \/>\n<script type=\"application\/ld+json\" class=\"yoast-schema-graph\">{\"@context\":\"https:\\\/\\\/schema.org\",\"@graph\":[{\"@type\":\"WebPage\",\"@id\":\"https:\\\/\\\/falora.ch\\\/produit\\\/innova-formula-m-bleu-plume\\\/\",\"url\":\"https:\\\/\\\/falora.ch\\\/produit\\\/innova-formula-m-bleu-plume\\\/\",\"name\":\"Innova Formula M, bleu; Plume - Falora - Shop\",\"isPartOf\":{\"@id\":\"https:\\\/\\\/falora.ch\\\/#website\"},\"primaryImageOfPage\":{\"@id\":\"https:\\\/\\\/falora.ch\\\/produit\\\/innova-formula-m-bleu-plume\\\/#primaryimage\"},\"image\":{\"@id\":\"https:\\\/\\\/falora.ch\\\/produit\\\/innova-formula-m-bleu-plume\\\/#primaryimage\"},\"thumbnailUrl\":\"https:\\\/\\\/falora.ch\\\/wp-content\\\/uploads\\\/2025\\\/08\\\/formula_m_fp_bu_main.webp\",\"datePublished\":\"2025-08-24T18:04:26+00:00\",\"dateModified\":\"2025-08-24T18:04:28+00:00\",\"breadcrumb\":{\"@id\":\"https:\\\/\\\/falora.ch\\\/produit\\\/innova-formula-m-bleu-plume\\\/#breadcrumb\"},\"inLanguage\":\"de\",\"potentialAction\":[{\"@type\":\"ReadAction\",\"target\":[\"https:\\\/\\\/falora.ch\\\/produit\\\/innova-formula-m-bleu-plume\\\/\"]}]},{\"@type\":\"ImageObject\",\"inLanguage\":\"de\",\"@id\":\"https:\\\/\\\/falora.ch\\\/produit\\\/innova-formula-m-bleu-plume\\\/#primaryimage\",\"url\":\"https:\\\/\\\/falora.ch\\\/wp-content\\\/uploads\\\/2025\\\/08\\\/formula_m_fp_bu_main.webp\",\"contentUrl\":\"https:\\\/\\\/falora.ch\\\/wp-content\\\/uploads\\\/2025\\\/08\\\/formula_m_fp_bu_main.webp\",\"width\":640,\"height\":438,\"caption\":\"formula m fp bu main\"},{\"@type\":\"BreadcrumbList\",\"@id\":\"https:\\\/\\\/falora.ch\\\/produit\\\/innova-formula-m-bleu-plume\\\/#breadcrumb\",\"itemListElement\":[{\"@type\":\"ListItem\",\"position\":1,\"name\":\"Accueil\",\"item\":\"https:\\\/\\\/falora.ch\\\/\"},{\"@type\":\"ListItem\",\"position\":2,\"name\":\"Boutique\",\"item\":\"https:\\\/\\\/falora.ch\\\/boutique\\\/\"},{\"@type\":\"ListItem\",\"position\":3,\"name\":\"Innova Formula M, bleu; Plume\"}]},{\"@type\":\"WebSite\",\"@id\":\"https:\\\/\\\/falora.ch\\\/#website\",\"url\":\"https:\\\/\\\/falora.ch\\\/\",\"name\":\"Falora - Shop\",\"description\":\"\",\"publisher\":{\"@id\":\"https:\\\/\\\/falora.ch\\\/#organization\"},\"potentialAction\":[{\"@type\":\"SearchAction\",\"target\":{\"@type\":\"EntryPoint\",\"urlTemplate\":\"https:\\\/\\\/falora.ch\\\/?s={search_term_string}\"},\"query-input\":{\"@type\":\"PropertyValueSpecification\",\"valueRequired\":true,\"valueName\":\"search_term_string\"}}],\"inLanguage\":\"de\"},{\"@type\":\"Organization\",\"@id\":\"https:\\\/\\\/falora.ch\\\/#organization\",\"name\":\"Falora - Shop\",\"url\":\"https:\\\/\\\/falora.ch\\\/\",\"logo\":{\"@type\":\"ImageObject\",\"inLanguage\":\"de\",\"@id\":\"https:\\\/\\\/falora.ch\\\/#\\\/schema\\\/logo\\\/image\\\/\",\"url\":\"https:\\\/\\\/falora.ch\\\/wp-content\\\/uploads\\\/2025\\\/02\\\/logo.png\",\"contentUrl\":\"https:\\\/\\\/falora.ch\\\/wp-content\\\/uploads\\\/2025\\\/02\\\/logo.png\",\"width\":952,\"height\":165,\"caption\":\"Falora - Shop\"},\"image\":{\"@id\":\"https:\\\/\\\/falora.ch\\\/#\\\/schema\\\/logo\\\/image\\\/\"}}]}<\/script>\n<!-- \/ Yoast SEO plugin. -->","yoast_head_json":{"title":"Innova Formula M, bleu; Plume - Falora - Shop","robots":{"index":"index","follow":"follow","max-snippet":"max-snippet:-1","max-image-preview":"max-image-preview:large","max-video-preview":"max-video-preview:-1"},"canonical":"https:\/\/falora.ch\/de\/produkt\/innova-formula-m-bleu-plume\/","og_locale":"de_DE","og_type":"article","og_title":"Innova Formula M, bleu; Plume - Falora - Shop","og_description":"en stock","og_url":"https:\/\/falora.ch\/de\/produkt\/innova-formula-m-bleu-plume\/","og_site_name":"Falora - Shop","article_modified_time":"2025-08-24T18:04:28+00:00","og_image":[{"width":640,"height":438,"url":"https:\/\/falora.ch\/wp-content\/uploads\/2025\/08\/formula_m_fp_bu_main.webp","type":"image\/webp"}],"twitter_card":"summary_large_image","twitter_misc":{"Gesch\u00e4tzte Lesezeit":"2\u00a0Minuten"},"schema":{"@context":"https:\/\/schema.org","@graph":[{"@type":"WebPage","@id":"https:\/\/falora.ch\/produit\/innova-formula-m-bleu-plume\/","url":"https:\/\/falora.ch\/produit\/innova-formula-m-bleu-plume\/","name":"Innova Formula M, bleu; Plume - Falora - Shop","isPartOf":{"@id":"https:\/\/falora.ch\/#website"},"primaryImageOfPage":{"@id":"https:\/\/falora.ch\/produit\/innova-formula-m-bleu-plume\/#primaryimage"},"image":{"@id":"https:\/\/falora.ch\/produit\/innova-formula-m-bleu-plume\/#primaryimage"},"thumbnailUrl":"https:\/\/falora.ch\/wp-content\/uploads\/2025\/08\/formula_m_fp_bu_main.webp","datePublished":"2025-08-24T18:04:26+00:00","dateModified":"2025-08-24T18:04:28+00:00","breadcrumb":{"@id":"https:\/\/falora.ch\/produit\/innova-formula-m-bleu-plume\/#breadcrumb"},"inLanguage":"de","potentialAction":[{"@type":"ReadAction","target":["https:\/\/falora.ch\/produit\/innova-formula-m-bleu-plume\/"]}]},{"@type":"ImageObject","inLanguage":"de","@id":"https:\/\/falora.ch\/produit\/innova-formula-m-bleu-plume\/#primaryimage","url":"https:\/\/falora.ch\/wp-content\/uploads\/2025\/08\/formula_m_fp_bu_main.webp","contentUrl":"https:\/\/falora.ch\/wp-content\/uploads\/2025\/08\/formula_m_fp_bu_main.webp","width":640,"height":438,"caption":"formula m fp bu main"},{"@type":"BreadcrumbList","@id":"https:\/\/falora.ch\/produit\/innova-formula-m-bleu-plume\/#breadcrumb","itemListElement":[{"@type":"ListItem","position":1,"name":"Accueil","item":"https:\/\/falora.ch\/"},{"@type":"ListItem","position":2,"name":"Boutique","item":"https:\/\/falora.ch\/boutique\/"},{"@type":"ListItem","position":3,"name":"Innova Formula M, bleu; Plume"}]},{"@type":"WebSite","@id":"https:\/\/falora.ch\/#website","url":"https:\/\/falora.ch\/","name":"Falora - Shop","description":"","publisher":{"@id":"https:\/\/falora.ch\/#organization"},"potentialAction":[{"@type":"SearchAction","target":{"@type":"EntryPoint","urlTemplate":"https:\/\/falora.ch\/?s={search_term_string}"},"query-input":{"@type":"PropertyValueSpecification","valueRequired":true,"valueName":"search_term_string"}}],"inLanguage":"de"},{"@type":"Organization","@id":"https:\/\/falora.ch\/#organization","name":"Falora - Shop","url":"https:\/\/falora.ch\/","logo":{"@type":"ImageObject","inLanguage":"de","@id":"https:\/\/falora.ch\/#\/schema\/logo\/image\/","url":"https:\/\/falora.ch\/wp-content\/uploads\/2025\/02\/logo.png","contentUrl":"https:\/\/falora.ch\/wp-content\/uploads\/2025\/02\/logo.png","width":952,"height":165,"caption":"Falora - Shop"},"image":{"@id":"https:\/\/falora.ch\/#\/schema\/logo\/image\/"}}]}},"_links":{"self":[{"href":"https:\/\/falora.ch\/de\/wp-json\/wp\/v2\/product\/2378","targetHints":{"allow":["GET"]}}],"collection":[{"href":"https:\/\/falora.ch\/de\/wp-json\/wp\/v2\/product"}],"about":[{"href":"https:\/\/falora.ch\/de\/wp-json\/wp\/v2\/types\/product"}],"wp:featuredmedia":[{"embeddable":true,"href":"https:\/\/falora.ch\/de\/wp-json\/wp\/v2\/media\/987509732"}],"wp:attachment":[{"href":"https:\/\/falora.ch\/de\/wp-json\/wp\/v2\/media?parent=2378"}],"wp:term":[{"taxonomy":"product_brand","embeddable":true,"href":"https:\/\/falora.ch\/de\/wp-json\/wp\/v2\/product_brand?post=2378"},{"taxonomy":"product_cat","embeddable":true,"href":"https:\/\/falora.ch\/de\/wp-json\/wp\/v2\/product_cat?post=2378"},{"taxonomy":"product_tag","embeddable":true,"href":"https:\/\/falora.ch\/de\/wp-json\/wp\/v2\/product_tag?post=2378"}],"curies":[{"name":"wp","href":"https:\/\/api.w.org\/{rel}","templated":true}]}}