{"id":735,"date":"2025-02-18T12:30:34","date_gmt":"2025-02-18T12:30:34","guid":{"rendered":"https:\/\/falora.provisoire.ch\/?post_type=product&#038;p=735"},"modified":"2025-03-11T11:28:57","modified_gmt":"2025-03-11T11:28:57","slug":"bloc-notes-a-double-fil-a4-pp-pastelini","status":"publish","type":"product","link":"https:\/\/falora.ch\/de\/produkt\/bloc-notes-a-double-fil-a4-pp-pastelini\/","title":{"rendered":"Spiralheft A4 PP PASTELINI"},"content":{"rendered":"<p>Das Notizbuch mit Doppelspirale wird Ihr idealer Begleiter bei der Arbeit, beim Lernen oder beim kreativen Gestalten sein. Mit seinem A4-Format und 60 linierten Bl\u00e4ttern bietet es gen\u00fcgend Platz, um all Ihre wichtigen Ideen festzuhalten. Die Seitenbindung erleichtert das Umbl\u00e4ttern der Seiten und die perforierten Seiten lassen sich leicht heraustrennen. Die pastellfarbenen Polypropylen-Deckbl\u00e4tter verbinden Eleganz mit Zweckm\u00e4\u00dfigkeit - die verspielten Farben erm\u00f6glichen es Ihnen, Ihren einzigartigen Stil zum Ausdruck zu bringen, w\u00e4hrend Ihre Notizen vor Besch\u00e4digungen gesch\u00fctzt sind, wohin Sie sie auch immer mitnehmen. Lassen Sie sich mit den spiralf\u00f6rmigen Notizb\u00fcchern von Pastelini in eine Welt voller Ideen entf\u00fchren.<\/p>\n<p>Abmessung: 225x302x8mm, Gewicht: 0,373kg<\/p>\n<p>MOQ 5<\/p>\n<p>Art. Nr. 8-069 \/ 8-070 \/ 8-068 \/ 8-066 \/ 8-067 \/ 8-799 \/ 8-804 \/ 8-078<\/p>","protected":false},"excerpt":{"rendered":"<p>auf Lager<\/p>","protected":false},"featured_media":751,"template":"","meta":{"_et_pb_use_builder":"","_et_pb_old_content":"","_et_gb_content_width":""},"product_brand":[],"product_cat":[75],"product_tag":[],"class_list":{"0":"post-735","1":"product","2":"type-product","3":"status-publish","4":"has-post-thumbnail","6":"product_cat-pastelini-pastelini","8":"first","9":"instock","10":"shipping-taxable","11":"purchasable","12":"product-type-variable"},"yoast_head":"<!-- This site is optimized with the Yoast SEO plugin v27.4 - https:\/\/yoast.com\/product\/yoast-seo-wordpress\/ -->\n<title>Carnet spiral\u00e9 A4 PP PASTELINI - Falora - Shop<\/title>\n<meta name=\"robots\" content=\"index, follow, max-snippet:-1, max-image-preview:large, max-video-preview:-1\" \/>\n<link rel=\"canonical\" href=\"https:\/\/falora.ch\/de\/produkt\/bloc-notes-a-double-fil-a4-pp-pastelini\/\" \/>\n<meta property=\"og:locale\" content=\"de_DE\" \/>\n<meta property=\"og:type\" content=\"article\" \/>\n<meta property=\"og:title\" content=\"Carnet spiral\u00e9 A4 PP PASTELINI - Falora - Shop\" \/>\n<meta property=\"og:description\" content=\"en stock\" \/>\n<meta property=\"og:url\" content=\"https:\/\/falora.ch\/de\/produkt\/bloc-notes-a-double-fil-a4-pp-pastelini\/\" \/>\n<meta property=\"og:site_name\" content=\"Falora - Shop\" \/>\n<meta property=\"article:modified_time\" content=\"2025-03-11T11:28:57+00:00\" \/>\n<meta property=\"og:image\" content=\"https:\/\/falora.ch\/wp-content\/uploads\/2025\/02\/8-078.png\" \/>\n\t<meta property=\"og:image:width\" content=\"457\" \/>\n\t<meta property=\"og:image:height\" content=\"500\" \/>\n\t<meta property=\"og:image:type\" content=\"image\/png\" \/>\n<meta name=\"twitter:card\" content=\"summary_large_image\" \/>\n<meta name=\"twitter:label1\" content=\"Gesch\u00e4tzte Lesezeit\" \/>\n\t<meta name=\"twitter:data1\" content=\"1\u00a0Minute\" \/>\n<script type=\"application\/ld+json\" class=\"yoast-schema-graph\">{\"@context\":\"https:\\\/\\\/schema.org\",\"@graph\":[{\"@type\":\"WebPage\",\"@id\":\"https:\\\/\\\/falora.ch\\\/produit\\\/bloc-notes-a-double-fil-a4-pp-pastelini\\\/\",\"url\":\"https:\\\/\\\/falora.ch\\\/produit\\\/bloc-notes-a-double-fil-a4-pp-pastelini\\\/\",\"name\":\"Carnet spiral\u00e9 A4 PP PASTELINI - Falora - Shop\",\"isPartOf\":{\"@id\":\"https:\\\/\\\/falora.ch\\\/#website\"},\"primaryImageOfPage\":{\"@id\":\"https:\\\/\\\/falora.ch\\\/produit\\\/bloc-notes-a-double-fil-a4-pp-pastelini\\\/#primaryimage\"},\"image\":{\"@id\":\"https:\\\/\\\/falora.ch\\\/produit\\\/bloc-notes-a-double-fil-a4-pp-pastelini\\\/#primaryimage\"},\"thumbnailUrl\":\"https:\\\/\\\/falora.ch\\\/wp-content\\\/uploads\\\/2025\\\/02\\\/8-078.png\",\"datePublished\":\"2025-02-18T12:30:34+00:00\",\"dateModified\":\"2025-03-11T11:28:57+00:00\",\"breadcrumb\":{\"@id\":\"https:\\\/\\\/falora.ch\\\/produit\\\/bloc-notes-a-double-fil-a4-pp-pastelini\\\/#breadcrumb\"},\"inLanguage\":\"de\",\"potentialAction\":[{\"@type\":\"ReadAction\",\"target\":[\"https:\\\/\\\/falora.ch\\\/produit\\\/bloc-notes-a-double-fil-a4-pp-pastelini\\\/\"]}]},{\"@type\":\"ImageObject\",\"inLanguage\":\"de\",\"@id\":\"https:\\\/\\\/falora.ch\\\/produit\\\/bloc-notes-a-double-fil-a4-pp-pastelini\\\/#primaryimage\",\"url\":\"https:\\\/\\\/falora.ch\\\/wp-content\\\/uploads\\\/2025\\\/02\\\/8-078.png\",\"contentUrl\":\"https:\\\/\\\/falora.ch\\\/wp-content\\\/uploads\\\/2025\\\/02\\\/8-078.png\",\"width\":457,\"height\":500,\"caption\":\"8 078\"},{\"@type\":\"BreadcrumbList\",\"@id\":\"https:\\\/\\\/falora.ch\\\/produit\\\/bloc-notes-a-double-fil-a4-pp-pastelini\\\/#breadcrumb\",\"itemListElement\":[{\"@type\":\"ListItem\",\"position\":1,\"name\":\"Accueil\",\"item\":\"https:\\\/\\\/falora.ch\\\/\"},{\"@type\":\"ListItem\",\"position\":2,\"name\":\"Boutique\",\"item\":\"https:\\\/\\\/falora.ch\\\/boutique\\\/\"},{\"@type\":\"ListItem\",\"position\":3,\"name\":\"Carnet spiral\u00e9 A4 PP PASTELINI\"}]},{\"@type\":\"WebSite\",\"@id\":\"https:\\\/\\\/falora.ch\\\/#website\",\"url\":\"https:\\\/\\\/falora.ch\\\/\",\"name\":\"Falora - Shop\",\"description\":\"\",\"publisher\":{\"@id\":\"https:\\\/\\\/falora.ch\\\/#organization\"},\"potentialAction\":[{\"@type\":\"SearchAction\",\"target\":{\"@type\":\"EntryPoint\",\"urlTemplate\":\"https:\\\/\\\/falora.ch\\\/?s={search_term_string}\"},\"query-input\":{\"@type\":\"PropertyValueSpecification\",\"valueRequired\":true,\"valueName\":\"search_term_string\"}}],\"inLanguage\":\"de\"},{\"@type\":\"Organization\",\"@id\":\"https:\\\/\\\/falora.ch\\\/#organization\",\"name\":\"Falora - Shop\",\"url\":\"https:\\\/\\\/falora.ch\\\/\",\"logo\":{\"@type\":\"ImageObject\",\"inLanguage\":\"de\",\"@id\":\"https:\\\/\\\/falora.ch\\\/#\\\/schema\\\/logo\\\/image\\\/\",\"url\":\"https:\\\/\\\/falora.ch\\\/wp-content\\\/uploads\\\/2025\\\/02\\\/logo.png\",\"contentUrl\":\"https:\\\/\\\/falora.ch\\\/wp-content\\\/uploads\\\/2025\\\/02\\\/logo.png\",\"width\":952,\"height\":165,\"caption\":\"Falora - Shop\"},\"image\":{\"@id\":\"https:\\\/\\\/falora.ch\\\/#\\\/schema\\\/logo\\\/image\\\/\"}}]}<\/script>\n<!-- \/ Yoast SEO plugin. -->","yoast_head_json":{"title":"Carnet spiral\u00e9 A4 PP PASTELINI - Falora - Shop","robots":{"index":"index","follow":"follow","max-snippet":"max-snippet:-1","max-image-preview":"max-image-preview:large","max-video-preview":"max-video-preview:-1"},"canonical":"https:\/\/falora.ch\/de\/produkt\/bloc-notes-a-double-fil-a4-pp-pastelini\/","og_locale":"de_DE","og_type":"article","og_title":"Carnet spiral\u00e9 A4 PP PASTELINI - Falora - Shop","og_description":"en stock","og_url":"https:\/\/falora.ch\/de\/produkt\/bloc-notes-a-double-fil-a4-pp-pastelini\/","og_site_name":"Falora - Shop","article_modified_time":"2025-03-11T11:28:57+00:00","og_image":[{"width":457,"height":500,"url":"https:\/\/falora.ch\/wp-content\/uploads\/2025\/02\/8-078.png","type":"image\/png"}],"twitter_card":"summary_large_image","twitter_misc":{"Gesch\u00e4tzte Lesezeit":"1\u00a0Minute"},"schema":{"@context":"https:\/\/schema.org","@graph":[{"@type":"WebPage","@id":"https:\/\/falora.ch\/produit\/bloc-notes-a-double-fil-a4-pp-pastelini\/","url":"https:\/\/falora.ch\/produit\/bloc-notes-a-double-fil-a4-pp-pastelini\/","name":"Carnet spiral\u00e9 A4 PP PASTELINI - Falora - Shop","isPartOf":{"@id":"https:\/\/falora.ch\/#website"},"primaryImageOfPage":{"@id":"https:\/\/falora.ch\/produit\/bloc-notes-a-double-fil-a4-pp-pastelini\/#primaryimage"},"image":{"@id":"https:\/\/falora.ch\/produit\/bloc-notes-a-double-fil-a4-pp-pastelini\/#primaryimage"},"thumbnailUrl":"https:\/\/falora.ch\/wp-content\/uploads\/2025\/02\/8-078.png","datePublished":"2025-02-18T12:30:34+00:00","dateModified":"2025-03-11T11:28:57+00:00","breadcrumb":{"@id":"https:\/\/falora.ch\/produit\/bloc-notes-a-double-fil-a4-pp-pastelini\/#breadcrumb"},"inLanguage":"de","potentialAction":[{"@type":"ReadAction","target":["https:\/\/falora.ch\/produit\/bloc-notes-a-double-fil-a4-pp-pastelini\/"]}]},{"@type":"ImageObject","inLanguage":"de","@id":"https:\/\/falora.ch\/produit\/bloc-notes-a-double-fil-a4-pp-pastelini\/#primaryimage","url":"https:\/\/falora.ch\/wp-content\/uploads\/2025\/02\/8-078.png","contentUrl":"https:\/\/falora.ch\/wp-content\/uploads\/2025\/02\/8-078.png","width":457,"height":500,"caption":"8 078"},{"@type":"BreadcrumbList","@id":"https:\/\/falora.ch\/produit\/bloc-notes-a-double-fil-a4-pp-pastelini\/#breadcrumb","itemListElement":[{"@type":"ListItem","position":1,"name":"Accueil","item":"https:\/\/falora.ch\/"},{"@type":"ListItem","position":2,"name":"Boutique","item":"https:\/\/falora.ch\/boutique\/"},{"@type":"ListItem","position":3,"name":"Carnet spiral\u00e9 A4 PP PASTELINI"}]},{"@type":"WebSite","@id":"https:\/\/falora.ch\/#website","url":"https:\/\/falora.ch\/","name":"Falora - Shop","description":"","publisher":{"@id":"https:\/\/falora.ch\/#organization"},"potentialAction":[{"@type":"SearchAction","target":{"@type":"EntryPoint","urlTemplate":"https:\/\/falora.ch\/?s={search_term_string}"},"query-input":{"@type":"PropertyValueSpecification","valueRequired":true,"valueName":"search_term_string"}}],"inLanguage":"de"},{"@type":"Organization","@id":"https:\/\/falora.ch\/#organization","name":"Falora - Shop","url":"https:\/\/falora.ch\/","logo":{"@type":"ImageObject","inLanguage":"de","@id":"https:\/\/falora.ch\/#\/schema\/logo\/image\/","url":"https:\/\/falora.ch\/wp-content\/uploads\/2025\/02\/logo.png","contentUrl":"https:\/\/falora.ch\/wp-content\/uploads\/2025\/02\/logo.png","width":952,"height":165,"caption":"Falora - Shop"},"image":{"@id":"https:\/\/falora.ch\/#\/schema\/logo\/image\/"}}]}},"_links":{"self":[{"href":"https:\/\/falora.ch\/de\/wp-json\/wp\/v2\/product\/735","targetHints":{"allow":["GET"]}}],"collection":[{"href":"https:\/\/falora.ch\/de\/wp-json\/wp\/v2\/product"}],"about":[{"href":"https:\/\/falora.ch\/de\/wp-json\/wp\/v2\/types\/product"}],"wp:featuredmedia":[{"embeddable":true,"href":"https:\/\/falora.ch\/de\/wp-json\/wp\/v2\/media\/751"}],"wp:attachment":[{"href":"https:\/\/falora.ch\/de\/wp-json\/wp\/v2\/media?parent=735"}],"wp:term":[{"taxonomy":"product_brand","embeddable":true,"href":"https:\/\/falora.ch\/de\/wp-json\/wp\/v2\/product_brand?post=735"},{"taxonomy":"product_cat","embeddable":true,"href":"https:\/\/falora.ch\/de\/wp-json\/wp\/v2\/product_cat?post=735"},{"taxonomy":"product_tag","embeddable":true,"href":"https:\/\/falora.ch\/de\/wp-json\/wp\/v2\/product_tag?post=735"}],"curies":[{"name":"wp","href":"https:\/\/api.w.org\/{rel}","templated":true}]}}