{"id":752,"date":"2025-02-18T12:38:20","date_gmt":"2025-02-18T12:38:20","guid":{"rendered":"https:\/\/falora.provisoire.ch\/?post_type=product&#038;p=752"},"modified":"2025-03-11T11:30:53","modified_gmt":"2025-03-11T11:30:53","slug":"bloc-notes-a-double-fil-a4-pp-pastelini-2","status":"publish","type":"product","link":"https:\/\/falora.ch\/de\/produkt\/bloc-notes-a-double-fil-a4-pp-pastelini-2\/","title":{"rendered":"Spiralheft A5 PP PASTELINI"},"content":{"rendered":"<p>Das Notizbuch mit Doppelspirale wird Ihr einzigartiger Begleiter bei der Arbeit, beim Lernen oder beim kreativen Gestalten sein. Das A5-Format ist ideal f\u00fcr Ihre Notizen und Ideen im B\u00fcro, in der Schule und unterwegs. Jedes Notizbuch enth\u00e4lt 60 linierte Bl\u00e4tter mit einem Gewicht von 70 g\/m\u00b2, sodass Sie gen\u00fcgend Platz haben, um all Ihre wichtigen Ideen festzuhalten. Die Seitenbindung erleichtert das Umbl\u00e4ttern der Seiten und die perforierten Seiten erm\u00f6glichen ein einfaches Abrei\u00dfen. Dank der Einb\u00e4nde aus besonders dickem Polypropylen k\u00f6nnen Sie sich auf die Haltbarkeit und Langlebigkeit des Notizbuchs verlassen. Tauchen Sie ein in die Welt der Pastellt\u00f6ne und halten Sie Ihre Ideen in den verspielten Notizb\u00fcchern von Pastelini fest.<\/p>\n<p>Abmessung: 162x215x8mm, Gewicht: 0,195kg<\/p>\n<p>MOQ 5<\/p>\n<p>Art. Nr. 8-074 \/ 8-076 \/ 8-073 \/ 8-071 \/ 8-072 \/ 8-800 \/ 8-805 \/ 8-077<\/p>","protected":false},"excerpt":{"rendered":"<p>auf Lager<\/p>","protected":false},"featured_media":748,"template":"","meta":{"_et_pb_use_builder":"","_et_pb_old_content":"","_et_gb_content_width":""},"product_brand":[],"product_cat":[75],"product_tag":[],"class_list":{"0":"post-752","1":"product","2":"type-product","3":"status-publish","4":"has-post-thumbnail","6":"product_cat-pastelini-pastelini","8":"first","9":"instock","10":"shipping-taxable","11":"purchasable","12":"product-type-variable"},"yoast_head":"<!-- This site is optimized with the Yoast SEO plugin v27.3 - https:\/\/yoast.com\/product\/yoast-seo-wordpress\/ -->\n<title>Carnet spiral\u00e9 A5 PP PASTELINI - Falora - Shop<\/title>\n<meta name=\"robots\" content=\"index, follow, max-snippet:-1, max-image-preview:large, max-video-preview:-1\" \/>\n<link rel=\"canonical\" href=\"https:\/\/falora.ch\/de\/produkt\/bloc-notes-a-double-fil-a4-pp-pastelini-2\/\" \/>\n<meta property=\"og:locale\" content=\"de_DE\" \/>\n<meta property=\"og:type\" content=\"article\" \/>\n<meta property=\"og:title\" content=\"Carnet spiral\u00e9 A5 PP PASTELINI - Falora - Shop\" \/>\n<meta property=\"og:description\" content=\"en stock\" \/>\n<meta property=\"og:url\" content=\"https:\/\/falora.ch\/de\/produkt\/bloc-notes-a-double-fil-a4-pp-pastelini-2\/\" \/>\n<meta property=\"og:site_name\" content=\"Falora - Shop\" \/>\n<meta property=\"article:modified_time\" content=\"2025-03-11T11:30:53+00:00\" \/>\n<meta property=\"og:image\" content=\"https:\/\/falora.ch\/wp-content\/uploads\/2025\/02\/8-067.png\" \/>\n\t<meta property=\"og:image:width\" content=\"434\" \/>\n\t<meta property=\"og:image:height\" content=\"500\" \/>\n\t<meta property=\"og:image:type\" content=\"image\/png\" \/>\n<meta name=\"twitter:card\" content=\"summary_large_image\" \/>\n<meta name=\"twitter:label1\" content=\"Gesch\u00e4tzte Lesezeit\" \/>\n\t<meta name=\"twitter:data1\" content=\"1\u00a0Minute\" \/>\n<script type=\"application\/ld+json\" class=\"yoast-schema-graph\">{\"@context\":\"https:\\\/\\\/schema.org\",\"@graph\":[{\"@type\":\"WebPage\",\"@id\":\"https:\\\/\\\/falora.ch\\\/produit\\\/bloc-notes-a-double-fil-a4-pp-pastelini-2\\\/\",\"url\":\"https:\\\/\\\/falora.ch\\\/produit\\\/bloc-notes-a-double-fil-a4-pp-pastelini-2\\\/\",\"name\":\"Carnet spiral\u00e9 A5 PP PASTELINI - Falora - Shop\",\"isPartOf\":{\"@id\":\"https:\\\/\\\/falora.ch\\\/#website\"},\"primaryImageOfPage\":{\"@id\":\"https:\\\/\\\/falora.ch\\\/produit\\\/bloc-notes-a-double-fil-a4-pp-pastelini-2\\\/#primaryimage\"},\"image\":{\"@id\":\"https:\\\/\\\/falora.ch\\\/produit\\\/bloc-notes-a-double-fil-a4-pp-pastelini-2\\\/#primaryimage\"},\"thumbnailUrl\":\"https:\\\/\\\/falora.ch\\\/wp-content\\\/uploads\\\/2025\\\/02\\\/8-067.png\",\"datePublished\":\"2025-02-18T12:38:20+00:00\",\"dateModified\":\"2025-03-11T11:30:53+00:00\",\"breadcrumb\":{\"@id\":\"https:\\\/\\\/falora.ch\\\/produit\\\/bloc-notes-a-double-fil-a4-pp-pastelini-2\\\/#breadcrumb\"},\"inLanguage\":\"de\",\"potentialAction\":[{\"@type\":\"ReadAction\",\"target\":[\"https:\\\/\\\/falora.ch\\\/produit\\\/bloc-notes-a-double-fil-a4-pp-pastelini-2\\\/\"]}]},{\"@type\":\"ImageObject\",\"inLanguage\":\"de\",\"@id\":\"https:\\\/\\\/falora.ch\\\/produit\\\/bloc-notes-a-double-fil-a4-pp-pastelini-2\\\/#primaryimage\",\"url\":\"https:\\\/\\\/falora.ch\\\/wp-content\\\/uploads\\\/2025\\\/02\\\/8-067.png\",\"contentUrl\":\"https:\\\/\\\/falora.ch\\\/wp-content\\\/uploads\\\/2025\\\/02\\\/8-067.png\",\"width\":434,\"height\":500,\"caption\":\"8 067\"},{\"@type\":\"BreadcrumbList\",\"@id\":\"https:\\\/\\\/falora.ch\\\/produit\\\/bloc-notes-a-double-fil-a4-pp-pastelini-2\\\/#breadcrumb\",\"itemListElement\":[{\"@type\":\"ListItem\",\"position\":1,\"name\":\"Accueil\",\"item\":\"https:\\\/\\\/falora.ch\\\/\"},{\"@type\":\"ListItem\",\"position\":2,\"name\":\"Boutique\",\"item\":\"https:\\\/\\\/falora.ch\\\/boutique\\\/\"},{\"@type\":\"ListItem\",\"position\":3,\"name\":\"Carnet spiral\u00e9 A5 PP PASTELINI\"}]},{\"@type\":\"WebSite\",\"@id\":\"https:\\\/\\\/falora.ch\\\/#website\",\"url\":\"https:\\\/\\\/falora.ch\\\/\",\"name\":\"Falora - Shop\",\"description\":\"\",\"publisher\":{\"@id\":\"https:\\\/\\\/falora.ch\\\/#organization\"},\"potentialAction\":[{\"@type\":\"SearchAction\",\"target\":{\"@type\":\"EntryPoint\",\"urlTemplate\":\"https:\\\/\\\/falora.ch\\\/?s={search_term_string}\"},\"query-input\":{\"@type\":\"PropertyValueSpecification\",\"valueRequired\":true,\"valueName\":\"search_term_string\"}}],\"inLanguage\":\"de\"},{\"@type\":\"Organization\",\"@id\":\"https:\\\/\\\/falora.ch\\\/#organization\",\"name\":\"Falora - Shop\",\"url\":\"https:\\\/\\\/falora.ch\\\/\",\"logo\":{\"@type\":\"ImageObject\",\"inLanguage\":\"de\",\"@id\":\"https:\\\/\\\/falora.ch\\\/#\\\/schema\\\/logo\\\/image\\\/\",\"url\":\"https:\\\/\\\/falora.ch\\\/wp-content\\\/uploads\\\/2025\\\/02\\\/logo.png\",\"contentUrl\":\"https:\\\/\\\/falora.ch\\\/wp-content\\\/uploads\\\/2025\\\/02\\\/logo.png\",\"width\":952,\"height\":165,\"caption\":\"Falora - Shop\"},\"image\":{\"@id\":\"https:\\\/\\\/falora.ch\\\/#\\\/schema\\\/logo\\\/image\\\/\"}}]}<\/script>\n<!-- \/ Yoast SEO plugin. -->","yoast_head_json":{"title":"Carnet spiral\u00e9 A5 PP PASTELINI - Falora - Shop","robots":{"index":"index","follow":"follow","max-snippet":"max-snippet:-1","max-image-preview":"max-image-preview:large","max-video-preview":"max-video-preview:-1"},"canonical":"https:\/\/falora.ch\/de\/produkt\/bloc-notes-a-double-fil-a4-pp-pastelini-2\/","og_locale":"de_DE","og_type":"article","og_title":"Carnet spiral\u00e9 A5 PP PASTELINI - Falora - Shop","og_description":"en stock","og_url":"https:\/\/falora.ch\/de\/produkt\/bloc-notes-a-double-fil-a4-pp-pastelini-2\/","og_site_name":"Falora - Shop","article_modified_time":"2025-03-11T11:30:53+00:00","og_image":[{"width":434,"height":500,"url":"https:\/\/falora.ch\/wp-content\/uploads\/2025\/02\/8-067.png","type":"image\/png"}],"twitter_card":"summary_large_image","twitter_misc":{"Gesch\u00e4tzte Lesezeit":"1\u00a0Minute"},"schema":{"@context":"https:\/\/schema.org","@graph":[{"@type":"WebPage","@id":"https:\/\/falora.ch\/produit\/bloc-notes-a-double-fil-a4-pp-pastelini-2\/","url":"https:\/\/falora.ch\/produit\/bloc-notes-a-double-fil-a4-pp-pastelini-2\/","name":"Carnet spiral\u00e9 A5 PP PASTELINI - Falora - Shop","isPartOf":{"@id":"https:\/\/falora.ch\/#website"},"primaryImageOfPage":{"@id":"https:\/\/falora.ch\/produit\/bloc-notes-a-double-fil-a4-pp-pastelini-2\/#primaryimage"},"image":{"@id":"https:\/\/falora.ch\/produit\/bloc-notes-a-double-fil-a4-pp-pastelini-2\/#primaryimage"},"thumbnailUrl":"https:\/\/falora.ch\/wp-content\/uploads\/2025\/02\/8-067.png","datePublished":"2025-02-18T12:38:20+00:00","dateModified":"2025-03-11T11:30:53+00:00","breadcrumb":{"@id":"https:\/\/falora.ch\/produit\/bloc-notes-a-double-fil-a4-pp-pastelini-2\/#breadcrumb"},"inLanguage":"de","potentialAction":[{"@type":"ReadAction","target":["https:\/\/falora.ch\/produit\/bloc-notes-a-double-fil-a4-pp-pastelini-2\/"]}]},{"@type":"ImageObject","inLanguage":"de","@id":"https:\/\/falora.ch\/produit\/bloc-notes-a-double-fil-a4-pp-pastelini-2\/#primaryimage","url":"https:\/\/falora.ch\/wp-content\/uploads\/2025\/02\/8-067.png","contentUrl":"https:\/\/falora.ch\/wp-content\/uploads\/2025\/02\/8-067.png","width":434,"height":500,"caption":"8 067"},{"@type":"BreadcrumbList","@id":"https:\/\/falora.ch\/produit\/bloc-notes-a-double-fil-a4-pp-pastelini-2\/#breadcrumb","itemListElement":[{"@type":"ListItem","position":1,"name":"Accueil","item":"https:\/\/falora.ch\/"},{"@type":"ListItem","position":2,"name":"Boutique","item":"https:\/\/falora.ch\/boutique\/"},{"@type":"ListItem","position":3,"name":"Carnet spiral\u00e9 A5 PP PASTELINI"}]},{"@type":"WebSite","@id":"https:\/\/falora.ch\/#website","url":"https:\/\/falora.ch\/","name":"Falora - Shop","description":"","publisher":{"@id":"https:\/\/falora.ch\/#organization"},"potentialAction":[{"@type":"SearchAction","target":{"@type":"EntryPoint","urlTemplate":"https:\/\/falora.ch\/?s={search_term_string}"},"query-input":{"@type":"PropertyValueSpecification","valueRequired":true,"valueName":"search_term_string"}}],"inLanguage":"de"},{"@type":"Organization","@id":"https:\/\/falora.ch\/#organization","name":"Falora - Shop","url":"https:\/\/falora.ch\/","logo":{"@type":"ImageObject","inLanguage":"de","@id":"https:\/\/falora.ch\/#\/schema\/logo\/image\/","url":"https:\/\/falora.ch\/wp-content\/uploads\/2025\/02\/logo.png","contentUrl":"https:\/\/falora.ch\/wp-content\/uploads\/2025\/02\/logo.png","width":952,"height":165,"caption":"Falora - Shop"},"image":{"@id":"https:\/\/falora.ch\/#\/schema\/logo\/image\/"}}]}},"_links":{"self":[{"href":"https:\/\/falora.ch\/de\/wp-json\/wp\/v2\/product\/752","targetHints":{"allow":["GET"]}}],"collection":[{"href":"https:\/\/falora.ch\/de\/wp-json\/wp\/v2\/product"}],"about":[{"href":"https:\/\/falora.ch\/de\/wp-json\/wp\/v2\/types\/product"}],"wp:featuredmedia":[{"embeddable":true,"href":"https:\/\/falora.ch\/de\/wp-json\/wp\/v2\/media\/748"}],"wp:attachment":[{"href":"https:\/\/falora.ch\/de\/wp-json\/wp\/v2\/media?parent=752"}],"wp:term":[{"taxonomy":"product_brand","embeddable":true,"href":"https:\/\/falora.ch\/de\/wp-json\/wp\/v2\/product_brand?post=752"},{"taxonomy":"product_cat","embeddable":true,"href":"https:\/\/falora.ch\/de\/wp-json\/wp\/v2\/product_cat?post=752"},{"taxonomy":"product_tag","embeddable":true,"href":"https:\/\/falora.ch\/de\/wp-json\/wp\/v2\/product_tag?post=752"}],"curies":[{"name":"wp","href":"https:\/\/api.w.org\/{rel}","templated":true}]}}