{"id":987509796,"date":"2025-08-24T18:55:00","date_gmt":"2025-08-24T18:55:00","guid":{"rendered":"https:\/\/falora.ch\/?post_type=product&#038;p=987509796"},"modified":"2025-08-24T18:55:01","modified_gmt":"2025-08-24T18:55:01","slug":"innova-formula-m-bronze-stylo-bille","status":"publish","type":"product","link":"https:\/\/falora.ch\/de\/produkt\/innova-formula-m-bronze-stylo-bille\/","title":{"rendered":"Innova Formula M, Bronze; Kugelschreiber"},"content":{"rendered":"<p>Der Monteverde USA Formula M Bronze Kugelschreiber ist inspiriert von modernem Industriedesign mit klaren Linien und futuristischem Automobil-Look. Mit seiner matten Bronzebeschichtung und den strukturierten Rillen besticht dieser Drehkugelschreiber durch markanten Stil und liegt gut in der Hand. Der massive Messingschaft verleiht ihm eine solide Haptik und macht ihn ideal f\u00fcr allt\u00e4gliches Schreiben oder Pr\u00e4sentationen auf dem Schreibtisch. Nachf\u00fcllbar mit Monteverde- oder Parker-Kugelschreiberminen sorgt der Formula M f\u00fcr gleichm\u00e4\u00dfigen Tintenfluss und hohe Leistung. Ob beim Unterzeichnen von Vertr\u00e4gen oder beim Skizzieren gro\u00dfer Ideen \u2013 dieser Stift vereint Form und Funktion perfekt. Ein au\u00dfergew\u00f6hnliches Geschenk f\u00fcr alle, die modernstes Design und mechanische Pr\u00e4zision sch\u00e4tzen.<\/p>\n<p>MOQ 1<\/p>\n<p>Art.-Nr. MV45377<\/p>\n<p>EAN 080333453773<\/p>\n<p>&nbsp;<\/p>\n<p>&nbsp;<\/p>","protected":false},"excerpt":{"rendered":"<p>auf Lager<\/p>","protected":false},"featured_media":987509797,"template":"","meta":{"_et_pb_use_builder":"","_et_pb_old_content":"","_et_gb_content_width":""},"product_brand":[],"product_cat":[108],"product_tag":[],"class_list":{"0":"post-987509796","1":"product","2":"type-product","3":"status-publish","4":"has-post-thumbnail","6":"product_cat-innova-formula-m","8":"first","9":"instock","10":"shipping-taxable","11":"purchasable","12":"product-type-simple"},"yoast_head":"<!-- This site is optimized with the Yoast SEO plugin v27.4 - https:\/\/yoast.com\/product\/yoast-seo-wordpress\/ -->\n<title>Innova Formula M, Bronze; Stylo Bille - Falora - Shop<\/title>\n<meta name=\"robots\" content=\"index, follow, max-snippet:-1, max-image-preview:large, max-video-preview:-1\" \/>\n<link rel=\"canonical\" href=\"https:\/\/falora.ch\/de\/produkt\/innova-formula-m-bronze-stylo-bille\/\" \/>\n<meta property=\"og:locale\" content=\"de_DE\" \/>\n<meta property=\"og:type\" content=\"article\" \/>\n<meta property=\"og:title\" content=\"Innova Formula M, Bronze; Stylo Bille - Falora - Shop\" \/>\n<meta property=\"og:description\" content=\"en stock\" \/>\n<meta property=\"og:url\" content=\"https:\/\/falora.ch\/de\/produkt\/innova-formula-m-bronze-stylo-bille\/\" \/>\n<meta property=\"og:site_name\" content=\"Falora - Shop\" \/>\n<meta property=\"article:modified_time\" content=\"2025-08-24T18:55:01+00:00\" \/>\n<meta property=\"og:image\" content=\"https:\/\/falora.ch\/wp-content\/uploads\/2025\/08\/Innova_Formula_M_Bronze-BP-1-Edit2.webp\" \/>\n\t<meta property=\"og:image:width\" content=\"640\" \/>\n\t<meta property=\"og:image:height\" content=\"640\" \/>\n\t<meta property=\"og:image:type\" content=\"image\/webp\" \/>\n<meta name=\"twitter:card\" content=\"summary_large_image\" \/>\n<meta name=\"twitter:label1\" content=\"Gesch\u00e4tzte Lesezeit\" \/>\n\t<meta name=\"twitter:data1\" content=\"1\u00a0Minute\" \/>\n<script type=\"application\/ld+json\" class=\"yoast-schema-graph\">{\"@context\":\"https:\\\/\\\/schema.org\",\"@graph\":[{\"@type\":\"WebPage\",\"@id\":\"https:\\\/\\\/falora.ch\\\/produit\\\/innova-formula-m-bronze-stylo-bille\\\/\",\"url\":\"https:\\\/\\\/falora.ch\\\/produit\\\/innova-formula-m-bronze-stylo-bille\\\/\",\"name\":\"Innova Formula M, Bronze; Stylo Bille - Falora - Shop\",\"isPartOf\":{\"@id\":\"https:\\\/\\\/falora.ch\\\/#website\"},\"primaryImageOfPage\":{\"@id\":\"https:\\\/\\\/falora.ch\\\/produit\\\/innova-formula-m-bronze-stylo-bille\\\/#primaryimage\"},\"image\":{\"@id\":\"https:\\\/\\\/falora.ch\\\/produit\\\/innova-formula-m-bronze-stylo-bille\\\/#primaryimage\"},\"thumbnailUrl\":\"https:\\\/\\\/falora.ch\\\/wp-content\\\/uploads\\\/2025\\\/08\\\/Innova_Formula_M_Bronze-BP-1-Edit2.webp\",\"datePublished\":\"2025-08-24T18:55:00+00:00\",\"dateModified\":\"2025-08-24T18:55:01+00:00\",\"breadcrumb\":{\"@id\":\"https:\\\/\\\/falora.ch\\\/produit\\\/innova-formula-m-bronze-stylo-bille\\\/#breadcrumb\"},\"inLanguage\":\"de\",\"potentialAction\":[{\"@type\":\"ReadAction\",\"target\":[\"https:\\\/\\\/falora.ch\\\/produit\\\/innova-formula-m-bronze-stylo-bille\\\/\"]}]},{\"@type\":\"ImageObject\",\"inLanguage\":\"de\",\"@id\":\"https:\\\/\\\/falora.ch\\\/produit\\\/innova-formula-m-bronze-stylo-bille\\\/#primaryimage\",\"url\":\"https:\\\/\\\/falora.ch\\\/wp-content\\\/uploads\\\/2025\\\/08\\\/Innova_Formula_M_Bronze-BP-1-Edit2.webp\",\"contentUrl\":\"https:\\\/\\\/falora.ch\\\/wp-content\\\/uploads\\\/2025\\\/08\\\/Innova_Formula_M_Bronze-BP-1-Edit2.webp\",\"width\":640,\"height\":640,\"caption\":\"Innova Formula M Bronze BP 1 Edit2\"},{\"@type\":\"BreadcrumbList\",\"@id\":\"https:\\\/\\\/falora.ch\\\/produit\\\/innova-formula-m-bronze-stylo-bille\\\/#breadcrumb\",\"itemListElement\":[{\"@type\":\"ListItem\",\"position\":1,\"name\":\"Accueil\",\"item\":\"https:\\\/\\\/falora.ch\\\/\"},{\"@type\":\"ListItem\",\"position\":2,\"name\":\"Boutique\",\"item\":\"https:\\\/\\\/falora.ch\\\/boutique\\\/\"},{\"@type\":\"ListItem\",\"position\":3,\"name\":\"Innova Formula M, Bronze; Stylo Bille\"}]},{\"@type\":\"WebSite\",\"@id\":\"https:\\\/\\\/falora.ch\\\/#website\",\"url\":\"https:\\\/\\\/falora.ch\\\/\",\"name\":\"Falora - Shop\",\"description\":\"\",\"publisher\":{\"@id\":\"https:\\\/\\\/falora.ch\\\/#organization\"},\"potentialAction\":[{\"@type\":\"SearchAction\",\"target\":{\"@type\":\"EntryPoint\",\"urlTemplate\":\"https:\\\/\\\/falora.ch\\\/?s={search_term_string}\"},\"query-input\":{\"@type\":\"PropertyValueSpecification\",\"valueRequired\":true,\"valueName\":\"search_term_string\"}}],\"inLanguage\":\"de\"},{\"@type\":\"Organization\",\"@id\":\"https:\\\/\\\/falora.ch\\\/#organization\",\"name\":\"Falora - Shop\",\"url\":\"https:\\\/\\\/falora.ch\\\/\",\"logo\":{\"@type\":\"ImageObject\",\"inLanguage\":\"de\",\"@id\":\"https:\\\/\\\/falora.ch\\\/#\\\/schema\\\/logo\\\/image\\\/\",\"url\":\"https:\\\/\\\/falora.ch\\\/wp-content\\\/uploads\\\/2025\\\/02\\\/logo.png\",\"contentUrl\":\"https:\\\/\\\/falora.ch\\\/wp-content\\\/uploads\\\/2025\\\/02\\\/logo.png\",\"width\":952,\"height\":165,\"caption\":\"Falora - Shop\"},\"image\":{\"@id\":\"https:\\\/\\\/falora.ch\\\/#\\\/schema\\\/logo\\\/image\\\/\"}}]}<\/script>\n<!-- \/ Yoast SEO plugin. -->","yoast_head_json":{"title":"Innova Formula M, Bronze; Stylo Bille - Falora - Shop","robots":{"index":"index","follow":"follow","max-snippet":"max-snippet:-1","max-image-preview":"max-image-preview:large","max-video-preview":"max-video-preview:-1"},"canonical":"https:\/\/falora.ch\/de\/produkt\/innova-formula-m-bronze-stylo-bille\/","og_locale":"de_DE","og_type":"article","og_title":"Innova Formula M, Bronze; Stylo Bille - Falora - Shop","og_description":"en stock","og_url":"https:\/\/falora.ch\/de\/produkt\/innova-formula-m-bronze-stylo-bille\/","og_site_name":"Falora - Shop","article_modified_time":"2025-08-24T18:55:01+00:00","og_image":[{"width":640,"height":640,"url":"https:\/\/falora.ch\/wp-content\/uploads\/2025\/08\/Innova_Formula_M_Bronze-BP-1-Edit2.webp","type":"image\/webp"}],"twitter_card":"summary_large_image","twitter_misc":{"Gesch\u00e4tzte Lesezeit":"1\u00a0Minute"},"schema":{"@context":"https:\/\/schema.org","@graph":[{"@type":"WebPage","@id":"https:\/\/falora.ch\/produit\/innova-formula-m-bronze-stylo-bille\/","url":"https:\/\/falora.ch\/produit\/innova-formula-m-bronze-stylo-bille\/","name":"Innova Formula M, Bronze; Stylo Bille - Falora - Shop","isPartOf":{"@id":"https:\/\/falora.ch\/#website"},"primaryImageOfPage":{"@id":"https:\/\/falora.ch\/produit\/innova-formula-m-bronze-stylo-bille\/#primaryimage"},"image":{"@id":"https:\/\/falora.ch\/produit\/innova-formula-m-bronze-stylo-bille\/#primaryimage"},"thumbnailUrl":"https:\/\/falora.ch\/wp-content\/uploads\/2025\/08\/Innova_Formula_M_Bronze-BP-1-Edit2.webp","datePublished":"2025-08-24T18:55:00+00:00","dateModified":"2025-08-24T18:55:01+00:00","breadcrumb":{"@id":"https:\/\/falora.ch\/produit\/innova-formula-m-bronze-stylo-bille\/#breadcrumb"},"inLanguage":"de","potentialAction":[{"@type":"ReadAction","target":["https:\/\/falora.ch\/produit\/innova-formula-m-bronze-stylo-bille\/"]}]},{"@type":"ImageObject","inLanguage":"de","@id":"https:\/\/falora.ch\/produit\/innova-formula-m-bronze-stylo-bille\/#primaryimage","url":"https:\/\/falora.ch\/wp-content\/uploads\/2025\/08\/Innova_Formula_M_Bronze-BP-1-Edit2.webp","contentUrl":"https:\/\/falora.ch\/wp-content\/uploads\/2025\/08\/Innova_Formula_M_Bronze-BP-1-Edit2.webp","width":640,"height":640,"caption":"Innova Formula M Bronze BP 1 Edit2"},{"@type":"BreadcrumbList","@id":"https:\/\/falora.ch\/produit\/innova-formula-m-bronze-stylo-bille\/#breadcrumb","itemListElement":[{"@type":"ListItem","position":1,"name":"Accueil","item":"https:\/\/falora.ch\/"},{"@type":"ListItem","position":2,"name":"Boutique","item":"https:\/\/falora.ch\/boutique\/"},{"@type":"ListItem","position":3,"name":"Innova Formula M, Bronze; Stylo Bille"}]},{"@type":"WebSite","@id":"https:\/\/falora.ch\/#website","url":"https:\/\/falora.ch\/","name":"Falora - Shop","description":"","publisher":{"@id":"https:\/\/falora.ch\/#organization"},"potentialAction":[{"@type":"SearchAction","target":{"@type":"EntryPoint","urlTemplate":"https:\/\/falora.ch\/?s={search_term_string}"},"query-input":{"@type":"PropertyValueSpecification","valueRequired":true,"valueName":"search_term_string"}}],"inLanguage":"de"},{"@type":"Organization","@id":"https:\/\/falora.ch\/#organization","name":"Falora - Shop","url":"https:\/\/falora.ch\/","logo":{"@type":"ImageObject","inLanguage":"de","@id":"https:\/\/falora.ch\/#\/schema\/logo\/image\/","url":"https:\/\/falora.ch\/wp-content\/uploads\/2025\/02\/logo.png","contentUrl":"https:\/\/falora.ch\/wp-content\/uploads\/2025\/02\/logo.png","width":952,"height":165,"caption":"Falora - Shop"},"image":{"@id":"https:\/\/falora.ch\/#\/schema\/logo\/image\/"}}]}},"_links":{"self":[{"href":"https:\/\/falora.ch\/de\/wp-json\/wp\/v2\/product\/987509796","targetHints":{"allow":["GET"]}}],"collection":[{"href":"https:\/\/falora.ch\/de\/wp-json\/wp\/v2\/product"}],"about":[{"href":"https:\/\/falora.ch\/de\/wp-json\/wp\/v2\/types\/product"}],"wp:featuredmedia":[{"embeddable":true,"href":"https:\/\/falora.ch\/de\/wp-json\/wp\/v2\/media\/987509797"}],"wp:attachment":[{"href":"https:\/\/falora.ch\/de\/wp-json\/wp\/v2\/media?parent=987509796"}],"wp:term":[{"taxonomy":"product_brand","embeddable":true,"href":"https:\/\/falora.ch\/de\/wp-json\/wp\/v2\/product_brand?post=987509796"},{"taxonomy":"product_cat","embeddable":true,"href":"https:\/\/falora.ch\/de\/wp-json\/wp\/v2\/product_cat?post=987509796"},{"taxonomy":"product_tag","embeddable":true,"href":"https:\/\/falora.ch\/de\/wp-json\/wp\/v2\/product_tag?post=987509796"}],"curies":[{"name":"wp","href":"https:\/\/api.w.org\/{rel}","templated":true}]}}