{"id":987509816,"date":"2025-08-27T13:27:25","date_gmt":"2025-08-27T13:27:25","guid":{"rendered":"https:\/\/falora.ch\/?post_type=product&#038;p=987509816"},"modified":"2025-08-27T13:27:25","modified_gmt":"2025-08-27T13:27:25","slug":"invincia-rose-gold-stylo-bille","status":"publish","type":"product","link":"https:\/\/falora.ch\/de\/produkt\/invincia-rose-gold-stylo-bille\/","title":{"rendered":"Invincia Ros\u00e9gold-Kugelschreiber"},"content":{"rendered":"<p>Der markante und elegante Monteverde USA Invincia Ros\u00e9gold-Kugelschreiber verleiht Ihrer Schreibger\u00e4tesammlung eine luxuri\u00f6se \u00c4sthetik. Das polierte Ros\u00e9gold-Finish wird durch gl\u00e4nzend schwarze Verzierungen akzentuiert und verleiht ihm einen edlen, modernen Look. Der aus massivem Messing gefertigte Stift hat ein ausgezeichnetes Gewicht und eine hervorragende Balance und liegt angenehm in der Hand. Der Drehmechanismus funktioniert pr\u00e4zise, und das nachf\u00fcllbare Design akzeptiert Monteverde-Minen oder jede andere Standard-Kugelschreibermine im Parker-Stil f\u00fcr mehr Vielseitigkeit. Ob zum Unterschreiben von Dokumenten, zum Aufzeichnen von Notizen oder zum Verschenken \u2013 dieser Stift vereint Stil und Leistung in einem hervorragenden Paket. Pr\u00e4sentiert in einer atemberaubenden Monteverde-Geschenkbox ist der Invincia Ros\u00e9gold-Kugelschreiber eine ausgezeichnete Wahl f\u00fcr F\u00fchrungskr\u00e4fte, Stiftliebhaber und alle, die hochwertige Schreibger\u00e4te zu sch\u00e4tzen wissen.<\/p>\n<p>MOQ 1<\/p>\n<p>Art.-Nr. MV40060<\/p>\n<p>EAN 080333400609<\/p>\n<p>&nbsp;<\/p>\n<p>&nbsp;<\/p>","protected":false},"excerpt":{"rendered":"<p>auf Lager<\/p>","protected":false},"featured_media":987509817,"template":"","meta":{"_et_pb_use_builder":"","_et_pb_old_content":"","_et_gb_content_width":""},"product_brand":[],"product_cat":[113],"product_tag":[],"class_list":{"0":"post-987509816","1":"product","2":"type-product","3":"status-publish","4":"has-post-thumbnail","6":"product_cat-invincia-standard","8":"first","9":"instock","10":"shipping-taxable","11":"purchasable","12":"product-type-simple"},"yoast_head":"<!-- This site is optimized with the Yoast SEO plugin v27.4 - https:\/\/yoast.com\/product\/yoast-seo-wordpress\/ -->\n<title>Invincia Rose Gold Stylo Bille - Falora - Shop<\/title>\n<meta name=\"robots\" content=\"index, follow, max-snippet:-1, max-image-preview:large, max-video-preview:-1\" \/>\n<link rel=\"canonical\" href=\"https:\/\/falora.ch\/de\/produkt\/invincia-rose-gold-stylo-bille\/\" \/>\n<meta property=\"og:locale\" content=\"de_DE\" \/>\n<meta property=\"og:type\" content=\"article\" \/>\n<meta property=\"og:title\" content=\"Invincia Rose Gold Stylo Bille - Falora - Shop\" \/>\n<meta property=\"og:description\" content=\"en stock\" \/>\n<meta property=\"og:url\" content=\"https:\/\/falora.ch\/de\/produkt\/invincia-rose-gold-stylo-bille\/\" \/>\n<meta property=\"og:site_name\" content=\"Falora - Shop\" \/>\n<meta property=\"og:image\" content=\"https:\/\/falora.ch\/wp-content\/uploads\/2025\/08\/Invincia_Carbon_Fiber_Rose_Gold-BP-1-Edit.webp\" \/>\n\t<meta property=\"og:image:width\" content=\"640\" \/>\n\t<meta property=\"og:image:height\" content=\"640\" \/>\n\t<meta property=\"og:image:type\" content=\"image\/webp\" \/>\n<meta name=\"twitter:card\" content=\"summary_large_image\" \/>\n<meta name=\"twitter:label1\" content=\"Gesch\u00e4tzte Lesezeit\" \/>\n\t<meta name=\"twitter:data1\" content=\"1\u00a0Minute\" \/>\n<script type=\"application\/ld+json\" class=\"yoast-schema-graph\">{\"@context\":\"https:\\\/\\\/schema.org\",\"@graph\":[{\"@type\":\"WebPage\",\"@id\":\"https:\\\/\\\/falora.ch\\\/produit\\\/invincia-rose-gold-stylo-bille\\\/\",\"url\":\"https:\\\/\\\/falora.ch\\\/produit\\\/invincia-rose-gold-stylo-bille\\\/\",\"name\":\"Invincia Rose Gold Stylo Bille - Falora - Shop\",\"isPartOf\":{\"@id\":\"https:\\\/\\\/falora.ch\\\/#website\"},\"primaryImageOfPage\":{\"@id\":\"https:\\\/\\\/falora.ch\\\/produit\\\/invincia-rose-gold-stylo-bille\\\/#primaryimage\"},\"image\":{\"@id\":\"https:\\\/\\\/falora.ch\\\/produit\\\/invincia-rose-gold-stylo-bille\\\/#primaryimage\"},\"thumbnailUrl\":\"https:\\\/\\\/falora.ch\\\/wp-content\\\/uploads\\\/2025\\\/08\\\/Invincia_Carbon_Fiber_Rose_Gold-BP-1-Edit.webp\",\"datePublished\":\"2025-08-27T13:27:25+00:00\",\"breadcrumb\":{\"@id\":\"https:\\\/\\\/falora.ch\\\/produit\\\/invincia-rose-gold-stylo-bille\\\/#breadcrumb\"},\"inLanguage\":\"de\",\"potentialAction\":[{\"@type\":\"ReadAction\",\"target\":[\"https:\\\/\\\/falora.ch\\\/produit\\\/invincia-rose-gold-stylo-bille\\\/\"]}]},{\"@type\":\"ImageObject\",\"inLanguage\":\"de\",\"@id\":\"https:\\\/\\\/falora.ch\\\/produit\\\/invincia-rose-gold-stylo-bille\\\/#primaryimage\",\"url\":\"https:\\\/\\\/falora.ch\\\/wp-content\\\/uploads\\\/2025\\\/08\\\/Invincia_Carbon_Fiber_Rose_Gold-BP-1-Edit.webp\",\"contentUrl\":\"https:\\\/\\\/falora.ch\\\/wp-content\\\/uploads\\\/2025\\\/08\\\/Invincia_Carbon_Fiber_Rose_Gold-BP-1-Edit.webp\",\"width\":640,\"height\":640,\"caption\":\"Invincia Carbon Fiber Rose Gold BP 1 Edit\"},{\"@type\":\"BreadcrumbList\",\"@id\":\"https:\\\/\\\/falora.ch\\\/produit\\\/invincia-rose-gold-stylo-bille\\\/#breadcrumb\",\"itemListElement\":[{\"@type\":\"ListItem\",\"position\":1,\"name\":\"Accueil\",\"item\":\"https:\\\/\\\/falora.ch\\\/\"},{\"@type\":\"ListItem\",\"position\":2,\"name\":\"Boutique\",\"item\":\"https:\\\/\\\/falora.ch\\\/boutique\\\/\"},{\"@type\":\"ListItem\",\"position\":3,\"name\":\"Invincia Rose Gold Stylo Bille\"}]},{\"@type\":\"WebSite\",\"@id\":\"https:\\\/\\\/falora.ch\\\/#website\",\"url\":\"https:\\\/\\\/falora.ch\\\/\",\"name\":\"Falora - Shop\",\"description\":\"\",\"publisher\":{\"@id\":\"https:\\\/\\\/falora.ch\\\/#organization\"},\"potentialAction\":[{\"@type\":\"SearchAction\",\"target\":{\"@type\":\"EntryPoint\",\"urlTemplate\":\"https:\\\/\\\/falora.ch\\\/?s={search_term_string}\"},\"query-input\":{\"@type\":\"PropertyValueSpecification\",\"valueRequired\":true,\"valueName\":\"search_term_string\"}}],\"inLanguage\":\"de\"},{\"@type\":\"Organization\",\"@id\":\"https:\\\/\\\/falora.ch\\\/#organization\",\"name\":\"Falora - Shop\",\"url\":\"https:\\\/\\\/falora.ch\\\/\",\"logo\":{\"@type\":\"ImageObject\",\"inLanguage\":\"de\",\"@id\":\"https:\\\/\\\/falora.ch\\\/#\\\/schema\\\/logo\\\/image\\\/\",\"url\":\"https:\\\/\\\/falora.ch\\\/wp-content\\\/uploads\\\/2025\\\/02\\\/logo.png\",\"contentUrl\":\"https:\\\/\\\/falora.ch\\\/wp-content\\\/uploads\\\/2025\\\/02\\\/logo.png\",\"width\":952,\"height\":165,\"caption\":\"Falora - Shop\"},\"image\":{\"@id\":\"https:\\\/\\\/falora.ch\\\/#\\\/schema\\\/logo\\\/image\\\/\"}}]}<\/script>\n<!-- \/ Yoast SEO plugin. -->","yoast_head_json":{"title":"Invincia Rose Gold Stylo Bille - Falora - Shop","robots":{"index":"index","follow":"follow","max-snippet":"max-snippet:-1","max-image-preview":"max-image-preview:large","max-video-preview":"max-video-preview:-1"},"canonical":"https:\/\/falora.ch\/de\/produkt\/invincia-rose-gold-stylo-bille\/","og_locale":"de_DE","og_type":"article","og_title":"Invincia Rose Gold Stylo Bille - Falora - Shop","og_description":"en stock","og_url":"https:\/\/falora.ch\/de\/produkt\/invincia-rose-gold-stylo-bille\/","og_site_name":"Falora - Shop","og_image":[{"width":640,"height":640,"url":"https:\/\/falora.ch\/wp-content\/uploads\/2025\/08\/Invincia_Carbon_Fiber_Rose_Gold-BP-1-Edit.webp","type":"image\/webp"}],"twitter_card":"summary_large_image","twitter_misc":{"Gesch\u00e4tzte Lesezeit":"1\u00a0Minute"},"schema":{"@context":"https:\/\/schema.org","@graph":[{"@type":"WebPage","@id":"https:\/\/falora.ch\/produit\/invincia-rose-gold-stylo-bille\/","url":"https:\/\/falora.ch\/produit\/invincia-rose-gold-stylo-bille\/","name":"Invincia Rose Gold Stylo Bille - Falora - Shop","isPartOf":{"@id":"https:\/\/falora.ch\/#website"},"primaryImageOfPage":{"@id":"https:\/\/falora.ch\/produit\/invincia-rose-gold-stylo-bille\/#primaryimage"},"image":{"@id":"https:\/\/falora.ch\/produit\/invincia-rose-gold-stylo-bille\/#primaryimage"},"thumbnailUrl":"https:\/\/falora.ch\/wp-content\/uploads\/2025\/08\/Invincia_Carbon_Fiber_Rose_Gold-BP-1-Edit.webp","datePublished":"2025-08-27T13:27:25+00:00","breadcrumb":{"@id":"https:\/\/falora.ch\/produit\/invincia-rose-gold-stylo-bille\/#breadcrumb"},"inLanguage":"de","potentialAction":[{"@type":"ReadAction","target":["https:\/\/falora.ch\/produit\/invincia-rose-gold-stylo-bille\/"]}]},{"@type":"ImageObject","inLanguage":"de","@id":"https:\/\/falora.ch\/produit\/invincia-rose-gold-stylo-bille\/#primaryimage","url":"https:\/\/falora.ch\/wp-content\/uploads\/2025\/08\/Invincia_Carbon_Fiber_Rose_Gold-BP-1-Edit.webp","contentUrl":"https:\/\/falora.ch\/wp-content\/uploads\/2025\/08\/Invincia_Carbon_Fiber_Rose_Gold-BP-1-Edit.webp","width":640,"height":640,"caption":"Invincia Carbon Fiber Rose Gold BP 1 Edit"},{"@type":"BreadcrumbList","@id":"https:\/\/falora.ch\/produit\/invincia-rose-gold-stylo-bille\/#breadcrumb","itemListElement":[{"@type":"ListItem","position":1,"name":"Accueil","item":"https:\/\/falora.ch\/"},{"@type":"ListItem","position":2,"name":"Boutique","item":"https:\/\/falora.ch\/boutique\/"},{"@type":"ListItem","position":3,"name":"Invincia Rose Gold Stylo Bille"}]},{"@type":"WebSite","@id":"https:\/\/falora.ch\/#website","url":"https:\/\/falora.ch\/","name":"Falora - Shop","description":"","publisher":{"@id":"https:\/\/falora.ch\/#organization"},"potentialAction":[{"@type":"SearchAction","target":{"@type":"EntryPoint","urlTemplate":"https:\/\/falora.ch\/?s={search_term_string}"},"query-input":{"@type":"PropertyValueSpecification","valueRequired":true,"valueName":"search_term_string"}}],"inLanguage":"de"},{"@type":"Organization","@id":"https:\/\/falora.ch\/#organization","name":"Falora - Shop","url":"https:\/\/falora.ch\/","logo":{"@type":"ImageObject","inLanguage":"de","@id":"https:\/\/falora.ch\/#\/schema\/logo\/image\/","url":"https:\/\/falora.ch\/wp-content\/uploads\/2025\/02\/logo.png","contentUrl":"https:\/\/falora.ch\/wp-content\/uploads\/2025\/02\/logo.png","width":952,"height":165,"caption":"Falora - Shop"},"image":{"@id":"https:\/\/falora.ch\/#\/schema\/logo\/image\/"}}]}},"_links":{"self":[{"href":"https:\/\/falora.ch\/de\/wp-json\/wp\/v2\/product\/987509816","targetHints":{"allow":["GET"]}}],"collection":[{"href":"https:\/\/falora.ch\/de\/wp-json\/wp\/v2\/product"}],"about":[{"href":"https:\/\/falora.ch\/de\/wp-json\/wp\/v2\/types\/product"}],"wp:featuredmedia":[{"embeddable":true,"href":"https:\/\/falora.ch\/de\/wp-json\/wp\/v2\/media\/987509817"}],"wp:attachment":[{"href":"https:\/\/falora.ch\/de\/wp-json\/wp\/v2\/media?parent=987509816"}],"wp:term":[{"taxonomy":"product_brand","embeddable":true,"href":"https:\/\/falora.ch\/de\/wp-json\/wp\/v2\/product_brand?post=987509816"},{"taxonomy":"product_cat","embeddable":true,"href":"https:\/\/falora.ch\/de\/wp-json\/wp\/v2\/product_cat?post=987509816"},{"taxonomy":"product_tag","embeddable":true,"href":"https:\/\/falora.ch\/de\/wp-json\/wp\/v2\/product_tag?post=987509816"}],"curies":[{"name":"wp","href":"https:\/\/api.w.org\/{rel}","templated":true}]}}