{"id":987509826,"date":"2025-08-27T13:34:36","date_gmt":"2025-08-27T13:34:36","guid":{"rendered":"https:\/\/falora.ch\/?post_type=product&#038;p=987509826"},"modified":"2025-08-27T13:34:37","modified_gmt":"2025-08-27T13:34:37","slug":"invincia-rose-gold-stylo-roller","status":"publish","type":"product","link":"https:\/\/falora.ch\/de\/produkt\/invincia-rose-gold-stylo-roller\/","title":{"rendered":"Invincia Tintenroller in Ros\u00e9gold"},"content":{"rendered":"<p>Der Invincia Rose Gold Tintenroller von Monteverde USA ist ein ausdrucksstarker Ausdruck von Stil und Eleganz. Sein strahlender Ros\u00e9gold-Schaft wird durch kontrastierende schwarze Verzierungen wundersch\u00f6n akzentuiert und verleiht ihm ein edles und luxuri\u00f6ses Erscheinungsbild. Der aus massivem Messing gefertigte Stift hat ein hervorragendes Gewicht und eine hervorragende Balance und verbessert das Schreiberlebnis, egal ob f\u00fcr kurze Notizen oder l\u00e4ngere Tagebucheintr\u00e4ge. Die Pr\u00e4zisions-Tintenrollerspitze gleitet dank internationaler Standardminen sanft \u00fcber das Papier und sorgt f\u00fcr eine m\u00fchelose, unterbrechungsfreie Tintenabgabe. Dieser Tintenroller ist ein ideales Geschenk f\u00fcr Stiftliebhaber und Profis, die zeitloses Design sch\u00e4tzen. Er wird in einer Monteverde-Geschenkbox geliefert und beeindruckt. Ob auf dem Schreibtisch, im Terminplaner oder in der Anzugtasche \u2013 der Invincia Rose Gold setzt ein starkes und elegantes Statement.<\/p>\n<p>MOQ 1<\/p>\n<p>Art.-Nr. MV40061<\/p>\n<p>&nbsp;<\/p>","protected":false},"excerpt":{"rendered":"<p>auf Lager<\/p>","protected":false},"featured_media":987509828,"template":"","meta":{"_et_pb_use_builder":"","_et_pb_old_content":"","_et_gb_content_width":""},"product_brand":[],"product_cat":[113],"product_tag":[],"class_list":{"0":"post-987509826","1":"product","2":"type-product","3":"status-publish","4":"has-post-thumbnail","6":"product_cat-invincia-standard","8":"first","9":"instock","10":"shipping-taxable","11":"purchasable","12":"product-type-simple"},"yoast_head":"<!-- This site is optimized with the Yoast SEO plugin v27.4 - https:\/\/yoast.com\/product\/yoast-seo-wordpress\/ -->\n<title>Invincia Rose Gold Stylo roller - Falora - Shop<\/title>\n<meta name=\"robots\" content=\"index, follow, max-snippet:-1, max-image-preview:large, max-video-preview:-1\" \/>\n<link rel=\"canonical\" href=\"https:\/\/falora.ch\/de\/produkt\/invincia-rose-gold-stylo-roller\/\" \/>\n<meta property=\"og:locale\" content=\"de_DE\" \/>\n<meta property=\"og:type\" content=\"article\" \/>\n<meta property=\"og:title\" content=\"Invincia Rose Gold Stylo roller - Falora - Shop\" \/>\n<meta property=\"og:description\" content=\"en stock\" \/>\n<meta property=\"og:url\" content=\"https:\/\/falora.ch\/de\/produkt\/invincia-rose-gold-stylo-roller\/\" \/>\n<meta property=\"og:site_name\" content=\"Falora - Shop\" \/>\n<meta property=\"article:modified_time\" content=\"2025-08-27T13:34:37+00:00\" \/>\n<meta property=\"og:image\" content=\"https:\/\/falora.ch\/wp-content\/uploads\/2025\/08\/Invincia_Carbon_Fiber_Rose_Gold-FP-13-Edit_31389098-7d21-48ba-b763-a8603b3502f3.webp\" \/>\n\t<meta property=\"og:image:width\" content=\"640\" \/>\n\t<meta property=\"og:image:height\" content=\"640\" \/>\n\t<meta property=\"og:image:type\" content=\"image\/webp\" \/>\n<meta name=\"twitter:card\" content=\"summary_large_image\" \/>\n<meta name=\"twitter:label1\" content=\"Gesch\u00e4tzte Lesezeit\" \/>\n\t<meta name=\"twitter:data1\" content=\"1\u00a0Minute\" \/>\n<script type=\"application\/ld+json\" class=\"yoast-schema-graph\">{\"@context\":\"https:\\\/\\\/schema.org\",\"@graph\":[{\"@type\":\"WebPage\",\"@id\":\"https:\\\/\\\/falora.ch\\\/produit\\\/invincia-rose-gold-stylo-roller\\\/\",\"url\":\"https:\\\/\\\/falora.ch\\\/produit\\\/invincia-rose-gold-stylo-roller\\\/\",\"name\":\"Invincia Rose Gold Stylo roller - Falora - Shop\",\"isPartOf\":{\"@id\":\"https:\\\/\\\/falora.ch\\\/#website\"},\"primaryImageOfPage\":{\"@id\":\"https:\\\/\\\/falora.ch\\\/produit\\\/invincia-rose-gold-stylo-roller\\\/#primaryimage\"},\"image\":{\"@id\":\"https:\\\/\\\/falora.ch\\\/produit\\\/invincia-rose-gold-stylo-roller\\\/#primaryimage\"},\"thumbnailUrl\":\"https:\\\/\\\/falora.ch\\\/wp-content\\\/uploads\\\/2025\\\/08\\\/Invincia_Carbon_Fiber_Rose_Gold-FP-13-Edit_31389098-7d21-48ba-b763-a8603b3502f3.webp\",\"datePublished\":\"2025-08-27T13:34:36+00:00\",\"dateModified\":\"2025-08-27T13:34:37+00:00\",\"breadcrumb\":{\"@id\":\"https:\\\/\\\/falora.ch\\\/produit\\\/invincia-rose-gold-stylo-roller\\\/#breadcrumb\"},\"inLanguage\":\"de\",\"potentialAction\":[{\"@type\":\"ReadAction\",\"target\":[\"https:\\\/\\\/falora.ch\\\/produit\\\/invincia-rose-gold-stylo-roller\\\/\"]}]},{\"@type\":\"ImageObject\",\"inLanguage\":\"de\",\"@id\":\"https:\\\/\\\/falora.ch\\\/produit\\\/invincia-rose-gold-stylo-roller\\\/#primaryimage\",\"url\":\"https:\\\/\\\/falora.ch\\\/wp-content\\\/uploads\\\/2025\\\/08\\\/Invincia_Carbon_Fiber_Rose_Gold-FP-13-Edit_31389098-7d21-48ba-b763-a8603b3502f3.webp\",\"contentUrl\":\"https:\\\/\\\/falora.ch\\\/wp-content\\\/uploads\\\/2025\\\/08\\\/Invincia_Carbon_Fiber_Rose_Gold-FP-13-Edit_31389098-7d21-48ba-b763-a8603b3502f3.webp\",\"width\":640,\"height\":640,\"caption\":\"Invincia Carbon Fiber Rose Gold FP 13 Edit 31389098 7d21 48ba b763 a8603b3502f3\"},{\"@type\":\"BreadcrumbList\",\"@id\":\"https:\\\/\\\/falora.ch\\\/produit\\\/invincia-rose-gold-stylo-roller\\\/#breadcrumb\",\"itemListElement\":[{\"@type\":\"ListItem\",\"position\":1,\"name\":\"Accueil\",\"item\":\"https:\\\/\\\/falora.ch\\\/\"},{\"@type\":\"ListItem\",\"position\":2,\"name\":\"Boutique\",\"item\":\"https:\\\/\\\/falora.ch\\\/boutique\\\/\"},{\"@type\":\"ListItem\",\"position\":3,\"name\":\"Invincia Rose Gold Stylo roller\"}]},{\"@type\":\"WebSite\",\"@id\":\"https:\\\/\\\/falora.ch\\\/#website\",\"url\":\"https:\\\/\\\/falora.ch\\\/\",\"name\":\"Falora - Shop\",\"description\":\"\",\"publisher\":{\"@id\":\"https:\\\/\\\/falora.ch\\\/#organization\"},\"potentialAction\":[{\"@type\":\"SearchAction\",\"target\":{\"@type\":\"EntryPoint\",\"urlTemplate\":\"https:\\\/\\\/falora.ch\\\/?s={search_term_string}\"},\"query-input\":{\"@type\":\"PropertyValueSpecification\",\"valueRequired\":true,\"valueName\":\"search_term_string\"}}],\"inLanguage\":\"de\"},{\"@type\":\"Organization\",\"@id\":\"https:\\\/\\\/falora.ch\\\/#organization\",\"name\":\"Falora - Shop\",\"url\":\"https:\\\/\\\/falora.ch\\\/\",\"logo\":{\"@type\":\"ImageObject\",\"inLanguage\":\"de\",\"@id\":\"https:\\\/\\\/falora.ch\\\/#\\\/schema\\\/logo\\\/image\\\/\",\"url\":\"https:\\\/\\\/falora.ch\\\/wp-content\\\/uploads\\\/2025\\\/02\\\/logo.png\",\"contentUrl\":\"https:\\\/\\\/falora.ch\\\/wp-content\\\/uploads\\\/2025\\\/02\\\/logo.png\",\"width\":952,\"height\":165,\"caption\":\"Falora - Shop\"},\"image\":{\"@id\":\"https:\\\/\\\/falora.ch\\\/#\\\/schema\\\/logo\\\/image\\\/\"}}]}<\/script>\n<!-- \/ Yoast SEO plugin. -->","yoast_head_json":{"title":"Invincia Rose Gold Stylo roller - Falora - Shop","robots":{"index":"index","follow":"follow","max-snippet":"max-snippet:-1","max-image-preview":"max-image-preview:large","max-video-preview":"max-video-preview:-1"},"canonical":"https:\/\/falora.ch\/de\/produkt\/invincia-rose-gold-stylo-roller\/","og_locale":"de_DE","og_type":"article","og_title":"Invincia Rose Gold Stylo roller - Falora - Shop","og_description":"en stock","og_url":"https:\/\/falora.ch\/de\/produkt\/invincia-rose-gold-stylo-roller\/","og_site_name":"Falora - Shop","article_modified_time":"2025-08-27T13:34:37+00:00","og_image":[{"width":640,"height":640,"url":"https:\/\/falora.ch\/wp-content\/uploads\/2025\/08\/Invincia_Carbon_Fiber_Rose_Gold-FP-13-Edit_31389098-7d21-48ba-b763-a8603b3502f3.webp","type":"image\/webp"}],"twitter_card":"summary_large_image","twitter_misc":{"Gesch\u00e4tzte Lesezeit":"1\u00a0Minute"},"schema":{"@context":"https:\/\/schema.org","@graph":[{"@type":"WebPage","@id":"https:\/\/falora.ch\/produit\/invincia-rose-gold-stylo-roller\/","url":"https:\/\/falora.ch\/produit\/invincia-rose-gold-stylo-roller\/","name":"Invincia Rose Gold Stylo roller - Falora - Shop","isPartOf":{"@id":"https:\/\/falora.ch\/#website"},"primaryImageOfPage":{"@id":"https:\/\/falora.ch\/produit\/invincia-rose-gold-stylo-roller\/#primaryimage"},"image":{"@id":"https:\/\/falora.ch\/produit\/invincia-rose-gold-stylo-roller\/#primaryimage"},"thumbnailUrl":"https:\/\/falora.ch\/wp-content\/uploads\/2025\/08\/Invincia_Carbon_Fiber_Rose_Gold-FP-13-Edit_31389098-7d21-48ba-b763-a8603b3502f3.webp","datePublished":"2025-08-27T13:34:36+00:00","dateModified":"2025-08-27T13:34:37+00:00","breadcrumb":{"@id":"https:\/\/falora.ch\/produit\/invincia-rose-gold-stylo-roller\/#breadcrumb"},"inLanguage":"de","potentialAction":[{"@type":"ReadAction","target":["https:\/\/falora.ch\/produit\/invincia-rose-gold-stylo-roller\/"]}]},{"@type":"ImageObject","inLanguage":"de","@id":"https:\/\/falora.ch\/produit\/invincia-rose-gold-stylo-roller\/#primaryimage","url":"https:\/\/falora.ch\/wp-content\/uploads\/2025\/08\/Invincia_Carbon_Fiber_Rose_Gold-FP-13-Edit_31389098-7d21-48ba-b763-a8603b3502f3.webp","contentUrl":"https:\/\/falora.ch\/wp-content\/uploads\/2025\/08\/Invincia_Carbon_Fiber_Rose_Gold-FP-13-Edit_31389098-7d21-48ba-b763-a8603b3502f3.webp","width":640,"height":640,"caption":"Invincia Carbon Fiber Rose Gold FP 13 Edit 31389098 7d21 48ba b763 a8603b3502f3"},{"@type":"BreadcrumbList","@id":"https:\/\/falora.ch\/produit\/invincia-rose-gold-stylo-roller\/#breadcrumb","itemListElement":[{"@type":"ListItem","position":1,"name":"Accueil","item":"https:\/\/falora.ch\/"},{"@type":"ListItem","position":2,"name":"Boutique","item":"https:\/\/falora.ch\/boutique\/"},{"@type":"ListItem","position":3,"name":"Invincia Rose Gold Stylo roller"}]},{"@type":"WebSite","@id":"https:\/\/falora.ch\/#website","url":"https:\/\/falora.ch\/","name":"Falora - Shop","description":"","publisher":{"@id":"https:\/\/falora.ch\/#organization"},"potentialAction":[{"@type":"SearchAction","target":{"@type":"EntryPoint","urlTemplate":"https:\/\/falora.ch\/?s={search_term_string}"},"query-input":{"@type":"PropertyValueSpecification","valueRequired":true,"valueName":"search_term_string"}}],"inLanguage":"de"},{"@type":"Organization","@id":"https:\/\/falora.ch\/#organization","name":"Falora - Shop","url":"https:\/\/falora.ch\/","logo":{"@type":"ImageObject","inLanguage":"de","@id":"https:\/\/falora.ch\/#\/schema\/logo\/image\/","url":"https:\/\/falora.ch\/wp-content\/uploads\/2025\/02\/logo.png","contentUrl":"https:\/\/falora.ch\/wp-content\/uploads\/2025\/02\/logo.png","width":952,"height":165,"caption":"Falora - Shop"},"image":{"@id":"https:\/\/falora.ch\/#\/schema\/logo\/image\/"}}]}},"_links":{"self":[{"href":"https:\/\/falora.ch\/de\/wp-json\/wp\/v2\/product\/987509826","targetHints":{"allow":["GET"]}}],"collection":[{"href":"https:\/\/falora.ch\/de\/wp-json\/wp\/v2\/product"}],"about":[{"href":"https:\/\/falora.ch\/de\/wp-json\/wp\/v2\/types\/product"}],"wp:featuredmedia":[{"embeddable":true,"href":"https:\/\/falora.ch\/de\/wp-json\/wp\/v2\/media\/987509828"}],"wp:attachment":[{"href":"https:\/\/falora.ch\/de\/wp-json\/wp\/v2\/media?parent=987509826"}],"wp:term":[{"taxonomy":"product_brand","embeddable":true,"href":"https:\/\/falora.ch\/de\/wp-json\/wp\/v2\/product_brand?post=987509826"},{"taxonomy":"product_cat","embeddable":true,"href":"https:\/\/falora.ch\/de\/wp-json\/wp\/v2\/product_cat?post=987509826"},{"taxonomy":"product_tag","embeddable":true,"href":"https:\/\/falora.ch\/de\/wp-json\/wp\/v2\/product_tag?post=987509826"}],"curies":[{"name":"wp","href":"https:\/\/api.w.org\/{rel}","templated":true}]}}