{"id":987509855,"date":"2025-08-27T13:58:48","date_gmt":"2025-08-27T13:58:48","guid":{"rendered":"https:\/\/falora.ch\/?post_type=product&#038;p=987509855"},"modified":"2025-08-27T13:58:49","modified_gmt":"2025-08-27T13:58:49","slug":"invincia-chrome-carbone-fiber-stylo-bille","status":"publish","type":"product","link":"https:\/\/falora.ch\/de\/produkt\/invincia-chrome-carbone-fiber-stylo-bille\/","title":{"rendered":"Invincia Chrom-Kugelschreiber aus Kohlefaser"},"content":{"rendered":"<p>Der Monteverde USA Invincia Chrome Kugelschreiber bietet leistungsstarkes Schreiben mit einem kr\u00e4ftigen, hochglanzpolierten Chrom-Design. Der aus robustem, massivem Messing gefertigte Stift bietet ein angenehmes Gewicht und eine angenehme Balance und ist somit ideal f\u00fcr das t\u00e4gliche Schreiben oder Verschenken. Der Drehmechanismus sorgt f\u00fcr m\u00fchelose Tintenabgabe, w\u00e4hrend das nachf\u00fcllbare Design eine langfristige Nutzung mit Standard-Kugelschreiberminen von Monteverde oder Parker gew\u00e4hrleistet. Sein schlankes Profil und die polierten Akzente werten jeden Schreibtisch oder Schreibtisch auf. Ob bei Gesch\u00e4ftstreffen, beim Tagebuchschreiben oder bei allt\u00e4glichen Aufgaben \u2013 der Invincia Chrome Kugelschreiber besticht durch seine raffinierte Eleganz und praktische Funktionalit\u00e4t. Pr\u00e4sentiert in einer stilvollen Monteverde-Geschenkbox ist er ein unvergessliches Geschenk f\u00fcr Berufst\u00e4tige, Studenten oder Sammler, die ein geschmeidiges, stilvolles und zuverl\u00e4ssiges Schreibger\u00e4t suchen, das Eindruck macht.<\/p>\n<p>MOQ 1<\/p>\n<p>Art.-Nr. MV40063<\/p>\n<p>EAN 080333400630<\/p>\n<p>&nbsp;<\/p>","protected":false},"excerpt":{"rendered":"<p>auf Lager<\/p>","protected":false},"featured_media":987509856,"template":"","meta":{"_et_pb_use_builder":"","_et_pb_old_content":"","_et_gb_content_width":""},"product_brand":[],"product_cat":[113],"product_tag":[],"class_list":{"0":"post-987509855","1":"product","2":"type-product","3":"status-publish","4":"has-post-thumbnail","6":"product_cat-invincia-standard","8":"first","9":"instock","10":"shipping-taxable","11":"purchasable","12":"product-type-simple"},"yoast_head":"<!-- This site is optimized with the Yoast SEO plugin v27.3 - https:\/\/yoast.com\/product\/yoast-seo-wordpress\/ -->\n<title>Invincia Chrome Carbone Fiber Stylo Bille - Falora - Shop<\/title>\n<meta name=\"robots\" content=\"index, follow, max-snippet:-1, max-image-preview:large, max-video-preview:-1\" \/>\n<link rel=\"canonical\" href=\"https:\/\/falora.ch\/de\/produkt\/invincia-chrome-carbone-fiber-stylo-bille\/\" \/>\n<meta property=\"og:locale\" content=\"de_DE\" \/>\n<meta property=\"og:type\" content=\"article\" \/>\n<meta property=\"og:title\" content=\"Invincia Chrome Carbone Fiber Stylo Bille - Falora - Shop\" \/>\n<meta property=\"og:description\" content=\"en stock\" \/>\n<meta property=\"og:url\" content=\"https:\/\/falora.ch\/de\/produkt\/invincia-chrome-carbone-fiber-stylo-bille\/\" \/>\n<meta property=\"og:site_name\" content=\"Falora - Shop\" \/>\n<meta property=\"article:modified_time\" content=\"2025-08-27T13:58:49+00:00\" \/>\n<meta property=\"og:image\" content=\"https:\/\/falora.ch\/wp-content\/uploads\/2025\/08\/chr.webp\" \/>\n\t<meta property=\"og:image:width\" content=\"640\" \/>\n\t<meta property=\"og:image:height\" content=\"640\" \/>\n\t<meta property=\"og:image:type\" content=\"image\/webp\" \/>\n<meta name=\"twitter:card\" content=\"summary_large_image\" \/>\n<meta name=\"twitter:label1\" content=\"Gesch\u00e4tzte Lesezeit\" \/>\n\t<meta name=\"twitter:data1\" content=\"2\u00a0Minuten\" \/>\n<script type=\"application\/ld+json\" class=\"yoast-schema-graph\">{\"@context\":\"https:\\\/\\\/schema.org\",\"@graph\":[{\"@type\":\"WebPage\",\"@id\":\"https:\\\/\\\/falora.ch\\\/produit\\\/invincia-chrome-carbone-fiber-stylo-bille\\\/\",\"url\":\"https:\\\/\\\/falora.ch\\\/produit\\\/invincia-chrome-carbone-fiber-stylo-bille\\\/\",\"name\":\"Invincia Chrome Carbone Fiber Stylo Bille - Falora - Shop\",\"isPartOf\":{\"@id\":\"https:\\\/\\\/falora.ch\\\/#website\"},\"primaryImageOfPage\":{\"@id\":\"https:\\\/\\\/falora.ch\\\/produit\\\/invincia-chrome-carbone-fiber-stylo-bille\\\/#primaryimage\"},\"image\":{\"@id\":\"https:\\\/\\\/falora.ch\\\/produit\\\/invincia-chrome-carbone-fiber-stylo-bille\\\/#primaryimage\"},\"thumbnailUrl\":\"https:\\\/\\\/falora.ch\\\/wp-content\\\/uploads\\\/2025\\\/08\\\/chr.webp\",\"datePublished\":\"2025-08-27T13:58:48+00:00\",\"dateModified\":\"2025-08-27T13:58:49+00:00\",\"breadcrumb\":{\"@id\":\"https:\\\/\\\/falora.ch\\\/produit\\\/invincia-chrome-carbone-fiber-stylo-bille\\\/#breadcrumb\"},\"inLanguage\":\"de\",\"potentialAction\":[{\"@type\":\"ReadAction\",\"target\":[\"https:\\\/\\\/falora.ch\\\/produit\\\/invincia-chrome-carbone-fiber-stylo-bille\\\/\"]}]},{\"@type\":\"ImageObject\",\"inLanguage\":\"de\",\"@id\":\"https:\\\/\\\/falora.ch\\\/produit\\\/invincia-chrome-carbone-fiber-stylo-bille\\\/#primaryimage\",\"url\":\"https:\\\/\\\/falora.ch\\\/wp-content\\\/uploads\\\/2025\\\/08\\\/chr.webp\",\"contentUrl\":\"https:\\\/\\\/falora.ch\\\/wp-content\\\/uploads\\\/2025\\\/08\\\/chr.webp\",\"width\":640,\"height\":640,\"caption\":\"chr\"},{\"@type\":\"BreadcrumbList\",\"@id\":\"https:\\\/\\\/falora.ch\\\/produit\\\/invincia-chrome-carbone-fiber-stylo-bille\\\/#breadcrumb\",\"itemListElement\":[{\"@type\":\"ListItem\",\"position\":1,\"name\":\"Accueil\",\"item\":\"https:\\\/\\\/falora.ch\\\/\"},{\"@type\":\"ListItem\",\"position\":2,\"name\":\"Boutique\",\"item\":\"https:\\\/\\\/falora.ch\\\/boutique\\\/\"},{\"@type\":\"ListItem\",\"position\":3,\"name\":\"Invincia Chrome Carbone Fiber Stylo Bille\"}]},{\"@type\":\"WebSite\",\"@id\":\"https:\\\/\\\/falora.ch\\\/#website\",\"url\":\"https:\\\/\\\/falora.ch\\\/\",\"name\":\"Falora - Shop\",\"description\":\"\",\"publisher\":{\"@id\":\"https:\\\/\\\/falora.ch\\\/#organization\"},\"potentialAction\":[{\"@type\":\"SearchAction\",\"target\":{\"@type\":\"EntryPoint\",\"urlTemplate\":\"https:\\\/\\\/falora.ch\\\/?s={search_term_string}\"},\"query-input\":{\"@type\":\"PropertyValueSpecification\",\"valueRequired\":true,\"valueName\":\"search_term_string\"}}],\"inLanguage\":\"de\"},{\"@type\":\"Organization\",\"@id\":\"https:\\\/\\\/falora.ch\\\/#organization\",\"name\":\"Falora - Shop\",\"url\":\"https:\\\/\\\/falora.ch\\\/\",\"logo\":{\"@type\":\"ImageObject\",\"inLanguage\":\"de\",\"@id\":\"https:\\\/\\\/falora.ch\\\/#\\\/schema\\\/logo\\\/image\\\/\",\"url\":\"https:\\\/\\\/falora.ch\\\/wp-content\\\/uploads\\\/2025\\\/02\\\/logo.png\",\"contentUrl\":\"https:\\\/\\\/falora.ch\\\/wp-content\\\/uploads\\\/2025\\\/02\\\/logo.png\",\"width\":952,\"height\":165,\"caption\":\"Falora - Shop\"},\"image\":{\"@id\":\"https:\\\/\\\/falora.ch\\\/#\\\/schema\\\/logo\\\/image\\\/\"}}]}<\/script>\n<!-- \/ Yoast SEO plugin. -->","yoast_head_json":{"title":"Invincia Chrome Carbone Fiber Stylo Bille - Falora - Shop","robots":{"index":"index","follow":"follow","max-snippet":"max-snippet:-1","max-image-preview":"max-image-preview:large","max-video-preview":"max-video-preview:-1"},"canonical":"https:\/\/falora.ch\/de\/produkt\/invincia-chrome-carbone-fiber-stylo-bille\/","og_locale":"de_DE","og_type":"article","og_title":"Invincia Chrome Carbone Fiber Stylo Bille - Falora - Shop","og_description":"en stock","og_url":"https:\/\/falora.ch\/de\/produkt\/invincia-chrome-carbone-fiber-stylo-bille\/","og_site_name":"Falora - Shop","article_modified_time":"2025-08-27T13:58:49+00:00","og_image":[{"width":640,"height":640,"url":"https:\/\/falora.ch\/wp-content\/uploads\/2025\/08\/chr.webp","type":"image\/webp"}],"twitter_card":"summary_large_image","twitter_misc":{"Gesch\u00e4tzte Lesezeit":"2\u00a0Minuten"},"schema":{"@context":"https:\/\/schema.org","@graph":[{"@type":"WebPage","@id":"https:\/\/falora.ch\/produit\/invincia-chrome-carbone-fiber-stylo-bille\/","url":"https:\/\/falora.ch\/produit\/invincia-chrome-carbone-fiber-stylo-bille\/","name":"Invincia Chrome Carbone Fiber Stylo Bille - Falora - Shop","isPartOf":{"@id":"https:\/\/falora.ch\/#website"},"primaryImageOfPage":{"@id":"https:\/\/falora.ch\/produit\/invincia-chrome-carbone-fiber-stylo-bille\/#primaryimage"},"image":{"@id":"https:\/\/falora.ch\/produit\/invincia-chrome-carbone-fiber-stylo-bille\/#primaryimage"},"thumbnailUrl":"https:\/\/falora.ch\/wp-content\/uploads\/2025\/08\/chr.webp","datePublished":"2025-08-27T13:58:48+00:00","dateModified":"2025-08-27T13:58:49+00:00","breadcrumb":{"@id":"https:\/\/falora.ch\/produit\/invincia-chrome-carbone-fiber-stylo-bille\/#breadcrumb"},"inLanguage":"de","potentialAction":[{"@type":"ReadAction","target":["https:\/\/falora.ch\/produit\/invincia-chrome-carbone-fiber-stylo-bille\/"]}]},{"@type":"ImageObject","inLanguage":"de","@id":"https:\/\/falora.ch\/produit\/invincia-chrome-carbone-fiber-stylo-bille\/#primaryimage","url":"https:\/\/falora.ch\/wp-content\/uploads\/2025\/08\/chr.webp","contentUrl":"https:\/\/falora.ch\/wp-content\/uploads\/2025\/08\/chr.webp","width":640,"height":640,"caption":"chr"},{"@type":"BreadcrumbList","@id":"https:\/\/falora.ch\/produit\/invincia-chrome-carbone-fiber-stylo-bille\/#breadcrumb","itemListElement":[{"@type":"ListItem","position":1,"name":"Accueil","item":"https:\/\/falora.ch\/"},{"@type":"ListItem","position":2,"name":"Boutique","item":"https:\/\/falora.ch\/boutique\/"},{"@type":"ListItem","position":3,"name":"Invincia Chrome Carbone Fiber Stylo Bille"}]},{"@type":"WebSite","@id":"https:\/\/falora.ch\/#website","url":"https:\/\/falora.ch\/","name":"Falora - Shop","description":"","publisher":{"@id":"https:\/\/falora.ch\/#organization"},"potentialAction":[{"@type":"SearchAction","target":{"@type":"EntryPoint","urlTemplate":"https:\/\/falora.ch\/?s={search_term_string}"},"query-input":{"@type":"PropertyValueSpecification","valueRequired":true,"valueName":"search_term_string"}}],"inLanguage":"de"},{"@type":"Organization","@id":"https:\/\/falora.ch\/#organization","name":"Falora - Shop","url":"https:\/\/falora.ch\/","logo":{"@type":"ImageObject","inLanguage":"de","@id":"https:\/\/falora.ch\/#\/schema\/logo\/image\/","url":"https:\/\/falora.ch\/wp-content\/uploads\/2025\/02\/logo.png","contentUrl":"https:\/\/falora.ch\/wp-content\/uploads\/2025\/02\/logo.png","width":952,"height":165,"caption":"Falora - Shop"},"image":{"@id":"https:\/\/falora.ch\/#\/schema\/logo\/image\/"}}]}},"_links":{"self":[{"href":"https:\/\/falora.ch\/de\/wp-json\/wp\/v2\/product\/987509855","targetHints":{"allow":["GET"]}}],"collection":[{"href":"https:\/\/falora.ch\/de\/wp-json\/wp\/v2\/product"}],"about":[{"href":"https:\/\/falora.ch\/de\/wp-json\/wp\/v2\/types\/product"}],"wp:featuredmedia":[{"embeddable":true,"href":"https:\/\/falora.ch\/de\/wp-json\/wp\/v2\/media\/987509856"}],"wp:attachment":[{"href":"https:\/\/falora.ch\/de\/wp-json\/wp\/v2\/media?parent=987509855"}],"wp:term":[{"taxonomy":"product_brand","embeddable":true,"href":"https:\/\/falora.ch\/de\/wp-json\/wp\/v2\/product_brand?post=987509855"},{"taxonomy":"product_cat","embeddable":true,"href":"https:\/\/falora.ch\/de\/wp-json\/wp\/v2\/product_cat?post=987509855"},{"taxonomy":"product_tag","embeddable":true,"href":"https:\/\/falora.ch\/de\/wp-json\/wp\/v2\/product_tag?post=987509855"}],"curies":[{"name":"wp","href":"https:\/\/api.w.org\/{rel}","templated":true}]}}