{"id":987509900,"date":"2025-08-27T14:33:50","date_gmt":"2025-08-27T14:33:50","guid":{"rendered":"https:\/\/falora.ch\/?post_type=product&#038;p=987509900"},"modified":"2025-08-27T14:33:50","modified_gmt":"2025-08-27T14:33:50","slug":"invincia-stylo-bille-noir","status":"publish","type":"product","link":"https:\/\/falora.ch\/de\/produkt\/invincia-stylo-bille-noir\/","title":{"rendered":"Invincia Schwarzer Kugelschreiber"},"content":{"rendered":"<p>Der Monteverde USA Invincia Stealth Black Kugelschreiber ist ein markantes, minimalistisches Schreibger\u00e4t f\u00fcr Kraft und Pr\u00e4zision im Alltag. Mit seinem mattschwarzen Finish und den bronzenen Akzenten wirkt dieser Stift dezent und souver\u00e4n zugleich. Die Fertigung aus massivem Messing sorgt f\u00fcr Langlebigkeit und Ausgewogenheit und liegt robust und angenehm in der Hand. Der Drehmechanismus sorgt f\u00fcr eine gleichm\u00e4\u00dfige Tintenabgabe, w\u00e4hrend das nachf\u00fcllbare Design den einfachen Austausch mit Monteverde-Minen oder Standard-Kugelschreiberminen im Parker-Stil erm\u00f6glicht. Der Invincia Stealth Black Kugelschreiber ist perfekt f\u00fcr Profis, Kreative und Sammler und liefert ein gleichm\u00e4\u00dfiges, elegantes Schreibgef\u00fchl. Pr\u00e4sentiert in einer eleganten Monteverde-Geschenkbox ist er ein unvergessliches Geschenk f\u00fcr alle, die Design, Funktion und Stil in jedem Detail zu sch\u00e4tzen wissen.<\/p>\n<p>MOQ 1<\/p>\n<p>Art.-Nr. MV41135<\/p>\n<p>EAN 080333411353<\/p>\n<p>&nbsp;<\/p>\n<p>&nbsp;<\/p>","protected":false},"excerpt":{"rendered":"<p>auf Lager<\/p>","protected":false},"featured_media":987509904,"template":"","meta":{"_et_pb_use_builder":"","_et_pb_old_content":"","_et_gb_content_width":""},"product_brand":[],"product_cat":[113],"product_tag":[],"class_list":{"0":"post-987509900","1":"product","2":"type-product","3":"status-publish","4":"has-post-thumbnail","6":"product_cat-invincia-standard","8":"first","9":"instock","10":"shipping-taxable","11":"purchasable","12":"product-type-simple"},"yoast_head":"<!-- This site is optimized with the Yoast SEO plugin v27.4 - https:\/\/yoast.com\/product\/yoast-seo-wordpress\/ -->\n<title>Invincia Stylo Bille noir - Falora - Shop<\/title>\n<meta name=\"robots\" content=\"index, follow, max-snippet:-1, max-image-preview:large, max-video-preview:-1\" \/>\n<link rel=\"canonical\" href=\"https:\/\/falora.ch\/de\/produkt\/invincia-stylo-bille-noir\/\" \/>\n<meta property=\"og:locale\" content=\"de_DE\" \/>\n<meta property=\"og:type\" content=\"article\" \/>\n<meta property=\"og:title\" content=\"Invincia Stylo Bille noir - Falora - Shop\" \/>\n<meta property=\"og:description\" content=\"en stock\" \/>\n<meta property=\"og:url\" content=\"https:\/\/falora.ch\/de\/produkt\/invincia-stylo-bille-noir\/\" \/>\n<meta property=\"og:site_name\" content=\"Falora - Shop\" \/>\n<meta property=\"og:image\" content=\"https:\/\/falora.ch\/wp-content\/uploads\/2025\/08\/Invincia_Stealth_Black-BP-1-Edit.webp\" \/>\n\t<meta property=\"og:image:width\" content=\"640\" \/>\n\t<meta property=\"og:image:height\" content=\"640\" \/>\n\t<meta property=\"og:image:type\" content=\"image\/webp\" \/>\n<meta name=\"twitter:card\" content=\"summary_large_image\" \/>\n<meta name=\"twitter:label1\" content=\"Gesch\u00e4tzte Lesezeit\" \/>\n\t<meta name=\"twitter:data1\" content=\"1\u00a0Minute\" \/>\n<script type=\"application\/ld+json\" class=\"yoast-schema-graph\">{\"@context\":\"https:\\\/\\\/schema.org\",\"@graph\":[{\"@type\":\"WebPage\",\"@id\":\"https:\\\/\\\/falora.ch\\\/produit\\\/invincia-stylo-bille-noir\\\/\",\"url\":\"https:\\\/\\\/falora.ch\\\/produit\\\/invincia-stylo-bille-noir\\\/\",\"name\":\"Invincia Stylo Bille noir - Falora - Shop\",\"isPartOf\":{\"@id\":\"https:\\\/\\\/falora.ch\\\/#website\"},\"primaryImageOfPage\":{\"@id\":\"https:\\\/\\\/falora.ch\\\/produit\\\/invincia-stylo-bille-noir\\\/#primaryimage\"},\"image\":{\"@id\":\"https:\\\/\\\/falora.ch\\\/produit\\\/invincia-stylo-bille-noir\\\/#primaryimage\"},\"thumbnailUrl\":\"https:\\\/\\\/falora.ch\\\/wp-content\\\/uploads\\\/2025\\\/08\\\/Invincia_Stealth_Black-BP-1-Edit.webp\",\"datePublished\":\"2025-08-27T14:33:50+00:00\",\"breadcrumb\":{\"@id\":\"https:\\\/\\\/falora.ch\\\/produit\\\/invincia-stylo-bille-noir\\\/#breadcrumb\"},\"inLanguage\":\"de\",\"potentialAction\":[{\"@type\":\"ReadAction\",\"target\":[\"https:\\\/\\\/falora.ch\\\/produit\\\/invincia-stylo-bille-noir\\\/\"]}]},{\"@type\":\"ImageObject\",\"inLanguage\":\"de\",\"@id\":\"https:\\\/\\\/falora.ch\\\/produit\\\/invincia-stylo-bille-noir\\\/#primaryimage\",\"url\":\"https:\\\/\\\/falora.ch\\\/wp-content\\\/uploads\\\/2025\\\/08\\\/Invincia_Stealth_Black-BP-1-Edit.webp\",\"contentUrl\":\"https:\\\/\\\/falora.ch\\\/wp-content\\\/uploads\\\/2025\\\/08\\\/Invincia_Stealth_Black-BP-1-Edit.webp\",\"width\":640,\"height\":640,\"caption\":\"Invincia Stealth Black BP 1 Edit\"},{\"@type\":\"BreadcrumbList\",\"@id\":\"https:\\\/\\\/falora.ch\\\/produit\\\/invincia-stylo-bille-noir\\\/#breadcrumb\",\"itemListElement\":[{\"@type\":\"ListItem\",\"position\":1,\"name\":\"Accueil\",\"item\":\"https:\\\/\\\/falora.ch\\\/\"},{\"@type\":\"ListItem\",\"position\":2,\"name\":\"Boutique\",\"item\":\"https:\\\/\\\/falora.ch\\\/boutique\\\/\"},{\"@type\":\"ListItem\",\"position\":3,\"name\":\"Invincia Stylo Bille noir\"}]},{\"@type\":\"WebSite\",\"@id\":\"https:\\\/\\\/falora.ch\\\/#website\",\"url\":\"https:\\\/\\\/falora.ch\\\/\",\"name\":\"Falora - Shop\",\"description\":\"\",\"publisher\":{\"@id\":\"https:\\\/\\\/falora.ch\\\/#organization\"},\"potentialAction\":[{\"@type\":\"SearchAction\",\"target\":{\"@type\":\"EntryPoint\",\"urlTemplate\":\"https:\\\/\\\/falora.ch\\\/?s={search_term_string}\"},\"query-input\":{\"@type\":\"PropertyValueSpecification\",\"valueRequired\":true,\"valueName\":\"search_term_string\"}}],\"inLanguage\":\"de\"},{\"@type\":\"Organization\",\"@id\":\"https:\\\/\\\/falora.ch\\\/#organization\",\"name\":\"Falora - Shop\",\"url\":\"https:\\\/\\\/falora.ch\\\/\",\"logo\":{\"@type\":\"ImageObject\",\"inLanguage\":\"de\",\"@id\":\"https:\\\/\\\/falora.ch\\\/#\\\/schema\\\/logo\\\/image\\\/\",\"url\":\"https:\\\/\\\/falora.ch\\\/wp-content\\\/uploads\\\/2025\\\/02\\\/logo.png\",\"contentUrl\":\"https:\\\/\\\/falora.ch\\\/wp-content\\\/uploads\\\/2025\\\/02\\\/logo.png\",\"width\":952,\"height\":165,\"caption\":\"Falora - Shop\"},\"image\":{\"@id\":\"https:\\\/\\\/falora.ch\\\/#\\\/schema\\\/logo\\\/image\\\/\"}}]}<\/script>\n<!-- \/ Yoast SEO plugin. -->","yoast_head_json":{"title":"Invincia Stylo Bille noir - Falora - Shop","robots":{"index":"index","follow":"follow","max-snippet":"max-snippet:-1","max-image-preview":"max-image-preview:large","max-video-preview":"max-video-preview:-1"},"canonical":"https:\/\/falora.ch\/de\/produkt\/invincia-stylo-bille-noir\/","og_locale":"de_DE","og_type":"article","og_title":"Invincia Stylo Bille noir - Falora - Shop","og_description":"en stock","og_url":"https:\/\/falora.ch\/de\/produkt\/invincia-stylo-bille-noir\/","og_site_name":"Falora - Shop","og_image":[{"width":640,"height":640,"url":"https:\/\/falora.ch\/wp-content\/uploads\/2025\/08\/Invincia_Stealth_Black-BP-1-Edit.webp","type":"image\/webp"}],"twitter_card":"summary_large_image","twitter_misc":{"Gesch\u00e4tzte Lesezeit":"1\u00a0Minute"},"schema":{"@context":"https:\/\/schema.org","@graph":[{"@type":"WebPage","@id":"https:\/\/falora.ch\/produit\/invincia-stylo-bille-noir\/","url":"https:\/\/falora.ch\/produit\/invincia-stylo-bille-noir\/","name":"Invincia Stylo Bille noir - Falora - Shop","isPartOf":{"@id":"https:\/\/falora.ch\/#website"},"primaryImageOfPage":{"@id":"https:\/\/falora.ch\/produit\/invincia-stylo-bille-noir\/#primaryimage"},"image":{"@id":"https:\/\/falora.ch\/produit\/invincia-stylo-bille-noir\/#primaryimage"},"thumbnailUrl":"https:\/\/falora.ch\/wp-content\/uploads\/2025\/08\/Invincia_Stealth_Black-BP-1-Edit.webp","datePublished":"2025-08-27T14:33:50+00:00","breadcrumb":{"@id":"https:\/\/falora.ch\/produit\/invincia-stylo-bille-noir\/#breadcrumb"},"inLanguage":"de","potentialAction":[{"@type":"ReadAction","target":["https:\/\/falora.ch\/produit\/invincia-stylo-bille-noir\/"]}]},{"@type":"ImageObject","inLanguage":"de","@id":"https:\/\/falora.ch\/produit\/invincia-stylo-bille-noir\/#primaryimage","url":"https:\/\/falora.ch\/wp-content\/uploads\/2025\/08\/Invincia_Stealth_Black-BP-1-Edit.webp","contentUrl":"https:\/\/falora.ch\/wp-content\/uploads\/2025\/08\/Invincia_Stealth_Black-BP-1-Edit.webp","width":640,"height":640,"caption":"Invincia Stealth Black BP 1 Edit"},{"@type":"BreadcrumbList","@id":"https:\/\/falora.ch\/produit\/invincia-stylo-bille-noir\/#breadcrumb","itemListElement":[{"@type":"ListItem","position":1,"name":"Accueil","item":"https:\/\/falora.ch\/"},{"@type":"ListItem","position":2,"name":"Boutique","item":"https:\/\/falora.ch\/boutique\/"},{"@type":"ListItem","position":3,"name":"Invincia Stylo Bille noir"}]},{"@type":"WebSite","@id":"https:\/\/falora.ch\/#website","url":"https:\/\/falora.ch\/","name":"Falora - Shop","description":"","publisher":{"@id":"https:\/\/falora.ch\/#organization"},"potentialAction":[{"@type":"SearchAction","target":{"@type":"EntryPoint","urlTemplate":"https:\/\/falora.ch\/?s={search_term_string}"},"query-input":{"@type":"PropertyValueSpecification","valueRequired":true,"valueName":"search_term_string"}}],"inLanguage":"de"},{"@type":"Organization","@id":"https:\/\/falora.ch\/#organization","name":"Falora - Shop","url":"https:\/\/falora.ch\/","logo":{"@type":"ImageObject","inLanguage":"de","@id":"https:\/\/falora.ch\/#\/schema\/logo\/image\/","url":"https:\/\/falora.ch\/wp-content\/uploads\/2025\/02\/logo.png","contentUrl":"https:\/\/falora.ch\/wp-content\/uploads\/2025\/02\/logo.png","width":952,"height":165,"caption":"Falora - Shop"},"image":{"@id":"https:\/\/falora.ch\/#\/schema\/logo\/image\/"}}]}},"_links":{"self":[{"href":"https:\/\/falora.ch\/de\/wp-json\/wp\/v2\/product\/987509900","targetHints":{"allow":["GET"]}}],"collection":[{"href":"https:\/\/falora.ch\/de\/wp-json\/wp\/v2\/product"}],"about":[{"href":"https:\/\/falora.ch\/de\/wp-json\/wp\/v2\/types\/product"}],"wp:featuredmedia":[{"embeddable":true,"href":"https:\/\/falora.ch\/de\/wp-json\/wp\/v2\/media\/987509904"}],"wp:attachment":[{"href":"https:\/\/falora.ch\/de\/wp-json\/wp\/v2\/media?parent=987509900"}],"wp:term":[{"taxonomy":"product_brand","embeddable":true,"href":"https:\/\/falora.ch\/de\/wp-json\/wp\/v2\/product_brand?post=987509900"},{"taxonomy":"product_cat","embeddable":true,"href":"https:\/\/falora.ch\/de\/wp-json\/wp\/v2\/product_cat?post=987509900"},{"taxonomy":"product_tag","embeddable":true,"href":"https:\/\/falora.ch\/de\/wp-json\/wp\/v2\/product_tag?post=987509900"}],"curies":[{"name":"wp","href":"https:\/\/api.w.org\/{rel}","templated":true}]}}