{"id":987509959,"date":"2025-08-27T15:08:46","date_gmt":"2025-08-27T15:08:46","guid":{"rendered":"https:\/\/falora.ch\/?post_type=product&#038;p=987509959"},"modified":"2025-08-27T15:08:47","modified_gmt":"2025-08-27T15:08:47","slug":"invincia-nebula-stylo-roller","status":"publish","type":"product","link":"https:\/\/falora.ch\/de\/produkt\/invincia-nebula-stylo-roller\/","title":{"rendered":"Invincia Nebula Tintenroller"},"content":{"rendered":"<div>\n<div class=\"max-height--inner\">\n<div class=\"max-height--inner-content rte product-short-description\">\n<p>Der Monteverde USA Invincia Nebula Tintenroller erstrahlt in einer au\u00dfergew\u00f6hnlichen Mischung aus Blau- und Lilat\u00f6nen, inspiriert von den wirbelnden Farben eines kosmischen Nebels. Aus massivem Messing gefertigt und mit Hochglanzlack \u00fcberzogen, besticht dieser Stift durch seine starke Optik und seine Schreibleistung im Alltag. Seine Tintenrollerspitze gleitet m\u00fchelos \u00fcber die Seite und bietet die Fl\u00fcssigkeit eines F\u00fcllfederhalters mit dem Komfort eines gew\u00f6lbten Designs. Der ausgewogene Schaft und der konturierte Griff reduzieren die Erm\u00fcdung der Hand und verbessern Ihr Schreiberlebnis. Er ist f\u00fcr internationale Standard-Tintenrollerminen wie die Schmidt 888 ausgelegt, sodass Sie immer stilvoll schreiben k\u00f6nnen. Ob im B\u00fcro oder unterwegs, der Invincia Nebula Tintenroller ist ein auff\u00e4lliger Begleiter, der f\u00fcr Pr\u00e4zision und Eleganz steht.<\/p>\n<p>MOQ 1<\/p>\n<\/div>\n<\/div>\n<\/div>\n<p>Art.-Nr. MV42526<\/p>\n<p>EAN 080333425268<\/p>\n<p>&nbsp;<\/p>\n<p>&nbsp;<\/p>","protected":false},"excerpt":{"rendered":"<p>auf Lager<\/p>","protected":false},"featured_media":987509969,"template":"","meta":{"_et_pb_use_builder":"","_et_pb_old_content":"","_et_gb_content_width":""},"product_brand":[],"product_cat":[113],"product_tag":[],"class_list":{"0":"post-987509959","1":"product","2":"type-product","3":"status-publish","4":"has-post-thumbnail","6":"product_cat-invincia-standard","8":"first","9":"instock","10":"shipping-taxable","11":"purchasable","12":"product-type-simple"},"yoast_head":"<!-- This site is optimized with the Yoast SEO plugin v27.6 - https:\/\/yoast.com\/product\/yoast-seo-wordpress\/ -->\n<title>Invincia Nebula Stylo roller - Falora - Shop<\/title>\n<meta name=\"robots\" content=\"index, follow, max-snippet:-1, max-image-preview:large, max-video-preview:-1\" \/>\n<link rel=\"canonical\" href=\"https:\/\/falora.ch\/de\/produkt\/invincia-nebula-stylo-roller\/\" \/>\n<meta property=\"og:locale\" content=\"de_DE\" \/>\n<meta property=\"og:type\" content=\"article\" \/>\n<meta property=\"og:title\" content=\"Invincia Nebula Stylo roller - Falora - Shop\" \/>\n<meta property=\"og:description\" content=\"en stock\" \/>\n<meta property=\"og:url\" content=\"https:\/\/falora.ch\/de\/produkt\/invincia-nebula-stylo-roller\/\" \/>\n<meta property=\"og:site_name\" content=\"Falora - Shop\" \/>\n<meta property=\"article:modified_time\" content=\"2025-08-27T15:08:47+00:00\" \/>\n<meta property=\"og:image\" content=\"https:\/\/falora.ch\/wp-content\/uploads\/2025\/08\/Invincia_Nebula_RB-13-Edit_c5f0009c-a97b-440b-a47b-684780d073f6.webp\" \/>\n\t<meta property=\"og:image:width\" content=\"640\" \/>\n\t<meta property=\"og:image:height\" content=\"640\" \/>\n\t<meta property=\"og:image:type\" content=\"image\/webp\" \/>\n<meta name=\"twitter:card\" content=\"summary_large_image\" \/>\n<meta name=\"twitter:label1\" content=\"Gesch\u00e4tzte Lesezeit\" \/>\n\t<meta name=\"twitter:data1\" content=\"1\u00a0Minute\" \/>\n<script type=\"application\/ld+json\" class=\"yoast-schema-graph\">{\"@context\":\"https:\\\/\\\/schema.org\",\"@graph\":[{\"@type\":\"WebPage\",\"@id\":\"https:\\\/\\\/falora.ch\\\/produit\\\/invincia-nebula-stylo-roller\\\/\",\"url\":\"https:\\\/\\\/falora.ch\\\/produit\\\/invincia-nebula-stylo-roller\\\/\",\"name\":\"Invincia Nebula Stylo roller - Falora - Shop\",\"isPartOf\":{\"@id\":\"https:\\\/\\\/falora.ch\\\/#website\"},\"primaryImageOfPage\":{\"@id\":\"https:\\\/\\\/falora.ch\\\/produit\\\/invincia-nebula-stylo-roller\\\/#primaryimage\"},\"image\":{\"@id\":\"https:\\\/\\\/falora.ch\\\/produit\\\/invincia-nebula-stylo-roller\\\/#primaryimage\"},\"thumbnailUrl\":\"https:\\\/\\\/falora.ch\\\/wp-content\\\/uploads\\\/2025\\\/08\\\/Invincia_Nebula_RB-13-Edit_c5f0009c-a97b-440b-a47b-684780d073f6.webp\",\"datePublished\":\"2025-08-27T15:08:46+00:00\",\"dateModified\":\"2025-08-27T15:08:47+00:00\",\"breadcrumb\":{\"@id\":\"https:\\\/\\\/falora.ch\\\/produit\\\/invincia-nebula-stylo-roller\\\/#breadcrumb\"},\"inLanguage\":\"de\",\"potentialAction\":[{\"@type\":\"ReadAction\",\"target\":[\"https:\\\/\\\/falora.ch\\\/produit\\\/invincia-nebula-stylo-roller\\\/\"]}]},{\"@type\":\"ImageObject\",\"inLanguage\":\"de\",\"@id\":\"https:\\\/\\\/falora.ch\\\/produit\\\/invincia-nebula-stylo-roller\\\/#primaryimage\",\"url\":\"https:\\\/\\\/falora.ch\\\/wp-content\\\/uploads\\\/2025\\\/08\\\/Invincia_Nebula_RB-13-Edit_c5f0009c-a97b-440b-a47b-684780d073f6.webp\",\"contentUrl\":\"https:\\\/\\\/falora.ch\\\/wp-content\\\/uploads\\\/2025\\\/08\\\/Invincia_Nebula_RB-13-Edit_c5f0009c-a97b-440b-a47b-684780d073f6.webp\",\"width\":640,\"height\":640,\"caption\":\"Invincia Nebula RB 13 Edit c5f0009c a97b 440b a47b 684780d073f6\"},{\"@type\":\"BreadcrumbList\",\"@id\":\"https:\\\/\\\/falora.ch\\\/produit\\\/invincia-nebula-stylo-roller\\\/#breadcrumb\",\"itemListElement\":[{\"@type\":\"ListItem\",\"position\":1,\"name\":\"Accueil\",\"item\":\"https:\\\/\\\/falora.ch\\\/\"},{\"@type\":\"ListItem\",\"position\":2,\"name\":\"Boutique\",\"item\":\"https:\\\/\\\/falora.ch\\\/boutique\\\/\"},{\"@type\":\"ListItem\",\"position\":3,\"name\":\"Invincia Nebula Stylo roller\"}]},{\"@type\":\"WebSite\",\"@id\":\"https:\\\/\\\/falora.ch\\\/#website\",\"url\":\"https:\\\/\\\/falora.ch\\\/\",\"name\":\"Falora - Shop\",\"description\":\"\",\"publisher\":{\"@id\":\"https:\\\/\\\/falora.ch\\\/#organization\"},\"potentialAction\":[{\"@type\":\"SearchAction\",\"target\":{\"@type\":\"EntryPoint\",\"urlTemplate\":\"https:\\\/\\\/falora.ch\\\/?s={search_term_string}\"},\"query-input\":{\"@type\":\"PropertyValueSpecification\",\"valueRequired\":true,\"valueName\":\"search_term_string\"}}],\"inLanguage\":\"de\"},{\"@type\":\"Organization\",\"@id\":\"https:\\\/\\\/falora.ch\\\/#organization\",\"name\":\"Falora - Shop\",\"url\":\"https:\\\/\\\/falora.ch\\\/\",\"logo\":{\"@type\":\"ImageObject\",\"inLanguage\":\"de\",\"@id\":\"https:\\\/\\\/falora.ch\\\/#\\\/schema\\\/logo\\\/image\\\/\",\"url\":\"https:\\\/\\\/falora.ch\\\/wp-content\\\/uploads\\\/2025\\\/02\\\/logo.png\",\"contentUrl\":\"https:\\\/\\\/falora.ch\\\/wp-content\\\/uploads\\\/2025\\\/02\\\/logo.png\",\"width\":952,\"height\":165,\"caption\":\"Falora - Shop\"},\"image\":{\"@id\":\"https:\\\/\\\/falora.ch\\\/#\\\/schema\\\/logo\\\/image\\\/\"}}]}<\/script>\n<!-- \/ Yoast SEO plugin. -->","yoast_head_json":{"title":"Invincia Nebula Stylo roller - Falora - Shop","robots":{"index":"index","follow":"follow","max-snippet":"max-snippet:-1","max-image-preview":"max-image-preview:large","max-video-preview":"max-video-preview:-1"},"canonical":"https:\/\/falora.ch\/de\/produkt\/invincia-nebula-stylo-roller\/","og_locale":"de_DE","og_type":"article","og_title":"Invincia Nebula Stylo roller - Falora - Shop","og_description":"en stock","og_url":"https:\/\/falora.ch\/de\/produkt\/invincia-nebula-stylo-roller\/","og_site_name":"Falora - Shop","article_modified_time":"2025-08-27T15:08:47+00:00","og_image":[{"width":640,"height":640,"url":"https:\/\/falora.ch\/wp-content\/uploads\/2025\/08\/Invincia_Nebula_RB-13-Edit_c5f0009c-a97b-440b-a47b-684780d073f6.webp","type":"image\/webp"}],"twitter_card":"summary_large_image","twitter_misc":{"Gesch\u00e4tzte Lesezeit":"1\u00a0Minute"},"schema":{"@context":"https:\/\/schema.org","@graph":[{"@type":"WebPage","@id":"https:\/\/falora.ch\/produit\/invincia-nebula-stylo-roller\/","url":"https:\/\/falora.ch\/produit\/invincia-nebula-stylo-roller\/","name":"Invincia Nebula Stylo roller - Falora - Shop","isPartOf":{"@id":"https:\/\/falora.ch\/#website"},"primaryImageOfPage":{"@id":"https:\/\/falora.ch\/produit\/invincia-nebula-stylo-roller\/#primaryimage"},"image":{"@id":"https:\/\/falora.ch\/produit\/invincia-nebula-stylo-roller\/#primaryimage"},"thumbnailUrl":"https:\/\/falora.ch\/wp-content\/uploads\/2025\/08\/Invincia_Nebula_RB-13-Edit_c5f0009c-a97b-440b-a47b-684780d073f6.webp","datePublished":"2025-08-27T15:08:46+00:00","dateModified":"2025-08-27T15:08:47+00:00","breadcrumb":{"@id":"https:\/\/falora.ch\/produit\/invincia-nebula-stylo-roller\/#breadcrumb"},"inLanguage":"de","potentialAction":[{"@type":"ReadAction","target":["https:\/\/falora.ch\/produit\/invincia-nebula-stylo-roller\/"]}]},{"@type":"ImageObject","inLanguage":"de","@id":"https:\/\/falora.ch\/produit\/invincia-nebula-stylo-roller\/#primaryimage","url":"https:\/\/falora.ch\/wp-content\/uploads\/2025\/08\/Invincia_Nebula_RB-13-Edit_c5f0009c-a97b-440b-a47b-684780d073f6.webp","contentUrl":"https:\/\/falora.ch\/wp-content\/uploads\/2025\/08\/Invincia_Nebula_RB-13-Edit_c5f0009c-a97b-440b-a47b-684780d073f6.webp","width":640,"height":640,"caption":"Invincia Nebula RB 13 Edit c5f0009c a97b 440b a47b 684780d073f6"},{"@type":"BreadcrumbList","@id":"https:\/\/falora.ch\/produit\/invincia-nebula-stylo-roller\/#breadcrumb","itemListElement":[{"@type":"ListItem","position":1,"name":"Accueil","item":"https:\/\/falora.ch\/"},{"@type":"ListItem","position":2,"name":"Boutique","item":"https:\/\/falora.ch\/boutique\/"},{"@type":"ListItem","position":3,"name":"Invincia Nebula Stylo roller"}]},{"@type":"WebSite","@id":"https:\/\/falora.ch\/#website","url":"https:\/\/falora.ch\/","name":"Falora - Shop","description":"","publisher":{"@id":"https:\/\/falora.ch\/#organization"},"potentialAction":[{"@type":"SearchAction","target":{"@type":"EntryPoint","urlTemplate":"https:\/\/falora.ch\/?s={search_term_string}"},"query-input":{"@type":"PropertyValueSpecification","valueRequired":true,"valueName":"search_term_string"}}],"inLanguage":"de"},{"@type":"Organization","@id":"https:\/\/falora.ch\/#organization","name":"Falora - Shop","url":"https:\/\/falora.ch\/","logo":{"@type":"ImageObject","inLanguage":"de","@id":"https:\/\/falora.ch\/#\/schema\/logo\/image\/","url":"https:\/\/falora.ch\/wp-content\/uploads\/2025\/02\/logo.png","contentUrl":"https:\/\/falora.ch\/wp-content\/uploads\/2025\/02\/logo.png","width":952,"height":165,"caption":"Falora - Shop"},"image":{"@id":"https:\/\/falora.ch\/#\/schema\/logo\/image\/"}}]}},"_links":{"self":[{"href":"https:\/\/falora.ch\/de\/wp-json\/wp\/v2\/product\/987509959","targetHints":{"allow":["GET"]}}],"collection":[{"href":"https:\/\/falora.ch\/de\/wp-json\/wp\/v2\/product"}],"about":[{"href":"https:\/\/falora.ch\/de\/wp-json\/wp\/v2\/types\/product"}],"wp:featuredmedia":[{"embeddable":true,"href":"https:\/\/falora.ch\/de\/wp-json\/wp\/v2\/media\/987509969"}],"wp:attachment":[{"href":"https:\/\/falora.ch\/de\/wp-json\/wp\/v2\/media?parent=987509959"}],"wp:term":[{"taxonomy":"product_brand","embeddable":true,"href":"https:\/\/falora.ch\/de\/wp-json\/wp\/v2\/product_brand?post=987509959"},{"taxonomy":"product_cat","embeddable":true,"href":"https:\/\/falora.ch\/de\/wp-json\/wp\/v2\/product_cat?post=987509959"},{"taxonomy":"product_tag","embeddable":true,"href":"https:\/\/falora.ch\/de\/wp-json\/wp\/v2\/product_tag?post=987509959"}],"curies":[{"name":"wp","href":"https:\/\/api.w.org\/{rel}","templated":true}]}}