{"id":987510139,"date":"2025-08-28T15:02:07","date_gmt":"2025-08-28T15:02:07","guid":{"rendered":"https:\/\/falora.ch\/?post_type=product&#038;p=987510139"},"modified":"2025-08-28T15:02:07","modified_gmt":"2025-08-28T15:02:07","slug":"illusia-gel-avec-triangles-chrome-chrome-trim","status":"publish","type":"product","link":"https:\/\/falora.ch\/de\/produkt\/illusia-gel-avec-triangles-chrome-chrome-trim\/","title":{"rendered":"Illusia Gel mit Dreiecken, Chrom\/Chromrand"},"content":{"rendered":"<p>Strahlen Sie mit dem Monteverde USA Illusia Full Chrome Gel Pen, dessen farbenfrohe Dreiecksausschnitte einen modernen, geometrischen Touch verleihen. Der glatte, reflektierende und auff\u00e4llige Schaft aus poliertem Chrom wird durch einen Regenbogen aus Farben erg\u00e4nzt, der durch jedes Dreieck hindurchscheint und diesen Stift zu einem echten Gespr\u00e4chsthema macht. Er liegt leicht und dennoch stabil in der Hand, und die hochwertige Geltinte sorgt f\u00fcr ein seidenweiches Schreibgef\u00fchl. Ideal zum Verschenken oder Aufbewahren auf dem Schreibtisch, verleiht dieser Stift allt\u00e4glichen Aufgaben eine k\u00fcnstlerische Note. Kompatibel mit Monteverde-Gelminen ist er ein zuverl\u00e4ssiges und stilvolles Schreibger\u00e4t, das weder bei Funktion noch Form Kompromisse eingeht. F\u00fcr alle, die minimalistisches Design mit einem Hauch von Farbe lieben, ist dieser Stift ein Muss.<\/p>\n<p>MOQ 1<\/p>\n<p>Art.-Nr. MV32659<\/p>\n<p>EAN 080333326596<\/p>\n<p>&nbsp;<\/p>\n<p>&nbsp;<\/p>","protected":false},"excerpt":{"rendered":"<p>verf\u00fcgbar in 6 Wochen<\/p>","protected":false},"featured_media":987510140,"template":"","meta":{"_et_pb_use_builder":"","_et_pb_old_content":"","_et_gb_content_width":""},"product_brand":[],"product_cat":[117],"product_tag":[],"class_list":{"0":"post-987510139","1":"product","2":"type-product","3":"status-publish","4":"has-post-thumbnail","6":"product_cat-illusia","8":"first","9":"instock","10":"shipping-taxable","11":"purchasable","12":"product-type-simple"},"yoast_head":"<!-- This site is optimized with the Yoast SEO plugin v27.4 - https:\/\/yoast.com\/product\/yoast-seo-wordpress\/ -->\n<title>Illusia Gel avec triangles, Chrome\/Chrome Trim - Falora - Shop<\/title>\n<meta name=\"robots\" content=\"index, follow, max-snippet:-1, max-image-preview:large, max-video-preview:-1\" \/>\n<link rel=\"canonical\" href=\"https:\/\/falora.ch\/de\/produkt\/illusia-gel-avec-triangles-chrome-chrome-trim\/\" \/>\n<meta property=\"og:locale\" content=\"de_DE\" \/>\n<meta property=\"og:type\" content=\"article\" \/>\n<meta property=\"og:title\" content=\"Illusia Gel avec triangles, Chrome\/Chrome Trim - Falora - Shop\" \/>\n<meta property=\"og:description\" content=\"disponible sous 6 semaines\" \/>\n<meta property=\"og:url\" content=\"https:\/\/falora.ch\/de\/produkt\/illusia-gel-avec-triangles-chrome-chrome-trim\/\" \/>\n<meta property=\"og:site_name\" content=\"Falora - Shop\" \/>\n<meta property=\"og:image\" content=\"https:\/\/falora.ch\/wp-content\/uploads\/2025\/08\/0.webp\" \/>\n\t<meta property=\"og:image:width\" content=\"640\" \/>\n\t<meta property=\"og:image:height\" content=\"640\" \/>\n\t<meta property=\"og:image:type\" content=\"image\/webp\" \/>\n<meta name=\"twitter:card\" content=\"summary_large_image\" \/>\n<meta name=\"twitter:label1\" content=\"Gesch\u00e4tzte Lesezeit\" \/>\n\t<meta name=\"twitter:data1\" content=\"1\u00a0Minute\" \/>\n<script type=\"application\/ld+json\" class=\"yoast-schema-graph\">{\"@context\":\"https:\\\/\\\/schema.org\",\"@graph\":[{\"@type\":\"WebPage\",\"@id\":\"https:\\\/\\\/falora.ch\\\/produit\\\/illusia-gel-avec-triangles-chrome-chrome-trim\\\/\",\"url\":\"https:\\\/\\\/falora.ch\\\/produit\\\/illusia-gel-avec-triangles-chrome-chrome-trim\\\/\",\"name\":\"Illusia Gel avec triangles, Chrome\\\/Chrome Trim - Falora - Shop\",\"isPartOf\":{\"@id\":\"https:\\\/\\\/falora.ch\\\/#website\"},\"primaryImageOfPage\":{\"@id\":\"https:\\\/\\\/falora.ch\\\/produit\\\/illusia-gel-avec-triangles-chrome-chrome-trim\\\/#primaryimage\"},\"image\":{\"@id\":\"https:\\\/\\\/falora.ch\\\/produit\\\/illusia-gel-avec-triangles-chrome-chrome-trim\\\/#primaryimage\"},\"thumbnailUrl\":\"https:\\\/\\\/falora.ch\\\/wp-content\\\/uploads\\\/2025\\\/08\\\/0.webp\",\"datePublished\":\"2025-08-28T15:02:07+00:00\",\"breadcrumb\":{\"@id\":\"https:\\\/\\\/falora.ch\\\/produit\\\/illusia-gel-avec-triangles-chrome-chrome-trim\\\/#breadcrumb\"},\"inLanguage\":\"de\",\"potentialAction\":[{\"@type\":\"ReadAction\",\"target\":[\"https:\\\/\\\/falora.ch\\\/produit\\\/illusia-gel-avec-triangles-chrome-chrome-trim\\\/\"]}]},{\"@type\":\"ImageObject\",\"inLanguage\":\"de\",\"@id\":\"https:\\\/\\\/falora.ch\\\/produit\\\/illusia-gel-avec-triangles-chrome-chrome-trim\\\/#primaryimage\",\"url\":\"https:\\\/\\\/falora.ch\\\/wp-content\\\/uploads\\\/2025\\\/08\\\/0.webp\",\"contentUrl\":\"https:\\\/\\\/falora.ch\\\/wp-content\\\/uploads\\\/2025\\\/08\\\/0.webp\",\"width\":640,\"height\":640},{\"@type\":\"BreadcrumbList\",\"@id\":\"https:\\\/\\\/falora.ch\\\/produit\\\/illusia-gel-avec-triangles-chrome-chrome-trim\\\/#breadcrumb\",\"itemListElement\":[{\"@type\":\"ListItem\",\"position\":1,\"name\":\"Accueil\",\"item\":\"https:\\\/\\\/falora.ch\\\/\"},{\"@type\":\"ListItem\",\"position\":2,\"name\":\"Boutique\",\"item\":\"https:\\\/\\\/falora.ch\\\/boutique\\\/\"},{\"@type\":\"ListItem\",\"position\":3,\"name\":\"Illusia Gel avec triangles, Chrome\\\/Chrome Trim\"}]},{\"@type\":\"WebSite\",\"@id\":\"https:\\\/\\\/falora.ch\\\/#website\",\"url\":\"https:\\\/\\\/falora.ch\\\/\",\"name\":\"Falora - Shop\",\"description\":\"\",\"publisher\":{\"@id\":\"https:\\\/\\\/falora.ch\\\/#organization\"},\"potentialAction\":[{\"@type\":\"SearchAction\",\"target\":{\"@type\":\"EntryPoint\",\"urlTemplate\":\"https:\\\/\\\/falora.ch\\\/?s={search_term_string}\"},\"query-input\":{\"@type\":\"PropertyValueSpecification\",\"valueRequired\":true,\"valueName\":\"search_term_string\"}}],\"inLanguage\":\"de\"},{\"@type\":\"Organization\",\"@id\":\"https:\\\/\\\/falora.ch\\\/#organization\",\"name\":\"Falora - Shop\",\"url\":\"https:\\\/\\\/falora.ch\\\/\",\"logo\":{\"@type\":\"ImageObject\",\"inLanguage\":\"de\",\"@id\":\"https:\\\/\\\/falora.ch\\\/#\\\/schema\\\/logo\\\/image\\\/\",\"url\":\"https:\\\/\\\/falora.ch\\\/wp-content\\\/uploads\\\/2025\\\/02\\\/logo.png\",\"contentUrl\":\"https:\\\/\\\/falora.ch\\\/wp-content\\\/uploads\\\/2025\\\/02\\\/logo.png\",\"width\":952,\"height\":165,\"caption\":\"Falora - Shop\"},\"image\":{\"@id\":\"https:\\\/\\\/falora.ch\\\/#\\\/schema\\\/logo\\\/image\\\/\"}}]}<\/script>\n<!-- \/ Yoast SEO plugin. -->","yoast_head_json":{"title":"Illusia Gel avec triangles, Chrome\/Chrome Trim - Falora - Shop","robots":{"index":"index","follow":"follow","max-snippet":"max-snippet:-1","max-image-preview":"max-image-preview:large","max-video-preview":"max-video-preview:-1"},"canonical":"https:\/\/falora.ch\/de\/produkt\/illusia-gel-avec-triangles-chrome-chrome-trim\/","og_locale":"de_DE","og_type":"article","og_title":"Illusia Gel avec triangles, Chrome\/Chrome Trim - Falora - Shop","og_description":"disponible sous 6 semaines","og_url":"https:\/\/falora.ch\/de\/produkt\/illusia-gel-avec-triangles-chrome-chrome-trim\/","og_site_name":"Falora - Shop","og_image":[{"width":640,"height":640,"url":"https:\/\/falora.ch\/wp-content\/uploads\/2025\/08\/0.webp","type":"image\/webp"}],"twitter_card":"summary_large_image","twitter_misc":{"Gesch\u00e4tzte Lesezeit":"1\u00a0Minute"},"schema":{"@context":"https:\/\/schema.org","@graph":[{"@type":"WebPage","@id":"https:\/\/falora.ch\/produit\/illusia-gel-avec-triangles-chrome-chrome-trim\/","url":"https:\/\/falora.ch\/produit\/illusia-gel-avec-triangles-chrome-chrome-trim\/","name":"Illusia Gel avec triangles, Chrome\/Chrome Trim - Falora - Shop","isPartOf":{"@id":"https:\/\/falora.ch\/#website"},"primaryImageOfPage":{"@id":"https:\/\/falora.ch\/produit\/illusia-gel-avec-triangles-chrome-chrome-trim\/#primaryimage"},"image":{"@id":"https:\/\/falora.ch\/produit\/illusia-gel-avec-triangles-chrome-chrome-trim\/#primaryimage"},"thumbnailUrl":"https:\/\/falora.ch\/wp-content\/uploads\/2025\/08\/0.webp","datePublished":"2025-08-28T15:02:07+00:00","breadcrumb":{"@id":"https:\/\/falora.ch\/produit\/illusia-gel-avec-triangles-chrome-chrome-trim\/#breadcrumb"},"inLanguage":"de","potentialAction":[{"@type":"ReadAction","target":["https:\/\/falora.ch\/produit\/illusia-gel-avec-triangles-chrome-chrome-trim\/"]}]},{"@type":"ImageObject","inLanguage":"de","@id":"https:\/\/falora.ch\/produit\/illusia-gel-avec-triangles-chrome-chrome-trim\/#primaryimage","url":"https:\/\/falora.ch\/wp-content\/uploads\/2025\/08\/0.webp","contentUrl":"https:\/\/falora.ch\/wp-content\/uploads\/2025\/08\/0.webp","width":640,"height":640},{"@type":"BreadcrumbList","@id":"https:\/\/falora.ch\/produit\/illusia-gel-avec-triangles-chrome-chrome-trim\/#breadcrumb","itemListElement":[{"@type":"ListItem","position":1,"name":"Accueil","item":"https:\/\/falora.ch\/"},{"@type":"ListItem","position":2,"name":"Boutique","item":"https:\/\/falora.ch\/boutique\/"},{"@type":"ListItem","position":3,"name":"Illusia Gel avec triangles, Chrome\/Chrome Trim"}]},{"@type":"WebSite","@id":"https:\/\/falora.ch\/#website","url":"https:\/\/falora.ch\/","name":"Falora - Shop","description":"","publisher":{"@id":"https:\/\/falora.ch\/#organization"},"potentialAction":[{"@type":"SearchAction","target":{"@type":"EntryPoint","urlTemplate":"https:\/\/falora.ch\/?s={search_term_string}"},"query-input":{"@type":"PropertyValueSpecification","valueRequired":true,"valueName":"search_term_string"}}],"inLanguage":"de"},{"@type":"Organization","@id":"https:\/\/falora.ch\/#organization","name":"Falora - Shop","url":"https:\/\/falora.ch\/","logo":{"@type":"ImageObject","inLanguage":"de","@id":"https:\/\/falora.ch\/#\/schema\/logo\/image\/","url":"https:\/\/falora.ch\/wp-content\/uploads\/2025\/02\/logo.png","contentUrl":"https:\/\/falora.ch\/wp-content\/uploads\/2025\/02\/logo.png","width":952,"height":165,"caption":"Falora - Shop"},"image":{"@id":"https:\/\/falora.ch\/#\/schema\/logo\/image\/"}}]}},"_links":{"self":[{"href":"https:\/\/falora.ch\/de\/wp-json\/wp\/v2\/product\/987510139","targetHints":{"allow":["GET"]}}],"collection":[{"href":"https:\/\/falora.ch\/de\/wp-json\/wp\/v2\/product"}],"about":[{"href":"https:\/\/falora.ch\/de\/wp-json\/wp\/v2\/types\/product"}],"wp:featuredmedia":[{"embeddable":true,"href":"https:\/\/falora.ch\/de\/wp-json\/wp\/v2\/media\/987510140"}],"wp:attachment":[{"href":"https:\/\/falora.ch\/de\/wp-json\/wp\/v2\/media?parent=987510139"}],"wp:term":[{"taxonomy":"product_brand","embeddable":true,"href":"https:\/\/falora.ch\/de\/wp-json\/wp\/v2\/product_brand?post=987510139"},{"taxonomy":"product_cat","embeddable":true,"href":"https:\/\/falora.ch\/de\/wp-json\/wp\/v2\/product_cat?post=987510139"},{"taxonomy":"product_tag","embeddable":true,"href":"https:\/\/falora.ch\/de\/wp-json\/wp\/v2\/product_tag?post=987510139"}],"curies":[{"name":"wp","href":"https:\/\/api.w.org\/{rel}","templated":true}]}}