{"id":987510147,"date":"2025-08-29T08:04:26","date_gmt":"2025-08-29T08:04:26","guid":{"rendered":"https:\/\/falora.ch\/?post_type=product&#038;p=987510147"},"modified":"2025-08-29T08:04:27","modified_gmt":"2025-08-29T08:04:27","slug":"innova-ombre-fusion-bliss-or-bleu-blanc-plume","status":"publish","type":"product","link":"https:\/\/falora.ch\/de\/produkt\/innova-ombre-fusion-bliss-or-bleu-blanc-plume\/","title":{"rendered":"Innova Ombre Fusion, Bliss (Gold\/Blau\/Wei\u00df); Feather"},"content":{"rendered":"<p>Jeder F\u00fcllfederhalter der Monteverde Innova-Kollektion wird mit Liebe zum Detail gefertigt, von den luxuri\u00f6sen Farbverlaufsoberfl\u00e4chen bis hin zu den pr\u00e4zisionsgefertigten Komponenten. So wird f\u00fcr jeden Geschmack ein Schreibger\u00e4t angeboten, das gleichzeitig dem Qualit\u00e4ts- und Stilbewusstsein der Marke treu bleibt. Der Stift zeichnet sich durch seinen authentischen Mittelring aus Kohlefaser aus, der dem Design des Stifts sowohl Stil als auch St\u00e4rke verleiht. Dieses Hochleistungsmaterial ist f\u00fcr seine Haltbarkeit und sein leichtes Design bekannt und vereint Spitzentechnologie mit der eleganten \u00c4sthetik des Stifts. Der Kohlefaserring ist ein subtiler, aber markanter Akzent und verleiht ihm eine moderne, industrielle Note, die einen sch\u00f6nen Kontrast zu den luxuri\u00f6sen Oberfl\u00e4chen des Stifts bildet. Er steigert nicht nur die visuelle Attraktivit\u00e4t des Stifts, sondern verst\u00e4rkt auch seine Konstruktion, gew\u00e4hrleistet lang anhaltende Leistung und macht ihn zu einem wirklich einzigartigen Schreibger\u00e4t.<\/p>\n<p>MOQ 1<\/p>\n<p>Art.-Nr. MV44551 \/ MV44552 \/ MV44553 \/ MV44554 \/ MV44555 \/ MV44556<\/p>\n<p>EAN 080333445518 \/ 080333445525 \/ 080333445532 \/ 080333445549 \/ 080333445556 \/ 080333445563<\/p>\n<p>&nbsp;<\/p>\n<p>&nbsp;<\/p>\n<p>&nbsp;<\/p>\n<p>&nbsp;<\/p>\n<p>&nbsp;<\/p>\n<p>&nbsp;<\/p>\n<p>&nbsp;<\/p>\n<p>&nbsp;<\/p>\n<p>&nbsp;<\/p>\n<p>&nbsp;<\/p>\n<p>&nbsp;<\/p>\n<p>&nbsp;<\/p>","protected":false},"excerpt":{"rendered":"<p>verf\u00fcgbar in 6 Wochen<\/p>","protected":false},"featured_media":987510153,"template":"","meta":{"_et_pb_use_builder":"","_et_pb_old_content":"","_et_gb_content_width":""},"product_brand":[],"product_cat":[118],"product_tag":[],"class_list":{"0":"post-987510147","1":"product","2":"type-product","3":"status-publish","4":"has-post-thumbnail","6":"product_cat-innova-ombre-fusion","8":"first","9":"instock","10":"shipping-taxable","11":"purchasable","12":"product-type-variable"},"yoast_head":"<!-- This site is optimized with the Yoast SEO plugin v27.4 - https:\/\/yoast.com\/product\/yoast-seo-wordpress\/ -->\n<title>Innova Ombre Fusion, Bliss (or\/bleu\/blanc); Plume - Falora - Shop<\/title>\n<meta name=\"robots\" content=\"index, follow, max-snippet:-1, max-image-preview:large, max-video-preview:-1\" \/>\n<link rel=\"canonical\" href=\"https:\/\/falora.ch\/de\/produkt\/innova-ombre-fusion-bliss-or-bleu-blanc-plume\/\" \/>\n<meta property=\"og:locale\" content=\"de_DE\" \/>\n<meta property=\"og:type\" content=\"article\" \/>\n<meta property=\"og:title\" content=\"Innova Ombre Fusion, Bliss (or\/bleu\/blanc); Plume - Falora - Shop\" \/>\n<meta property=\"og:description\" content=\"disponible sous 6 semaines\" \/>\n<meta property=\"og:url\" content=\"https:\/\/falora.ch\/de\/produkt\/innova-ombre-fusion-bliss-or-bleu-blanc-plume\/\" \/>\n<meta property=\"og:site_name\" content=\"Falora - Shop\" \/>\n<meta property=\"article:modified_time\" content=\"2025-08-29T08:04:27+00:00\" \/>\n<meta property=\"og:image\" content=\"https:\/\/falora.ch\/wp-content\/uploads\/2025\/08\/o5.webp\" \/>\n\t<meta property=\"og:image:width\" content=\"640\" \/>\n\t<meta property=\"og:image:height\" content=\"640\" \/>\n\t<meta property=\"og:image:type\" content=\"image\/webp\" \/>\n<meta name=\"twitter:card\" content=\"summary_large_image\" \/>\n<meta name=\"twitter:label1\" content=\"Gesch\u00e4tzte Lesezeit\" \/>\n\t<meta name=\"twitter:data1\" content=\"2\u00a0Minuten\" \/>\n<script type=\"application\/ld+json\" class=\"yoast-schema-graph\">{\"@context\":\"https:\\\/\\\/schema.org\",\"@graph\":[{\"@type\":\"WebPage\",\"@id\":\"https:\\\/\\\/falora.ch\\\/produit\\\/innova-ombre-fusion-bliss-or-bleu-blanc-plume\\\/\",\"url\":\"https:\\\/\\\/falora.ch\\\/produit\\\/innova-ombre-fusion-bliss-or-bleu-blanc-plume\\\/\",\"name\":\"Innova Ombre Fusion, Bliss (or\\\/bleu\\\/blanc); Plume - Falora - Shop\",\"isPartOf\":{\"@id\":\"https:\\\/\\\/falora.ch\\\/#website\"},\"primaryImageOfPage\":{\"@id\":\"https:\\\/\\\/falora.ch\\\/produit\\\/innova-ombre-fusion-bliss-or-bleu-blanc-plume\\\/#primaryimage\"},\"image\":{\"@id\":\"https:\\\/\\\/falora.ch\\\/produit\\\/innova-ombre-fusion-bliss-or-bleu-blanc-plume\\\/#primaryimage\"},\"thumbnailUrl\":\"https:\\\/\\\/falora.ch\\\/wp-content\\\/uploads\\\/2025\\\/08\\\/o5.webp\",\"datePublished\":\"2025-08-29T08:04:26+00:00\",\"dateModified\":\"2025-08-29T08:04:27+00:00\",\"breadcrumb\":{\"@id\":\"https:\\\/\\\/falora.ch\\\/produit\\\/innova-ombre-fusion-bliss-or-bleu-blanc-plume\\\/#breadcrumb\"},\"inLanguage\":\"de\",\"potentialAction\":[{\"@type\":\"ReadAction\",\"target\":[\"https:\\\/\\\/falora.ch\\\/produit\\\/innova-ombre-fusion-bliss-or-bleu-blanc-plume\\\/\"]}]},{\"@type\":\"ImageObject\",\"inLanguage\":\"de\",\"@id\":\"https:\\\/\\\/falora.ch\\\/produit\\\/innova-ombre-fusion-bliss-or-bleu-blanc-plume\\\/#primaryimage\",\"url\":\"https:\\\/\\\/falora.ch\\\/wp-content\\\/uploads\\\/2025\\\/08\\\/o5.webp\",\"contentUrl\":\"https:\\\/\\\/falora.ch\\\/wp-content\\\/uploads\\\/2025\\\/08\\\/o5.webp\",\"width\":640,\"height\":640,\"caption\":\"o5\"},{\"@type\":\"BreadcrumbList\",\"@id\":\"https:\\\/\\\/falora.ch\\\/produit\\\/innova-ombre-fusion-bliss-or-bleu-blanc-plume\\\/#breadcrumb\",\"itemListElement\":[{\"@type\":\"ListItem\",\"position\":1,\"name\":\"Accueil\",\"item\":\"https:\\\/\\\/falora.ch\\\/\"},{\"@type\":\"ListItem\",\"position\":2,\"name\":\"Boutique\",\"item\":\"https:\\\/\\\/falora.ch\\\/boutique\\\/\"},{\"@type\":\"ListItem\",\"position\":3,\"name\":\"Innova Ombre Fusion, Bliss (or\\\/bleu\\\/blanc); Plume\"}]},{\"@type\":\"WebSite\",\"@id\":\"https:\\\/\\\/falora.ch\\\/#website\",\"url\":\"https:\\\/\\\/falora.ch\\\/\",\"name\":\"Falora - Shop\",\"description\":\"\",\"publisher\":{\"@id\":\"https:\\\/\\\/falora.ch\\\/#organization\"},\"potentialAction\":[{\"@type\":\"SearchAction\",\"target\":{\"@type\":\"EntryPoint\",\"urlTemplate\":\"https:\\\/\\\/falora.ch\\\/?s={search_term_string}\"},\"query-input\":{\"@type\":\"PropertyValueSpecification\",\"valueRequired\":true,\"valueName\":\"search_term_string\"}}],\"inLanguage\":\"de\"},{\"@type\":\"Organization\",\"@id\":\"https:\\\/\\\/falora.ch\\\/#organization\",\"name\":\"Falora - Shop\",\"url\":\"https:\\\/\\\/falora.ch\\\/\",\"logo\":{\"@type\":\"ImageObject\",\"inLanguage\":\"de\",\"@id\":\"https:\\\/\\\/falora.ch\\\/#\\\/schema\\\/logo\\\/image\\\/\",\"url\":\"https:\\\/\\\/falora.ch\\\/wp-content\\\/uploads\\\/2025\\\/02\\\/logo.png\",\"contentUrl\":\"https:\\\/\\\/falora.ch\\\/wp-content\\\/uploads\\\/2025\\\/02\\\/logo.png\",\"width\":952,\"height\":165,\"caption\":\"Falora - Shop\"},\"image\":{\"@id\":\"https:\\\/\\\/falora.ch\\\/#\\\/schema\\\/logo\\\/image\\\/\"}}]}<\/script>\n<!-- \/ Yoast SEO plugin. -->","yoast_head_json":{"title":"Innova Ombre Fusion, Bliss (or\/bleu\/blanc); Plume - Falora - Shop","robots":{"index":"index","follow":"follow","max-snippet":"max-snippet:-1","max-image-preview":"max-image-preview:large","max-video-preview":"max-video-preview:-1"},"canonical":"https:\/\/falora.ch\/de\/produkt\/innova-ombre-fusion-bliss-or-bleu-blanc-plume\/","og_locale":"de_DE","og_type":"article","og_title":"Innova Ombre Fusion, Bliss (or\/bleu\/blanc); Plume - Falora - Shop","og_description":"disponible sous 6 semaines","og_url":"https:\/\/falora.ch\/de\/produkt\/innova-ombre-fusion-bliss-or-bleu-blanc-plume\/","og_site_name":"Falora - Shop","article_modified_time":"2025-08-29T08:04:27+00:00","og_image":[{"width":640,"height":640,"url":"https:\/\/falora.ch\/wp-content\/uploads\/2025\/08\/o5.webp","type":"image\/webp"}],"twitter_card":"summary_large_image","twitter_misc":{"Gesch\u00e4tzte Lesezeit":"2\u00a0Minuten"},"schema":{"@context":"https:\/\/schema.org","@graph":[{"@type":"WebPage","@id":"https:\/\/falora.ch\/produit\/innova-ombre-fusion-bliss-or-bleu-blanc-plume\/","url":"https:\/\/falora.ch\/produit\/innova-ombre-fusion-bliss-or-bleu-blanc-plume\/","name":"Innova Ombre Fusion, Bliss (or\/bleu\/blanc); Plume - Falora - Shop","isPartOf":{"@id":"https:\/\/falora.ch\/#website"},"primaryImageOfPage":{"@id":"https:\/\/falora.ch\/produit\/innova-ombre-fusion-bliss-or-bleu-blanc-plume\/#primaryimage"},"image":{"@id":"https:\/\/falora.ch\/produit\/innova-ombre-fusion-bliss-or-bleu-blanc-plume\/#primaryimage"},"thumbnailUrl":"https:\/\/falora.ch\/wp-content\/uploads\/2025\/08\/o5.webp","datePublished":"2025-08-29T08:04:26+00:00","dateModified":"2025-08-29T08:04:27+00:00","breadcrumb":{"@id":"https:\/\/falora.ch\/produit\/innova-ombre-fusion-bliss-or-bleu-blanc-plume\/#breadcrumb"},"inLanguage":"de","potentialAction":[{"@type":"ReadAction","target":["https:\/\/falora.ch\/produit\/innova-ombre-fusion-bliss-or-bleu-blanc-plume\/"]}]},{"@type":"ImageObject","inLanguage":"de","@id":"https:\/\/falora.ch\/produit\/innova-ombre-fusion-bliss-or-bleu-blanc-plume\/#primaryimage","url":"https:\/\/falora.ch\/wp-content\/uploads\/2025\/08\/o5.webp","contentUrl":"https:\/\/falora.ch\/wp-content\/uploads\/2025\/08\/o5.webp","width":640,"height":640,"caption":"o5"},{"@type":"BreadcrumbList","@id":"https:\/\/falora.ch\/produit\/innova-ombre-fusion-bliss-or-bleu-blanc-plume\/#breadcrumb","itemListElement":[{"@type":"ListItem","position":1,"name":"Accueil","item":"https:\/\/falora.ch\/"},{"@type":"ListItem","position":2,"name":"Boutique","item":"https:\/\/falora.ch\/boutique\/"},{"@type":"ListItem","position":3,"name":"Innova Ombre Fusion, Bliss (or\/bleu\/blanc); Plume"}]},{"@type":"WebSite","@id":"https:\/\/falora.ch\/#website","url":"https:\/\/falora.ch\/","name":"Falora - Shop","description":"","publisher":{"@id":"https:\/\/falora.ch\/#organization"},"potentialAction":[{"@type":"SearchAction","target":{"@type":"EntryPoint","urlTemplate":"https:\/\/falora.ch\/?s={search_term_string}"},"query-input":{"@type":"PropertyValueSpecification","valueRequired":true,"valueName":"search_term_string"}}],"inLanguage":"de"},{"@type":"Organization","@id":"https:\/\/falora.ch\/#organization","name":"Falora - Shop","url":"https:\/\/falora.ch\/","logo":{"@type":"ImageObject","inLanguage":"de","@id":"https:\/\/falora.ch\/#\/schema\/logo\/image\/","url":"https:\/\/falora.ch\/wp-content\/uploads\/2025\/02\/logo.png","contentUrl":"https:\/\/falora.ch\/wp-content\/uploads\/2025\/02\/logo.png","width":952,"height":165,"caption":"Falora - Shop"},"image":{"@id":"https:\/\/falora.ch\/#\/schema\/logo\/image\/"}}]}},"_links":{"self":[{"href":"https:\/\/falora.ch\/de\/wp-json\/wp\/v2\/product\/987510147","targetHints":{"allow":["GET"]}}],"collection":[{"href":"https:\/\/falora.ch\/de\/wp-json\/wp\/v2\/product"}],"about":[{"href":"https:\/\/falora.ch\/de\/wp-json\/wp\/v2\/types\/product"}],"wp:featuredmedia":[{"embeddable":true,"href":"https:\/\/falora.ch\/de\/wp-json\/wp\/v2\/media\/987510153"}],"wp:attachment":[{"href":"https:\/\/falora.ch\/de\/wp-json\/wp\/v2\/media?parent=987510147"}],"wp:term":[{"taxonomy":"product_brand","embeddable":true,"href":"https:\/\/falora.ch\/de\/wp-json\/wp\/v2\/product_brand?post=987510147"},{"taxonomy":"product_cat","embeddable":true,"href":"https:\/\/falora.ch\/de\/wp-json\/wp\/v2\/product_cat?post=987510147"},{"taxonomy":"product_tag","embeddable":true,"href":"https:\/\/falora.ch\/de\/wp-json\/wp\/v2\/product_tag?post=987510147"}],"curies":[{"name":"wp","href":"https:\/\/api.w.org\/{rel}","templated":true}]}}