{"id":987510160,"date":"2025-08-29T08:08:56","date_gmt":"2025-08-29T08:08:56","guid":{"rendered":"https:\/\/falora.ch\/?post_type=product&#038;p=987510160"},"modified":"2025-08-29T08:08:56","modified_gmt":"2025-08-29T08:08:56","slug":"innova-ombre-fusion-bliss-or-bleu-blanc-stylo-bille","status":"publish","type":"product","link":"https:\/\/falora.ch\/de\/produkt\/innova-ombre-fusion-bliss-or-bleu-blanc-stylo-bille\/","title":{"rendered":"Innova Ombre Fusion, Bliss (Gold\/Blau\/Wei\u00df); Kugelschreiber"},"content":{"rendered":"<div>\n<div class=\"max-height--inner\">\n<div class=\"max-height--inner-content rte product-short-description\">\n<p>Versch\u00f6nern Sie Ihr Schreibvergn\u00fcgen mit dem Monteverde USA Innova Ombre Fusion Bliss Kugelschreiber. Dieses markante, moderne Design vereint schimmerndes Gold, ruhiges Blau und reines Wei\u00df in einem nahtlosen Ombre-Farbverlauf, der Positivit\u00e4t und Stil ausstrahlt. Der aus hochwertigen Materialien gefertigte Stift ist perfekt ausbalanciert und bietet h\u00f6chsten Komfort, sodass Sie ihn den ganzen Tag \u00fcber gerne verwenden. Der Drehmechanismus ist leichtg\u00e4ngig und zuverl\u00e4ssig, w\u00e4hrend der nachf\u00fcllbare Kugelschreiber eine lange Lebensdauer gew\u00e4hrleistet. Ob Notizen, Tagebuch schreiben oder Dokumente unterschreiben \u2013 der Fusion Bliss Kugelschreiber bietet ein sanftes, m\u00fcheloses Schreiberlebnis. Ein wundersch\u00f6nes Geschenk f\u00fcr Berufst\u00e4tige, Kreative oder alle, die Luxus mit einem Hauch von Farbe zu sch\u00e4tzen wissen. Kombinieren Sie ihn mit dem passenden Tintenroller oder F\u00fcllfederhalter, um das Set zu vervollst\u00e4ndigen.<\/p>\n<p>MOQ 1<\/p>\n<\/div>\n<\/div>\n<\/div>\n<p>Art.-Nr. MV44557<\/p>\n<p>EAN 080333445570<\/p>\n<p>&nbsp;<\/p>\n<p>&nbsp;<\/p>","protected":false},"excerpt":{"rendered":"<p>verf\u00fcgbar in 6 Wochen<\/p>","protected":false},"featured_media":987510164,"template":"","meta":{"_et_pb_use_builder":"","_et_pb_old_content":"","_et_gb_content_width":""},"product_brand":[],"product_cat":[118],"product_tag":[],"class_list":{"0":"post-987510160","1":"product","2":"type-product","3":"status-publish","4":"has-post-thumbnail","6":"product_cat-innova-ombre-fusion","8":"first","9":"instock","10":"shipping-taxable","11":"purchasable","12":"product-type-simple"},"yoast_head":"<!-- This site is optimized with the Yoast SEO plugin v27.6 - https:\/\/yoast.com\/product\/yoast-seo-wordpress\/ -->\n<title>Innova Ombre Fusion, Bliss (or\/bleu\/blanc); Stylo Bille - Falora - Shop<\/title>\n<meta name=\"robots\" content=\"index, follow, max-snippet:-1, max-image-preview:large, max-video-preview:-1\" \/>\n<link rel=\"canonical\" href=\"https:\/\/falora.ch\/de\/produkt\/innova-ombre-fusion-bliss-or-bleu-blanc-stylo-bille\/\" \/>\n<meta property=\"og:locale\" content=\"de_DE\" \/>\n<meta property=\"og:type\" content=\"article\" \/>\n<meta property=\"og:title\" content=\"Innova Ombre Fusion, Bliss (or\/bleu\/blanc); Stylo Bille - Falora - Shop\" \/>\n<meta property=\"og:description\" content=\"disponible sous 6 semaines\" \/>\n<meta property=\"og:url\" content=\"https:\/\/falora.ch\/de\/produkt\/innova-ombre-fusion-bliss-or-bleu-blanc-stylo-bille\/\" \/>\n<meta property=\"og:site_name\" content=\"Falora - Shop\" \/>\n<meta property=\"og:image\" content=\"https:\/\/falora.ch\/wp-content\/uploads\/2025\/08\/om3.webp\" \/>\n\t<meta property=\"og:image:width\" content=\"640\" \/>\n\t<meta property=\"og:image:height\" content=\"640\" \/>\n\t<meta property=\"og:image:type\" content=\"image\/webp\" \/>\n<meta name=\"twitter:card\" content=\"summary_large_image\" \/>\n<meta name=\"twitter:label1\" content=\"Gesch\u00e4tzte Lesezeit\" \/>\n\t<meta name=\"twitter:data1\" content=\"1\u00a0Minute\" \/>\n<script type=\"application\/ld+json\" class=\"yoast-schema-graph\">{\"@context\":\"https:\\\/\\\/schema.org\",\"@graph\":[{\"@type\":\"WebPage\",\"@id\":\"https:\\\/\\\/falora.ch\\\/produit\\\/innova-ombre-fusion-bliss-or-bleu-blanc-stylo-bille\\\/\",\"url\":\"https:\\\/\\\/falora.ch\\\/produit\\\/innova-ombre-fusion-bliss-or-bleu-blanc-stylo-bille\\\/\",\"name\":\"Innova Ombre Fusion, Bliss (or\\\/bleu\\\/blanc); Stylo Bille - Falora - Shop\",\"isPartOf\":{\"@id\":\"https:\\\/\\\/falora.ch\\\/#website\"},\"primaryImageOfPage\":{\"@id\":\"https:\\\/\\\/falora.ch\\\/produit\\\/innova-ombre-fusion-bliss-or-bleu-blanc-stylo-bille\\\/#primaryimage\"},\"image\":{\"@id\":\"https:\\\/\\\/falora.ch\\\/produit\\\/innova-ombre-fusion-bliss-or-bleu-blanc-stylo-bille\\\/#primaryimage\"},\"thumbnailUrl\":\"https:\\\/\\\/falora.ch\\\/wp-content\\\/uploads\\\/2025\\\/08\\\/om3.webp\",\"datePublished\":\"2025-08-29T08:08:56+00:00\",\"breadcrumb\":{\"@id\":\"https:\\\/\\\/falora.ch\\\/produit\\\/innova-ombre-fusion-bliss-or-bleu-blanc-stylo-bille\\\/#breadcrumb\"},\"inLanguage\":\"de\",\"potentialAction\":[{\"@type\":\"ReadAction\",\"target\":[\"https:\\\/\\\/falora.ch\\\/produit\\\/innova-ombre-fusion-bliss-or-bleu-blanc-stylo-bille\\\/\"]}]},{\"@type\":\"ImageObject\",\"inLanguage\":\"de\",\"@id\":\"https:\\\/\\\/falora.ch\\\/produit\\\/innova-ombre-fusion-bliss-or-bleu-blanc-stylo-bille\\\/#primaryimage\",\"url\":\"https:\\\/\\\/falora.ch\\\/wp-content\\\/uploads\\\/2025\\\/08\\\/om3.webp\",\"contentUrl\":\"https:\\\/\\\/falora.ch\\\/wp-content\\\/uploads\\\/2025\\\/08\\\/om3.webp\",\"width\":640,\"height\":640,\"caption\":\"om3\"},{\"@type\":\"BreadcrumbList\",\"@id\":\"https:\\\/\\\/falora.ch\\\/produit\\\/innova-ombre-fusion-bliss-or-bleu-blanc-stylo-bille\\\/#breadcrumb\",\"itemListElement\":[{\"@type\":\"ListItem\",\"position\":1,\"name\":\"Accueil\",\"item\":\"https:\\\/\\\/falora.ch\\\/\"},{\"@type\":\"ListItem\",\"position\":2,\"name\":\"Boutique\",\"item\":\"https:\\\/\\\/falora.ch\\\/boutique\\\/\"},{\"@type\":\"ListItem\",\"position\":3,\"name\":\"Innova Ombre Fusion, Bliss (or\\\/bleu\\\/blanc); Stylo Bille\"}]},{\"@type\":\"WebSite\",\"@id\":\"https:\\\/\\\/falora.ch\\\/#website\",\"url\":\"https:\\\/\\\/falora.ch\\\/\",\"name\":\"Falora - Shop\",\"description\":\"\",\"publisher\":{\"@id\":\"https:\\\/\\\/falora.ch\\\/#organization\"},\"potentialAction\":[{\"@type\":\"SearchAction\",\"target\":{\"@type\":\"EntryPoint\",\"urlTemplate\":\"https:\\\/\\\/falora.ch\\\/?s={search_term_string}\"},\"query-input\":{\"@type\":\"PropertyValueSpecification\",\"valueRequired\":true,\"valueName\":\"search_term_string\"}}],\"inLanguage\":\"de\"},{\"@type\":\"Organization\",\"@id\":\"https:\\\/\\\/falora.ch\\\/#organization\",\"name\":\"Falora - Shop\",\"url\":\"https:\\\/\\\/falora.ch\\\/\",\"logo\":{\"@type\":\"ImageObject\",\"inLanguage\":\"de\",\"@id\":\"https:\\\/\\\/falora.ch\\\/#\\\/schema\\\/logo\\\/image\\\/\",\"url\":\"https:\\\/\\\/falora.ch\\\/wp-content\\\/uploads\\\/2025\\\/02\\\/logo.png\",\"contentUrl\":\"https:\\\/\\\/falora.ch\\\/wp-content\\\/uploads\\\/2025\\\/02\\\/logo.png\",\"width\":952,\"height\":165,\"caption\":\"Falora - Shop\"},\"image\":{\"@id\":\"https:\\\/\\\/falora.ch\\\/#\\\/schema\\\/logo\\\/image\\\/\"}}]}<\/script>\n<!-- \/ Yoast SEO plugin. -->","yoast_head_json":{"title":"Innova Ombre Fusion, Bliss (or\/bleu\/blanc); Stylo Bille - Falora - Shop","robots":{"index":"index","follow":"follow","max-snippet":"max-snippet:-1","max-image-preview":"max-image-preview:large","max-video-preview":"max-video-preview:-1"},"canonical":"https:\/\/falora.ch\/de\/produkt\/innova-ombre-fusion-bliss-or-bleu-blanc-stylo-bille\/","og_locale":"de_DE","og_type":"article","og_title":"Innova Ombre Fusion, Bliss (or\/bleu\/blanc); Stylo Bille - Falora - Shop","og_description":"disponible sous 6 semaines","og_url":"https:\/\/falora.ch\/de\/produkt\/innova-ombre-fusion-bliss-or-bleu-blanc-stylo-bille\/","og_site_name":"Falora - Shop","og_image":[{"width":640,"height":640,"url":"https:\/\/falora.ch\/wp-content\/uploads\/2025\/08\/om3.webp","type":"image\/webp"}],"twitter_card":"summary_large_image","twitter_misc":{"Gesch\u00e4tzte Lesezeit":"1\u00a0Minute"},"schema":{"@context":"https:\/\/schema.org","@graph":[{"@type":"WebPage","@id":"https:\/\/falora.ch\/produit\/innova-ombre-fusion-bliss-or-bleu-blanc-stylo-bille\/","url":"https:\/\/falora.ch\/produit\/innova-ombre-fusion-bliss-or-bleu-blanc-stylo-bille\/","name":"Innova Ombre Fusion, Bliss (or\/bleu\/blanc); Stylo Bille - Falora - Shop","isPartOf":{"@id":"https:\/\/falora.ch\/#website"},"primaryImageOfPage":{"@id":"https:\/\/falora.ch\/produit\/innova-ombre-fusion-bliss-or-bleu-blanc-stylo-bille\/#primaryimage"},"image":{"@id":"https:\/\/falora.ch\/produit\/innova-ombre-fusion-bliss-or-bleu-blanc-stylo-bille\/#primaryimage"},"thumbnailUrl":"https:\/\/falora.ch\/wp-content\/uploads\/2025\/08\/om3.webp","datePublished":"2025-08-29T08:08:56+00:00","breadcrumb":{"@id":"https:\/\/falora.ch\/produit\/innova-ombre-fusion-bliss-or-bleu-blanc-stylo-bille\/#breadcrumb"},"inLanguage":"de","potentialAction":[{"@type":"ReadAction","target":["https:\/\/falora.ch\/produit\/innova-ombre-fusion-bliss-or-bleu-blanc-stylo-bille\/"]}]},{"@type":"ImageObject","inLanguage":"de","@id":"https:\/\/falora.ch\/produit\/innova-ombre-fusion-bliss-or-bleu-blanc-stylo-bille\/#primaryimage","url":"https:\/\/falora.ch\/wp-content\/uploads\/2025\/08\/om3.webp","contentUrl":"https:\/\/falora.ch\/wp-content\/uploads\/2025\/08\/om3.webp","width":640,"height":640,"caption":"om3"},{"@type":"BreadcrumbList","@id":"https:\/\/falora.ch\/produit\/innova-ombre-fusion-bliss-or-bleu-blanc-stylo-bille\/#breadcrumb","itemListElement":[{"@type":"ListItem","position":1,"name":"Accueil","item":"https:\/\/falora.ch\/"},{"@type":"ListItem","position":2,"name":"Boutique","item":"https:\/\/falora.ch\/boutique\/"},{"@type":"ListItem","position":3,"name":"Innova Ombre Fusion, Bliss (or\/bleu\/blanc); Stylo Bille"}]},{"@type":"WebSite","@id":"https:\/\/falora.ch\/#website","url":"https:\/\/falora.ch\/","name":"Falora - Shop","description":"","publisher":{"@id":"https:\/\/falora.ch\/#organization"},"potentialAction":[{"@type":"SearchAction","target":{"@type":"EntryPoint","urlTemplate":"https:\/\/falora.ch\/?s={search_term_string}"},"query-input":{"@type":"PropertyValueSpecification","valueRequired":true,"valueName":"search_term_string"}}],"inLanguage":"de"},{"@type":"Organization","@id":"https:\/\/falora.ch\/#organization","name":"Falora - Shop","url":"https:\/\/falora.ch\/","logo":{"@type":"ImageObject","inLanguage":"de","@id":"https:\/\/falora.ch\/#\/schema\/logo\/image\/","url":"https:\/\/falora.ch\/wp-content\/uploads\/2025\/02\/logo.png","contentUrl":"https:\/\/falora.ch\/wp-content\/uploads\/2025\/02\/logo.png","width":952,"height":165,"caption":"Falora - Shop"},"image":{"@id":"https:\/\/falora.ch\/#\/schema\/logo\/image\/"}}]}},"_links":{"self":[{"href":"https:\/\/falora.ch\/de\/wp-json\/wp\/v2\/product\/987510160","targetHints":{"allow":["GET"]}}],"collection":[{"href":"https:\/\/falora.ch\/de\/wp-json\/wp\/v2\/product"}],"about":[{"href":"https:\/\/falora.ch\/de\/wp-json\/wp\/v2\/types\/product"}],"wp:featuredmedia":[{"embeddable":true,"href":"https:\/\/falora.ch\/de\/wp-json\/wp\/v2\/media\/987510164"}],"wp:attachment":[{"href":"https:\/\/falora.ch\/de\/wp-json\/wp\/v2\/media?parent=987510160"}],"wp:term":[{"taxonomy":"product_brand","embeddable":true,"href":"https:\/\/falora.ch\/de\/wp-json\/wp\/v2\/product_brand?post=987510160"},{"taxonomy":"product_cat","embeddable":true,"href":"https:\/\/falora.ch\/de\/wp-json\/wp\/v2\/product_cat?post=987510160"},{"taxonomy":"product_tag","embeddable":true,"href":"https:\/\/falora.ch\/de\/wp-json\/wp\/v2\/product_tag?post=987510160"}],"curies":[{"name":"wp","href":"https:\/\/api.w.org\/{rel}","templated":true}]}}