{"id":987510187,"date":"2025-08-29T08:38:27","date_gmt":"2025-08-29T08:38:27","guid":{"rendered":"https:\/\/falora.ch\/?post_type=product&#038;p=987510187"},"modified":"2025-08-29T08:38:27","modified_gmt":"2025-08-29T08:38:27","slug":"innova-ombre-fusion-harmony-violet-orange-pink-stylo-bille","status":"publish","type":"product","link":"https:\/\/falora.ch\/de\/produkt\/innova-ombre-fusion-harmony-violet-orange-pink-stylo-bille\/","title":{"rendered":"Innova Ombre Fusion, Harmony (lila\/orange\/pink); Kugelschreiber"},"content":{"rendered":"<p>Entdecken Sie markantes Design und ausgewogene Leistung mit dem Monteverde USA Innova Ombre Fusion Harmony Kugelschreiber. Dieser Stift ist ein wahres Fest der Kreativit\u00e4t und besticht durch einen lebendigen Farbton, der von leuchtendem Lila \u00fcber feuriges Orange bis hin zu tiefem Violett reicht. Der Schaft aus massivem, eloxiertem Aluminium liegt leicht und dennoch hochwertig in der Hand und ist somit ideal f\u00fcr das t\u00e4gliche Schreiben. Sein Drehmechanismus ist leichtg\u00e4ngig und pr\u00e4zise, w\u00e4hrend der nachf\u00fcllbare Kugelschreiber einen klaren, gleichm\u00e4\u00dfigen Tintenfluss liefert. Ob Sie Dokumente unterschreiben, Ideen festhalten oder pers\u00f6nliche Notizen schreiben \u2013 der Fusion Harmony Kugelschreiber bietet Stil und Substanz. Ein perfektes Geschenk f\u00fcr Schriftsteller, Profis und Farbliebhaber, die mehr \u00fcber ihren Stift f\u00fcr den Alltag erfahren m\u00f6chten.<\/p>\n<p>MOQ 1<\/p>\n<p>Art.-Nr. MV44567<\/p>\n<p>EAN 080333445679<\/p>\n<p>&nbsp;<\/p>\n<p>&nbsp;<\/p>","protected":false},"excerpt":{"rendered":"<p>verf\u00fcgbar in 6 Wochen<\/p>","protected":false},"featured_media":987510193,"template":"","meta":{"_et_pb_use_builder":"","_et_pb_old_content":"","_et_gb_content_width":""},"product_brand":[],"product_cat":[118],"product_tag":[],"class_list":{"0":"post-987510187","1":"product","2":"type-product","3":"status-publish","4":"has-post-thumbnail","6":"product_cat-innova-ombre-fusion","8":"first","9":"instock","10":"shipping-taxable","11":"purchasable","12":"product-type-simple"},"yoast_head":"<!-- This site is optimized with the Yoast SEO plugin v27.3 - https:\/\/yoast.com\/product\/yoast-seo-wordpress\/ -->\n<title>Innova Ombre Fusion, Harmony (violet\/orange\/pink); Stylo Bille - Falora - Shop<\/title>\n<meta name=\"robots\" content=\"index, follow, max-snippet:-1, max-image-preview:large, max-video-preview:-1\" \/>\n<link rel=\"canonical\" href=\"https:\/\/falora.ch\/de\/produkt\/innova-ombre-fusion-harmony-violet-orange-pink-stylo-bille\/\" \/>\n<meta property=\"og:locale\" content=\"de_DE\" \/>\n<meta property=\"og:type\" content=\"article\" \/>\n<meta property=\"og:title\" content=\"Innova Ombre Fusion, Harmony (violet\/orange\/pink); Stylo Bille - Falora - Shop\" \/>\n<meta property=\"og:description\" content=\"disponible sous 6 semaines\" \/>\n<meta property=\"og:url\" content=\"https:\/\/falora.ch\/de\/produkt\/innova-ombre-fusion-harmony-violet-orange-pink-stylo-bille\/\" \/>\n<meta property=\"og:site_name\" content=\"Falora - Shop\" \/>\n<meta property=\"og:image\" content=\"https:\/\/falora.ch\/wp-content\/uploads\/2025\/08\/h5.webp\" \/>\n\t<meta property=\"og:image:width\" content=\"640\" \/>\n\t<meta property=\"og:image:height\" content=\"640\" \/>\n\t<meta property=\"og:image:type\" content=\"image\/webp\" \/>\n<meta name=\"twitter:card\" content=\"summary_large_image\" \/>\n<meta name=\"twitter:label1\" content=\"Gesch\u00e4tzte Lesezeit\" \/>\n\t<meta name=\"twitter:data1\" content=\"1\u00a0Minute\" \/>\n<script type=\"application\/ld+json\" class=\"yoast-schema-graph\">{\"@context\":\"https:\\\/\\\/schema.org\",\"@graph\":[{\"@type\":\"WebPage\",\"@id\":\"https:\\\/\\\/falora.ch\\\/produit\\\/innova-ombre-fusion-harmony-violet-orange-pink-stylo-bille\\\/\",\"url\":\"https:\\\/\\\/falora.ch\\\/produit\\\/innova-ombre-fusion-harmony-violet-orange-pink-stylo-bille\\\/\",\"name\":\"Innova Ombre Fusion, Harmony (violet\\\/orange\\\/pink); Stylo Bille - Falora - Shop\",\"isPartOf\":{\"@id\":\"https:\\\/\\\/falora.ch\\\/#website\"},\"primaryImageOfPage\":{\"@id\":\"https:\\\/\\\/falora.ch\\\/produit\\\/innova-ombre-fusion-harmony-violet-orange-pink-stylo-bille\\\/#primaryimage\"},\"image\":{\"@id\":\"https:\\\/\\\/falora.ch\\\/produit\\\/innova-ombre-fusion-harmony-violet-orange-pink-stylo-bille\\\/#primaryimage\"},\"thumbnailUrl\":\"https:\\\/\\\/falora.ch\\\/wp-content\\\/uploads\\\/2025\\\/08\\\/h5.webp\",\"datePublished\":\"2025-08-29T08:38:27+00:00\",\"breadcrumb\":{\"@id\":\"https:\\\/\\\/falora.ch\\\/produit\\\/innova-ombre-fusion-harmony-violet-orange-pink-stylo-bille\\\/#breadcrumb\"},\"inLanguage\":\"de\",\"potentialAction\":[{\"@type\":\"ReadAction\",\"target\":[\"https:\\\/\\\/falora.ch\\\/produit\\\/innova-ombre-fusion-harmony-violet-orange-pink-stylo-bille\\\/\"]}]},{\"@type\":\"ImageObject\",\"inLanguage\":\"de\",\"@id\":\"https:\\\/\\\/falora.ch\\\/produit\\\/innova-ombre-fusion-harmony-violet-orange-pink-stylo-bille\\\/#primaryimage\",\"url\":\"https:\\\/\\\/falora.ch\\\/wp-content\\\/uploads\\\/2025\\\/08\\\/h5.webp\",\"contentUrl\":\"https:\\\/\\\/falora.ch\\\/wp-content\\\/uploads\\\/2025\\\/08\\\/h5.webp\",\"width\":640,\"height\":640,\"caption\":\"h5\"},{\"@type\":\"BreadcrumbList\",\"@id\":\"https:\\\/\\\/falora.ch\\\/produit\\\/innova-ombre-fusion-harmony-violet-orange-pink-stylo-bille\\\/#breadcrumb\",\"itemListElement\":[{\"@type\":\"ListItem\",\"position\":1,\"name\":\"Accueil\",\"item\":\"https:\\\/\\\/falora.ch\\\/\"},{\"@type\":\"ListItem\",\"position\":2,\"name\":\"Boutique\",\"item\":\"https:\\\/\\\/falora.ch\\\/boutique\\\/\"},{\"@type\":\"ListItem\",\"position\":3,\"name\":\"Innova Ombre Fusion, Harmony (violet\\\/orange\\\/pink); Stylo Bille\"}]},{\"@type\":\"WebSite\",\"@id\":\"https:\\\/\\\/falora.ch\\\/#website\",\"url\":\"https:\\\/\\\/falora.ch\\\/\",\"name\":\"Falora - Shop\",\"description\":\"\",\"publisher\":{\"@id\":\"https:\\\/\\\/falora.ch\\\/#organization\"},\"potentialAction\":[{\"@type\":\"SearchAction\",\"target\":{\"@type\":\"EntryPoint\",\"urlTemplate\":\"https:\\\/\\\/falora.ch\\\/?s={search_term_string}\"},\"query-input\":{\"@type\":\"PropertyValueSpecification\",\"valueRequired\":true,\"valueName\":\"search_term_string\"}}],\"inLanguage\":\"de\"},{\"@type\":\"Organization\",\"@id\":\"https:\\\/\\\/falora.ch\\\/#organization\",\"name\":\"Falora - Shop\",\"url\":\"https:\\\/\\\/falora.ch\\\/\",\"logo\":{\"@type\":\"ImageObject\",\"inLanguage\":\"de\",\"@id\":\"https:\\\/\\\/falora.ch\\\/#\\\/schema\\\/logo\\\/image\\\/\",\"url\":\"https:\\\/\\\/falora.ch\\\/wp-content\\\/uploads\\\/2025\\\/02\\\/logo.png\",\"contentUrl\":\"https:\\\/\\\/falora.ch\\\/wp-content\\\/uploads\\\/2025\\\/02\\\/logo.png\",\"width\":952,\"height\":165,\"caption\":\"Falora - Shop\"},\"image\":{\"@id\":\"https:\\\/\\\/falora.ch\\\/#\\\/schema\\\/logo\\\/image\\\/\"}}]}<\/script>\n<!-- \/ Yoast SEO plugin. -->","yoast_head_json":{"title":"Innova Ombre Fusion, Harmony (violet\/orange\/pink); Stylo Bille - Falora - Shop","robots":{"index":"index","follow":"follow","max-snippet":"max-snippet:-1","max-image-preview":"max-image-preview:large","max-video-preview":"max-video-preview:-1"},"canonical":"https:\/\/falora.ch\/de\/produkt\/innova-ombre-fusion-harmony-violet-orange-pink-stylo-bille\/","og_locale":"de_DE","og_type":"article","og_title":"Innova Ombre Fusion, Harmony (violet\/orange\/pink); Stylo Bille - Falora - Shop","og_description":"disponible sous 6 semaines","og_url":"https:\/\/falora.ch\/de\/produkt\/innova-ombre-fusion-harmony-violet-orange-pink-stylo-bille\/","og_site_name":"Falora - Shop","og_image":[{"width":640,"height":640,"url":"https:\/\/falora.ch\/wp-content\/uploads\/2025\/08\/h5.webp","type":"image\/webp"}],"twitter_card":"summary_large_image","twitter_misc":{"Gesch\u00e4tzte Lesezeit":"1\u00a0Minute"},"schema":{"@context":"https:\/\/schema.org","@graph":[{"@type":"WebPage","@id":"https:\/\/falora.ch\/produit\/innova-ombre-fusion-harmony-violet-orange-pink-stylo-bille\/","url":"https:\/\/falora.ch\/produit\/innova-ombre-fusion-harmony-violet-orange-pink-stylo-bille\/","name":"Innova Ombre Fusion, Harmony (violet\/orange\/pink); Stylo Bille - Falora - Shop","isPartOf":{"@id":"https:\/\/falora.ch\/#website"},"primaryImageOfPage":{"@id":"https:\/\/falora.ch\/produit\/innova-ombre-fusion-harmony-violet-orange-pink-stylo-bille\/#primaryimage"},"image":{"@id":"https:\/\/falora.ch\/produit\/innova-ombre-fusion-harmony-violet-orange-pink-stylo-bille\/#primaryimage"},"thumbnailUrl":"https:\/\/falora.ch\/wp-content\/uploads\/2025\/08\/h5.webp","datePublished":"2025-08-29T08:38:27+00:00","breadcrumb":{"@id":"https:\/\/falora.ch\/produit\/innova-ombre-fusion-harmony-violet-orange-pink-stylo-bille\/#breadcrumb"},"inLanguage":"de","potentialAction":[{"@type":"ReadAction","target":["https:\/\/falora.ch\/produit\/innova-ombre-fusion-harmony-violet-orange-pink-stylo-bille\/"]}]},{"@type":"ImageObject","inLanguage":"de","@id":"https:\/\/falora.ch\/produit\/innova-ombre-fusion-harmony-violet-orange-pink-stylo-bille\/#primaryimage","url":"https:\/\/falora.ch\/wp-content\/uploads\/2025\/08\/h5.webp","contentUrl":"https:\/\/falora.ch\/wp-content\/uploads\/2025\/08\/h5.webp","width":640,"height":640,"caption":"h5"},{"@type":"BreadcrumbList","@id":"https:\/\/falora.ch\/produit\/innova-ombre-fusion-harmony-violet-orange-pink-stylo-bille\/#breadcrumb","itemListElement":[{"@type":"ListItem","position":1,"name":"Accueil","item":"https:\/\/falora.ch\/"},{"@type":"ListItem","position":2,"name":"Boutique","item":"https:\/\/falora.ch\/boutique\/"},{"@type":"ListItem","position":3,"name":"Innova Ombre Fusion, Harmony (violet\/orange\/pink); Stylo Bille"}]},{"@type":"WebSite","@id":"https:\/\/falora.ch\/#website","url":"https:\/\/falora.ch\/","name":"Falora - Shop","description":"","publisher":{"@id":"https:\/\/falora.ch\/#organization"},"potentialAction":[{"@type":"SearchAction","target":{"@type":"EntryPoint","urlTemplate":"https:\/\/falora.ch\/?s={search_term_string}"},"query-input":{"@type":"PropertyValueSpecification","valueRequired":true,"valueName":"search_term_string"}}],"inLanguage":"de"},{"@type":"Organization","@id":"https:\/\/falora.ch\/#organization","name":"Falora - Shop","url":"https:\/\/falora.ch\/","logo":{"@type":"ImageObject","inLanguage":"de","@id":"https:\/\/falora.ch\/#\/schema\/logo\/image\/","url":"https:\/\/falora.ch\/wp-content\/uploads\/2025\/02\/logo.png","contentUrl":"https:\/\/falora.ch\/wp-content\/uploads\/2025\/02\/logo.png","width":952,"height":165,"caption":"Falora - Shop"},"image":{"@id":"https:\/\/falora.ch\/#\/schema\/logo\/image\/"}}]}},"_links":{"self":[{"href":"https:\/\/falora.ch\/de\/wp-json\/wp\/v2\/product\/987510187","targetHints":{"allow":["GET"]}}],"collection":[{"href":"https:\/\/falora.ch\/de\/wp-json\/wp\/v2\/product"}],"about":[{"href":"https:\/\/falora.ch\/de\/wp-json\/wp\/v2\/types\/product"}],"wp:featuredmedia":[{"embeddable":true,"href":"https:\/\/falora.ch\/de\/wp-json\/wp\/v2\/media\/987510193"}],"wp:attachment":[{"href":"https:\/\/falora.ch\/de\/wp-json\/wp\/v2\/media?parent=987510187"}],"wp:term":[{"taxonomy":"product_brand","embeddable":true,"href":"https:\/\/falora.ch\/de\/wp-json\/wp\/v2\/product_brand?post=987510187"},{"taxonomy":"product_cat","embeddable":true,"href":"https:\/\/falora.ch\/de\/wp-json\/wp\/v2\/product_cat?post=987510187"},{"taxonomy":"product_tag","embeddable":true,"href":"https:\/\/falora.ch\/de\/wp-json\/wp\/v2\/product_tag?post=987510187"}],"curies":[{"name":"wp","href":"https:\/\/api.w.org\/{rel}","templated":true}]}}