{"id":987510201,"date":"2025-08-29T08:56:28","date_gmt":"2025-08-29T08:56:28","guid":{"rendered":"https:\/\/falora.ch\/?post_type=product&#038;p=987510201"},"modified":"2025-08-29T08:56:29","modified_gmt":"2025-08-29T08:56:29","slug":"innova-ombre-fusion-charm-violet-pink-magenta-plume","status":"publish","type":"product","link":"https:\/\/falora.ch\/de\/produkt\/innova-ombre-fusion-charm-violet-pink-magenta-plume\/","title":{"rendered":"Innova Ombre Fusion, Charm (lila\/pink\/magenta); Feather"},"content":{"rendered":"<p>Der Monteverde USA Innova Ombre Fusion Charm F\u00fcllfederhalter ist ein Statement f\u00fcr alle, die gerne mit Stil schreiben. Mit seinem wundersch\u00f6nen Farbverlauf von zartem Lila zu sattem Magenta verleiht dieser Stift jeder Seite eine pers\u00f6nliche Note. Der Schaft aus eloxiertem Aluminium ist leicht und dennoch robust und somit ideal f\u00fcr den t\u00e4glichen Gebrauch oder l\u00e4ngere Schreibsitzungen. Im Inneren sorgt eine hochwertige JoWo-Edelstahlfeder aus deutscher Produktion f\u00fcr sanfte, ausdrucksstarke Striche mit jedem Wort. Kompatibel mit internationalen Patronen oder dem mitgelieferten Konverter bietet er einen hervorragenden Tintenfluss f\u00fcr Tagebuchschreiben, kreatives Schreiben oder Korrespondenz. Ein ideales Geschenk f\u00fcr Schriftsteller, Sammler und alle, die leuchtende Farben und feine Handwerkskunst sch\u00e4tzen.<\/p>\n<p>MOQ 1<\/p>\n<p>Art.-Nr. MV44571 \/ MV44572 \/ MV44573 \/ MV44574 \/ MV44575 \/ MV44576<\/p>\n<p>EAN 080333445716 \/ 080333445723 \/ 080333445730 \/ 080333445747 \/ 080333445754 \/ 080333445761<\/p>\n<p>&nbsp;<\/p>\n<p>&nbsp;<\/p>\n<p>&nbsp;<\/p>\n<p>&nbsp;<\/p>\n<p>&nbsp;<\/p>\n<p>&nbsp;<\/p>\n<p>&nbsp;<\/p>","protected":false},"excerpt":{"rendered":"<p>verf\u00fcgbar in 6 Wochen<\/p>","protected":false},"featured_media":987510202,"template":"","meta":{"_et_pb_use_builder":"","_et_pb_old_content":"","_et_gb_content_width":""},"product_brand":[],"product_cat":[118],"product_tag":[],"class_list":{"0":"post-987510201","1":"product","2":"type-product","3":"status-publish","4":"has-post-thumbnail","6":"product_cat-innova-ombre-fusion","8":"first","9":"instock","10":"shipping-taxable","11":"purchasable","12":"product-type-variable"},"yoast_head":"<!-- This site is optimized with the Yoast SEO plugin v27.3 - https:\/\/yoast.com\/product\/yoast-seo-wordpress\/ -->\n<title>Innova Ombre Fusion, Charm (violet\/pink\/magenta); Plume - Falora - Shop<\/title>\n<meta name=\"robots\" content=\"index, follow, max-snippet:-1, max-image-preview:large, max-video-preview:-1\" \/>\n<link rel=\"canonical\" href=\"https:\/\/falora.ch\/de\/produkt\/innova-ombre-fusion-charm-violet-pink-magenta-plume\/\" \/>\n<meta property=\"og:locale\" content=\"de_DE\" \/>\n<meta property=\"og:type\" content=\"article\" \/>\n<meta property=\"og:title\" content=\"Innova Ombre Fusion, Charm (violet\/pink\/magenta); Plume - Falora - Shop\" \/>\n<meta property=\"og:description\" content=\"disponible sous 6 semaines\" \/>\n<meta property=\"og:url\" content=\"https:\/\/falora.ch\/de\/produkt\/innova-ombre-fusion-charm-violet-pink-magenta-plume\/\" \/>\n<meta property=\"og:site_name\" content=\"Falora - Shop\" \/>\n<meta property=\"article:modified_time\" content=\"2025-08-29T08:56:29+00:00\" \/>\n<meta property=\"og:image\" content=\"https:\/\/falora.ch\/wp-content\/uploads\/2025\/08\/ch.webp\" \/>\n\t<meta property=\"og:image:width\" content=\"1280\" \/>\n\t<meta property=\"og:image:height\" content=\"875\" \/>\n\t<meta property=\"og:image:type\" content=\"image\/webp\" \/>\n<meta name=\"twitter:card\" content=\"summary_large_image\" \/>\n<meta name=\"twitter:label1\" content=\"Gesch\u00e4tzte Lesezeit\" \/>\n\t<meta name=\"twitter:data1\" content=\"2\u00a0Minuten\" \/>\n<script type=\"application\/ld+json\" class=\"yoast-schema-graph\">{\"@context\":\"https:\\\/\\\/schema.org\",\"@graph\":[{\"@type\":\"WebPage\",\"@id\":\"https:\\\/\\\/falora.ch\\\/produit\\\/innova-ombre-fusion-charm-violet-pink-magenta-plume\\\/\",\"url\":\"https:\\\/\\\/falora.ch\\\/produit\\\/innova-ombre-fusion-charm-violet-pink-magenta-plume\\\/\",\"name\":\"Innova Ombre Fusion, Charm (violet\\\/pink\\\/magenta); Plume - Falora - Shop\",\"isPartOf\":{\"@id\":\"https:\\\/\\\/falora.ch\\\/#website\"},\"primaryImageOfPage\":{\"@id\":\"https:\\\/\\\/falora.ch\\\/produit\\\/innova-ombre-fusion-charm-violet-pink-magenta-plume\\\/#primaryimage\"},\"image\":{\"@id\":\"https:\\\/\\\/falora.ch\\\/produit\\\/innova-ombre-fusion-charm-violet-pink-magenta-plume\\\/#primaryimage\"},\"thumbnailUrl\":\"https:\\\/\\\/falora.ch\\\/wp-content\\\/uploads\\\/2025\\\/08\\\/ch.webp\",\"datePublished\":\"2025-08-29T08:56:28+00:00\",\"dateModified\":\"2025-08-29T08:56:29+00:00\",\"breadcrumb\":{\"@id\":\"https:\\\/\\\/falora.ch\\\/produit\\\/innova-ombre-fusion-charm-violet-pink-magenta-plume\\\/#breadcrumb\"},\"inLanguage\":\"de\",\"potentialAction\":[{\"@type\":\"ReadAction\",\"target\":[\"https:\\\/\\\/falora.ch\\\/produit\\\/innova-ombre-fusion-charm-violet-pink-magenta-plume\\\/\"]}]},{\"@type\":\"ImageObject\",\"inLanguage\":\"de\",\"@id\":\"https:\\\/\\\/falora.ch\\\/produit\\\/innova-ombre-fusion-charm-violet-pink-magenta-plume\\\/#primaryimage\",\"url\":\"https:\\\/\\\/falora.ch\\\/wp-content\\\/uploads\\\/2025\\\/08\\\/ch.webp\",\"contentUrl\":\"https:\\\/\\\/falora.ch\\\/wp-content\\\/uploads\\\/2025\\\/08\\\/ch.webp\",\"width\":1280,\"height\":875,\"caption\":\"ch\"},{\"@type\":\"BreadcrumbList\",\"@id\":\"https:\\\/\\\/falora.ch\\\/produit\\\/innova-ombre-fusion-charm-violet-pink-magenta-plume\\\/#breadcrumb\",\"itemListElement\":[{\"@type\":\"ListItem\",\"position\":1,\"name\":\"Accueil\",\"item\":\"https:\\\/\\\/falora.ch\\\/\"},{\"@type\":\"ListItem\",\"position\":2,\"name\":\"Boutique\",\"item\":\"https:\\\/\\\/falora.ch\\\/boutique\\\/\"},{\"@type\":\"ListItem\",\"position\":3,\"name\":\"Innova Ombre Fusion, Charm (violet\\\/pink\\\/magenta); Plume\"}]},{\"@type\":\"WebSite\",\"@id\":\"https:\\\/\\\/falora.ch\\\/#website\",\"url\":\"https:\\\/\\\/falora.ch\\\/\",\"name\":\"Falora - Shop\",\"description\":\"\",\"publisher\":{\"@id\":\"https:\\\/\\\/falora.ch\\\/#organization\"},\"potentialAction\":[{\"@type\":\"SearchAction\",\"target\":{\"@type\":\"EntryPoint\",\"urlTemplate\":\"https:\\\/\\\/falora.ch\\\/?s={search_term_string}\"},\"query-input\":{\"@type\":\"PropertyValueSpecification\",\"valueRequired\":true,\"valueName\":\"search_term_string\"}}],\"inLanguage\":\"de\"},{\"@type\":\"Organization\",\"@id\":\"https:\\\/\\\/falora.ch\\\/#organization\",\"name\":\"Falora - Shop\",\"url\":\"https:\\\/\\\/falora.ch\\\/\",\"logo\":{\"@type\":\"ImageObject\",\"inLanguage\":\"de\",\"@id\":\"https:\\\/\\\/falora.ch\\\/#\\\/schema\\\/logo\\\/image\\\/\",\"url\":\"https:\\\/\\\/falora.ch\\\/wp-content\\\/uploads\\\/2025\\\/02\\\/logo.png\",\"contentUrl\":\"https:\\\/\\\/falora.ch\\\/wp-content\\\/uploads\\\/2025\\\/02\\\/logo.png\",\"width\":952,\"height\":165,\"caption\":\"Falora - Shop\"},\"image\":{\"@id\":\"https:\\\/\\\/falora.ch\\\/#\\\/schema\\\/logo\\\/image\\\/\"}}]}<\/script>\n<!-- \/ Yoast SEO plugin. -->","yoast_head_json":{"title":"Innova Ombre Fusion, Charm (violet\/pink\/magenta); Plume - Falora - Shop","robots":{"index":"index","follow":"follow","max-snippet":"max-snippet:-1","max-image-preview":"max-image-preview:large","max-video-preview":"max-video-preview:-1"},"canonical":"https:\/\/falora.ch\/de\/produkt\/innova-ombre-fusion-charm-violet-pink-magenta-plume\/","og_locale":"de_DE","og_type":"article","og_title":"Innova Ombre Fusion, Charm (violet\/pink\/magenta); Plume - Falora - Shop","og_description":"disponible sous 6 semaines","og_url":"https:\/\/falora.ch\/de\/produkt\/innova-ombre-fusion-charm-violet-pink-magenta-plume\/","og_site_name":"Falora - Shop","article_modified_time":"2025-08-29T08:56:29+00:00","og_image":[{"width":1280,"height":875,"url":"https:\/\/falora.ch\/wp-content\/uploads\/2025\/08\/ch.webp","type":"image\/webp"}],"twitter_card":"summary_large_image","twitter_misc":{"Gesch\u00e4tzte Lesezeit":"2\u00a0Minuten"},"schema":{"@context":"https:\/\/schema.org","@graph":[{"@type":"WebPage","@id":"https:\/\/falora.ch\/produit\/innova-ombre-fusion-charm-violet-pink-magenta-plume\/","url":"https:\/\/falora.ch\/produit\/innova-ombre-fusion-charm-violet-pink-magenta-plume\/","name":"Innova Ombre Fusion, Charm (violet\/pink\/magenta); Plume - Falora - Shop","isPartOf":{"@id":"https:\/\/falora.ch\/#website"},"primaryImageOfPage":{"@id":"https:\/\/falora.ch\/produit\/innova-ombre-fusion-charm-violet-pink-magenta-plume\/#primaryimage"},"image":{"@id":"https:\/\/falora.ch\/produit\/innova-ombre-fusion-charm-violet-pink-magenta-plume\/#primaryimage"},"thumbnailUrl":"https:\/\/falora.ch\/wp-content\/uploads\/2025\/08\/ch.webp","datePublished":"2025-08-29T08:56:28+00:00","dateModified":"2025-08-29T08:56:29+00:00","breadcrumb":{"@id":"https:\/\/falora.ch\/produit\/innova-ombre-fusion-charm-violet-pink-magenta-plume\/#breadcrumb"},"inLanguage":"de","potentialAction":[{"@type":"ReadAction","target":["https:\/\/falora.ch\/produit\/innova-ombre-fusion-charm-violet-pink-magenta-plume\/"]}]},{"@type":"ImageObject","inLanguage":"de","@id":"https:\/\/falora.ch\/produit\/innova-ombre-fusion-charm-violet-pink-magenta-plume\/#primaryimage","url":"https:\/\/falora.ch\/wp-content\/uploads\/2025\/08\/ch.webp","contentUrl":"https:\/\/falora.ch\/wp-content\/uploads\/2025\/08\/ch.webp","width":1280,"height":875,"caption":"ch"},{"@type":"BreadcrumbList","@id":"https:\/\/falora.ch\/produit\/innova-ombre-fusion-charm-violet-pink-magenta-plume\/#breadcrumb","itemListElement":[{"@type":"ListItem","position":1,"name":"Accueil","item":"https:\/\/falora.ch\/"},{"@type":"ListItem","position":2,"name":"Boutique","item":"https:\/\/falora.ch\/boutique\/"},{"@type":"ListItem","position":3,"name":"Innova Ombre Fusion, Charm (violet\/pink\/magenta); Plume"}]},{"@type":"WebSite","@id":"https:\/\/falora.ch\/#website","url":"https:\/\/falora.ch\/","name":"Falora - Shop","description":"","publisher":{"@id":"https:\/\/falora.ch\/#organization"},"potentialAction":[{"@type":"SearchAction","target":{"@type":"EntryPoint","urlTemplate":"https:\/\/falora.ch\/?s={search_term_string}"},"query-input":{"@type":"PropertyValueSpecification","valueRequired":true,"valueName":"search_term_string"}}],"inLanguage":"de"},{"@type":"Organization","@id":"https:\/\/falora.ch\/#organization","name":"Falora - Shop","url":"https:\/\/falora.ch\/","logo":{"@type":"ImageObject","inLanguage":"de","@id":"https:\/\/falora.ch\/#\/schema\/logo\/image\/","url":"https:\/\/falora.ch\/wp-content\/uploads\/2025\/02\/logo.png","contentUrl":"https:\/\/falora.ch\/wp-content\/uploads\/2025\/02\/logo.png","width":952,"height":165,"caption":"Falora - Shop"},"image":{"@id":"https:\/\/falora.ch\/#\/schema\/logo\/image\/"}}]}},"_links":{"self":[{"href":"https:\/\/falora.ch\/de\/wp-json\/wp\/v2\/product\/987510201","targetHints":{"allow":["GET"]}}],"collection":[{"href":"https:\/\/falora.ch\/de\/wp-json\/wp\/v2\/product"}],"about":[{"href":"https:\/\/falora.ch\/de\/wp-json\/wp\/v2\/types\/product"}],"wp:featuredmedia":[{"embeddable":true,"href":"https:\/\/falora.ch\/de\/wp-json\/wp\/v2\/media\/987510202"}],"wp:attachment":[{"href":"https:\/\/falora.ch\/de\/wp-json\/wp\/v2\/media?parent=987510201"}],"wp:term":[{"taxonomy":"product_brand","embeddable":true,"href":"https:\/\/falora.ch\/de\/wp-json\/wp\/v2\/product_brand?post=987510201"},{"taxonomy":"product_cat","embeddable":true,"href":"https:\/\/falora.ch\/de\/wp-json\/wp\/v2\/product_cat?post=987510201"},{"taxonomy":"product_tag","embeddable":true,"href":"https:\/\/falora.ch\/de\/wp-json\/wp\/v2\/product_tag?post=987510201"}],"curies":[{"name":"wp","href":"https:\/\/api.w.org\/{rel}","templated":true}]}}