{"id":987510280,"date":"2025-08-31T08:59:51","date_gmt":"2025-08-31T08:59:51","guid":{"rendered":"https:\/\/falora.ch\/?post_type=product&#038;p=987510280"},"modified":"2025-08-31T08:59:52","modified_gmt":"2025-08-31T08:59:52","slug":"monza-id-plume-clear-flex-nib","status":"publish","type":"product","link":"https:\/\/falora.ch\/de\/produkt\/monza-id-plume-clear-flex-nib\/","title":{"rendered":"Monza ID-Feder, klar (flexible Feder)"},"content":{"rendered":"<p>Der Monteverde USA Monza ID F\u00fcllfederhalter in Transparent ist der ultimative Vorzeigestift. Er pr\u00e4sentiert die Sch\u00f6nheit Ihrer Tinte und bietet gleichzeitig ein schlankes, minimalistisches Design. Der transparente Schaft und die Kappe aus transparentem Harz erm\u00f6glichen den Blick auf den Tintenstand und das F\u00fcllsystem \u2013 ein praktischer und optischer Hingucker. Das leichte Design mit Chrom-Akzenten bietet Komfort und Balance f\u00fcr allt\u00e4gliche Schreibaufgaben. Der Stift ist mit einem Konverter, zwei Tintenpatronen und einer Pipette ausgestattet und somit mit einer Vielzahl von Tinten und F\u00fcllarten kompatibel. Der transparente Monza ID ist ideal f\u00fcr F\u00fcllfederhalter-Enthusiasten, die Wert auf Tintenvielfalt und Pr\u00e4zision legen. Er bietet zuverl\u00e4ssige Leistung mit moderner Schlichtheit. Eine zeitlose Wahl f\u00fcr Schreiber aller K\u00f6nnensstufen.<\/p>\n<p>MOQ 1<\/p>\n<p>Art.-Nr. MV36718<\/p>\n<p>EAN 080333367186<\/p>\n<p>&nbsp;<\/p>\n<p>&nbsp;<\/p>","protected":false},"excerpt":{"rendered":"<p>verf\u00fcgbar in 6 Wochen<\/p>","protected":false},"featured_media":987510281,"template":"","meta":{"_et_pb_use_builder":"","_et_pb_old_content":"","_et_gb_content_width":""},"product_brand":[],"product_cat":[120],"product_tag":[],"class_list":{"0":"post-987510280","1":"product","2":"type-product","3":"status-publish","4":"has-post-thumbnail","6":"product_cat-monza-id-eye-dropper","8":"first","9":"instock","10":"shipping-taxable","11":"purchasable","12":"product-type-simple"},"yoast_head":"<!-- This site is optimized with the Yoast SEO plugin v27.3 - https:\/\/yoast.com\/product\/yoast-seo-wordpress\/ -->\n<title>Monza ID Plume, Clear (flex nib) - Falora - Shop<\/title>\n<meta name=\"robots\" content=\"index, follow, max-snippet:-1, max-image-preview:large, max-video-preview:-1\" \/>\n<link rel=\"canonical\" href=\"https:\/\/falora.ch\/de\/produkt\/monza-id-plume-clear-flex-nib\/\" \/>\n<meta property=\"og:locale\" content=\"de_DE\" \/>\n<meta property=\"og:type\" content=\"article\" \/>\n<meta property=\"og:title\" content=\"Monza ID Plume, Clear (flex nib) - Falora - Shop\" \/>\n<meta property=\"og:description\" content=\"disponible sous 6 semaines\" \/>\n<meta property=\"og:url\" content=\"https:\/\/falora.ch\/de\/produkt\/monza-id-plume-clear-flex-nib\/\" \/>\n<meta property=\"og:site_name\" content=\"Falora - Shop\" \/>\n<meta property=\"article:modified_time\" content=\"2025-08-31T08:59:52+00:00\" \/>\n<meta property=\"og:image\" content=\"https:\/\/falora.ch\/wp-content\/uploads\/2025\/08\/c.webp\" \/>\n\t<meta property=\"og:image:width\" content=\"960\" \/>\n\t<meta property=\"og:image:height\" content=\"960\" \/>\n\t<meta property=\"og:image:type\" content=\"image\/webp\" \/>\n<meta name=\"twitter:card\" content=\"summary_large_image\" \/>\n<meta name=\"twitter:label1\" content=\"Gesch\u00e4tzte Lesezeit\" \/>\n\t<meta name=\"twitter:data1\" content=\"1\u00a0Minute\" \/>\n<script type=\"application\/ld+json\" class=\"yoast-schema-graph\">{\"@context\":\"https:\\\/\\\/schema.org\",\"@graph\":[{\"@type\":\"WebPage\",\"@id\":\"https:\\\/\\\/falora.ch\\\/produit\\\/monza-id-plume-clear-flex-nib\\\/\",\"url\":\"https:\\\/\\\/falora.ch\\\/produit\\\/monza-id-plume-clear-flex-nib\\\/\",\"name\":\"Monza ID Plume, Clear (flex nib) - Falora - Shop\",\"isPartOf\":{\"@id\":\"https:\\\/\\\/falora.ch\\\/#website\"},\"primaryImageOfPage\":{\"@id\":\"https:\\\/\\\/falora.ch\\\/produit\\\/monza-id-plume-clear-flex-nib\\\/#primaryimage\"},\"image\":{\"@id\":\"https:\\\/\\\/falora.ch\\\/produit\\\/monza-id-plume-clear-flex-nib\\\/#primaryimage\"},\"thumbnailUrl\":\"https:\\\/\\\/falora.ch\\\/wp-content\\\/uploads\\\/2025\\\/08\\\/c.webp\",\"datePublished\":\"2025-08-31T08:59:51+00:00\",\"dateModified\":\"2025-08-31T08:59:52+00:00\",\"breadcrumb\":{\"@id\":\"https:\\\/\\\/falora.ch\\\/produit\\\/monza-id-plume-clear-flex-nib\\\/#breadcrumb\"},\"inLanguage\":\"de\",\"potentialAction\":[{\"@type\":\"ReadAction\",\"target\":[\"https:\\\/\\\/falora.ch\\\/produit\\\/monza-id-plume-clear-flex-nib\\\/\"]}]},{\"@type\":\"ImageObject\",\"inLanguage\":\"de\",\"@id\":\"https:\\\/\\\/falora.ch\\\/produit\\\/monza-id-plume-clear-flex-nib\\\/#primaryimage\",\"url\":\"https:\\\/\\\/falora.ch\\\/wp-content\\\/uploads\\\/2025\\\/08\\\/c.webp\",\"contentUrl\":\"https:\\\/\\\/falora.ch\\\/wp-content\\\/uploads\\\/2025\\\/08\\\/c.webp\",\"width\":960,\"height\":960,\"caption\":\"c\"},{\"@type\":\"BreadcrumbList\",\"@id\":\"https:\\\/\\\/falora.ch\\\/produit\\\/monza-id-plume-clear-flex-nib\\\/#breadcrumb\",\"itemListElement\":[{\"@type\":\"ListItem\",\"position\":1,\"name\":\"Accueil\",\"item\":\"https:\\\/\\\/falora.ch\\\/\"},{\"@type\":\"ListItem\",\"position\":2,\"name\":\"Boutique\",\"item\":\"https:\\\/\\\/falora.ch\\\/boutique\\\/\"},{\"@type\":\"ListItem\",\"position\":3,\"name\":\"Monza ID Plume, Clear (flex nib)\"}]},{\"@type\":\"WebSite\",\"@id\":\"https:\\\/\\\/falora.ch\\\/#website\",\"url\":\"https:\\\/\\\/falora.ch\\\/\",\"name\":\"Falora - Shop\",\"description\":\"\",\"publisher\":{\"@id\":\"https:\\\/\\\/falora.ch\\\/#organization\"},\"potentialAction\":[{\"@type\":\"SearchAction\",\"target\":{\"@type\":\"EntryPoint\",\"urlTemplate\":\"https:\\\/\\\/falora.ch\\\/?s={search_term_string}\"},\"query-input\":{\"@type\":\"PropertyValueSpecification\",\"valueRequired\":true,\"valueName\":\"search_term_string\"}}],\"inLanguage\":\"de\"},{\"@type\":\"Organization\",\"@id\":\"https:\\\/\\\/falora.ch\\\/#organization\",\"name\":\"Falora - Shop\",\"url\":\"https:\\\/\\\/falora.ch\\\/\",\"logo\":{\"@type\":\"ImageObject\",\"inLanguage\":\"de\",\"@id\":\"https:\\\/\\\/falora.ch\\\/#\\\/schema\\\/logo\\\/image\\\/\",\"url\":\"https:\\\/\\\/falora.ch\\\/wp-content\\\/uploads\\\/2025\\\/02\\\/logo.png\",\"contentUrl\":\"https:\\\/\\\/falora.ch\\\/wp-content\\\/uploads\\\/2025\\\/02\\\/logo.png\",\"width\":952,\"height\":165,\"caption\":\"Falora - Shop\"},\"image\":{\"@id\":\"https:\\\/\\\/falora.ch\\\/#\\\/schema\\\/logo\\\/image\\\/\"}}]}<\/script>\n<!-- \/ Yoast SEO plugin. -->","yoast_head_json":{"title":"Monza ID Plume, Clear (flex nib) - Falora - Shop","robots":{"index":"index","follow":"follow","max-snippet":"max-snippet:-1","max-image-preview":"max-image-preview:large","max-video-preview":"max-video-preview:-1"},"canonical":"https:\/\/falora.ch\/de\/produkt\/monza-id-plume-clear-flex-nib\/","og_locale":"de_DE","og_type":"article","og_title":"Monza ID Plume, Clear (flex nib) - Falora - Shop","og_description":"disponible sous 6 semaines","og_url":"https:\/\/falora.ch\/de\/produkt\/monza-id-plume-clear-flex-nib\/","og_site_name":"Falora - Shop","article_modified_time":"2025-08-31T08:59:52+00:00","og_image":[{"width":960,"height":960,"url":"https:\/\/falora.ch\/wp-content\/uploads\/2025\/08\/c.webp","type":"image\/webp"}],"twitter_card":"summary_large_image","twitter_misc":{"Gesch\u00e4tzte Lesezeit":"1\u00a0Minute"},"schema":{"@context":"https:\/\/schema.org","@graph":[{"@type":"WebPage","@id":"https:\/\/falora.ch\/produit\/monza-id-plume-clear-flex-nib\/","url":"https:\/\/falora.ch\/produit\/monza-id-plume-clear-flex-nib\/","name":"Monza ID Plume, Clear (flex nib) - Falora - Shop","isPartOf":{"@id":"https:\/\/falora.ch\/#website"},"primaryImageOfPage":{"@id":"https:\/\/falora.ch\/produit\/monza-id-plume-clear-flex-nib\/#primaryimage"},"image":{"@id":"https:\/\/falora.ch\/produit\/monza-id-plume-clear-flex-nib\/#primaryimage"},"thumbnailUrl":"https:\/\/falora.ch\/wp-content\/uploads\/2025\/08\/c.webp","datePublished":"2025-08-31T08:59:51+00:00","dateModified":"2025-08-31T08:59:52+00:00","breadcrumb":{"@id":"https:\/\/falora.ch\/produit\/monza-id-plume-clear-flex-nib\/#breadcrumb"},"inLanguage":"de","potentialAction":[{"@type":"ReadAction","target":["https:\/\/falora.ch\/produit\/monza-id-plume-clear-flex-nib\/"]}]},{"@type":"ImageObject","inLanguage":"de","@id":"https:\/\/falora.ch\/produit\/monza-id-plume-clear-flex-nib\/#primaryimage","url":"https:\/\/falora.ch\/wp-content\/uploads\/2025\/08\/c.webp","contentUrl":"https:\/\/falora.ch\/wp-content\/uploads\/2025\/08\/c.webp","width":960,"height":960,"caption":"c"},{"@type":"BreadcrumbList","@id":"https:\/\/falora.ch\/produit\/monza-id-plume-clear-flex-nib\/#breadcrumb","itemListElement":[{"@type":"ListItem","position":1,"name":"Accueil","item":"https:\/\/falora.ch\/"},{"@type":"ListItem","position":2,"name":"Boutique","item":"https:\/\/falora.ch\/boutique\/"},{"@type":"ListItem","position":3,"name":"Monza ID Plume, Clear (flex nib)"}]},{"@type":"WebSite","@id":"https:\/\/falora.ch\/#website","url":"https:\/\/falora.ch\/","name":"Falora - Shop","description":"","publisher":{"@id":"https:\/\/falora.ch\/#organization"},"potentialAction":[{"@type":"SearchAction","target":{"@type":"EntryPoint","urlTemplate":"https:\/\/falora.ch\/?s={search_term_string}"},"query-input":{"@type":"PropertyValueSpecification","valueRequired":true,"valueName":"search_term_string"}}],"inLanguage":"de"},{"@type":"Organization","@id":"https:\/\/falora.ch\/#organization","name":"Falora - Shop","url":"https:\/\/falora.ch\/","logo":{"@type":"ImageObject","inLanguage":"de","@id":"https:\/\/falora.ch\/#\/schema\/logo\/image\/","url":"https:\/\/falora.ch\/wp-content\/uploads\/2025\/02\/logo.png","contentUrl":"https:\/\/falora.ch\/wp-content\/uploads\/2025\/02\/logo.png","width":952,"height":165,"caption":"Falora - Shop"},"image":{"@id":"https:\/\/falora.ch\/#\/schema\/logo\/image\/"}}]}},"_links":{"self":[{"href":"https:\/\/falora.ch\/de\/wp-json\/wp\/v2\/product\/987510280","targetHints":{"allow":["GET"]}}],"collection":[{"href":"https:\/\/falora.ch\/de\/wp-json\/wp\/v2\/product"}],"about":[{"href":"https:\/\/falora.ch\/de\/wp-json\/wp\/v2\/types\/product"}],"wp:featuredmedia":[{"embeddable":true,"href":"https:\/\/falora.ch\/de\/wp-json\/wp\/v2\/media\/987510281"}],"wp:attachment":[{"href":"https:\/\/falora.ch\/de\/wp-json\/wp\/v2\/media?parent=987510280"}],"wp:term":[{"taxonomy":"product_brand","embeddable":true,"href":"https:\/\/falora.ch\/de\/wp-json\/wp\/v2\/product_brand?post=987510280"},{"taxonomy":"product_cat","embeddable":true,"href":"https:\/\/falora.ch\/de\/wp-json\/wp\/v2\/product_cat?post=987510280"},{"taxonomy":"product_tag","embeddable":true,"href":"https:\/\/falora.ch\/de\/wp-json\/wp\/v2\/product_tag?post=987510280"}],"curies":[{"name":"wp","href":"https:\/\/api.w.org\/{rel}","templated":true}]}}