{"id":987510317,"date":"2025-08-31T09:16:22","date_gmt":"2025-08-31T09:16:22","guid":{"rendered":"https:\/\/falora.ch\/?post_type=product&#038;p=987510317"},"modified":"2025-08-31T09:16:22","modified_gmt":"2025-08-31T09:16:22","slug":"monza-id-plume-vert-flex-nib","status":"publish","type":"product","link":"https:\/\/falora.ch\/de\/produkt\/monza-id-plume-vert-flex-nib\/","title":{"rendered":"Monza ID-Feder, gr\u00fcn (Flex-Feder)"},"content":{"rendered":"<p>Entdecken Sie die Freiheit des Schreibens mit dem Monteverde USA Monza ID Green F\u00fcllfederhalter, einem vielseitigen Vorf\u00fchrger\u00e4t f\u00fcr Tintenliebhaber und -sammler. Der transparente gr\u00fcne Schaft gibt den Blick auf die Tinte frei und erm\u00f6glicht Ihnen das Schreiben mit drei verschiedenen F\u00fcllmethoden: mit internationalen Standardpatronen, einem im Lieferumfang enthaltenen Kolbenkonverter mit Gewinde oder als echter Tropfstift mit gro\u00dfem Tintenfassungsverm\u00f6gen, f\u00fcr den keine Patrone erforderlich ist. Die luftdichte O-Ring-Dichtung sorgt f\u00fcr eine perfekte Abdichtung und macht ihn ideal f\u00fcr Liebhaber von Tintenflaschen. Der leichte und dennoch robuste Harzschaft bietet ein angenehmes Schreibgef\u00fchl und liegt gut in der Hand \u2013 ideal f\u00fcr den t\u00e4glichen Gebrauch oder zum Tagebuchschreiben. Mit seinem eleganten Design und seiner vielseitigen Funktionalit\u00e4t ist der Monza ID Green ein aufmerksames Geschenk f\u00fcr F\u00fcllfederhalterliebhaber. Dr\u00fccken Sie Ihre Pers\u00f6nlichkeit mit jedem Strich aus und genie\u00dfen Sie die Sch\u00f6nheit des sichtbaren Tintenflusses.<\/p>\n<p>MOQ 1<\/p>\n<p>Art.-Nr. MV36748<\/p>\n<p>EAN 080333367483<\/p>\n<p>&nbsp;<\/p>\n<p>&nbsp;<\/p>","protected":false},"excerpt":{"rendered":"<p>verf\u00fcgbar in 6 Wochen<\/p>","protected":false},"featured_media":987510326,"template":"","meta":{"_et_pb_use_builder":"","_et_pb_old_content":"","_et_gb_content_width":""},"product_brand":[],"product_cat":[120],"product_tag":[],"class_list":{"0":"post-987510317","1":"product","2":"type-product","3":"status-publish","4":"has-post-thumbnail","6":"product_cat-monza-id-eye-dropper","8":"first","9":"instock","10":"shipping-taxable","11":"purchasable","12":"product-type-simple"},"yoast_head":"<!-- This site is optimized with the Yoast SEO plugin v27.3 - https:\/\/yoast.com\/product\/yoast-seo-wordpress\/ -->\n<title>Monza ID Plume, vert (flex nib) - Falora - Shop<\/title>\n<meta name=\"robots\" content=\"index, follow, max-snippet:-1, max-image-preview:large, max-video-preview:-1\" \/>\n<link rel=\"canonical\" href=\"https:\/\/falora.ch\/de\/produkt\/monza-id-plume-vert-flex-nib\/\" \/>\n<meta property=\"og:locale\" content=\"de_DE\" \/>\n<meta property=\"og:type\" content=\"article\" \/>\n<meta property=\"og:title\" content=\"Monza ID Plume, vert (flex nib) - Falora - Shop\" \/>\n<meta property=\"og:description\" content=\"disponible sous 6 semaines\" \/>\n<meta property=\"og:url\" content=\"https:\/\/falora.ch\/de\/produkt\/monza-id-plume-vert-flex-nib\/\" \/>\n<meta property=\"og:site_name\" content=\"Falora - Shop\" \/>\n<meta property=\"og:image\" content=\"https:\/\/falora.ch\/wp-content\/uploads\/2025\/08\/v8.webp\" \/>\n\t<meta property=\"og:image:width\" content=\"640\" \/>\n\t<meta property=\"og:image:height\" content=\"640\" \/>\n\t<meta property=\"og:image:type\" content=\"image\/webp\" \/>\n<meta name=\"twitter:card\" content=\"summary_large_image\" \/>\n<meta name=\"twitter:label1\" content=\"Gesch\u00e4tzte Lesezeit\" \/>\n\t<meta name=\"twitter:data1\" content=\"2\u00a0Minuten\" \/>\n<script type=\"application\/ld+json\" class=\"yoast-schema-graph\">{\"@context\":\"https:\\\/\\\/schema.org\",\"@graph\":[{\"@type\":\"WebPage\",\"@id\":\"https:\\\/\\\/falora.ch\\\/produit\\\/monza-id-plume-vert-flex-nib\\\/\",\"url\":\"https:\\\/\\\/falora.ch\\\/produit\\\/monza-id-plume-vert-flex-nib\\\/\",\"name\":\"Monza ID Plume, vert (flex nib) - Falora - Shop\",\"isPartOf\":{\"@id\":\"https:\\\/\\\/falora.ch\\\/#website\"},\"primaryImageOfPage\":{\"@id\":\"https:\\\/\\\/falora.ch\\\/produit\\\/monza-id-plume-vert-flex-nib\\\/#primaryimage\"},\"image\":{\"@id\":\"https:\\\/\\\/falora.ch\\\/produit\\\/monza-id-plume-vert-flex-nib\\\/#primaryimage\"},\"thumbnailUrl\":\"https:\\\/\\\/falora.ch\\\/wp-content\\\/uploads\\\/2025\\\/08\\\/v8.webp\",\"datePublished\":\"2025-08-31T09:16:22+00:00\",\"breadcrumb\":{\"@id\":\"https:\\\/\\\/falora.ch\\\/produit\\\/monza-id-plume-vert-flex-nib\\\/#breadcrumb\"},\"inLanguage\":\"de\",\"potentialAction\":[{\"@type\":\"ReadAction\",\"target\":[\"https:\\\/\\\/falora.ch\\\/produit\\\/monza-id-plume-vert-flex-nib\\\/\"]}]},{\"@type\":\"ImageObject\",\"inLanguage\":\"de\",\"@id\":\"https:\\\/\\\/falora.ch\\\/produit\\\/monza-id-plume-vert-flex-nib\\\/#primaryimage\",\"url\":\"https:\\\/\\\/falora.ch\\\/wp-content\\\/uploads\\\/2025\\\/08\\\/v8.webp\",\"contentUrl\":\"https:\\\/\\\/falora.ch\\\/wp-content\\\/uploads\\\/2025\\\/08\\\/v8.webp\",\"width\":640,\"height\":640,\"caption\":\"v8\"},{\"@type\":\"BreadcrumbList\",\"@id\":\"https:\\\/\\\/falora.ch\\\/produit\\\/monza-id-plume-vert-flex-nib\\\/#breadcrumb\",\"itemListElement\":[{\"@type\":\"ListItem\",\"position\":1,\"name\":\"Accueil\",\"item\":\"https:\\\/\\\/falora.ch\\\/\"},{\"@type\":\"ListItem\",\"position\":2,\"name\":\"Boutique\",\"item\":\"https:\\\/\\\/falora.ch\\\/boutique\\\/\"},{\"@type\":\"ListItem\",\"position\":3,\"name\":\"Monza ID Plume, vert (flex nib)\"}]},{\"@type\":\"WebSite\",\"@id\":\"https:\\\/\\\/falora.ch\\\/#website\",\"url\":\"https:\\\/\\\/falora.ch\\\/\",\"name\":\"Falora - Shop\",\"description\":\"\",\"publisher\":{\"@id\":\"https:\\\/\\\/falora.ch\\\/#organization\"},\"potentialAction\":[{\"@type\":\"SearchAction\",\"target\":{\"@type\":\"EntryPoint\",\"urlTemplate\":\"https:\\\/\\\/falora.ch\\\/?s={search_term_string}\"},\"query-input\":{\"@type\":\"PropertyValueSpecification\",\"valueRequired\":true,\"valueName\":\"search_term_string\"}}],\"inLanguage\":\"de\"},{\"@type\":\"Organization\",\"@id\":\"https:\\\/\\\/falora.ch\\\/#organization\",\"name\":\"Falora - Shop\",\"url\":\"https:\\\/\\\/falora.ch\\\/\",\"logo\":{\"@type\":\"ImageObject\",\"inLanguage\":\"de\",\"@id\":\"https:\\\/\\\/falora.ch\\\/#\\\/schema\\\/logo\\\/image\\\/\",\"url\":\"https:\\\/\\\/falora.ch\\\/wp-content\\\/uploads\\\/2025\\\/02\\\/logo.png\",\"contentUrl\":\"https:\\\/\\\/falora.ch\\\/wp-content\\\/uploads\\\/2025\\\/02\\\/logo.png\",\"width\":952,\"height\":165,\"caption\":\"Falora - Shop\"},\"image\":{\"@id\":\"https:\\\/\\\/falora.ch\\\/#\\\/schema\\\/logo\\\/image\\\/\"}}]}<\/script>\n<!-- \/ Yoast SEO plugin. -->","yoast_head_json":{"title":"Monza ID Plume, vert (flex nib) - Falora - Shop","robots":{"index":"index","follow":"follow","max-snippet":"max-snippet:-1","max-image-preview":"max-image-preview:large","max-video-preview":"max-video-preview:-1"},"canonical":"https:\/\/falora.ch\/de\/produkt\/monza-id-plume-vert-flex-nib\/","og_locale":"de_DE","og_type":"article","og_title":"Monza ID Plume, vert (flex nib) - Falora - Shop","og_description":"disponible sous 6 semaines","og_url":"https:\/\/falora.ch\/de\/produkt\/monza-id-plume-vert-flex-nib\/","og_site_name":"Falora - Shop","og_image":[{"width":640,"height":640,"url":"https:\/\/falora.ch\/wp-content\/uploads\/2025\/08\/v8.webp","type":"image\/webp"}],"twitter_card":"summary_large_image","twitter_misc":{"Gesch\u00e4tzte Lesezeit":"2\u00a0Minuten"},"schema":{"@context":"https:\/\/schema.org","@graph":[{"@type":"WebPage","@id":"https:\/\/falora.ch\/produit\/monza-id-plume-vert-flex-nib\/","url":"https:\/\/falora.ch\/produit\/monza-id-plume-vert-flex-nib\/","name":"Monza ID Plume, vert (flex nib) - Falora - Shop","isPartOf":{"@id":"https:\/\/falora.ch\/#website"},"primaryImageOfPage":{"@id":"https:\/\/falora.ch\/produit\/monza-id-plume-vert-flex-nib\/#primaryimage"},"image":{"@id":"https:\/\/falora.ch\/produit\/monza-id-plume-vert-flex-nib\/#primaryimage"},"thumbnailUrl":"https:\/\/falora.ch\/wp-content\/uploads\/2025\/08\/v8.webp","datePublished":"2025-08-31T09:16:22+00:00","breadcrumb":{"@id":"https:\/\/falora.ch\/produit\/monza-id-plume-vert-flex-nib\/#breadcrumb"},"inLanguage":"de","potentialAction":[{"@type":"ReadAction","target":["https:\/\/falora.ch\/produit\/monza-id-plume-vert-flex-nib\/"]}]},{"@type":"ImageObject","inLanguage":"de","@id":"https:\/\/falora.ch\/produit\/monza-id-plume-vert-flex-nib\/#primaryimage","url":"https:\/\/falora.ch\/wp-content\/uploads\/2025\/08\/v8.webp","contentUrl":"https:\/\/falora.ch\/wp-content\/uploads\/2025\/08\/v8.webp","width":640,"height":640,"caption":"v8"},{"@type":"BreadcrumbList","@id":"https:\/\/falora.ch\/produit\/monza-id-plume-vert-flex-nib\/#breadcrumb","itemListElement":[{"@type":"ListItem","position":1,"name":"Accueil","item":"https:\/\/falora.ch\/"},{"@type":"ListItem","position":2,"name":"Boutique","item":"https:\/\/falora.ch\/boutique\/"},{"@type":"ListItem","position":3,"name":"Monza ID Plume, vert (flex nib)"}]},{"@type":"WebSite","@id":"https:\/\/falora.ch\/#website","url":"https:\/\/falora.ch\/","name":"Falora - Shop","description":"","publisher":{"@id":"https:\/\/falora.ch\/#organization"},"potentialAction":[{"@type":"SearchAction","target":{"@type":"EntryPoint","urlTemplate":"https:\/\/falora.ch\/?s={search_term_string}"},"query-input":{"@type":"PropertyValueSpecification","valueRequired":true,"valueName":"search_term_string"}}],"inLanguage":"de"},{"@type":"Organization","@id":"https:\/\/falora.ch\/#organization","name":"Falora - Shop","url":"https:\/\/falora.ch\/","logo":{"@type":"ImageObject","inLanguage":"de","@id":"https:\/\/falora.ch\/#\/schema\/logo\/image\/","url":"https:\/\/falora.ch\/wp-content\/uploads\/2025\/02\/logo.png","contentUrl":"https:\/\/falora.ch\/wp-content\/uploads\/2025\/02\/logo.png","width":952,"height":165,"caption":"Falora - Shop"},"image":{"@id":"https:\/\/falora.ch\/#\/schema\/logo\/image\/"}}]}},"_links":{"self":[{"href":"https:\/\/falora.ch\/de\/wp-json\/wp\/v2\/product\/987510317","targetHints":{"allow":["GET"]}}],"collection":[{"href":"https:\/\/falora.ch\/de\/wp-json\/wp\/v2\/product"}],"about":[{"href":"https:\/\/falora.ch\/de\/wp-json\/wp\/v2\/types\/product"}],"wp:featuredmedia":[{"embeddable":true,"href":"https:\/\/falora.ch\/de\/wp-json\/wp\/v2\/media\/987510326"}],"wp:attachment":[{"href":"https:\/\/falora.ch\/de\/wp-json\/wp\/v2\/media?parent=987510317"}],"wp:term":[{"taxonomy":"product_brand","embeddable":true,"href":"https:\/\/falora.ch\/de\/wp-json\/wp\/v2\/product_brand?post=987510317"},{"taxonomy":"product_cat","embeddable":true,"href":"https:\/\/falora.ch\/de\/wp-json\/wp\/v2\/product_cat?post=987510317"},{"taxonomy":"product_tag","embeddable":true,"href":"https:\/\/falora.ch\/de\/wp-json\/wp\/v2\/product_tag?post=987510317"}],"curies":[{"name":"wp","href":"https:\/\/api.w.org\/{rel}","templated":true}]}}