{"id":987510428,"date":"2025-09-04T10:53:07","date_gmt":"2025-09-04T10:53:07","guid":{"rendered":"https:\/\/falora.ch\/?post_type=product&#038;p=987510428"},"modified":"2025-09-04T10:53:09","modified_gmt":"2025-09-04T10:53:09","slug":"ritma-plume-bleu","status":"publish","type":"product","link":"https:\/\/falora.ch\/de\/produkt\/ritma-plume-bleu\/","title":{"rendered":"Ritma Feder, blau"},"content":{"rendered":"<p>Die Ritma\u2122-Kollektion ist von der minimalistischen Bewegung der 1960er und 1970er Jahre inspiriert, in der klare Linien, geradlinige Designs und sch\u00f6ne Farben im Vordergrund standen. Der Ritma\u2122 wurde aus einer Stahl-Aluminium-Mischung perfekt gefertigt und besticht durch ein stromlinienf\u00f6rmiges Design, von der Oberseite der magnetischen Kappe bis zum hinteren Schaft \u2013 perfekt f\u00fcr alle, die einen gut ausbalancierten und schweren Stift bevorzugen. Jeder Aluminiumschaft ist in einer Auswahl von Metallic-Farben eloxiert und mit einem matten Finish behandelt, wodurch ein ged\u00e4mpfter Farbtupfer entsteht, der sich weich anf\u00fchlt und durch polierte Rotguss-Akzente wundersch\u00f6n hervorgehoben wird. Der Clip ist so gestaltet, dass er sich den geraden Linien des Stiftk\u00f6rpers mit dem gewissen Etwas anpasst. Zur einfacheren Verwendung ist die Mitte in eine l\u00e4ngliche ovale Form gearbeitet. Ein interessantes Merkmal dieses minimalistischen Stifts sind die magnetische Kappe und das Display, die so sicher und perfekt auf den Stift abgestimmt sind, dass sie wie eine Versiegelung wirken. Sie m\u00fcssen ihn nicht abmontieren, ziehen Sie einfach vorsichtig und genie\u00dfen Sie das markante Ger\u00e4usch des sich \u00f6ffnenden Verschlusses. Stecken Sie ihn dann wieder zur\u00fcck, um den sicheren Magnetverschluss zu bewundern, der auch vorhanden ist. Um die Kugelschreiberspitze freizulegen, drehen Sie am bronzenen Griffbereich und gegen den Uhrzeigersinn. Ritma\u2122 ist in verschiedenen Farbt\u00f6nen erh\u00e4ltlich; w\u00e4hlen Sie zwischen Schwarz, Blau, Silber, T\u00fcrkis, Lila oder Rot. Der F\u00fcllfederhalter ist mit einer Auswahl an schwarzen Federn mit Edelstahlspitze erh\u00e4ltlich: Extrafein, Fein, Mittel, Breit oder Stub und verwendet einen Tintenkonverter mit Gewinde oder eine Tintenpatrone (im Lieferumfang enthalten). Der Kugelschreiber akzeptiert P1- und P4-Minen. Der Tintenroller ist jetzt in allen Farben erh\u00e4ltlich. Jeder Ritma\u2122-Stift wird in einer neuen, schlanken Geschenkbox pr\u00e4sentiert.<\/p>\n<p>MOQ 1<\/p>\n<p>Art.-Nr. MV42331 \/ MV42332 \/ MV42333 \/ MV42334 \/ MV42336 \/ MV42337<\/p>\n<p>EAN 080333423318 \/ 080333423325 \/ 080333423332 \/ 080333423349 \/ 080333423363 \/ 080333423370<\/p>\n<p>&nbsp;<\/p>\n<p>&nbsp;<\/p>\n<p>&nbsp;<\/p>\n<p>&nbsp;<\/p>\n<p>&nbsp;<\/p>\n<p>&nbsp;<\/p>\n<p>&nbsp;<\/p>\n<p>&nbsp;<\/p>\n<p>&nbsp;<\/p>\n<p>&nbsp;<\/p>","protected":false},"excerpt":{"rendered":"<p>verf\u00fcgbar in 6 Wochen<\/p>","protected":false},"featured_media":987510486,"template":"","meta":{"_et_pb_use_builder":"","_et_pb_old_content":"","_et_gb_content_width":""},"product_brand":[],"product_cat":[123],"product_tag":[],"class_list":{"0":"post-987510428","1":"product","2":"type-product","3":"status-publish","4":"has-post-thumbnail","6":"product_cat-ritma","8":"first","9":"instock","10":"shipping-taxable","11":"purchasable","12":"product-type-variable"},"yoast_head":"<!-- This site is optimized with the Yoast SEO plugin v27.3 - https:\/\/yoast.com\/product\/yoast-seo-wordpress\/ -->\n<title>Ritma Plume, bleu - Falora - Shop<\/title>\n<meta name=\"robots\" content=\"index, follow, max-snippet:-1, max-image-preview:large, max-video-preview:-1\" \/>\n<link rel=\"canonical\" href=\"https:\/\/falora.ch\/de\/produkt\/ritma-plume-bleu\/\" \/>\n<meta property=\"og:locale\" content=\"de_DE\" \/>\n<meta property=\"og:type\" content=\"article\" \/>\n<meta property=\"og:title\" content=\"Ritma Plume, bleu - Falora - Shop\" \/>\n<meta property=\"og:description\" content=\"disponible sous 6 semaines\" \/>\n<meta property=\"og:url\" content=\"https:\/\/falora.ch\/de\/produkt\/ritma-plume-bleu\/\" \/>\n<meta property=\"og:site_name\" content=\"Falora - Shop\" \/>\n<meta property=\"article:modified_time\" content=\"2025-09-04T10:53:09+00:00\" \/>\n<meta property=\"og:image\" content=\"https:\/\/falora.ch\/wp-content\/uploads\/2025\/09\/a8.webp\" \/>\n\t<meta property=\"og:image:width\" content=\"640\" \/>\n\t<meta property=\"og:image:height\" content=\"640\" \/>\n\t<meta property=\"og:image:type\" content=\"image\/webp\" \/>\n<meta name=\"twitter:card\" content=\"summary_large_image\" \/>\n<meta name=\"twitter:label1\" content=\"Gesch\u00e4tzte Lesezeit\" \/>\n\t<meta name=\"twitter:data1\" content=\"2\u00a0Minuten\" \/>\n<script type=\"application\/ld+json\" class=\"yoast-schema-graph\">{\"@context\":\"https:\\\/\\\/schema.org\",\"@graph\":[{\"@type\":\"WebPage\",\"@id\":\"https:\\\/\\\/falora.ch\\\/produit\\\/ritma-plume-bleu\\\/\",\"url\":\"https:\\\/\\\/falora.ch\\\/produit\\\/ritma-plume-bleu\\\/\",\"name\":\"Ritma Plume, bleu - Falora - Shop\",\"isPartOf\":{\"@id\":\"https:\\\/\\\/falora.ch\\\/#website\"},\"primaryImageOfPage\":{\"@id\":\"https:\\\/\\\/falora.ch\\\/produit\\\/ritma-plume-bleu\\\/#primaryimage\"},\"image\":{\"@id\":\"https:\\\/\\\/falora.ch\\\/produit\\\/ritma-plume-bleu\\\/#primaryimage\"},\"thumbnailUrl\":\"https:\\\/\\\/falora.ch\\\/wp-content\\\/uploads\\\/2025\\\/09\\\/a8.webp\",\"datePublished\":\"2025-09-04T10:53:07+00:00\",\"dateModified\":\"2025-09-04T10:53:09+00:00\",\"breadcrumb\":{\"@id\":\"https:\\\/\\\/falora.ch\\\/produit\\\/ritma-plume-bleu\\\/#breadcrumb\"},\"inLanguage\":\"de\",\"potentialAction\":[{\"@type\":\"ReadAction\",\"target\":[\"https:\\\/\\\/falora.ch\\\/produit\\\/ritma-plume-bleu\\\/\"]}]},{\"@type\":\"ImageObject\",\"inLanguage\":\"de\",\"@id\":\"https:\\\/\\\/falora.ch\\\/produit\\\/ritma-plume-bleu\\\/#primaryimage\",\"url\":\"https:\\\/\\\/falora.ch\\\/wp-content\\\/uploads\\\/2025\\\/09\\\/a8.webp\",\"contentUrl\":\"https:\\\/\\\/falora.ch\\\/wp-content\\\/uploads\\\/2025\\\/09\\\/a8.webp\",\"width\":640,\"height\":640,\"caption\":\"a8\"},{\"@type\":\"BreadcrumbList\",\"@id\":\"https:\\\/\\\/falora.ch\\\/produit\\\/ritma-plume-bleu\\\/#breadcrumb\",\"itemListElement\":[{\"@type\":\"ListItem\",\"position\":1,\"name\":\"Accueil\",\"item\":\"https:\\\/\\\/falora.ch\\\/\"},{\"@type\":\"ListItem\",\"position\":2,\"name\":\"Boutique\",\"item\":\"https:\\\/\\\/falora.ch\\\/boutique\\\/\"},{\"@type\":\"ListItem\",\"position\":3,\"name\":\"Ritma Plume, bleu\"}]},{\"@type\":\"WebSite\",\"@id\":\"https:\\\/\\\/falora.ch\\\/#website\",\"url\":\"https:\\\/\\\/falora.ch\\\/\",\"name\":\"Falora - Shop\",\"description\":\"\",\"publisher\":{\"@id\":\"https:\\\/\\\/falora.ch\\\/#organization\"},\"potentialAction\":[{\"@type\":\"SearchAction\",\"target\":{\"@type\":\"EntryPoint\",\"urlTemplate\":\"https:\\\/\\\/falora.ch\\\/?s={search_term_string}\"},\"query-input\":{\"@type\":\"PropertyValueSpecification\",\"valueRequired\":true,\"valueName\":\"search_term_string\"}}],\"inLanguage\":\"de\"},{\"@type\":\"Organization\",\"@id\":\"https:\\\/\\\/falora.ch\\\/#organization\",\"name\":\"Falora - Shop\",\"url\":\"https:\\\/\\\/falora.ch\\\/\",\"logo\":{\"@type\":\"ImageObject\",\"inLanguage\":\"de\",\"@id\":\"https:\\\/\\\/falora.ch\\\/#\\\/schema\\\/logo\\\/image\\\/\",\"url\":\"https:\\\/\\\/falora.ch\\\/wp-content\\\/uploads\\\/2025\\\/02\\\/logo.png\",\"contentUrl\":\"https:\\\/\\\/falora.ch\\\/wp-content\\\/uploads\\\/2025\\\/02\\\/logo.png\",\"width\":952,\"height\":165,\"caption\":\"Falora - Shop\"},\"image\":{\"@id\":\"https:\\\/\\\/falora.ch\\\/#\\\/schema\\\/logo\\\/image\\\/\"}}]}<\/script>\n<!-- \/ Yoast SEO plugin. -->","yoast_head_json":{"title":"Ritma Plume, bleu - Falora - Shop","robots":{"index":"index","follow":"follow","max-snippet":"max-snippet:-1","max-image-preview":"max-image-preview:large","max-video-preview":"max-video-preview:-1"},"canonical":"https:\/\/falora.ch\/de\/produkt\/ritma-plume-bleu\/","og_locale":"de_DE","og_type":"article","og_title":"Ritma Plume, bleu - Falora - Shop","og_description":"disponible sous 6 semaines","og_url":"https:\/\/falora.ch\/de\/produkt\/ritma-plume-bleu\/","og_site_name":"Falora - Shop","article_modified_time":"2025-09-04T10:53:09+00:00","og_image":[{"width":640,"height":640,"url":"https:\/\/falora.ch\/wp-content\/uploads\/2025\/09\/a8.webp","type":"image\/webp"}],"twitter_card":"summary_large_image","twitter_misc":{"Gesch\u00e4tzte Lesezeit":"2\u00a0Minuten"},"schema":{"@context":"https:\/\/schema.org","@graph":[{"@type":"WebPage","@id":"https:\/\/falora.ch\/produit\/ritma-plume-bleu\/","url":"https:\/\/falora.ch\/produit\/ritma-plume-bleu\/","name":"Ritma Plume, bleu - Falora - Shop","isPartOf":{"@id":"https:\/\/falora.ch\/#website"},"primaryImageOfPage":{"@id":"https:\/\/falora.ch\/produit\/ritma-plume-bleu\/#primaryimage"},"image":{"@id":"https:\/\/falora.ch\/produit\/ritma-plume-bleu\/#primaryimage"},"thumbnailUrl":"https:\/\/falora.ch\/wp-content\/uploads\/2025\/09\/a8.webp","datePublished":"2025-09-04T10:53:07+00:00","dateModified":"2025-09-04T10:53:09+00:00","breadcrumb":{"@id":"https:\/\/falora.ch\/produit\/ritma-plume-bleu\/#breadcrumb"},"inLanguage":"de","potentialAction":[{"@type":"ReadAction","target":["https:\/\/falora.ch\/produit\/ritma-plume-bleu\/"]}]},{"@type":"ImageObject","inLanguage":"de","@id":"https:\/\/falora.ch\/produit\/ritma-plume-bleu\/#primaryimage","url":"https:\/\/falora.ch\/wp-content\/uploads\/2025\/09\/a8.webp","contentUrl":"https:\/\/falora.ch\/wp-content\/uploads\/2025\/09\/a8.webp","width":640,"height":640,"caption":"a8"},{"@type":"BreadcrumbList","@id":"https:\/\/falora.ch\/produit\/ritma-plume-bleu\/#breadcrumb","itemListElement":[{"@type":"ListItem","position":1,"name":"Accueil","item":"https:\/\/falora.ch\/"},{"@type":"ListItem","position":2,"name":"Boutique","item":"https:\/\/falora.ch\/boutique\/"},{"@type":"ListItem","position":3,"name":"Ritma Plume, bleu"}]},{"@type":"WebSite","@id":"https:\/\/falora.ch\/#website","url":"https:\/\/falora.ch\/","name":"Falora - Shop","description":"","publisher":{"@id":"https:\/\/falora.ch\/#organization"},"potentialAction":[{"@type":"SearchAction","target":{"@type":"EntryPoint","urlTemplate":"https:\/\/falora.ch\/?s={search_term_string}"},"query-input":{"@type":"PropertyValueSpecification","valueRequired":true,"valueName":"search_term_string"}}],"inLanguage":"de"},{"@type":"Organization","@id":"https:\/\/falora.ch\/#organization","name":"Falora - Shop","url":"https:\/\/falora.ch\/","logo":{"@type":"ImageObject","inLanguage":"de","@id":"https:\/\/falora.ch\/#\/schema\/logo\/image\/","url":"https:\/\/falora.ch\/wp-content\/uploads\/2025\/02\/logo.png","contentUrl":"https:\/\/falora.ch\/wp-content\/uploads\/2025\/02\/logo.png","width":952,"height":165,"caption":"Falora - Shop"},"image":{"@id":"https:\/\/falora.ch\/#\/schema\/logo\/image\/"}}]}},"_links":{"self":[{"href":"https:\/\/falora.ch\/de\/wp-json\/wp\/v2\/product\/987510428","targetHints":{"allow":["GET"]}}],"collection":[{"href":"https:\/\/falora.ch\/de\/wp-json\/wp\/v2\/product"}],"about":[{"href":"https:\/\/falora.ch\/de\/wp-json\/wp\/v2\/types\/product"}],"wp:featuredmedia":[{"embeddable":true,"href":"https:\/\/falora.ch\/de\/wp-json\/wp\/v2\/media\/987510486"}],"wp:attachment":[{"href":"https:\/\/falora.ch\/de\/wp-json\/wp\/v2\/media?parent=987510428"}],"wp:term":[{"taxonomy":"product_brand","embeddable":true,"href":"https:\/\/falora.ch\/de\/wp-json\/wp\/v2\/product_brand?post=987510428"},{"taxonomy":"product_cat","embeddable":true,"href":"https:\/\/falora.ch\/de\/wp-json\/wp\/v2\/product_cat?post=987510428"},{"taxonomy":"product_tag","embeddable":true,"href":"https:\/\/falora.ch\/de\/wp-json\/wp\/v2\/product_tag?post=987510428"}],"curies":[{"name":"wp","href":"https:\/\/api.w.org\/{rel}","templated":true}]}}