{"id":987510737,"date":"2025-09-07T09:11:31","date_gmt":"2025-09-07T09:11:31","guid":{"rendered":"https:\/\/falora.ch\/?post_type=product&#038;p=987510737"},"modified":"2025-09-07T09:11:32","modified_gmt":"2025-09-07T09:11:32","slug":"poquito-stylus-cuivre","status":"publish","type":"product","link":"https:\/\/falora.ch\/de\/produkt\/poquito-stylus-cuivre\/","title":{"rendered":"Poquito Stylus \u2013 Kupfer"},"content":{"rendered":"<p>Der Monteverde USA Poquito Stylus\u2122 Copper Pen verleiht Ihren Schreib- und digitalen Aufgaben eine warme, metallische Note. Mit seinem luxuri\u00f6sen Kupfer-Finish und den gl\u00e4nzenden Chromverzierungen ist dieser Stift ebenso stilvoll wie praktisch. Dank seines kompakten Designs passt er perfekt in Ihre Tasche, Clutch oder Ihren Terminplaner. Ein Ende verf\u00fcgt \u00fcber eine zuverl\u00e4ssige Kugelschreiberspitze f\u00fcr m\u00fcheloses Schreiben, w\u00e4hrend das andere Ende mit einem empfindlichen Stift f\u00fcr pr\u00e4zise Touchscreen-Navigation ausgestattet ist. Die robuste Metallkonstruktion sorgt f\u00fcr Langlebigkeit, und die leicht erh\u00e4ltlichen Standard-D1-Minen sorgen f\u00fcr einen langfristigen Werterhalt. Ob Sie eine kurze Notiz schreiben oder auf eine Nachricht auf Ihrem Telefon antworten \u2013 dieser Stift passt zu Ihrem Lebensstil. Ein ideales Geschenk f\u00fcr Designliebhaber, Berufst\u00e4tige und alle, die ein einzigartiges und funktionales Accessoire zu sch\u00e4tzen wissen.<\/p>\n<p>MOQ 1<\/p>\n<p>Art.-Nr. MV10262<\/p>\n<p>EAN 080333102626<\/p>\n<p>&nbsp;<\/p>\n<p>&nbsp;<\/p>","protected":false},"excerpt":{"rendered":"<p>verf\u00fcgbar in 6 Wochen<\/p>","protected":false},"featured_media":987510738,"template":"","meta":{"_et_pb_use_builder":"","_et_pb_old_content":"","_et_gb_content_width":""},"product_brand":[],"product_cat":[127],"product_tag":[],"class_list":{"0":"post-987510737","1":"product","2":"type-product","3":"status-publish","4":"has-post-thumbnail","6":"product_cat-poquito-stylus","8":"first","9":"instock","10":"shipping-taxable","11":"purchasable","12":"product-type-simple"},"yoast_head":"<!-- This site is optimized with the Yoast SEO plugin v27.5 - https:\/\/yoast.com\/product\/yoast-seo-wordpress\/ -->\n<title>Poquito Stylus - cuivre - Falora - Shop<\/title>\n<meta name=\"robots\" content=\"index, follow, max-snippet:-1, max-image-preview:large, max-video-preview:-1\" \/>\n<link rel=\"canonical\" href=\"https:\/\/falora.ch\/de\/produkt\/poquito-stylus-cuivre\/\" \/>\n<meta property=\"og:locale\" content=\"de_DE\" \/>\n<meta property=\"og:type\" content=\"article\" \/>\n<meta property=\"og:title\" content=\"Poquito Stylus - cuivre - Falora - Shop\" \/>\n<meta property=\"og:description\" content=\"disponible sous 6 semaines\" \/>\n<meta property=\"og:url\" content=\"https:\/\/falora.ch\/de\/produkt\/poquito-stylus-cuivre\/\" \/>\n<meta property=\"og:site_name\" content=\"Falora - Shop\" \/>\n<meta property=\"article:modified_time\" content=\"2025-09-07T09:11:32+00:00\" \/>\n<meta property=\"og:image\" content=\"https:\/\/falora.ch\/wp-content\/uploads\/2025\/09\/d.webp\" \/>\n\t<meta property=\"og:image:width\" content=\"640\" \/>\n\t<meta property=\"og:image:height\" content=\"640\" \/>\n\t<meta property=\"og:image:type\" content=\"image\/webp\" \/>\n<meta name=\"twitter:card\" content=\"summary_large_image\" \/>\n<meta name=\"twitter:label1\" content=\"Gesch\u00e4tzte Lesezeit\" \/>\n\t<meta name=\"twitter:data1\" content=\"1\u00a0Minute\" \/>\n<script type=\"application\/ld+json\" class=\"yoast-schema-graph\">{\"@context\":\"https:\\\/\\\/schema.org\",\"@graph\":[{\"@type\":\"WebPage\",\"@id\":\"https:\\\/\\\/falora.ch\\\/produit\\\/poquito-stylus-cuivre\\\/\",\"url\":\"https:\\\/\\\/falora.ch\\\/produit\\\/poquito-stylus-cuivre\\\/\",\"name\":\"Poquito Stylus - cuivre - Falora - Shop\",\"isPartOf\":{\"@id\":\"https:\\\/\\\/falora.ch\\\/#website\"},\"primaryImageOfPage\":{\"@id\":\"https:\\\/\\\/falora.ch\\\/produit\\\/poquito-stylus-cuivre\\\/#primaryimage\"},\"image\":{\"@id\":\"https:\\\/\\\/falora.ch\\\/produit\\\/poquito-stylus-cuivre\\\/#primaryimage\"},\"thumbnailUrl\":\"https:\\\/\\\/falora.ch\\\/wp-content\\\/uploads\\\/2025\\\/09\\\/d.webp\",\"datePublished\":\"2025-09-07T09:11:31+00:00\",\"dateModified\":\"2025-09-07T09:11:32+00:00\",\"breadcrumb\":{\"@id\":\"https:\\\/\\\/falora.ch\\\/produit\\\/poquito-stylus-cuivre\\\/#breadcrumb\"},\"inLanguage\":\"de\",\"potentialAction\":[{\"@type\":\"ReadAction\",\"target\":[\"https:\\\/\\\/falora.ch\\\/produit\\\/poquito-stylus-cuivre\\\/\"]}]},{\"@type\":\"ImageObject\",\"inLanguage\":\"de\",\"@id\":\"https:\\\/\\\/falora.ch\\\/produit\\\/poquito-stylus-cuivre\\\/#primaryimage\",\"url\":\"https:\\\/\\\/falora.ch\\\/wp-content\\\/uploads\\\/2025\\\/09\\\/d.webp\",\"contentUrl\":\"https:\\\/\\\/falora.ch\\\/wp-content\\\/uploads\\\/2025\\\/09\\\/d.webp\",\"width\":640,\"height\":640,\"caption\":\"d\"},{\"@type\":\"BreadcrumbList\",\"@id\":\"https:\\\/\\\/falora.ch\\\/produit\\\/poquito-stylus-cuivre\\\/#breadcrumb\",\"itemListElement\":[{\"@type\":\"ListItem\",\"position\":1,\"name\":\"Accueil\",\"item\":\"https:\\\/\\\/falora.ch\\\/\"},{\"@type\":\"ListItem\",\"position\":2,\"name\":\"Boutique\",\"item\":\"https:\\\/\\\/falora.ch\\\/boutique\\\/\"},{\"@type\":\"ListItem\",\"position\":3,\"name\":\"Poquito Stylus &#8211; cuivre\"}]},{\"@type\":\"WebSite\",\"@id\":\"https:\\\/\\\/falora.ch\\\/#website\",\"url\":\"https:\\\/\\\/falora.ch\\\/\",\"name\":\"Falora - Shop\",\"description\":\"\",\"publisher\":{\"@id\":\"https:\\\/\\\/falora.ch\\\/#organization\"},\"potentialAction\":[{\"@type\":\"SearchAction\",\"target\":{\"@type\":\"EntryPoint\",\"urlTemplate\":\"https:\\\/\\\/falora.ch\\\/?s={search_term_string}\"},\"query-input\":{\"@type\":\"PropertyValueSpecification\",\"valueRequired\":true,\"valueName\":\"search_term_string\"}}],\"inLanguage\":\"de\"},{\"@type\":\"Organization\",\"@id\":\"https:\\\/\\\/falora.ch\\\/#organization\",\"name\":\"Falora - Shop\",\"url\":\"https:\\\/\\\/falora.ch\\\/\",\"logo\":{\"@type\":\"ImageObject\",\"inLanguage\":\"de\",\"@id\":\"https:\\\/\\\/falora.ch\\\/#\\\/schema\\\/logo\\\/image\\\/\",\"url\":\"https:\\\/\\\/falora.ch\\\/wp-content\\\/uploads\\\/2025\\\/02\\\/logo.png\",\"contentUrl\":\"https:\\\/\\\/falora.ch\\\/wp-content\\\/uploads\\\/2025\\\/02\\\/logo.png\",\"width\":952,\"height\":165,\"caption\":\"Falora - Shop\"},\"image\":{\"@id\":\"https:\\\/\\\/falora.ch\\\/#\\\/schema\\\/logo\\\/image\\\/\"}}]}<\/script>\n<!-- \/ Yoast SEO plugin. -->","yoast_head_json":{"title":"Poquito Stylus - cuivre - Falora - Shop","robots":{"index":"index","follow":"follow","max-snippet":"max-snippet:-1","max-image-preview":"max-image-preview:large","max-video-preview":"max-video-preview:-1"},"canonical":"https:\/\/falora.ch\/de\/produkt\/poquito-stylus-cuivre\/","og_locale":"de_DE","og_type":"article","og_title":"Poquito Stylus - cuivre - Falora - Shop","og_description":"disponible sous 6 semaines","og_url":"https:\/\/falora.ch\/de\/produkt\/poquito-stylus-cuivre\/","og_site_name":"Falora - Shop","article_modified_time":"2025-09-07T09:11:32+00:00","og_image":[{"width":640,"height":640,"url":"https:\/\/falora.ch\/wp-content\/uploads\/2025\/09\/d.webp","type":"image\/webp"}],"twitter_card":"summary_large_image","twitter_misc":{"Gesch\u00e4tzte Lesezeit":"1\u00a0Minute"},"schema":{"@context":"https:\/\/schema.org","@graph":[{"@type":"WebPage","@id":"https:\/\/falora.ch\/produit\/poquito-stylus-cuivre\/","url":"https:\/\/falora.ch\/produit\/poquito-stylus-cuivre\/","name":"Poquito Stylus - cuivre - Falora - Shop","isPartOf":{"@id":"https:\/\/falora.ch\/#website"},"primaryImageOfPage":{"@id":"https:\/\/falora.ch\/produit\/poquito-stylus-cuivre\/#primaryimage"},"image":{"@id":"https:\/\/falora.ch\/produit\/poquito-stylus-cuivre\/#primaryimage"},"thumbnailUrl":"https:\/\/falora.ch\/wp-content\/uploads\/2025\/09\/d.webp","datePublished":"2025-09-07T09:11:31+00:00","dateModified":"2025-09-07T09:11:32+00:00","breadcrumb":{"@id":"https:\/\/falora.ch\/produit\/poquito-stylus-cuivre\/#breadcrumb"},"inLanguage":"de","potentialAction":[{"@type":"ReadAction","target":["https:\/\/falora.ch\/produit\/poquito-stylus-cuivre\/"]}]},{"@type":"ImageObject","inLanguage":"de","@id":"https:\/\/falora.ch\/produit\/poquito-stylus-cuivre\/#primaryimage","url":"https:\/\/falora.ch\/wp-content\/uploads\/2025\/09\/d.webp","contentUrl":"https:\/\/falora.ch\/wp-content\/uploads\/2025\/09\/d.webp","width":640,"height":640,"caption":"d"},{"@type":"BreadcrumbList","@id":"https:\/\/falora.ch\/produit\/poquito-stylus-cuivre\/#breadcrumb","itemListElement":[{"@type":"ListItem","position":1,"name":"Accueil","item":"https:\/\/falora.ch\/"},{"@type":"ListItem","position":2,"name":"Boutique","item":"https:\/\/falora.ch\/boutique\/"},{"@type":"ListItem","position":3,"name":"Poquito Stylus &#8211; cuivre"}]},{"@type":"WebSite","@id":"https:\/\/falora.ch\/#website","url":"https:\/\/falora.ch\/","name":"Falora - Shop","description":"","publisher":{"@id":"https:\/\/falora.ch\/#organization"},"potentialAction":[{"@type":"SearchAction","target":{"@type":"EntryPoint","urlTemplate":"https:\/\/falora.ch\/?s={search_term_string}"},"query-input":{"@type":"PropertyValueSpecification","valueRequired":true,"valueName":"search_term_string"}}],"inLanguage":"de"},{"@type":"Organization","@id":"https:\/\/falora.ch\/#organization","name":"Falora - Shop","url":"https:\/\/falora.ch\/","logo":{"@type":"ImageObject","inLanguage":"de","@id":"https:\/\/falora.ch\/#\/schema\/logo\/image\/","url":"https:\/\/falora.ch\/wp-content\/uploads\/2025\/02\/logo.png","contentUrl":"https:\/\/falora.ch\/wp-content\/uploads\/2025\/02\/logo.png","width":952,"height":165,"caption":"Falora - Shop"},"image":{"@id":"https:\/\/falora.ch\/#\/schema\/logo\/image\/"}}]}},"_links":{"self":[{"href":"https:\/\/falora.ch\/de\/wp-json\/wp\/v2\/product\/987510737","targetHints":{"allow":["GET"]}}],"collection":[{"href":"https:\/\/falora.ch\/de\/wp-json\/wp\/v2\/product"}],"about":[{"href":"https:\/\/falora.ch\/de\/wp-json\/wp\/v2\/types\/product"}],"wp:featuredmedia":[{"embeddable":true,"href":"https:\/\/falora.ch\/de\/wp-json\/wp\/v2\/media\/987510738"}],"wp:attachment":[{"href":"https:\/\/falora.ch\/de\/wp-json\/wp\/v2\/media?parent=987510737"}],"wp:term":[{"taxonomy":"product_brand","embeddable":true,"href":"https:\/\/falora.ch\/de\/wp-json\/wp\/v2\/product_brand?post=987510737"},{"taxonomy":"product_cat","embeddable":true,"href":"https:\/\/falora.ch\/de\/wp-json\/wp\/v2\/product_cat?post=987510737"},{"taxonomy":"product_tag","embeddable":true,"href":"https:\/\/falora.ch\/de\/wp-json\/wp\/v2\/product_tag?post=987510737"}],"curies":[{"name":"wp","href":"https:\/\/api.w.org\/{rel}","templated":true}]}}