{"id":987510754,"date":"2025-09-07T10:16:21","date_gmt":"2025-09-07T10:16:21","guid":{"rendered":"https:\/\/falora.ch\/?post_type=product&#038;p=987510754"},"modified":"2025-09-07T15:55:50","modified_gmt":"2025-09-07T15:55:50","slug":"poquito-stylus-anthrazite","status":"publish","type":"product","link":"https:\/\/falora.ch\/de\/produkt\/poquito-stylus-anthrazite\/","title":{"rendered":"Poquito Stylus - Anthrazit"},"content":{"rendered":"<p>Der Monteverde USA Poquito Stylus\u2122 in Anthrazit bringt minimalistische Eleganz auf Ihren t\u00e4glichen Weg zur Arbeit. In elegantem Metallic-Grau gehalten und mit gl\u00e4nzenden Chromverzierungen akzentuiert, ist dieser stilvolle Stift ein wahres Statement subtilen Luxus. Er ist f\u00fcr den doppelten Gebrauch konzipiert und bietet ein geschmeidiges Kugelschreiber-Erlebnis sowie eine hochempfindliche Stiftspitze f\u00fcr Touchscreen-Ger\u00e4te. Ob Sie in einer Besprechung sind oder auf Ihrem Telefon surfen, dieser Stift passt sich sofort an. Hergestellt aus robustem Metall und f\u00fcr einfachen Transport konzipiert, passt er perfekt in jede Tasche oder jeden Terminkalender, ohne auf Komfort zu verzichten. Er verwendet Standard-D1-Minen und gew\u00e4hrleistet so zuverl\u00e4ssigen Langzeitgebrauch. Perfekt f\u00fcr technisch versierte Berufst\u00e4tige, Studenten oder alle, die elegantes Design und multifunktionale Leistung sch\u00e4tzen \u2013 der Poquito Stylus\u2122 Cool Gray ist sowohl praktisch als auch edel.<\/p>\n<p>MOQ 1<\/p>\n<p>Art.-Nr. MV10271<\/p>\n<p>EAN 080333102718<\/p>\n<p>&nbsp;<\/p>\n<p>&nbsp;<\/p>","protected":false},"excerpt":{"rendered":"<p>verf\u00fcgbar in 6 Wochen<\/p>","protected":false},"featured_media":987510923,"template":"","meta":{"_et_pb_use_builder":"","_et_pb_old_content":"","_et_gb_content_width":""},"product_brand":[],"product_cat":[127],"product_tag":[],"class_list":{"0":"post-987510754","1":"product","2":"type-product","3":"status-publish","4":"has-post-thumbnail","6":"product_cat-poquito-stylus","8":"first","9":"instock","10":"shipping-taxable","11":"purchasable","12":"product-type-simple"},"yoast_head":"<!-- This site is optimized with the Yoast SEO plugin v27.3 - https:\/\/yoast.com\/product\/yoast-seo-wordpress\/ -->\n<title>Poquito Stylus -anthrazite - Falora - Shop<\/title>\n<meta name=\"robots\" content=\"index, follow, max-snippet:-1, max-image-preview:large, max-video-preview:-1\" \/>\n<link rel=\"canonical\" href=\"https:\/\/falora.ch\/de\/produkt\/poquito-stylus-anthrazite\/\" \/>\n<meta property=\"og:locale\" content=\"de_DE\" \/>\n<meta property=\"og:type\" content=\"article\" \/>\n<meta property=\"og:title\" content=\"Poquito Stylus -anthrazite - Falora - Shop\" \/>\n<meta property=\"og:description\" content=\"disponible sous 6 semaines\" \/>\n<meta property=\"og:url\" content=\"https:\/\/falora.ch\/de\/produkt\/poquito-stylus-anthrazite\/\" \/>\n<meta property=\"og:site_name\" content=\"Falora - Shop\" \/>\n<meta property=\"article:modified_time\" content=\"2025-09-07T15:55:50+00:00\" \/>\n<meta property=\"og:image\" content=\"https:\/\/falora.ch\/wp-content\/uploads\/2025\/09\/Cool_Grey_Poquito_Stylus_BP-1-Edit.webp\" \/>\n\t<meta property=\"og:image:width\" content=\"1280\" \/>\n\t<meta property=\"og:image:height\" content=\"1280\" \/>\n\t<meta property=\"og:image:type\" content=\"image\/webp\" \/>\n<meta name=\"twitter:card\" content=\"summary_large_image\" \/>\n<meta name=\"twitter:label1\" content=\"Gesch\u00e4tzte Lesezeit\" \/>\n\t<meta name=\"twitter:data1\" content=\"1\u00a0Minute\" \/>\n<script type=\"application\/ld+json\" class=\"yoast-schema-graph\">{\"@context\":\"https:\\\/\\\/schema.org\",\"@graph\":[{\"@type\":\"WebPage\",\"@id\":\"https:\\\/\\\/falora.ch\\\/produit\\\/poquito-stylus-anthrazite\\\/\",\"url\":\"https:\\\/\\\/falora.ch\\\/produit\\\/poquito-stylus-anthrazite\\\/\",\"name\":\"Poquito Stylus -anthrazite - Falora - Shop\",\"isPartOf\":{\"@id\":\"https:\\\/\\\/falora.ch\\\/#website\"},\"primaryImageOfPage\":{\"@id\":\"https:\\\/\\\/falora.ch\\\/produit\\\/poquito-stylus-anthrazite\\\/#primaryimage\"},\"image\":{\"@id\":\"https:\\\/\\\/falora.ch\\\/produit\\\/poquito-stylus-anthrazite\\\/#primaryimage\"},\"thumbnailUrl\":\"https:\\\/\\\/falora.ch\\\/wp-content\\\/uploads\\\/2025\\\/09\\\/Cool_Grey_Poquito_Stylus_BP-1-Edit.webp\",\"datePublished\":\"2025-09-07T10:16:21+00:00\",\"dateModified\":\"2025-09-07T15:55:50+00:00\",\"breadcrumb\":{\"@id\":\"https:\\\/\\\/falora.ch\\\/produit\\\/poquito-stylus-anthrazite\\\/#breadcrumb\"},\"inLanguage\":\"de\",\"potentialAction\":[{\"@type\":\"ReadAction\",\"target\":[\"https:\\\/\\\/falora.ch\\\/produit\\\/poquito-stylus-anthrazite\\\/\"]}]},{\"@type\":\"ImageObject\",\"inLanguage\":\"de\",\"@id\":\"https:\\\/\\\/falora.ch\\\/produit\\\/poquito-stylus-anthrazite\\\/#primaryimage\",\"url\":\"https:\\\/\\\/falora.ch\\\/wp-content\\\/uploads\\\/2025\\\/09\\\/Cool_Grey_Poquito_Stylus_BP-1-Edit.webp\",\"contentUrl\":\"https:\\\/\\\/falora.ch\\\/wp-content\\\/uploads\\\/2025\\\/09\\\/Cool_Grey_Poquito_Stylus_BP-1-Edit.webp\",\"width\":1280,\"height\":1280,\"caption\":\"Cool Grey Poquito Stylus BP 1 Edit\"},{\"@type\":\"BreadcrumbList\",\"@id\":\"https:\\\/\\\/falora.ch\\\/produit\\\/poquito-stylus-anthrazite\\\/#breadcrumb\",\"itemListElement\":[{\"@type\":\"ListItem\",\"position\":1,\"name\":\"Accueil\",\"item\":\"https:\\\/\\\/falora.ch\\\/\"},{\"@type\":\"ListItem\",\"position\":2,\"name\":\"Boutique\",\"item\":\"https:\\\/\\\/falora.ch\\\/boutique\\\/\"},{\"@type\":\"ListItem\",\"position\":3,\"name\":\"Poquito Stylus -anthrazite\"}]},{\"@type\":\"WebSite\",\"@id\":\"https:\\\/\\\/falora.ch\\\/#website\",\"url\":\"https:\\\/\\\/falora.ch\\\/\",\"name\":\"Falora - Shop\",\"description\":\"\",\"publisher\":{\"@id\":\"https:\\\/\\\/falora.ch\\\/#organization\"},\"potentialAction\":[{\"@type\":\"SearchAction\",\"target\":{\"@type\":\"EntryPoint\",\"urlTemplate\":\"https:\\\/\\\/falora.ch\\\/?s={search_term_string}\"},\"query-input\":{\"@type\":\"PropertyValueSpecification\",\"valueRequired\":true,\"valueName\":\"search_term_string\"}}],\"inLanguage\":\"de\"},{\"@type\":\"Organization\",\"@id\":\"https:\\\/\\\/falora.ch\\\/#organization\",\"name\":\"Falora - Shop\",\"url\":\"https:\\\/\\\/falora.ch\\\/\",\"logo\":{\"@type\":\"ImageObject\",\"inLanguage\":\"de\",\"@id\":\"https:\\\/\\\/falora.ch\\\/#\\\/schema\\\/logo\\\/image\\\/\",\"url\":\"https:\\\/\\\/falora.ch\\\/wp-content\\\/uploads\\\/2025\\\/02\\\/logo.png\",\"contentUrl\":\"https:\\\/\\\/falora.ch\\\/wp-content\\\/uploads\\\/2025\\\/02\\\/logo.png\",\"width\":952,\"height\":165,\"caption\":\"Falora - Shop\"},\"image\":{\"@id\":\"https:\\\/\\\/falora.ch\\\/#\\\/schema\\\/logo\\\/image\\\/\"}}]}<\/script>\n<!-- \/ Yoast SEO plugin. -->","yoast_head_json":{"title":"Poquito Stylus -anthrazite - Falora - Shop","robots":{"index":"index","follow":"follow","max-snippet":"max-snippet:-1","max-image-preview":"max-image-preview:large","max-video-preview":"max-video-preview:-1"},"canonical":"https:\/\/falora.ch\/de\/produkt\/poquito-stylus-anthrazite\/","og_locale":"de_DE","og_type":"article","og_title":"Poquito Stylus -anthrazite - Falora - Shop","og_description":"disponible sous 6 semaines","og_url":"https:\/\/falora.ch\/de\/produkt\/poquito-stylus-anthrazite\/","og_site_name":"Falora - Shop","article_modified_time":"2025-09-07T15:55:50+00:00","og_image":[{"width":1280,"height":1280,"url":"https:\/\/falora.ch\/wp-content\/uploads\/2025\/09\/Cool_Grey_Poquito_Stylus_BP-1-Edit.webp","type":"image\/webp"}],"twitter_card":"summary_large_image","twitter_misc":{"Gesch\u00e4tzte Lesezeit":"1\u00a0Minute"},"schema":{"@context":"https:\/\/schema.org","@graph":[{"@type":"WebPage","@id":"https:\/\/falora.ch\/produit\/poquito-stylus-anthrazite\/","url":"https:\/\/falora.ch\/produit\/poquito-stylus-anthrazite\/","name":"Poquito Stylus -anthrazite - Falora - Shop","isPartOf":{"@id":"https:\/\/falora.ch\/#website"},"primaryImageOfPage":{"@id":"https:\/\/falora.ch\/produit\/poquito-stylus-anthrazite\/#primaryimage"},"image":{"@id":"https:\/\/falora.ch\/produit\/poquito-stylus-anthrazite\/#primaryimage"},"thumbnailUrl":"https:\/\/falora.ch\/wp-content\/uploads\/2025\/09\/Cool_Grey_Poquito_Stylus_BP-1-Edit.webp","datePublished":"2025-09-07T10:16:21+00:00","dateModified":"2025-09-07T15:55:50+00:00","breadcrumb":{"@id":"https:\/\/falora.ch\/produit\/poquito-stylus-anthrazite\/#breadcrumb"},"inLanguage":"de","potentialAction":[{"@type":"ReadAction","target":["https:\/\/falora.ch\/produit\/poquito-stylus-anthrazite\/"]}]},{"@type":"ImageObject","inLanguage":"de","@id":"https:\/\/falora.ch\/produit\/poquito-stylus-anthrazite\/#primaryimage","url":"https:\/\/falora.ch\/wp-content\/uploads\/2025\/09\/Cool_Grey_Poquito_Stylus_BP-1-Edit.webp","contentUrl":"https:\/\/falora.ch\/wp-content\/uploads\/2025\/09\/Cool_Grey_Poquito_Stylus_BP-1-Edit.webp","width":1280,"height":1280,"caption":"Cool Grey Poquito Stylus BP 1 Edit"},{"@type":"BreadcrumbList","@id":"https:\/\/falora.ch\/produit\/poquito-stylus-anthrazite\/#breadcrumb","itemListElement":[{"@type":"ListItem","position":1,"name":"Accueil","item":"https:\/\/falora.ch\/"},{"@type":"ListItem","position":2,"name":"Boutique","item":"https:\/\/falora.ch\/boutique\/"},{"@type":"ListItem","position":3,"name":"Poquito Stylus -anthrazite"}]},{"@type":"WebSite","@id":"https:\/\/falora.ch\/#website","url":"https:\/\/falora.ch\/","name":"Falora - Shop","description":"","publisher":{"@id":"https:\/\/falora.ch\/#organization"},"potentialAction":[{"@type":"SearchAction","target":{"@type":"EntryPoint","urlTemplate":"https:\/\/falora.ch\/?s={search_term_string}"},"query-input":{"@type":"PropertyValueSpecification","valueRequired":true,"valueName":"search_term_string"}}],"inLanguage":"de"},{"@type":"Organization","@id":"https:\/\/falora.ch\/#organization","name":"Falora - Shop","url":"https:\/\/falora.ch\/","logo":{"@type":"ImageObject","inLanguage":"de","@id":"https:\/\/falora.ch\/#\/schema\/logo\/image\/","url":"https:\/\/falora.ch\/wp-content\/uploads\/2025\/02\/logo.png","contentUrl":"https:\/\/falora.ch\/wp-content\/uploads\/2025\/02\/logo.png","width":952,"height":165,"caption":"Falora - Shop"},"image":{"@id":"https:\/\/falora.ch\/#\/schema\/logo\/image\/"}}]}},"_links":{"self":[{"href":"https:\/\/falora.ch\/de\/wp-json\/wp\/v2\/product\/987510754","targetHints":{"allow":["GET"]}}],"collection":[{"href":"https:\/\/falora.ch\/de\/wp-json\/wp\/v2\/product"}],"about":[{"href":"https:\/\/falora.ch\/de\/wp-json\/wp\/v2\/types\/product"}],"wp:featuredmedia":[{"embeddable":true,"href":"https:\/\/falora.ch\/de\/wp-json\/wp\/v2\/media\/987510923"}],"wp:attachment":[{"href":"https:\/\/falora.ch\/de\/wp-json\/wp\/v2\/media?parent=987510754"}],"wp:term":[{"taxonomy":"product_brand","embeddable":true,"href":"https:\/\/falora.ch\/de\/wp-json\/wp\/v2\/product_brand?post=987510754"},{"taxonomy":"product_cat","embeddable":true,"href":"https:\/\/falora.ch\/de\/wp-json\/wp\/v2\/product_cat?post=987510754"},{"taxonomy":"product_tag","embeddable":true,"href":"https:\/\/falora.ch\/de\/wp-json\/wp\/v2\/product_tag?post=987510754"}],"curies":[{"name":"wp","href":"https:\/\/api.w.org\/{rel}","templated":true}]}}