{"id":987510773,"date":"2025-09-07T10:40:25","date_gmt":"2025-09-07T10:40:25","guid":{"rendered":"https:\/\/falora.ch\/?post_type=product&#038;p=987510773"},"modified":"2025-09-07T10:40:25","modified_gmt":"2025-09-07T10:40:25","slug":"poquito-stylus-noir-or","status":"publish","type":"product","link":"https:\/\/falora.ch\/de\/produkt\/poquito-stylus-noir-or\/","title":{"rendered":"Poquito Stylus \u2013 schwarz\/gold"},"content":{"rendered":"<div>\n<div class=\"max-height--inner\">\n<div class=\"max-height--inner-content rte product-short-description\">\n<p>Der Monteverde USA Poquito Stylus\u2122 in Black Attire verleiht Ihren Alltagsgegenst\u00e4nden eine elegante, moderne Note. Dieses raffinierte 2-in-1-Tool verf\u00fcgt \u00fcber einen Kugelschreiber mit fl\u00fcssigem Schreibgef\u00fchl und eine kapazitive Stylus-Spitze und bietet so Komfort f\u00fcr analoge und digitale Aufgaben. Das seidenmatte Schwarz und die Chromverzierung strahlen Eleganz aus und sorgen gleichzeitig daf\u00fcr, dass der Stift leicht, tragbar und praktisch bleibt. Ideal f\u00fcr mobile Berufst\u00e4tige, Notizenmacher und Tablet-Nutzer \u2013 der ultimative Stift f\u00fcr alle, die Funktionalit\u00e4t ohne Stil verlangen. Der Poquito Stylus\u2122 Black Attire Pen aus robustem Metall h\u00e4lt dem t\u00e4glichen Gebrauch stand und passt problemlos in jede Tasche, jeden Terminkalender oder jede Clutch. Er verwendet Standard-D1-Minen, die eine lange Lebensdauer und einfachen Zugriff auf Minen gew\u00e4hrleisten. Ob f\u00fcr Sie selbst oder als stilvolles Geschenk \u2013 dieser Stift bietet ein nahtloses Schreib- und Touchscreen-Erlebnis.<\/p>\n<p>MOQ 1<\/p>\n<\/div>\n<\/div>\n<\/div>\n<p>Art.-Nr. MV10275<\/p>\n<p>EAN 080333102756<\/p>\n<p>&nbsp;<\/p>\n<p>&nbsp;<\/p>","protected":false},"excerpt":{"rendered":"<p>verf\u00fcgbar in 6 Wochen<\/p>","protected":false},"featured_media":987510780,"template":"","meta":{"_et_pb_use_builder":"","_et_pb_old_content":"","_et_gb_content_width":""},"product_brand":[],"product_cat":[127],"product_tag":[],"class_list":{"0":"post-987510773","1":"product","2":"type-product","3":"status-publish","4":"has-post-thumbnail","6":"product_cat-poquito-stylus","8":"first","9":"instock","10":"shipping-taxable","11":"purchasable","12":"product-type-simple"},"yoast_head":"<!-- This site is optimized with the Yoast SEO plugin v27.4 - https:\/\/yoast.com\/product\/yoast-seo-wordpress\/ -->\n<title>Poquito Stylus - noir\/or - Falora - Shop<\/title>\n<meta name=\"robots\" content=\"index, follow, max-snippet:-1, max-image-preview:large, max-video-preview:-1\" \/>\n<link rel=\"canonical\" href=\"https:\/\/falora.ch\/de\/produkt\/poquito-stylus-noir-or\/\" \/>\n<meta property=\"og:locale\" content=\"de_DE\" \/>\n<meta property=\"og:type\" content=\"article\" \/>\n<meta property=\"og:title\" content=\"Poquito Stylus - noir\/or - Falora - Shop\" \/>\n<meta property=\"og:description\" content=\"disponible sous 6 semaines\" \/>\n<meta property=\"og:url\" content=\"https:\/\/falora.ch\/de\/produkt\/poquito-stylus-noir-or\/\" \/>\n<meta property=\"og:site_name\" content=\"Falora - Shop\" \/>\n<meta property=\"og:image\" content=\"https:\/\/falora.ch\/wp-content\/uploads\/2025\/09\/Black_Attire_Poquito_Stylus_BP-8-Edit.webp\" \/>\n\t<meta property=\"og:image:width\" content=\"640\" \/>\n\t<meta property=\"og:image:height\" content=\"640\" \/>\n\t<meta property=\"og:image:type\" content=\"image\/webp\" \/>\n<meta name=\"twitter:card\" content=\"summary_large_image\" \/>\n<meta name=\"twitter:label1\" content=\"Gesch\u00e4tzte Lesezeit\" \/>\n\t<meta name=\"twitter:data1\" content=\"2\u00a0Minuten\" \/>\n<script type=\"application\/ld+json\" class=\"yoast-schema-graph\">{\"@context\":\"https:\\\/\\\/schema.org\",\"@graph\":[{\"@type\":\"WebPage\",\"@id\":\"https:\\\/\\\/falora.ch\\\/produit\\\/poquito-stylus-noir-or\\\/\",\"url\":\"https:\\\/\\\/falora.ch\\\/produit\\\/poquito-stylus-noir-or\\\/\",\"name\":\"Poquito Stylus - noir\\\/or - Falora - Shop\",\"isPartOf\":{\"@id\":\"https:\\\/\\\/falora.ch\\\/#website\"},\"primaryImageOfPage\":{\"@id\":\"https:\\\/\\\/falora.ch\\\/produit\\\/poquito-stylus-noir-or\\\/#primaryimage\"},\"image\":{\"@id\":\"https:\\\/\\\/falora.ch\\\/produit\\\/poquito-stylus-noir-or\\\/#primaryimage\"},\"thumbnailUrl\":\"https:\\\/\\\/falora.ch\\\/wp-content\\\/uploads\\\/2025\\\/09\\\/Black_Attire_Poquito_Stylus_BP-8-Edit.webp\",\"datePublished\":\"2025-09-07T10:40:25+00:00\",\"breadcrumb\":{\"@id\":\"https:\\\/\\\/falora.ch\\\/produit\\\/poquito-stylus-noir-or\\\/#breadcrumb\"},\"inLanguage\":\"de\",\"potentialAction\":[{\"@type\":\"ReadAction\",\"target\":[\"https:\\\/\\\/falora.ch\\\/produit\\\/poquito-stylus-noir-or\\\/\"]}]},{\"@type\":\"ImageObject\",\"inLanguage\":\"de\",\"@id\":\"https:\\\/\\\/falora.ch\\\/produit\\\/poquito-stylus-noir-or\\\/#primaryimage\",\"url\":\"https:\\\/\\\/falora.ch\\\/wp-content\\\/uploads\\\/2025\\\/09\\\/Black_Attire_Poquito_Stylus_BP-8-Edit.webp\",\"contentUrl\":\"https:\\\/\\\/falora.ch\\\/wp-content\\\/uploads\\\/2025\\\/09\\\/Black_Attire_Poquito_Stylus_BP-8-Edit.webp\",\"width\":640,\"height\":640,\"caption\":\"Black Attire Poquito Stylus BP 8 Edit\"},{\"@type\":\"BreadcrumbList\",\"@id\":\"https:\\\/\\\/falora.ch\\\/produit\\\/poquito-stylus-noir-or\\\/#breadcrumb\",\"itemListElement\":[{\"@type\":\"ListItem\",\"position\":1,\"name\":\"Accueil\",\"item\":\"https:\\\/\\\/falora.ch\\\/\"},{\"@type\":\"ListItem\",\"position\":2,\"name\":\"Boutique\",\"item\":\"https:\\\/\\\/falora.ch\\\/boutique\\\/\"},{\"@type\":\"ListItem\",\"position\":3,\"name\":\"Poquito Stylus &#8211; noir\\\/or\"}]},{\"@type\":\"WebSite\",\"@id\":\"https:\\\/\\\/falora.ch\\\/#website\",\"url\":\"https:\\\/\\\/falora.ch\\\/\",\"name\":\"Falora - Shop\",\"description\":\"\",\"publisher\":{\"@id\":\"https:\\\/\\\/falora.ch\\\/#organization\"},\"potentialAction\":[{\"@type\":\"SearchAction\",\"target\":{\"@type\":\"EntryPoint\",\"urlTemplate\":\"https:\\\/\\\/falora.ch\\\/?s={search_term_string}\"},\"query-input\":{\"@type\":\"PropertyValueSpecification\",\"valueRequired\":true,\"valueName\":\"search_term_string\"}}],\"inLanguage\":\"de\"},{\"@type\":\"Organization\",\"@id\":\"https:\\\/\\\/falora.ch\\\/#organization\",\"name\":\"Falora - Shop\",\"url\":\"https:\\\/\\\/falora.ch\\\/\",\"logo\":{\"@type\":\"ImageObject\",\"inLanguage\":\"de\",\"@id\":\"https:\\\/\\\/falora.ch\\\/#\\\/schema\\\/logo\\\/image\\\/\",\"url\":\"https:\\\/\\\/falora.ch\\\/wp-content\\\/uploads\\\/2025\\\/02\\\/logo.png\",\"contentUrl\":\"https:\\\/\\\/falora.ch\\\/wp-content\\\/uploads\\\/2025\\\/02\\\/logo.png\",\"width\":952,\"height\":165,\"caption\":\"Falora - Shop\"},\"image\":{\"@id\":\"https:\\\/\\\/falora.ch\\\/#\\\/schema\\\/logo\\\/image\\\/\"}}]}<\/script>\n<!-- \/ Yoast SEO plugin. -->","yoast_head_json":{"title":"Poquito Stylus - noir\/or - Falora - Shop","robots":{"index":"index","follow":"follow","max-snippet":"max-snippet:-1","max-image-preview":"max-image-preview:large","max-video-preview":"max-video-preview:-1"},"canonical":"https:\/\/falora.ch\/de\/produkt\/poquito-stylus-noir-or\/","og_locale":"de_DE","og_type":"article","og_title":"Poquito Stylus - noir\/or - Falora - Shop","og_description":"disponible sous 6 semaines","og_url":"https:\/\/falora.ch\/de\/produkt\/poquito-stylus-noir-or\/","og_site_name":"Falora - Shop","og_image":[{"width":640,"height":640,"url":"https:\/\/falora.ch\/wp-content\/uploads\/2025\/09\/Black_Attire_Poquito_Stylus_BP-8-Edit.webp","type":"image\/webp"}],"twitter_card":"summary_large_image","twitter_misc":{"Gesch\u00e4tzte Lesezeit":"2\u00a0Minuten"},"schema":{"@context":"https:\/\/schema.org","@graph":[{"@type":"WebPage","@id":"https:\/\/falora.ch\/produit\/poquito-stylus-noir-or\/","url":"https:\/\/falora.ch\/produit\/poquito-stylus-noir-or\/","name":"Poquito Stylus - noir\/or - Falora - Shop","isPartOf":{"@id":"https:\/\/falora.ch\/#website"},"primaryImageOfPage":{"@id":"https:\/\/falora.ch\/produit\/poquito-stylus-noir-or\/#primaryimage"},"image":{"@id":"https:\/\/falora.ch\/produit\/poquito-stylus-noir-or\/#primaryimage"},"thumbnailUrl":"https:\/\/falora.ch\/wp-content\/uploads\/2025\/09\/Black_Attire_Poquito_Stylus_BP-8-Edit.webp","datePublished":"2025-09-07T10:40:25+00:00","breadcrumb":{"@id":"https:\/\/falora.ch\/produit\/poquito-stylus-noir-or\/#breadcrumb"},"inLanguage":"de","potentialAction":[{"@type":"ReadAction","target":["https:\/\/falora.ch\/produit\/poquito-stylus-noir-or\/"]}]},{"@type":"ImageObject","inLanguage":"de","@id":"https:\/\/falora.ch\/produit\/poquito-stylus-noir-or\/#primaryimage","url":"https:\/\/falora.ch\/wp-content\/uploads\/2025\/09\/Black_Attire_Poquito_Stylus_BP-8-Edit.webp","contentUrl":"https:\/\/falora.ch\/wp-content\/uploads\/2025\/09\/Black_Attire_Poquito_Stylus_BP-8-Edit.webp","width":640,"height":640,"caption":"Black Attire Poquito Stylus BP 8 Edit"},{"@type":"BreadcrumbList","@id":"https:\/\/falora.ch\/produit\/poquito-stylus-noir-or\/#breadcrumb","itemListElement":[{"@type":"ListItem","position":1,"name":"Accueil","item":"https:\/\/falora.ch\/"},{"@type":"ListItem","position":2,"name":"Boutique","item":"https:\/\/falora.ch\/boutique\/"},{"@type":"ListItem","position":3,"name":"Poquito Stylus &#8211; noir\/or"}]},{"@type":"WebSite","@id":"https:\/\/falora.ch\/#website","url":"https:\/\/falora.ch\/","name":"Falora - Shop","description":"","publisher":{"@id":"https:\/\/falora.ch\/#organization"},"potentialAction":[{"@type":"SearchAction","target":{"@type":"EntryPoint","urlTemplate":"https:\/\/falora.ch\/?s={search_term_string}"},"query-input":{"@type":"PropertyValueSpecification","valueRequired":true,"valueName":"search_term_string"}}],"inLanguage":"de"},{"@type":"Organization","@id":"https:\/\/falora.ch\/#organization","name":"Falora - Shop","url":"https:\/\/falora.ch\/","logo":{"@type":"ImageObject","inLanguage":"de","@id":"https:\/\/falora.ch\/#\/schema\/logo\/image\/","url":"https:\/\/falora.ch\/wp-content\/uploads\/2025\/02\/logo.png","contentUrl":"https:\/\/falora.ch\/wp-content\/uploads\/2025\/02\/logo.png","width":952,"height":165,"caption":"Falora - Shop"},"image":{"@id":"https:\/\/falora.ch\/#\/schema\/logo\/image\/"}}]}},"_links":{"self":[{"href":"https:\/\/falora.ch\/de\/wp-json\/wp\/v2\/product\/987510773","targetHints":{"allow":["GET"]}}],"collection":[{"href":"https:\/\/falora.ch\/de\/wp-json\/wp\/v2\/product"}],"about":[{"href":"https:\/\/falora.ch\/de\/wp-json\/wp\/v2\/types\/product"}],"wp:featuredmedia":[{"embeddable":true,"href":"https:\/\/falora.ch\/de\/wp-json\/wp\/v2\/media\/987510780"}],"wp:attachment":[{"href":"https:\/\/falora.ch\/de\/wp-json\/wp\/v2\/media?parent=987510773"}],"wp:term":[{"taxonomy":"product_brand","embeddable":true,"href":"https:\/\/falora.ch\/de\/wp-json\/wp\/v2\/product_brand?post=987510773"},{"taxonomy":"product_cat","embeddable":true,"href":"https:\/\/falora.ch\/de\/wp-json\/wp\/v2\/product_cat?post=987510773"},{"taxonomy":"product_tag","embeddable":true,"href":"https:\/\/falora.ch\/de\/wp-json\/wp\/v2\/product_tag?post=987510773"}],"curies":[{"name":"wp","href":"https:\/\/api.w.org\/{rel}","templated":true}]}}