{"id":987510781,"date":"2025-09-07T10:48:58","date_gmt":"2025-09-07T10:48:58","guid":{"rendered":"https:\/\/falora.ch\/?post_type=product&#038;p=987510781"},"modified":"2025-09-07T10:48:58","modified_gmt":"2025-09-07T10:48:58","slug":"poquito-stylus-classic-mokka","status":"publish","type":"product","link":"https:\/\/falora.ch\/de\/produkt\/poquito-stylus-classic-mokka\/","title":{"rendered":"Poquito Stylus \u2013 Klassischer Mokka"},"content":{"rendered":"<div>\n<div class=\"max-height--inner\">\n<div class=\"max-height--inner-content rte product-short-description\">\n<p>Der Monteverde USA Poquito Stylus\u2122 in klassischem Braun verleiht einem modernen Multitasking-Tool warmen, traditionellen Stil. Mit seinem satten Braunton und funkelnden Silberakzenten verbindet dieser Stift zeitlose Eleganz mit Alltagstauglichkeit. Genie\u00dfen Sie das m\u00fchelose Gleiten einer Kugelschreiberspitze f\u00fcr Notizen, Tageb\u00fccher oder kurze Listen. Andererseits bietet der Stift eine reibungslose, reaktionsschnelle Steuerung auf Smartphones, Tablets und Touchscreens \u2013 ideal f\u00fcr die Navigation ohne Schmierer oder Fingerabdr\u00fccke. Der Poquito Stylus\u2122 besteht aus robustem Metall und passt perfekt in Taschen oder Terminkalender. Er ist kompakt und praktisch zugleich. Er verwendet Standard-D1-Minen, die leicht austauschbar sind, was ihn zu einer langlebigen Wahl f\u00fcr den t\u00e4glichen Gebrauch macht. Dieser Stift eignet sich ideal als Geschenk und ist f\u00fcr alle geeignet, die klassisches Aussehen und moderne Leistung in einem perfekt dimensionierten Accessoire sch\u00e4tzen.<\/p>\n<p>MOQ 1<\/p>\n<\/div>\n<\/div>\n<\/div>\n<p>Art.-Nr. MV10276<\/p>\n<p>&nbsp;<\/p>","protected":false},"excerpt":{"rendered":"<p>verf\u00fcgbar in 6 Wochen<\/p>","protected":false},"featured_media":987510782,"template":"","meta":{"_et_pb_use_builder":"","_et_pb_old_content":"","_et_gb_content_width":""},"product_brand":[],"product_cat":[127],"product_tag":[],"class_list":{"0":"post-987510781","1":"product","2":"type-product","3":"status-publish","4":"has-post-thumbnail","6":"product_cat-poquito-stylus","8":"first","9":"instock","10":"shipping-taxable","11":"purchasable","12":"product-type-simple"},"yoast_head":"<!-- This site is optimized with the Yoast SEO plugin v27.4 - https:\/\/yoast.com\/product\/yoast-seo-wordpress\/ -->\n<title>Poquito Stylus - Classic mokka - Falora - Shop<\/title>\n<meta name=\"robots\" content=\"index, follow, max-snippet:-1, max-image-preview:large, max-video-preview:-1\" \/>\n<link rel=\"canonical\" href=\"https:\/\/falora.ch\/de\/produkt\/poquito-stylus-classic-mokka\/\" \/>\n<meta property=\"og:locale\" content=\"de_DE\" \/>\n<meta property=\"og:type\" content=\"article\" \/>\n<meta property=\"og:title\" content=\"Poquito Stylus - Classic mokka - Falora - Shop\" \/>\n<meta property=\"og:description\" content=\"disponible sous 6 semaines\" \/>\n<meta property=\"og:url\" content=\"https:\/\/falora.ch\/de\/produkt\/poquito-stylus-classic-mokka\/\" \/>\n<meta property=\"og:site_name\" content=\"Falora - Shop\" \/>\n<meta property=\"og:image\" content=\"https:\/\/falora.ch\/wp-content\/uploads\/2025\/09\/MV_PQ_CBR_BP_Box.webp\" \/>\n\t<meta property=\"og:image:width\" content=\"640\" \/>\n\t<meta property=\"og:image:height\" content=\"640\" \/>\n\t<meta property=\"og:image:type\" content=\"image\/webp\" \/>\n<meta name=\"twitter:card\" content=\"summary_large_image\" \/>\n<meta name=\"twitter:label1\" content=\"Gesch\u00e4tzte Lesezeit\" \/>\n\t<meta name=\"twitter:data1\" content=\"2\u00a0Minuten\" \/>\n<script type=\"application\/ld+json\" class=\"yoast-schema-graph\">{\"@context\":\"https:\\\/\\\/schema.org\",\"@graph\":[{\"@type\":\"WebPage\",\"@id\":\"https:\\\/\\\/falora.ch\\\/produit\\\/poquito-stylus-classic-mokka\\\/\",\"url\":\"https:\\\/\\\/falora.ch\\\/produit\\\/poquito-stylus-classic-mokka\\\/\",\"name\":\"Poquito Stylus - Classic mokka - Falora - Shop\",\"isPartOf\":{\"@id\":\"https:\\\/\\\/falora.ch\\\/#website\"},\"primaryImageOfPage\":{\"@id\":\"https:\\\/\\\/falora.ch\\\/produit\\\/poquito-stylus-classic-mokka\\\/#primaryimage\"},\"image\":{\"@id\":\"https:\\\/\\\/falora.ch\\\/produit\\\/poquito-stylus-classic-mokka\\\/#primaryimage\"},\"thumbnailUrl\":\"https:\\\/\\\/falora.ch\\\/wp-content\\\/uploads\\\/2025\\\/09\\\/MV_PQ_CBR_BP_Box.webp\",\"datePublished\":\"2025-09-07T10:48:58+00:00\",\"breadcrumb\":{\"@id\":\"https:\\\/\\\/falora.ch\\\/produit\\\/poquito-stylus-classic-mokka\\\/#breadcrumb\"},\"inLanguage\":\"de\",\"potentialAction\":[{\"@type\":\"ReadAction\",\"target\":[\"https:\\\/\\\/falora.ch\\\/produit\\\/poquito-stylus-classic-mokka\\\/\"]}]},{\"@type\":\"ImageObject\",\"inLanguage\":\"de\",\"@id\":\"https:\\\/\\\/falora.ch\\\/produit\\\/poquito-stylus-classic-mokka\\\/#primaryimage\",\"url\":\"https:\\\/\\\/falora.ch\\\/wp-content\\\/uploads\\\/2025\\\/09\\\/MV_PQ_CBR_BP_Box.webp\",\"contentUrl\":\"https:\\\/\\\/falora.ch\\\/wp-content\\\/uploads\\\/2025\\\/09\\\/MV_PQ_CBR_BP_Box.webp\",\"width\":640,\"height\":640,\"caption\":\"MV PQ CBR BP Box\"},{\"@type\":\"BreadcrumbList\",\"@id\":\"https:\\\/\\\/falora.ch\\\/produit\\\/poquito-stylus-classic-mokka\\\/#breadcrumb\",\"itemListElement\":[{\"@type\":\"ListItem\",\"position\":1,\"name\":\"Accueil\",\"item\":\"https:\\\/\\\/falora.ch\\\/\"},{\"@type\":\"ListItem\",\"position\":2,\"name\":\"Boutique\",\"item\":\"https:\\\/\\\/falora.ch\\\/boutique\\\/\"},{\"@type\":\"ListItem\",\"position\":3,\"name\":\"Poquito Stylus &#8211; Classic mokka\"}]},{\"@type\":\"WebSite\",\"@id\":\"https:\\\/\\\/falora.ch\\\/#website\",\"url\":\"https:\\\/\\\/falora.ch\\\/\",\"name\":\"Falora - Shop\",\"description\":\"\",\"publisher\":{\"@id\":\"https:\\\/\\\/falora.ch\\\/#organization\"},\"potentialAction\":[{\"@type\":\"SearchAction\",\"target\":{\"@type\":\"EntryPoint\",\"urlTemplate\":\"https:\\\/\\\/falora.ch\\\/?s={search_term_string}\"},\"query-input\":{\"@type\":\"PropertyValueSpecification\",\"valueRequired\":true,\"valueName\":\"search_term_string\"}}],\"inLanguage\":\"de\"},{\"@type\":\"Organization\",\"@id\":\"https:\\\/\\\/falora.ch\\\/#organization\",\"name\":\"Falora - Shop\",\"url\":\"https:\\\/\\\/falora.ch\\\/\",\"logo\":{\"@type\":\"ImageObject\",\"inLanguage\":\"de\",\"@id\":\"https:\\\/\\\/falora.ch\\\/#\\\/schema\\\/logo\\\/image\\\/\",\"url\":\"https:\\\/\\\/falora.ch\\\/wp-content\\\/uploads\\\/2025\\\/02\\\/logo.png\",\"contentUrl\":\"https:\\\/\\\/falora.ch\\\/wp-content\\\/uploads\\\/2025\\\/02\\\/logo.png\",\"width\":952,\"height\":165,\"caption\":\"Falora - Shop\"},\"image\":{\"@id\":\"https:\\\/\\\/falora.ch\\\/#\\\/schema\\\/logo\\\/image\\\/\"}}]}<\/script>\n<!-- \/ Yoast SEO plugin. -->","yoast_head_json":{"title":"Poquito Stylus - Classic mokka - Falora - Shop","robots":{"index":"index","follow":"follow","max-snippet":"max-snippet:-1","max-image-preview":"max-image-preview:large","max-video-preview":"max-video-preview:-1"},"canonical":"https:\/\/falora.ch\/de\/produkt\/poquito-stylus-classic-mokka\/","og_locale":"de_DE","og_type":"article","og_title":"Poquito Stylus - Classic mokka - Falora - Shop","og_description":"disponible sous 6 semaines","og_url":"https:\/\/falora.ch\/de\/produkt\/poquito-stylus-classic-mokka\/","og_site_name":"Falora - Shop","og_image":[{"width":640,"height":640,"url":"https:\/\/falora.ch\/wp-content\/uploads\/2025\/09\/MV_PQ_CBR_BP_Box.webp","type":"image\/webp"}],"twitter_card":"summary_large_image","twitter_misc":{"Gesch\u00e4tzte Lesezeit":"2\u00a0Minuten"},"schema":{"@context":"https:\/\/schema.org","@graph":[{"@type":"WebPage","@id":"https:\/\/falora.ch\/produit\/poquito-stylus-classic-mokka\/","url":"https:\/\/falora.ch\/produit\/poquito-stylus-classic-mokka\/","name":"Poquito Stylus - Classic mokka - Falora - Shop","isPartOf":{"@id":"https:\/\/falora.ch\/#website"},"primaryImageOfPage":{"@id":"https:\/\/falora.ch\/produit\/poquito-stylus-classic-mokka\/#primaryimage"},"image":{"@id":"https:\/\/falora.ch\/produit\/poquito-stylus-classic-mokka\/#primaryimage"},"thumbnailUrl":"https:\/\/falora.ch\/wp-content\/uploads\/2025\/09\/MV_PQ_CBR_BP_Box.webp","datePublished":"2025-09-07T10:48:58+00:00","breadcrumb":{"@id":"https:\/\/falora.ch\/produit\/poquito-stylus-classic-mokka\/#breadcrumb"},"inLanguage":"de","potentialAction":[{"@type":"ReadAction","target":["https:\/\/falora.ch\/produit\/poquito-stylus-classic-mokka\/"]}]},{"@type":"ImageObject","inLanguage":"de","@id":"https:\/\/falora.ch\/produit\/poquito-stylus-classic-mokka\/#primaryimage","url":"https:\/\/falora.ch\/wp-content\/uploads\/2025\/09\/MV_PQ_CBR_BP_Box.webp","contentUrl":"https:\/\/falora.ch\/wp-content\/uploads\/2025\/09\/MV_PQ_CBR_BP_Box.webp","width":640,"height":640,"caption":"MV PQ CBR BP Box"},{"@type":"BreadcrumbList","@id":"https:\/\/falora.ch\/produit\/poquito-stylus-classic-mokka\/#breadcrumb","itemListElement":[{"@type":"ListItem","position":1,"name":"Accueil","item":"https:\/\/falora.ch\/"},{"@type":"ListItem","position":2,"name":"Boutique","item":"https:\/\/falora.ch\/boutique\/"},{"@type":"ListItem","position":3,"name":"Poquito Stylus &#8211; Classic mokka"}]},{"@type":"WebSite","@id":"https:\/\/falora.ch\/#website","url":"https:\/\/falora.ch\/","name":"Falora - Shop","description":"","publisher":{"@id":"https:\/\/falora.ch\/#organization"},"potentialAction":[{"@type":"SearchAction","target":{"@type":"EntryPoint","urlTemplate":"https:\/\/falora.ch\/?s={search_term_string}"},"query-input":{"@type":"PropertyValueSpecification","valueRequired":true,"valueName":"search_term_string"}}],"inLanguage":"de"},{"@type":"Organization","@id":"https:\/\/falora.ch\/#organization","name":"Falora - Shop","url":"https:\/\/falora.ch\/","logo":{"@type":"ImageObject","inLanguage":"de","@id":"https:\/\/falora.ch\/#\/schema\/logo\/image\/","url":"https:\/\/falora.ch\/wp-content\/uploads\/2025\/02\/logo.png","contentUrl":"https:\/\/falora.ch\/wp-content\/uploads\/2025\/02\/logo.png","width":952,"height":165,"caption":"Falora - Shop"},"image":{"@id":"https:\/\/falora.ch\/#\/schema\/logo\/image\/"}}]}},"_links":{"self":[{"href":"https:\/\/falora.ch\/de\/wp-json\/wp\/v2\/product\/987510781","targetHints":{"allow":["GET"]}}],"collection":[{"href":"https:\/\/falora.ch\/de\/wp-json\/wp\/v2\/product"}],"about":[{"href":"https:\/\/falora.ch\/de\/wp-json\/wp\/v2\/types\/product"}],"wp:featuredmedia":[{"embeddable":true,"href":"https:\/\/falora.ch\/de\/wp-json\/wp\/v2\/media\/987510782"}],"wp:attachment":[{"href":"https:\/\/falora.ch\/de\/wp-json\/wp\/v2\/media?parent=987510781"}],"wp:term":[{"taxonomy":"product_brand","embeddable":true,"href":"https:\/\/falora.ch\/de\/wp-json\/wp\/v2\/product_brand?post=987510781"},{"taxonomy":"product_cat","embeddable":true,"href":"https:\/\/falora.ch\/de\/wp-json\/wp\/v2\/product_cat?post=987510781"},{"taxonomy":"product_tag","embeddable":true,"href":"https:\/\/falora.ch\/de\/wp-json\/wp\/v2\/product_tag?post=987510781"}],"curies":[{"name":"wp","href":"https:\/\/api.w.org\/{rel}","templated":true}]}}