{"id":987510824,"date":"2025-09-07T14:08:48","date_gmt":"2025-09-07T14:08:48","guid":{"rendered":"https:\/\/falora.ch\/?post_type=product&#038;p=987510824"},"modified":"2025-09-07T14:36:01","modified_gmt":"2025-09-07T14:36:01","slug":"quadro-4-in-1-multifunction-noir","status":"publish","type":"product","link":"https:\/\/falora.ch\/de\/produkt\/quadro-4-in-1-multifunction-noir\/","title":{"rendered":"Quadro 4-in-1 Multifunktion schwarz"},"content":{"rendered":"<p>Der auf Vielseitigkeit und Leistung ausgelegte Monteverde USA Quadro 4-in-1 Multifunktionsstift in Schwarz ist ein raffiniertes Werkzeug f\u00fcr Schriftsteller, Planer und Kreative. Untergebracht in einem schlanken, mattschwarzen Messinggeh\u00e4use mit geriffeltem Griffst\u00fcck, vereint dieser Stift drei Kugelschreiberminen \u2013 schwarz, blau und rot \u2013 und einen 0,5 mm Druckbleistift in einem robusten, kompakten Design. Wechseln Sie m\u00fchelos zwischen den Funktionen mit dem Schwerkraftmechanismus: Neigen, Drehen und Klicken zum Vorschieben. Ein Clip-On-Schalter zieht die Mine f\u00fcr zus\u00e4tzlichen Komfort ein. Perfekt f\u00fcr B\u00fcroarbeiten, farbcodierte Notizen oder kreative Aufgaben \u2013 er bietet Komfort, Funktionalit\u00e4t und Stil. Er verf\u00fcgt \u00fcber einen integrierten Radiergummi unter der Daumentaste und kann mit Minen im Monteverde- oder Parker-Stil nachgef\u00fcllt werden. Der Stift wird in einer eleganten Geschenkbox geliefert und ist somit ein ausgezeichnetes Geschenk f\u00fcr Berufst\u00e4tige, Studenten oder alle, die hochwertige Multifunktionswerkzeuge zu sch\u00e4tzen wissen.<\/p>\n<p>MOQ 1<\/p>\n<p>Art.-Nr. MV35510<\/p>\n<p>EAN 080333355107<\/p>\n<p>&nbsp;<\/p>\n<p>&nbsp;<\/p>","protected":false},"excerpt":{"rendered":"<p>verf\u00fcgbar in 6 Wochen<\/p>","protected":false},"featured_media":987510827,"template":"","meta":{"_et_pb_use_builder":"","_et_pb_old_content":"","_et_gb_content_width":""},"product_brand":[],"product_cat":[128],"product_tag":[],"class_list":{"0":"post-987510824","1":"product","2":"type-product","3":"status-publish","4":"has-post-thumbnail","6":"product_cat-quadro-4-in-1-multifunction-pen","8":"first","9":"instock","10":"shipping-taxable","11":"purchasable","12":"product-type-simple"},"yoast_head":"<!-- This site is optimized with the Yoast SEO plugin v27.4 - https:\/\/yoast.com\/product\/yoast-seo-wordpress\/ -->\n<title>Quadro 4-in-1 Multifunction noir - Falora - Shop<\/title>\n<meta name=\"robots\" content=\"index, follow, max-snippet:-1, max-image-preview:large, max-video-preview:-1\" \/>\n<link rel=\"canonical\" href=\"https:\/\/falora.ch\/de\/produkt\/quadro-4-in-1-multifunction-noir\/\" \/>\n<meta property=\"og:locale\" content=\"de_DE\" \/>\n<meta property=\"og:type\" content=\"article\" \/>\n<meta property=\"og:title\" content=\"Quadro 4-in-1 Multifunction noir - Falora - Shop\" \/>\n<meta property=\"og:description\" content=\"disponible sous 6 semaines\" \/>\n<meta property=\"og:url\" content=\"https:\/\/falora.ch\/de\/produkt\/quadro-4-in-1-multifunction-noir\/\" \/>\n<meta property=\"og:site_name\" content=\"Falora - Shop\" \/>\n<meta property=\"article:modified_time\" content=\"2025-09-07T14:36:01+00:00\" \/>\n<meta property=\"og:image\" content=\"https:\/\/falora.ch\/wp-content\/uploads\/2025\/09\/h2.webp\" \/>\n\t<meta property=\"og:image:width\" content=\"640\" \/>\n\t<meta property=\"og:image:height\" content=\"640\" \/>\n\t<meta property=\"og:image:type\" content=\"image\/webp\" \/>\n<meta name=\"twitter:card\" content=\"summary_large_image\" \/>\n<meta name=\"twitter:label1\" content=\"Gesch\u00e4tzte Lesezeit\" \/>\n\t<meta name=\"twitter:data1\" content=\"2\u00a0Minuten\" \/>\n<script type=\"application\/ld+json\" class=\"yoast-schema-graph\">{\"@context\":\"https:\\\/\\\/schema.org\",\"@graph\":[{\"@type\":\"WebPage\",\"@id\":\"https:\\\/\\\/falora.ch\\\/produit\\\/quadro-4-in-1-multifunction-noir\\\/\",\"url\":\"https:\\\/\\\/falora.ch\\\/produit\\\/quadro-4-in-1-multifunction-noir\\\/\",\"name\":\"Quadro 4-in-1 Multifunction noir - Falora - Shop\",\"isPartOf\":{\"@id\":\"https:\\\/\\\/falora.ch\\\/#website\"},\"primaryImageOfPage\":{\"@id\":\"https:\\\/\\\/falora.ch\\\/produit\\\/quadro-4-in-1-multifunction-noir\\\/#primaryimage\"},\"image\":{\"@id\":\"https:\\\/\\\/falora.ch\\\/produit\\\/quadro-4-in-1-multifunction-noir\\\/#primaryimage\"},\"thumbnailUrl\":\"https:\\\/\\\/falora.ch\\\/wp-content\\\/uploads\\\/2025\\\/09\\\/h2.webp\",\"datePublished\":\"2025-09-07T14:08:48+00:00\",\"dateModified\":\"2025-09-07T14:36:01+00:00\",\"breadcrumb\":{\"@id\":\"https:\\\/\\\/falora.ch\\\/produit\\\/quadro-4-in-1-multifunction-noir\\\/#breadcrumb\"},\"inLanguage\":\"de\",\"potentialAction\":[{\"@type\":\"ReadAction\",\"target\":[\"https:\\\/\\\/falora.ch\\\/produit\\\/quadro-4-in-1-multifunction-noir\\\/\"]}]},{\"@type\":\"ImageObject\",\"inLanguage\":\"de\",\"@id\":\"https:\\\/\\\/falora.ch\\\/produit\\\/quadro-4-in-1-multifunction-noir\\\/#primaryimage\",\"url\":\"https:\\\/\\\/falora.ch\\\/wp-content\\\/uploads\\\/2025\\\/09\\\/h2.webp\",\"contentUrl\":\"https:\\\/\\\/falora.ch\\\/wp-content\\\/uploads\\\/2025\\\/09\\\/h2.webp\",\"width\":640,\"height\":640,\"caption\":\"h2\"},{\"@type\":\"BreadcrumbList\",\"@id\":\"https:\\\/\\\/falora.ch\\\/produit\\\/quadro-4-in-1-multifunction-noir\\\/#breadcrumb\",\"itemListElement\":[{\"@type\":\"ListItem\",\"position\":1,\"name\":\"Accueil\",\"item\":\"https:\\\/\\\/falora.ch\\\/\"},{\"@type\":\"ListItem\",\"position\":2,\"name\":\"Boutique\",\"item\":\"https:\\\/\\\/falora.ch\\\/boutique\\\/\"},{\"@type\":\"ListItem\",\"position\":3,\"name\":\"Quadro 4-in-1 Multifunction noir\"}]},{\"@type\":\"WebSite\",\"@id\":\"https:\\\/\\\/falora.ch\\\/#website\",\"url\":\"https:\\\/\\\/falora.ch\\\/\",\"name\":\"Falora - Shop\",\"description\":\"\",\"publisher\":{\"@id\":\"https:\\\/\\\/falora.ch\\\/#organization\"},\"potentialAction\":[{\"@type\":\"SearchAction\",\"target\":{\"@type\":\"EntryPoint\",\"urlTemplate\":\"https:\\\/\\\/falora.ch\\\/?s={search_term_string}\"},\"query-input\":{\"@type\":\"PropertyValueSpecification\",\"valueRequired\":true,\"valueName\":\"search_term_string\"}}],\"inLanguage\":\"de\"},{\"@type\":\"Organization\",\"@id\":\"https:\\\/\\\/falora.ch\\\/#organization\",\"name\":\"Falora - Shop\",\"url\":\"https:\\\/\\\/falora.ch\\\/\",\"logo\":{\"@type\":\"ImageObject\",\"inLanguage\":\"de\",\"@id\":\"https:\\\/\\\/falora.ch\\\/#\\\/schema\\\/logo\\\/image\\\/\",\"url\":\"https:\\\/\\\/falora.ch\\\/wp-content\\\/uploads\\\/2025\\\/02\\\/logo.png\",\"contentUrl\":\"https:\\\/\\\/falora.ch\\\/wp-content\\\/uploads\\\/2025\\\/02\\\/logo.png\",\"width\":952,\"height\":165,\"caption\":\"Falora - Shop\"},\"image\":{\"@id\":\"https:\\\/\\\/falora.ch\\\/#\\\/schema\\\/logo\\\/image\\\/\"}}]}<\/script>\n<!-- \/ Yoast SEO plugin. -->","yoast_head_json":{"title":"Quadro 4-in-1 Multifunction noir - Falora - Shop","robots":{"index":"index","follow":"follow","max-snippet":"max-snippet:-1","max-image-preview":"max-image-preview:large","max-video-preview":"max-video-preview:-1"},"canonical":"https:\/\/falora.ch\/de\/produkt\/quadro-4-in-1-multifunction-noir\/","og_locale":"de_DE","og_type":"article","og_title":"Quadro 4-in-1 Multifunction noir - Falora - Shop","og_description":"disponible sous 6 semaines","og_url":"https:\/\/falora.ch\/de\/produkt\/quadro-4-in-1-multifunction-noir\/","og_site_name":"Falora - Shop","article_modified_time":"2025-09-07T14:36:01+00:00","og_image":[{"width":640,"height":640,"url":"https:\/\/falora.ch\/wp-content\/uploads\/2025\/09\/h2.webp","type":"image\/webp"}],"twitter_card":"summary_large_image","twitter_misc":{"Gesch\u00e4tzte Lesezeit":"2\u00a0Minuten"},"schema":{"@context":"https:\/\/schema.org","@graph":[{"@type":"WebPage","@id":"https:\/\/falora.ch\/produit\/quadro-4-in-1-multifunction-noir\/","url":"https:\/\/falora.ch\/produit\/quadro-4-in-1-multifunction-noir\/","name":"Quadro 4-in-1 Multifunction noir - Falora - Shop","isPartOf":{"@id":"https:\/\/falora.ch\/#website"},"primaryImageOfPage":{"@id":"https:\/\/falora.ch\/produit\/quadro-4-in-1-multifunction-noir\/#primaryimage"},"image":{"@id":"https:\/\/falora.ch\/produit\/quadro-4-in-1-multifunction-noir\/#primaryimage"},"thumbnailUrl":"https:\/\/falora.ch\/wp-content\/uploads\/2025\/09\/h2.webp","datePublished":"2025-09-07T14:08:48+00:00","dateModified":"2025-09-07T14:36:01+00:00","breadcrumb":{"@id":"https:\/\/falora.ch\/produit\/quadro-4-in-1-multifunction-noir\/#breadcrumb"},"inLanguage":"de","potentialAction":[{"@type":"ReadAction","target":["https:\/\/falora.ch\/produit\/quadro-4-in-1-multifunction-noir\/"]}]},{"@type":"ImageObject","inLanguage":"de","@id":"https:\/\/falora.ch\/produit\/quadro-4-in-1-multifunction-noir\/#primaryimage","url":"https:\/\/falora.ch\/wp-content\/uploads\/2025\/09\/h2.webp","contentUrl":"https:\/\/falora.ch\/wp-content\/uploads\/2025\/09\/h2.webp","width":640,"height":640,"caption":"h2"},{"@type":"BreadcrumbList","@id":"https:\/\/falora.ch\/produit\/quadro-4-in-1-multifunction-noir\/#breadcrumb","itemListElement":[{"@type":"ListItem","position":1,"name":"Accueil","item":"https:\/\/falora.ch\/"},{"@type":"ListItem","position":2,"name":"Boutique","item":"https:\/\/falora.ch\/boutique\/"},{"@type":"ListItem","position":3,"name":"Quadro 4-in-1 Multifunction noir"}]},{"@type":"WebSite","@id":"https:\/\/falora.ch\/#website","url":"https:\/\/falora.ch\/","name":"Falora - Shop","description":"","publisher":{"@id":"https:\/\/falora.ch\/#organization"},"potentialAction":[{"@type":"SearchAction","target":{"@type":"EntryPoint","urlTemplate":"https:\/\/falora.ch\/?s={search_term_string}"},"query-input":{"@type":"PropertyValueSpecification","valueRequired":true,"valueName":"search_term_string"}}],"inLanguage":"de"},{"@type":"Organization","@id":"https:\/\/falora.ch\/#organization","name":"Falora - Shop","url":"https:\/\/falora.ch\/","logo":{"@type":"ImageObject","inLanguage":"de","@id":"https:\/\/falora.ch\/#\/schema\/logo\/image\/","url":"https:\/\/falora.ch\/wp-content\/uploads\/2025\/02\/logo.png","contentUrl":"https:\/\/falora.ch\/wp-content\/uploads\/2025\/02\/logo.png","width":952,"height":165,"caption":"Falora - Shop"},"image":{"@id":"https:\/\/falora.ch\/#\/schema\/logo\/image\/"}}]}},"_links":{"self":[{"href":"https:\/\/falora.ch\/de\/wp-json\/wp\/v2\/product\/987510824","targetHints":{"allow":["GET"]}}],"collection":[{"href":"https:\/\/falora.ch\/de\/wp-json\/wp\/v2\/product"}],"about":[{"href":"https:\/\/falora.ch\/de\/wp-json\/wp\/v2\/types\/product"}],"wp:featuredmedia":[{"embeddable":true,"href":"https:\/\/falora.ch\/de\/wp-json\/wp\/v2\/media\/987510827"}],"wp:attachment":[{"href":"https:\/\/falora.ch\/de\/wp-json\/wp\/v2\/media?parent=987510824"}],"wp:term":[{"taxonomy":"product_brand","embeddable":true,"href":"https:\/\/falora.ch\/de\/wp-json\/wp\/v2\/product_brand?post=987510824"},{"taxonomy":"product_cat","embeddable":true,"href":"https:\/\/falora.ch\/de\/wp-json\/wp\/v2\/product_cat?post=987510824"},{"taxonomy":"product_tag","embeddable":true,"href":"https:\/\/falora.ch\/de\/wp-json\/wp\/v2\/product_tag?post=987510824"}],"curies":[{"name":"wp","href":"https:\/\/api.w.org\/{rel}","templated":true}]}}