{"id":987511121,"date":"2026-02-18T14:17:00","date_gmt":"2026-02-18T14:17:00","guid":{"rendered":"https:\/\/falora.ch\/?post_type=product&#038;p=987511121"},"modified":"2026-02-18T15:58:06","modified_gmt":"2026-02-18T15:58:06","slug":"classeur-pvc-a6-rempli","status":"publish","type":"product","link":"https:\/\/falora.ch\/de\/produkt\/classeur-pvc-a6-rempli\/","title":{"rendered":"A6 PVC-Ordner, gef\u00fcllt"},"content":{"rendered":"<p>A6-PVC-Ordner mit 2 mechanischen Ringen, 100 linierten Bl\u00e4ttern, verschiedene Farben: Bordeauxrot, Blau, Schwarz. Nachf\u00fcllpackung erh\u00e4ltlich (Art.-Nr. 5-315).<\/p>\n<p>Ma\u00dfe: 10,2 x 16,4 x 1,8 cm<\/p>\n<p>MOQ 3<\/p>\n<p>Art.-Nr. 5-307<\/p>","protected":false},"excerpt":{"rendered":"<p>auf Lager<\/p>","protected":false},"featured_media":987511115,"template":"","meta":{"_et_pb_use_builder":"","_et_pb_old_content":"","_et_gb_content_width":""},"product_brand":[],"product_cat":[42],"product_tag":[],"class_list":{"0":"post-987511121","1":"product","2":"type-product","3":"status-publish","4":"has-post-thumbnail","6":"product_cat-pastelini","8":"first","9":"instock","10":"shipping-taxable","11":"purchasable","12":"product-type-simple"},"yoast_head":"<!-- This site is optimized with the Yoast SEO plugin v27.3 - https:\/\/yoast.com\/product\/yoast-seo-wordpress\/ -->\n<title>Classeur PVC A6, rempli - Falora - Shop<\/title>\n<meta name=\"description\" content=\"Classeur PVC A6 avec 2 anneaux m\u00e9caniques, 100 feuilles lign\u00e9es, couleurs assortis bordeaux, bleu, noir.\" \/>\n<meta name=\"robots\" content=\"index, follow, max-snippet:-1, max-image-preview:large, max-video-preview:-1\" \/>\n<link rel=\"canonical\" href=\"https:\/\/falora.ch\/de\/produkt\/classeur-pvc-a6-rempli\/\" \/>\n<meta property=\"og:locale\" content=\"de_DE\" \/>\n<meta property=\"og:type\" content=\"article\" \/>\n<meta property=\"og:title\" content=\"Classeur PVC A6, rempli - Falora - Shop\" \/>\n<meta property=\"og:description\" content=\"Classeur PVC A6 avec 2 anneaux m\u00e9caniques, 100 feuilles lign\u00e9es, couleurs assortis bordeaux, bleu, noir.\" \/>\n<meta property=\"og:url\" content=\"https:\/\/falora.ch\/de\/produkt\/classeur-pvc-a6-rempli\/\" \/>\n<meta property=\"og:site_name\" content=\"Falora - Shop\" \/>\n<meta property=\"article:modified_time\" content=\"2026-02-18T15:58:06+00:00\" \/>\n<meta property=\"og:image\" content=\"https:\/\/falora.ch\/wp-content\/uploads\/2026\/02\/5-307_1.jpg\" \/>\n\t<meta property=\"og:image:width\" content=\"1200\" \/>\n\t<meta property=\"og:image:height\" content=\"1140\" \/>\n\t<meta property=\"og:image:type\" content=\"image\/jpeg\" \/>\n<meta name=\"twitter:card\" content=\"summary_large_image\" \/>\n<meta name=\"twitter:label1\" content=\"Gesch\u00e4tzte Lesezeit\" \/>\n\t<meta name=\"twitter:data1\" content=\"1\u00a0Minute\" \/>\n<script type=\"application\/ld+json\" class=\"yoast-schema-graph\">{\"@context\":\"https:\\\/\\\/schema.org\",\"@graph\":[{\"@type\":\"WebPage\",\"@id\":\"https:\\\/\\\/falora.ch\\\/produit\\\/classeur-pvc-a6-rempli\\\/\",\"url\":\"https:\\\/\\\/falora.ch\\\/produit\\\/classeur-pvc-a6-rempli\\\/\",\"name\":\"Classeur PVC A6, rempli - Falora - Shop\",\"isPartOf\":{\"@id\":\"https:\\\/\\\/falora.ch\\\/#website\"},\"primaryImageOfPage\":{\"@id\":\"https:\\\/\\\/falora.ch\\\/produit\\\/classeur-pvc-a6-rempli\\\/#primaryimage\"},\"image\":{\"@id\":\"https:\\\/\\\/falora.ch\\\/produit\\\/classeur-pvc-a6-rempli\\\/#primaryimage\"},\"thumbnailUrl\":\"https:\\\/\\\/falora.ch\\\/wp-content\\\/uploads\\\/2026\\\/02\\\/5-307_1.jpg\",\"datePublished\":\"2026-02-18T14:17:00+00:00\",\"dateModified\":\"2026-02-18T15:58:06+00:00\",\"description\":\"Classeur PVC A6 avec 2 anneaux m\u00e9caniques, 100 feuilles lign\u00e9es, couleurs assortis bordeaux, bleu, noir.\",\"breadcrumb\":{\"@id\":\"https:\\\/\\\/falora.ch\\\/produit\\\/classeur-pvc-a6-rempli\\\/#breadcrumb\"},\"inLanguage\":\"de\",\"potentialAction\":[{\"@type\":\"ReadAction\",\"target\":[\"https:\\\/\\\/falora.ch\\\/produit\\\/classeur-pvc-a6-rempli\\\/\"]}]},{\"@type\":\"ImageObject\",\"inLanguage\":\"de\",\"@id\":\"https:\\\/\\\/falora.ch\\\/produit\\\/classeur-pvc-a6-rempli\\\/#primaryimage\",\"url\":\"https:\\\/\\\/falora.ch\\\/wp-content\\\/uploads\\\/2026\\\/02\\\/5-307_1.jpg\",\"contentUrl\":\"https:\\\/\\\/falora.ch\\\/wp-content\\\/uploads\\\/2026\\\/02\\\/5-307_1.jpg\",\"width\":1200,\"height\":1140,\"caption\":\"5 307 1\"},{\"@type\":\"BreadcrumbList\",\"@id\":\"https:\\\/\\\/falora.ch\\\/produit\\\/classeur-pvc-a6-rempli\\\/#breadcrumb\",\"itemListElement\":[{\"@type\":\"ListItem\",\"position\":1,\"name\":\"Accueil\",\"item\":\"https:\\\/\\\/falora.ch\\\/\"},{\"@type\":\"ListItem\",\"position\":2,\"name\":\"Boutique\",\"item\":\"https:\\\/\\\/falora.ch\\\/boutique\\\/\"},{\"@type\":\"ListItem\",\"position\":3,\"name\":\"Classeur PVC A6, rempli\"}]},{\"@type\":\"WebSite\",\"@id\":\"https:\\\/\\\/falora.ch\\\/#website\",\"url\":\"https:\\\/\\\/falora.ch\\\/\",\"name\":\"Falora - Shop\",\"description\":\"\",\"publisher\":{\"@id\":\"https:\\\/\\\/falora.ch\\\/#organization\"},\"potentialAction\":[{\"@type\":\"SearchAction\",\"target\":{\"@type\":\"EntryPoint\",\"urlTemplate\":\"https:\\\/\\\/falora.ch\\\/?s={search_term_string}\"},\"query-input\":{\"@type\":\"PropertyValueSpecification\",\"valueRequired\":true,\"valueName\":\"search_term_string\"}}],\"inLanguage\":\"de\"},{\"@type\":\"Organization\",\"@id\":\"https:\\\/\\\/falora.ch\\\/#organization\",\"name\":\"Falora - Shop\",\"url\":\"https:\\\/\\\/falora.ch\\\/\",\"logo\":{\"@type\":\"ImageObject\",\"inLanguage\":\"de\",\"@id\":\"https:\\\/\\\/falora.ch\\\/#\\\/schema\\\/logo\\\/image\\\/\",\"url\":\"https:\\\/\\\/falora.ch\\\/wp-content\\\/uploads\\\/2025\\\/02\\\/logo.png\",\"contentUrl\":\"https:\\\/\\\/falora.ch\\\/wp-content\\\/uploads\\\/2025\\\/02\\\/logo.png\",\"width\":952,\"height\":165,\"caption\":\"Falora - Shop\"},\"image\":{\"@id\":\"https:\\\/\\\/falora.ch\\\/#\\\/schema\\\/logo\\\/image\\\/\"}}]}<\/script>\n<!-- \/ Yoast SEO plugin. -->","yoast_head_json":{"title":"Classeur PVC A6, rempli - Falora - Shop","description":"Classeur PVC A6 avec 2 anneaux m\u00e9caniques, 100 feuilles lign\u00e9es, couleurs assortis bordeaux, bleu, noir.","robots":{"index":"index","follow":"follow","max-snippet":"max-snippet:-1","max-image-preview":"max-image-preview:large","max-video-preview":"max-video-preview:-1"},"canonical":"https:\/\/falora.ch\/de\/produkt\/classeur-pvc-a6-rempli\/","og_locale":"de_DE","og_type":"article","og_title":"Classeur PVC A6, rempli - Falora - Shop","og_description":"Classeur PVC A6 avec 2 anneaux m\u00e9caniques, 100 feuilles lign\u00e9es, couleurs assortis bordeaux, bleu, noir.","og_url":"https:\/\/falora.ch\/de\/produkt\/classeur-pvc-a6-rempli\/","og_site_name":"Falora - Shop","article_modified_time":"2026-02-18T15:58:06+00:00","og_image":[{"width":1200,"height":1140,"url":"https:\/\/falora.ch\/wp-content\/uploads\/2026\/02\/5-307_1.jpg","type":"image\/jpeg"}],"twitter_card":"summary_large_image","twitter_misc":{"Gesch\u00e4tzte Lesezeit":"1\u00a0Minute"},"schema":{"@context":"https:\/\/schema.org","@graph":[{"@type":"WebPage","@id":"https:\/\/falora.ch\/produit\/classeur-pvc-a6-rempli\/","url":"https:\/\/falora.ch\/produit\/classeur-pvc-a6-rempli\/","name":"Classeur PVC A6, rempli - Falora - Shop","isPartOf":{"@id":"https:\/\/falora.ch\/#website"},"primaryImageOfPage":{"@id":"https:\/\/falora.ch\/produit\/classeur-pvc-a6-rempli\/#primaryimage"},"image":{"@id":"https:\/\/falora.ch\/produit\/classeur-pvc-a6-rempli\/#primaryimage"},"thumbnailUrl":"https:\/\/falora.ch\/wp-content\/uploads\/2026\/02\/5-307_1.jpg","datePublished":"2026-02-18T14:17:00+00:00","dateModified":"2026-02-18T15:58:06+00:00","description":"Classeur PVC A6 avec 2 anneaux m\u00e9caniques, 100 feuilles lign\u00e9es, couleurs assortis bordeaux, bleu, noir.","breadcrumb":{"@id":"https:\/\/falora.ch\/produit\/classeur-pvc-a6-rempli\/#breadcrumb"},"inLanguage":"de","potentialAction":[{"@type":"ReadAction","target":["https:\/\/falora.ch\/produit\/classeur-pvc-a6-rempli\/"]}]},{"@type":"ImageObject","inLanguage":"de","@id":"https:\/\/falora.ch\/produit\/classeur-pvc-a6-rempli\/#primaryimage","url":"https:\/\/falora.ch\/wp-content\/uploads\/2026\/02\/5-307_1.jpg","contentUrl":"https:\/\/falora.ch\/wp-content\/uploads\/2026\/02\/5-307_1.jpg","width":1200,"height":1140,"caption":"5 307 1"},{"@type":"BreadcrumbList","@id":"https:\/\/falora.ch\/produit\/classeur-pvc-a6-rempli\/#breadcrumb","itemListElement":[{"@type":"ListItem","position":1,"name":"Accueil","item":"https:\/\/falora.ch\/"},{"@type":"ListItem","position":2,"name":"Boutique","item":"https:\/\/falora.ch\/boutique\/"},{"@type":"ListItem","position":3,"name":"Classeur PVC A6, rempli"}]},{"@type":"WebSite","@id":"https:\/\/falora.ch\/#website","url":"https:\/\/falora.ch\/","name":"Falora - Shop","description":"","publisher":{"@id":"https:\/\/falora.ch\/#organization"},"potentialAction":[{"@type":"SearchAction","target":{"@type":"EntryPoint","urlTemplate":"https:\/\/falora.ch\/?s={search_term_string}"},"query-input":{"@type":"PropertyValueSpecification","valueRequired":true,"valueName":"search_term_string"}}],"inLanguage":"de"},{"@type":"Organization","@id":"https:\/\/falora.ch\/#organization","name":"Falora - Shop","url":"https:\/\/falora.ch\/","logo":{"@type":"ImageObject","inLanguage":"de","@id":"https:\/\/falora.ch\/#\/schema\/logo\/image\/","url":"https:\/\/falora.ch\/wp-content\/uploads\/2025\/02\/logo.png","contentUrl":"https:\/\/falora.ch\/wp-content\/uploads\/2025\/02\/logo.png","width":952,"height":165,"caption":"Falora - Shop"},"image":{"@id":"https:\/\/falora.ch\/#\/schema\/logo\/image\/"}}]}},"_links":{"self":[{"href":"https:\/\/falora.ch\/de\/wp-json\/wp\/v2\/product\/987511121","targetHints":{"allow":["GET"]}}],"collection":[{"href":"https:\/\/falora.ch\/de\/wp-json\/wp\/v2\/product"}],"about":[{"href":"https:\/\/falora.ch\/de\/wp-json\/wp\/v2\/types\/product"}],"wp:featuredmedia":[{"embeddable":true,"href":"https:\/\/falora.ch\/de\/wp-json\/wp\/v2\/media\/987511115"}],"wp:attachment":[{"href":"https:\/\/falora.ch\/de\/wp-json\/wp\/v2\/media?parent=987511121"}],"wp:term":[{"taxonomy":"product_brand","embeddable":true,"href":"https:\/\/falora.ch\/de\/wp-json\/wp\/v2\/product_brand?post=987511121"},{"taxonomy":"product_cat","embeddable":true,"href":"https:\/\/falora.ch\/de\/wp-json\/wp\/v2\/product_cat?post=987511121"},{"taxonomy":"product_tag","embeddable":true,"href":"https:\/\/falora.ch\/de\/wp-json\/wp\/v2\/product_tag?post=987511121"}],"curies":[{"name":"wp","href":"https:\/\/api.w.org\/{rel}","templated":true}]}}