{"id":805,"date":"2025-02-20T19:31:48","date_gmt":"2025-02-20T19:31:48","guid":{"rendered":"https:\/\/falora.provisoire.ch\/?post_type=product&#038;p=805"},"modified":"2025-04-18T17:38:04","modified_gmt":"2025-04-18T17:38:04","slug":"dossier-a-pince-double-a4-pastelini","status":"publish","type":"product","link":"https:\/\/falora.ch\/en\/product\/dossier-a-pince-double-a4-pastelini\/","title":{"rendered":"PVC A4 double file PASTELINI"},"content":{"rendered":"<p>Reclosable notepad with metal clip, made from heavy-duty cardboard. Transparent inner pocket. Modern pastel colours.<\/p>\n<p>Dimensions: 23.2 x 32.3 x 1.6 cm<\/p>\n<p>Art. Nr. 5-547 \/ 5-548 \/ 5-549 \/ 5-550 \/ 5-551 \/ 5-598 \/ 5-599<\/p>","protected":false},"excerpt":{"rendered":"<p>Bloc-notes refermable avec clip m\u00e9tallique, en carton tr\u00e8s r\u00e9sistant. Pochette int\u00e9rieure transparente. Couleurs pastel modernes. Dimensions : 23,2 x 32,3 x 1,6 cm Art. Nr. 5-547 \/ 5-548 \/ 5-549 \/ 5-550 \/ 5-551 \/ 5-598 \/ 5-599<\/p>","protected":false},"featured_media":811,"template":"","meta":{"_et_pb_use_builder":"","_et_pb_old_content":"","_et_gb_content_width":""},"product_brand":[],"product_cat":[75],"product_tag":[],"class_list":{"0":"post-805","1":"product","2":"type-product","3":"status-publish","4":"has-post-thumbnail","6":"product_cat-pastelini-pastelini","8":"first","9":"instock","10":"shipping-taxable","11":"purchasable","12":"product-type-variable"},"yoast_head":"<!-- This site is optimized with the Yoast SEO plugin v27.3 - https:\/\/yoast.com\/product\/yoast-seo-wordpress\/ -->\n<title>Dossier double \u00e0 pince en PVC A4 PASTELINI - Falora - Shop<\/title>\n<meta name=\"robots\" content=\"index, follow, max-snippet:-1, max-image-preview:large, max-video-preview:-1\" \/>\n<link rel=\"canonical\" href=\"https:\/\/falora.ch\/en\/product\/dossier-a-pince-double-a4-pastelini\/\" \/>\n<meta property=\"og:locale\" content=\"en_GB\" \/>\n<meta property=\"og:type\" content=\"article\" \/>\n<meta property=\"og:title\" content=\"Dossier double \u00e0 pince en PVC A4 PASTELINI - Falora - Shop\" \/>\n<meta property=\"og:description\" content=\"Bloc-notes refermable avec clip m\u00e9tallique, en carton tr\u00e8s r\u00e9sistant. Pochette int\u00e9rieure transparente. Couleurs pastel modernes. Dimensions : 23,2 x 32,3 x 1,6 cm Art. Nr. 5-547 \/ 5-548 \/ 5-549 \/ 5-550 \/ 5-551 \/ 5-598 \/ 5-599\" \/>\n<meta property=\"og:url\" content=\"https:\/\/falora.ch\/en\/product\/dossier-a-pince-double-a4-pastelini\/\" \/>\n<meta property=\"og:site_name\" content=\"Falora - Shop\" \/>\n<meta property=\"article:modified_time\" content=\"2025-04-18T17:38:04+00:00\" \/>\n<meta property=\"og:image\" content=\"https:\/\/falora.ch\/wp-content\/uploads\/2025\/02\/5-549.png\" \/>\n\t<meta property=\"og:image:width\" content=\"500\" \/>\n\t<meta property=\"og:image:height\" content=\"500\" \/>\n\t<meta property=\"og:image:type\" content=\"image\/png\" \/>\n<meta name=\"twitter:card\" content=\"summary_large_image\" \/>\n<meta name=\"twitter:label1\" content=\"Estimated reading time\" \/>\n\t<meta name=\"twitter:data1\" content=\"1 minute\" \/>\n<script type=\"application\/ld+json\" class=\"yoast-schema-graph\">{\"@context\":\"https:\\\/\\\/schema.org\",\"@graph\":[{\"@type\":\"WebPage\",\"@id\":\"https:\\\/\\\/falora.ch\\\/produit\\\/dossier-a-pince-double-a4-pastelini\\\/\",\"url\":\"https:\\\/\\\/falora.ch\\\/produit\\\/dossier-a-pince-double-a4-pastelini\\\/\",\"name\":\"Dossier double \u00e0 pince en PVC A4 PASTELINI - Falora - Shop\",\"isPartOf\":{\"@id\":\"https:\\\/\\\/falora.ch\\\/#website\"},\"primaryImageOfPage\":{\"@id\":\"https:\\\/\\\/falora.ch\\\/produit\\\/dossier-a-pince-double-a4-pastelini\\\/#primaryimage\"},\"image\":{\"@id\":\"https:\\\/\\\/falora.ch\\\/produit\\\/dossier-a-pince-double-a4-pastelini\\\/#primaryimage\"},\"thumbnailUrl\":\"https:\\\/\\\/falora.ch\\\/wp-content\\\/uploads\\\/2025\\\/02\\\/5-549.png\",\"datePublished\":\"2025-02-20T19:31:48+00:00\",\"dateModified\":\"2025-04-18T17:38:04+00:00\",\"breadcrumb\":{\"@id\":\"https:\\\/\\\/falora.ch\\\/produit\\\/dossier-a-pince-double-a4-pastelini\\\/#breadcrumb\"},\"inLanguage\":\"en-GB\",\"potentialAction\":[{\"@type\":\"ReadAction\",\"target\":[\"https:\\\/\\\/falora.ch\\\/produit\\\/dossier-a-pince-double-a4-pastelini\\\/\"]}]},{\"@type\":\"ImageObject\",\"inLanguage\":\"en-GB\",\"@id\":\"https:\\\/\\\/falora.ch\\\/produit\\\/dossier-a-pince-double-a4-pastelini\\\/#primaryimage\",\"url\":\"https:\\\/\\\/falora.ch\\\/wp-content\\\/uploads\\\/2025\\\/02\\\/5-549.png\",\"contentUrl\":\"https:\\\/\\\/falora.ch\\\/wp-content\\\/uploads\\\/2025\\\/02\\\/5-549.png\",\"width\":500,\"height\":500,\"caption\":\"5 549\"},{\"@type\":\"BreadcrumbList\",\"@id\":\"https:\\\/\\\/falora.ch\\\/produit\\\/dossier-a-pince-double-a4-pastelini\\\/#breadcrumb\",\"itemListElement\":[{\"@type\":\"ListItem\",\"position\":1,\"name\":\"Accueil\",\"item\":\"https:\\\/\\\/falora.ch\\\/\"},{\"@type\":\"ListItem\",\"position\":2,\"name\":\"Boutique\",\"item\":\"https:\\\/\\\/falora.ch\\\/boutique\\\/\"},{\"@type\":\"ListItem\",\"position\":3,\"name\":\"Dossier double \u00e0 pince en PVC A4 PASTELINI\"}]},{\"@type\":\"WebSite\",\"@id\":\"https:\\\/\\\/falora.ch\\\/#website\",\"url\":\"https:\\\/\\\/falora.ch\\\/\",\"name\":\"Falora - Shop\",\"description\":\"\",\"publisher\":{\"@id\":\"https:\\\/\\\/falora.ch\\\/#organization\"},\"potentialAction\":[{\"@type\":\"SearchAction\",\"target\":{\"@type\":\"EntryPoint\",\"urlTemplate\":\"https:\\\/\\\/falora.ch\\\/?s={search_term_string}\"},\"query-input\":{\"@type\":\"PropertyValueSpecification\",\"valueRequired\":true,\"valueName\":\"search_term_string\"}}],\"inLanguage\":\"en-GB\"},{\"@type\":\"Organization\",\"@id\":\"https:\\\/\\\/falora.ch\\\/#organization\",\"name\":\"Falora - Shop\",\"url\":\"https:\\\/\\\/falora.ch\\\/\",\"logo\":{\"@type\":\"ImageObject\",\"inLanguage\":\"en-GB\",\"@id\":\"https:\\\/\\\/falora.ch\\\/#\\\/schema\\\/logo\\\/image\\\/\",\"url\":\"https:\\\/\\\/falora.ch\\\/wp-content\\\/uploads\\\/2025\\\/02\\\/logo.png\",\"contentUrl\":\"https:\\\/\\\/falora.ch\\\/wp-content\\\/uploads\\\/2025\\\/02\\\/logo.png\",\"width\":952,\"height\":165,\"caption\":\"Falora - Shop\"},\"image\":{\"@id\":\"https:\\\/\\\/falora.ch\\\/#\\\/schema\\\/logo\\\/image\\\/\"}}]}<\/script>\n<!-- \/ Yoast SEO plugin. -->","yoast_head_json":{"title":"Dossier double \u00e0 pince en PVC A4 PASTELINI - Falora - Shop","robots":{"index":"index","follow":"follow","max-snippet":"max-snippet:-1","max-image-preview":"max-image-preview:large","max-video-preview":"max-video-preview:-1"},"canonical":"https:\/\/falora.ch\/en\/product\/dossier-a-pince-double-a4-pastelini\/","og_locale":"en_GB","og_type":"article","og_title":"Dossier double \u00e0 pince en PVC A4 PASTELINI - Falora - Shop","og_description":"Bloc-notes refermable avec clip m\u00e9tallique, en carton tr\u00e8s r\u00e9sistant. Pochette int\u00e9rieure transparente. Couleurs pastel modernes. Dimensions : 23,2 x 32,3 x 1,6 cm Art. Nr. 5-547 \/ 5-548 \/ 5-549 \/ 5-550 \/ 5-551 \/ 5-598 \/ 5-599","og_url":"https:\/\/falora.ch\/en\/product\/dossier-a-pince-double-a4-pastelini\/","og_site_name":"Falora - Shop","article_modified_time":"2025-04-18T17:38:04+00:00","og_image":[{"width":500,"height":500,"url":"https:\/\/falora.ch\/wp-content\/uploads\/2025\/02\/5-549.png","type":"image\/png"}],"twitter_card":"summary_large_image","twitter_misc":{"Estimated reading time":"1 minute"},"schema":{"@context":"https:\/\/schema.org","@graph":[{"@type":"WebPage","@id":"https:\/\/falora.ch\/produit\/dossier-a-pince-double-a4-pastelini\/","url":"https:\/\/falora.ch\/produit\/dossier-a-pince-double-a4-pastelini\/","name":"Dossier double \u00e0 pince en PVC A4 PASTELINI - Falora - Shop","isPartOf":{"@id":"https:\/\/falora.ch\/#website"},"primaryImageOfPage":{"@id":"https:\/\/falora.ch\/produit\/dossier-a-pince-double-a4-pastelini\/#primaryimage"},"image":{"@id":"https:\/\/falora.ch\/produit\/dossier-a-pince-double-a4-pastelini\/#primaryimage"},"thumbnailUrl":"https:\/\/falora.ch\/wp-content\/uploads\/2025\/02\/5-549.png","datePublished":"2025-02-20T19:31:48+00:00","dateModified":"2025-04-18T17:38:04+00:00","breadcrumb":{"@id":"https:\/\/falora.ch\/produit\/dossier-a-pince-double-a4-pastelini\/#breadcrumb"},"inLanguage":"en-GB","potentialAction":[{"@type":"ReadAction","target":["https:\/\/falora.ch\/produit\/dossier-a-pince-double-a4-pastelini\/"]}]},{"@type":"ImageObject","inLanguage":"en-GB","@id":"https:\/\/falora.ch\/produit\/dossier-a-pince-double-a4-pastelini\/#primaryimage","url":"https:\/\/falora.ch\/wp-content\/uploads\/2025\/02\/5-549.png","contentUrl":"https:\/\/falora.ch\/wp-content\/uploads\/2025\/02\/5-549.png","width":500,"height":500,"caption":"5 549"},{"@type":"BreadcrumbList","@id":"https:\/\/falora.ch\/produit\/dossier-a-pince-double-a4-pastelini\/#breadcrumb","itemListElement":[{"@type":"ListItem","position":1,"name":"Accueil","item":"https:\/\/falora.ch\/"},{"@type":"ListItem","position":2,"name":"Boutique","item":"https:\/\/falora.ch\/boutique\/"},{"@type":"ListItem","position":3,"name":"Dossier double \u00e0 pince en PVC A4 PASTELINI"}]},{"@type":"WebSite","@id":"https:\/\/falora.ch\/#website","url":"https:\/\/falora.ch\/","name":"Falora - Shop","description":"","publisher":{"@id":"https:\/\/falora.ch\/#organization"},"potentialAction":[{"@type":"SearchAction","target":{"@type":"EntryPoint","urlTemplate":"https:\/\/falora.ch\/?s={search_term_string}"},"query-input":{"@type":"PropertyValueSpecification","valueRequired":true,"valueName":"search_term_string"}}],"inLanguage":"en-GB"},{"@type":"Organization","@id":"https:\/\/falora.ch\/#organization","name":"Falora - Shop","url":"https:\/\/falora.ch\/","logo":{"@type":"ImageObject","inLanguage":"en-GB","@id":"https:\/\/falora.ch\/#\/schema\/logo\/image\/","url":"https:\/\/falora.ch\/wp-content\/uploads\/2025\/02\/logo.png","contentUrl":"https:\/\/falora.ch\/wp-content\/uploads\/2025\/02\/logo.png","width":952,"height":165,"caption":"Falora - Shop"},"image":{"@id":"https:\/\/falora.ch\/#\/schema\/logo\/image\/"}}]}},"_links":{"self":[{"href":"https:\/\/falora.ch\/en\/wp-json\/wp\/v2\/product\/805","targetHints":{"allow":["GET"]}}],"collection":[{"href":"https:\/\/falora.ch\/en\/wp-json\/wp\/v2\/product"}],"about":[{"href":"https:\/\/falora.ch\/en\/wp-json\/wp\/v2\/types\/product"}],"wp:featuredmedia":[{"embeddable":true,"href":"https:\/\/falora.ch\/en\/wp-json\/wp\/v2\/media\/811"}],"wp:attachment":[{"href":"https:\/\/falora.ch\/en\/wp-json\/wp\/v2\/media?parent=805"}],"wp:term":[{"taxonomy":"product_brand","embeddable":true,"href":"https:\/\/falora.ch\/en\/wp-json\/wp\/v2\/product_brand?post=805"},{"taxonomy":"product_cat","embeddable":true,"href":"https:\/\/falora.ch\/en\/wp-json\/wp\/v2\/product_cat?post=805"},{"taxonomy":"product_tag","embeddable":true,"href":"https:\/\/falora.ch\/en\/wp-json\/wp\/v2\/product_tag?post=805"}],"curies":[{"name":"wp","href":"https:\/\/api.w.org\/{rel}","templated":true}]}}