{"id":987511093,"date":"2026-02-05T16:11:49","date_gmt":"2026-02-05T16:11:49","guid":{"rendered":"https:\/\/falora.ch\/?post_type=product&#038;p=987511093"},"modified":"2026-02-05T16:13:40","modified_gmt":"2026-02-05T16:13:40","slug":"15-cartes-105x210-15-enveloppes-110x225-creme-verge-double-blanc","status":"publish","type":"product","link":"https:\/\/falora.ch\/en\/product\/15-cartes-105x210-15-enveloppes-110x225-creme-verge-double-blanc\/","title":{"rendered":"15 cards 10.5\u00d721.0 \/ 15 envelopes 11.0\u00d722.5 cream laid paper lined with white"},"content":{"rendered":"<p>MOQ 5 pcs<br \/>\nArticle 13668<\/p>","protected":false},"excerpt":{"rendered":"<p>Available to order within 6 weeks<\/p>","protected":false},"featured_media":987511091,"template":"","meta":{"_et_pb_use_builder":"","_et_pb_old_content":"","_et_gb_content_width":""},"product_brand":[],"product_cat":[101],"product_tag":[],"class_list":{"0":"post-987511093","1":"product","2":"type-product","3":"status-publish","4":"has-post-thumbnail","6":"product_cat-verge","8":"first","9":"instock","10":"shipping-taxable","11":"purchasable","12":"product-type-simple"},"yoast_head":"<!-- This site is optimized with the Yoast SEO plugin v27.3 - https:\/\/yoast.com\/product\/yoast-seo-wordpress\/ -->\n<title>15 cartes 10,5x21,0 \/ 15 enveloppes 11,0x22,5 cr\u00e8me verg\u00e9 doubl\u00e9 blanc - Falora - Shop<\/title>\n<meta name=\"robots\" content=\"index, follow, max-snippet:-1, max-image-preview:large, max-video-preview:-1\" \/>\n<link rel=\"canonical\" href=\"https:\/\/falora.ch\/en\/product\/15-cartes-105x210-15-enveloppes-110x225-creme-verge-double-blanc\/\" \/>\n<meta property=\"og:locale\" content=\"en_GB\" \/>\n<meta property=\"og:type\" content=\"article\" \/>\n<meta property=\"og:title\" content=\"15 cartes 10,5x21,0 \/ 15 enveloppes 11,0x22,5 cr\u00e8me verg\u00e9 doubl\u00e9 blanc - Falora - Shop\" \/>\n<meta property=\"og:description\" content=\"livrable sur commande sous 6 semaines\" \/>\n<meta property=\"og:url\" content=\"https:\/\/falora.ch\/en\/product\/15-cartes-105x210-15-enveloppes-110x225-creme-verge-double-blanc\/\" \/>\n<meta property=\"og:site_name\" content=\"Falora - Shop\" \/>\n<meta property=\"article:modified_time\" content=\"2026-02-05T16:13:40+00:00\" \/>\n<meta property=\"og:image\" content=\"https:\/\/falora.ch\/wp-content\/uploads\/2026\/02\/5413036136684_2.jpg\" \/>\n\t<meta property=\"og:image:width\" content=\"1046\" \/>\n\t<meta property=\"og:image:height\" content=\"691\" \/>\n\t<meta property=\"og:image:type\" content=\"image\/jpeg\" \/>\n<meta name=\"twitter:card\" content=\"summary_large_image\" \/>\n<meta name=\"twitter:label1\" content=\"Estimated reading time\" \/>\n\t<meta name=\"twitter:data1\" content=\"1 minute\" \/>\n<script type=\"application\/ld+json\" class=\"yoast-schema-graph\">{\"@context\":\"https:\\\/\\\/schema.org\",\"@graph\":[{\"@type\":\"WebPage\",\"@id\":\"https:\\\/\\\/falora.ch\\\/produit\\\/15-cartes-105x210-15-enveloppes-110x225-creme-verge-double-blanc\\\/\",\"url\":\"https:\\\/\\\/falora.ch\\\/produit\\\/15-cartes-105x210-15-enveloppes-110x225-creme-verge-double-blanc\\\/\",\"name\":\"15 cartes 10,5x21,0 \\\/ 15 enveloppes 11,0x22,5 cr\u00e8me verg\u00e9 doubl\u00e9 blanc - Falora - Shop\",\"isPartOf\":{\"@id\":\"https:\\\/\\\/falora.ch\\\/#website\"},\"primaryImageOfPage\":{\"@id\":\"https:\\\/\\\/falora.ch\\\/produit\\\/15-cartes-105x210-15-enveloppes-110x225-creme-verge-double-blanc\\\/#primaryimage\"},\"image\":{\"@id\":\"https:\\\/\\\/falora.ch\\\/produit\\\/15-cartes-105x210-15-enveloppes-110x225-creme-verge-double-blanc\\\/#primaryimage\"},\"thumbnailUrl\":\"https:\\\/\\\/falora.ch\\\/wp-content\\\/uploads\\\/2026\\\/02\\\/5413036136684_2.jpg\",\"datePublished\":\"2026-02-05T16:11:49+00:00\",\"dateModified\":\"2026-02-05T16:13:40+00:00\",\"breadcrumb\":{\"@id\":\"https:\\\/\\\/falora.ch\\\/produit\\\/15-cartes-105x210-15-enveloppes-110x225-creme-verge-double-blanc\\\/#breadcrumb\"},\"inLanguage\":\"en-GB\",\"potentialAction\":[{\"@type\":\"ReadAction\",\"target\":[\"https:\\\/\\\/falora.ch\\\/produit\\\/15-cartes-105x210-15-enveloppes-110x225-creme-verge-double-blanc\\\/\"]}]},{\"@type\":\"ImageObject\",\"inLanguage\":\"en-GB\",\"@id\":\"https:\\\/\\\/falora.ch\\\/produit\\\/15-cartes-105x210-15-enveloppes-110x225-creme-verge-double-blanc\\\/#primaryimage\",\"url\":\"https:\\\/\\\/falora.ch\\\/wp-content\\\/uploads\\\/2026\\\/02\\\/5413036136684_2.jpg\",\"contentUrl\":\"https:\\\/\\\/falora.ch\\\/wp-content\\\/uploads\\\/2026\\\/02\\\/5413036136684_2.jpg\",\"width\":1046,\"height\":691,\"caption\":\"5413036136684 2\"},{\"@type\":\"BreadcrumbList\",\"@id\":\"https:\\\/\\\/falora.ch\\\/produit\\\/15-cartes-105x210-15-enveloppes-110x225-creme-verge-double-blanc\\\/#breadcrumb\",\"itemListElement\":[{\"@type\":\"ListItem\",\"position\":1,\"name\":\"Accueil\",\"item\":\"https:\\\/\\\/falora.ch\\\/\"},{\"@type\":\"ListItem\",\"position\":2,\"name\":\"Boutique\",\"item\":\"https:\\\/\\\/falora.ch\\\/boutique\\\/\"},{\"@type\":\"ListItem\",\"position\":3,\"name\":\"15 cartes 10,5&#215;21,0 \\\/ 15 enveloppes 11,0&#215;22,5 cr\u00e8me verg\u00e9 doubl\u00e9 blanc\"}]},{\"@type\":\"WebSite\",\"@id\":\"https:\\\/\\\/falora.ch\\\/#website\",\"url\":\"https:\\\/\\\/falora.ch\\\/\",\"name\":\"Falora - Shop\",\"description\":\"\",\"publisher\":{\"@id\":\"https:\\\/\\\/falora.ch\\\/#organization\"},\"potentialAction\":[{\"@type\":\"SearchAction\",\"target\":{\"@type\":\"EntryPoint\",\"urlTemplate\":\"https:\\\/\\\/falora.ch\\\/?s={search_term_string}\"},\"query-input\":{\"@type\":\"PropertyValueSpecification\",\"valueRequired\":true,\"valueName\":\"search_term_string\"}}],\"inLanguage\":\"en-GB\"},{\"@type\":\"Organization\",\"@id\":\"https:\\\/\\\/falora.ch\\\/#organization\",\"name\":\"Falora - Shop\",\"url\":\"https:\\\/\\\/falora.ch\\\/\",\"logo\":{\"@type\":\"ImageObject\",\"inLanguage\":\"en-GB\",\"@id\":\"https:\\\/\\\/falora.ch\\\/#\\\/schema\\\/logo\\\/image\\\/\",\"url\":\"https:\\\/\\\/falora.ch\\\/wp-content\\\/uploads\\\/2025\\\/02\\\/logo.png\",\"contentUrl\":\"https:\\\/\\\/falora.ch\\\/wp-content\\\/uploads\\\/2025\\\/02\\\/logo.png\",\"width\":952,\"height\":165,\"caption\":\"Falora - Shop\"},\"image\":{\"@id\":\"https:\\\/\\\/falora.ch\\\/#\\\/schema\\\/logo\\\/image\\\/\"}}]}<\/script>\n<!-- \/ Yoast SEO plugin. -->","yoast_head_json":{"title":"15 cartes 10,5x21,0 \/ 15 enveloppes 11,0x22,5 cr\u00e8me verg\u00e9 doubl\u00e9 blanc - Falora - Shop","robots":{"index":"index","follow":"follow","max-snippet":"max-snippet:-1","max-image-preview":"max-image-preview:large","max-video-preview":"max-video-preview:-1"},"canonical":"https:\/\/falora.ch\/en\/product\/15-cartes-105x210-15-enveloppes-110x225-creme-verge-double-blanc\/","og_locale":"en_GB","og_type":"article","og_title":"15 cartes 10,5x21,0 \/ 15 enveloppes 11,0x22,5 cr\u00e8me verg\u00e9 doubl\u00e9 blanc - Falora - Shop","og_description":"livrable sur commande sous 6 semaines","og_url":"https:\/\/falora.ch\/en\/product\/15-cartes-105x210-15-enveloppes-110x225-creme-verge-double-blanc\/","og_site_name":"Falora - Shop","article_modified_time":"2026-02-05T16:13:40+00:00","og_image":[{"width":1046,"height":691,"url":"https:\/\/falora.ch\/wp-content\/uploads\/2026\/02\/5413036136684_2.jpg","type":"image\/jpeg"}],"twitter_card":"summary_large_image","twitter_misc":{"Estimated reading time":"1 minute"},"schema":{"@context":"https:\/\/schema.org","@graph":[{"@type":"WebPage","@id":"https:\/\/falora.ch\/produit\/15-cartes-105x210-15-enveloppes-110x225-creme-verge-double-blanc\/","url":"https:\/\/falora.ch\/produit\/15-cartes-105x210-15-enveloppes-110x225-creme-verge-double-blanc\/","name":"15 cartes 10,5x21,0 \/ 15 enveloppes 11,0x22,5 cr\u00e8me verg\u00e9 doubl\u00e9 blanc - Falora - Shop","isPartOf":{"@id":"https:\/\/falora.ch\/#website"},"primaryImageOfPage":{"@id":"https:\/\/falora.ch\/produit\/15-cartes-105x210-15-enveloppes-110x225-creme-verge-double-blanc\/#primaryimage"},"image":{"@id":"https:\/\/falora.ch\/produit\/15-cartes-105x210-15-enveloppes-110x225-creme-verge-double-blanc\/#primaryimage"},"thumbnailUrl":"https:\/\/falora.ch\/wp-content\/uploads\/2026\/02\/5413036136684_2.jpg","datePublished":"2026-02-05T16:11:49+00:00","dateModified":"2026-02-05T16:13:40+00:00","breadcrumb":{"@id":"https:\/\/falora.ch\/produit\/15-cartes-105x210-15-enveloppes-110x225-creme-verge-double-blanc\/#breadcrumb"},"inLanguage":"en-GB","potentialAction":[{"@type":"ReadAction","target":["https:\/\/falora.ch\/produit\/15-cartes-105x210-15-enveloppes-110x225-creme-verge-double-blanc\/"]}]},{"@type":"ImageObject","inLanguage":"en-GB","@id":"https:\/\/falora.ch\/produit\/15-cartes-105x210-15-enveloppes-110x225-creme-verge-double-blanc\/#primaryimage","url":"https:\/\/falora.ch\/wp-content\/uploads\/2026\/02\/5413036136684_2.jpg","contentUrl":"https:\/\/falora.ch\/wp-content\/uploads\/2026\/02\/5413036136684_2.jpg","width":1046,"height":691,"caption":"5413036136684 2"},{"@type":"BreadcrumbList","@id":"https:\/\/falora.ch\/produit\/15-cartes-105x210-15-enveloppes-110x225-creme-verge-double-blanc\/#breadcrumb","itemListElement":[{"@type":"ListItem","position":1,"name":"Accueil","item":"https:\/\/falora.ch\/"},{"@type":"ListItem","position":2,"name":"Boutique","item":"https:\/\/falora.ch\/boutique\/"},{"@type":"ListItem","position":3,"name":"15 cartes 10,5&#215;21,0 \/ 15 enveloppes 11,0&#215;22,5 cr\u00e8me verg\u00e9 doubl\u00e9 blanc"}]},{"@type":"WebSite","@id":"https:\/\/falora.ch\/#website","url":"https:\/\/falora.ch\/","name":"Falora - Shop","description":"","publisher":{"@id":"https:\/\/falora.ch\/#organization"},"potentialAction":[{"@type":"SearchAction","target":{"@type":"EntryPoint","urlTemplate":"https:\/\/falora.ch\/?s={search_term_string}"},"query-input":{"@type":"PropertyValueSpecification","valueRequired":true,"valueName":"search_term_string"}}],"inLanguage":"en-GB"},{"@type":"Organization","@id":"https:\/\/falora.ch\/#organization","name":"Falora - Shop","url":"https:\/\/falora.ch\/","logo":{"@type":"ImageObject","inLanguage":"en-GB","@id":"https:\/\/falora.ch\/#\/schema\/logo\/image\/","url":"https:\/\/falora.ch\/wp-content\/uploads\/2025\/02\/logo.png","contentUrl":"https:\/\/falora.ch\/wp-content\/uploads\/2025\/02\/logo.png","width":952,"height":165,"caption":"Falora - Shop"},"image":{"@id":"https:\/\/falora.ch\/#\/schema\/logo\/image\/"}}]}},"_links":{"self":[{"href":"https:\/\/falora.ch\/en\/wp-json\/wp\/v2\/product\/987511093","targetHints":{"allow":["GET"]}}],"collection":[{"href":"https:\/\/falora.ch\/en\/wp-json\/wp\/v2\/product"}],"about":[{"href":"https:\/\/falora.ch\/en\/wp-json\/wp\/v2\/types\/product"}],"wp:featuredmedia":[{"embeddable":true,"href":"https:\/\/falora.ch\/en\/wp-json\/wp\/v2\/media\/987511091"}],"wp:attachment":[{"href":"https:\/\/falora.ch\/en\/wp-json\/wp\/v2\/media?parent=987511093"}],"wp:term":[{"taxonomy":"product_brand","embeddable":true,"href":"https:\/\/falora.ch\/en\/wp-json\/wp\/v2\/product_brand?post=987511093"},{"taxonomy":"product_cat","embeddable":true,"href":"https:\/\/falora.ch\/en\/wp-json\/wp\/v2\/product_cat?post=987511093"},{"taxonomy":"product_tag","embeddable":true,"href":"https:\/\/falora.ch\/en\/wp-json\/wp\/v2\/product_tag?post=987511093"}],"curies":[{"name":"wp","href":"https:\/\/api.w.org\/{rel}","templated":true}]}}