{"id":1080,"date":"2025-03-09T19:57:48","date_gmt":"2025-03-09T19:57:48","guid":{"rendered":"https:\/\/falora.ch\/?post_type=product&#038;p=1080"},"modified":"2025-04-18T17:32:29","modified_gmt":"2025-04-18T17:32:29","slug":"grande-boite-laminee-kraft-nature","status":"publish","type":"product","link":"https:\/\/falora.ch\/it\/prodotto\/grande-boite-laminee-kraft-nature\/","title":{"rendered":"Grande scatola d'archivio KRAFT naturale laminata"},"content":{"rendered":"<p>Avete bisogno di una soluzione elegante e funzionale per riporre diversi oggetti? La nostra scatola Lamino con coperchio e maniglie ritagliate \u00e8 la soluzione che fa per voi. Questa scatola non \u00e8 solo un'aggiunta elegante al vostro spazio, ma anche un pratico strumento organizzativo. La scatola \u00e8 stata progettata per essere facile da maneggiare. Le aperture per le maniglie la rendono facile da trasportare e da aprire. Che si tratti di documenti o giocattoli, la scatola \u00e8 sufficientemente spaziosa per contenere un'ampia variet\u00e0 di oggetti. I colori moderni e naturali conferiscono alla scatola un aspetto fresco e naturale. \u00c8 il modo perfetto non solo per conservare le vostre cose, ma anche per averle a portata di mano ogni volta che ne avete bisogno. La scatola misura 35,5 x 24 x 16 cm, il che significa che c'\u00e8 molto spazio per i vostri oggetti. Non dovrete pi\u00f9 preoccuparvi del disordine o degli oggetti smarriti. Lasciatevi ispirare dalla sua versatilit\u00e0 e semplicit\u00e0 e mantenete il vostro spazio ordinato e organizzato.<\/p>\n<p>Dimensioni: 35,5 x 24 x 16 cm<\/p>\n<p>MOQ 5<\/p>\n<p>Art. Nr. 7-007<\/p>\n<p>EAN 8596424166498<\/p>","protected":false},"excerpt":{"rendered":"<p>in stock<\/p>","protected":false},"featured_media":1081,"template":"","meta":{"_et_pb_use_builder":"","_et_pb_old_content":"","_et_gb_content_width":""},"product_brand":[],"product_cat":[74],"product_tag":[],"class_list":{"0":"post-1080","1":"product","2":"type-product","3":"status-publish","4":"has-post-thumbnail","6":"product_cat-kraft","8":"first","9":"instock","10":"shipping-taxable","11":"purchasable","12":"product-type-simple"},"yoast_head":"<!-- This site is optimized with the Yoast SEO plugin v27.6 - https:\/\/yoast.com\/product\/yoast-seo-wordpress\/ -->\n<title>Grande bo\u00eete d&#039;archivage lamin\u00e9e KRAFT nature - Falora - Shop<\/title>\n<meta name=\"robots\" content=\"index, follow, max-snippet:-1, max-image-preview:large, max-video-preview:-1\" \/>\n<link rel=\"canonical\" href=\"https:\/\/falora.ch\/it\/prodotto\/grande-boite-laminee-kraft-nature\/\" \/>\n<meta property=\"og:locale\" content=\"it_IT\" \/>\n<meta property=\"og:type\" content=\"article\" \/>\n<meta property=\"og:title\" content=\"Grande bo\u00eete d&#039;archivage lamin\u00e9e KRAFT nature - Falora - Shop\" \/>\n<meta property=\"og:description\" content=\"en stock\" \/>\n<meta property=\"og:url\" content=\"https:\/\/falora.ch\/it\/prodotto\/grande-boite-laminee-kraft-nature\/\" \/>\n<meta property=\"og:site_name\" content=\"Falora - Shop\" \/>\n<meta property=\"article:modified_time\" content=\"2025-04-18T17:32:29+00:00\" \/>\n<meta property=\"og:image\" content=\"https:\/\/falora.ch\/wp-content\/uploads\/2025\/03\/7-007.png\" \/>\n\t<meta property=\"og:image:width\" content=\"500\" \/>\n\t<meta property=\"og:image:height\" content=\"500\" \/>\n\t<meta property=\"og:image:type\" content=\"image\/png\" \/>\n<meta name=\"twitter:card\" content=\"summary_large_image\" \/>\n<meta name=\"twitter:label1\" content=\"Tempo di lettura stimato\" \/>\n\t<meta name=\"twitter:data1\" content=\"2 minuti\" \/>\n<script type=\"application\/ld+json\" class=\"yoast-schema-graph\">{\"@context\":\"https:\\\/\\\/schema.org\",\"@graph\":[{\"@type\":\"WebPage\",\"@id\":\"https:\\\/\\\/falora.ch\\\/produit\\\/grande-boite-laminee-kraft-nature\\\/\",\"url\":\"https:\\\/\\\/falora.ch\\\/produit\\\/grande-boite-laminee-kraft-nature\\\/\",\"name\":\"Grande bo\u00eete d'archivage lamin\u00e9e KRAFT nature - Falora - Shop\",\"isPartOf\":{\"@id\":\"https:\\\/\\\/falora.ch\\\/#website\"},\"primaryImageOfPage\":{\"@id\":\"https:\\\/\\\/falora.ch\\\/produit\\\/grande-boite-laminee-kraft-nature\\\/#primaryimage\"},\"image\":{\"@id\":\"https:\\\/\\\/falora.ch\\\/produit\\\/grande-boite-laminee-kraft-nature\\\/#primaryimage\"},\"thumbnailUrl\":\"https:\\\/\\\/falora.ch\\\/wp-content\\\/uploads\\\/2025\\\/03\\\/7-007.png\",\"datePublished\":\"2025-03-09T19:57:48+00:00\",\"dateModified\":\"2025-04-18T17:32:29+00:00\",\"breadcrumb\":{\"@id\":\"https:\\\/\\\/falora.ch\\\/produit\\\/grande-boite-laminee-kraft-nature\\\/#breadcrumb\"},\"inLanguage\":\"it-IT\",\"potentialAction\":[{\"@type\":\"ReadAction\",\"target\":[\"https:\\\/\\\/falora.ch\\\/produit\\\/grande-boite-laminee-kraft-nature\\\/\"]}]},{\"@type\":\"ImageObject\",\"inLanguage\":\"it-IT\",\"@id\":\"https:\\\/\\\/falora.ch\\\/produit\\\/grande-boite-laminee-kraft-nature\\\/#primaryimage\",\"url\":\"https:\\\/\\\/falora.ch\\\/wp-content\\\/uploads\\\/2025\\\/03\\\/7-007.png\",\"contentUrl\":\"https:\\\/\\\/falora.ch\\\/wp-content\\\/uploads\\\/2025\\\/03\\\/7-007.png\",\"width\":500,\"height\":500,\"caption\":\"7 007\"},{\"@type\":\"BreadcrumbList\",\"@id\":\"https:\\\/\\\/falora.ch\\\/produit\\\/grande-boite-laminee-kraft-nature\\\/#breadcrumb\",\"itemListElement\":[{\"@type\":\"ListItem\",\"position\":1,\"name\":\"Accueil\",\"item\":\"https:\\\/\\\/falora.ch\\\/\"},{\"@type\":\"ListItem\",\"position\":2,\"name\":\"Boutique\",\"item\":\"https:\\\/\\\/falora.ch\\\/boutique\\\/\"},{\"@type\":\"ListItem\",\"position\":3,\"name\":\"Grande bo\u00eete d&rsquo;archivage lamin\u00e9e KRAFT nature\"}]},{\"@type\":\"WebSite\",\"@id\":\"https:\\\/\\\/falora.ch\\\/#website\",\"url\":\"https:\\\/\\\/falora.ch\\\/\",\"name\":\"Falora - Shop\",\"description\":\"\",\"publisher\":{\"@id\":\"https:\\\/\\\/falora.ch\\\/#organization\"},\"potentialAction\":[{\"@type\":\"SearchAction\",\"target\":{\"@type\":\"EntryPoint\",\"urlTemplate\":\"https:\\\/\\\/falora.ch\\\/?s={search_term_string}\"},\"query-input\":{\"@type\":\"PropertyValueSpecification\",\"valueRequired\":true,\"valueName\":\"search_term_string\"}}],\"inLanguage\":\"it-IT\"},{\"@type\":\"Organization\",\"@id\":\"https:\\\/\\\/falora.ch\\\/#organization\",\"name\":\"Falora - Shop\",\"url\":\"https:\\\/\\\/falora.ch\\\/\",\"logo\":{\"@type\":\"ImageObject\",\"inLanguage\":\"it-IT\",\"@id\":\"https:\\\/\\\/falora.ch\\\/#\\\/schema\\\/logo\\\/image\\\/\",\"url\":\"https:\\\/\\\/falora.ch\\\/wp-content\\\/uploads\\\/2025\\\/02\\\/logo.png\",\"contentUrl\":\"https:\\\/\\\/falora.ch\\\/wp-content\\\/uploads\\\/2025\\\/02\\\/logo.png\",\"width\":952,\"height\":165,\"caption\":\"Falora - Shop\"},\"image\":{\"@id\":\"https:\\\/\\\/falora.ch\\\/#\\\/schema\\\/logo\\\/image\\\/\"}}]}<\/script>\n<!-- \/ Yoast SEO plugin. -->","yoast_head_json":{"title":"Grande bo\u00eete d'archivage lamin\u00e9e KRAFT nature - Falora - Shop","robots":{"index":"index","follow":"follow","max-snippet":"max-snippet:-1","max-image-preview":"max-image-preview:large","max-video-preview":"max-video-preview:-1"},"canonical":"https:\/\/falora.ch\/it\/prodotto\/grande-boite-laminee-kraft-nature\/","og_locale":"it_IT","og_type":"article","og_title":"Grande bo\u00eete d'archivage lamin\u00e9e KRAFT nature - Falora - Shop","og_description":"en stock","og_url":"https:\/\/falora.ch\/it\/prodotto\/grande-boite-laminee-kraft-nature\/","og_site_name":"Falora - Shop","article_modified_time":"2025-04-18T17:32:29+00:00","og_image":[{"width":500,"height":500,"url":"https:\/\/falora.ch\/wp-content\/uploads\/2025\/03\/7-007.png","type":"image\/png"}],"twitter_card":"summary_large_image","twitter_misc":{"Tempo di lettura stimato":"2 minuti"},"schema":{"@context":"https:\/\/schema.org","@graph":[{"@type":"WebPage","@id":"https:\/\/falora.ch\/produit\/grande-boite-laminee-kraft-nature\/","url":"https:\/\/falora.ch\/produit\/grande-boite-laminee-kraft-nature\/","name":"Grande bo\u00eete d'archivage lamin\u00e9e KRAFT nature - Falora - Shop","isPartOf":{"@id":"https:\/\/falora.ch\/#website"},"primaryImageOfPage":{"@id":"https:\/\/falora.ch\/produit\/grande-boite-laminee-kraft-nature\/#primaryimage"},"image":{"@id":"https:\/\/falora.ch\/produit\/grande-boite-laminee-kraft-nature\/#primaryimage"},"thumbnailUrl":"https:\/\/falora.ch\/wp-content\/uploads\/2025\/03\/7-007.png","datePublished":"2025-03-09T19:57:48+00:00","dateModified":"2025-04-18T17:32:29+00:00","breadcrumb":{"@id":"https:\/\/falora.ch\/produit\/grande-boite-laminee-kraft-nature\/#breadcrumb"},"inLanguage":"it-IT","potentialAction":[{"@type":"ReadAction","target":["https:\/\/falora.ch\/produit\/grande-boite-laminee-kraft-nature\/"]}]},{"@type":"ImageObject","inLanguage":"it-IT","@id":"https:\/\/falora.ch\/produit\/grande-boite-laminee-kraft-nature\/#primaryimage","url":"https:\/\/falora.ch\/wp-content\/uploads\/2025\/03\/7-007.png","contentUrl":"https:\/\/falora.ch\/wp-content\/uploads\/2025\/03\/7-007.png","width":500,"height":500,"caption":"7 007"},{"@type":"BreadcrumbList","@id":"https:\/\/falora.ch\/produit\/grande-boite-laminee-kraft-nature\/#breadcrumb","itemListElement":[{"@type":"ListItem","position":1,"name":"Accueil","item":"https:\/\/falora.ch\/"},{"@type":"ListItem","position":2,"name":"Boutique","item":"https:\/\/falora.ch\/boutique\/"},{"@type":"ListItem","position":3,"name":"Grande bo\u00eete d&rsquo;archivage lamin\u00e9e KRAFT nature"}]},{"@type":"WebSite","@id":"https:\/\/falora.ch\/#website","url":"https:\/\/falora.ch\/","name":"Falora - Negozio","description":"","publisher":{"@id":"https:\/\/falora.ch\/#organization"},"potentialAction":[{"@type":"SearchAction","target":{"@type":"EntryPoint","urlTemplate":"https:\/\/falora.ch\/?s={search_term_string}"},"query-input":{"@type":"PropertyValueSpecification","valueRequired":true,"valueName":"search_term_string"}}],"inLanguage":"it-IT"},{"@type":"Organization","@id":"https:\/\/falora.ch\/#organization","name":"Falora - Negozio","url":"https:\/\/falora.ch\/","logo":{"@type":"ImageObject","inLanguage":"it-IT","@id":"https:\/\/falora.ch\/#\/schema\/logo\/image\/","url":"https:\/\/falora.ch\/wp-content\/uploads\/2025\/02\/logo.png","contentUrl":"https:\/\/falora.ch\/wp-content\/uploads\/2025\/02\/logo.png","width":952,"height":165,"caption":"Falora - Shop"},"image":{"@id":"https:\/\/falora.ch\/#\/schema\/logo\/image\/"}}]}},"_links":{"self":[{"href":"https:\/\/falora.ch\/it\/wp-json\/wp\/v2\/product\/1080","targetHints":{"allow":["GET"]}}],"collection":[{"href":"https:\/\/falora.ch\/it\/wp-json\/wp\/v2\/product"}],"about":[{"href":"https:\/\/falora.ch\/it\/wp-json\/wp\/v2\/types\/product"}],"wp:featuredmedia":[{"embeddable":true,"href":"https:\/\/falora.ch\/it\/wp-json\/wp\/v2\/media\/1081"}],"wp:attachment":[{"href":"https:\/\/falora.ch\/it\/wp-json\/wp\/v2\/media?parent=1080"}],"wp:term":[{"taxonomy":"product_brand","embeddable":true,"href":"https:\/\/falora.ch\/it\/wp-json\/wp\/v2\/product_brand?post=1080"},{"taxonomy":"product_cat","embeddable":true,"href":"https:\/\/falora.ch\/it\/wp-json\/wp\/v2\/product_cat?post=1080"},{"taxonomy":"product_tag","embeddable":true,"href":"https:\/\/falora.ch\/it\/wp-json\/wp\/v2\/product_tag?post=1080"}],"curies":[{"name":"parola chiave","href":"https:\/\/api.w.org\/{rel}","templated":true}]}}