{"id":1772,"date":"2025-07-09T14:03:49","date_gmt":"2025-07-09T14:03:49","guid":{"rendered":"https:\/\/falora.ch\/?post_type=product&#038;p=1772"},"modified":"2025-07-09T14:03:49","modified_gmt":"2025-07-09T14:03:49","slug":"sac-scolaire-ombre-pink","status":"publish","type":"product","link":"https:\/\/falora.ch\/it\/prodotto\/sac-scolaire-ombre-pink\/","title":{"rendered":"Zaino scolastico rosa OMBRE"},"content":{"rendered":"<p>Lo zaino scolastico OXY Ombre \u00e8 ideale per gli studenti dalla prima elementare. Il moderno design sfumato cattura l'attenzione a prima vista. Lo schienale anatomico, gli spallacci imbottiti e la cinghia pettorale regolabile garantiscono a ogni studente una schiena comoda. La base robusta impedisce allo zaino di ribaltarsi quando \u00e8 in piedi da solo. Lo zaino ha due ampie tasche per riporre tutto il materiale scolastico necessario. Le tasche laterali elastiche possono contenere una borraccia, facilmente accessibile per integrare la dieta dello studente. La tasca frontale permette di nascondere facilmente un piccolo spuntino. Lo zaino presenta diversi elementi riflettenti. Lo zaino \u00e8 adatto a bambini di almeno 136 cm di altezza.<\/p>\n<p>L'alteza del zaino \u00e8 di 43 cm, il volume \u00e8 di 28 litri, il peso dello zaino \u00e8 di 960 g e la sua capacit\u00e0 di carico \u00e8 di 8 kg.<\/p>\n<p>MOQ 5<\/p>\n<p>Codice articolo 9-78225<\/p>\n<p>Codice EAN 8596424197355<\/p>","protected":false},"excerpt":{"rendered":"<p>in stock<\/p>","protected":false},"featured_media":1699,"template":"","meta":{"_et_pb_use_builder":"","_et_pb_old_content":"","_et_gb_content_width":""},"product_brand":[],"product_cat":[102],"product_tag":[],"class_list":{"0":"post-1772","1":"product","2":"type-product","3":"status-publish","4":"has-post-thumbnail","6":"product_cat-ombre","8":"first","9":"instock","10":"shipping-taxable","11":"purchasable","12":"product-type-simple"},"yoast_head":"<!-- This site is optimized with the Yoast SEO plugin v27.3 - https:\/\/yoast.com\/product\/yoast-seo-wordpress\/ -->\n<title>Sac scolaire OMBRE pink - Falora - Shop<\/title>\n<meta name=\"robots\" content=\"index, follow, max-snippet:-1, max-image-preview:large, max-video-preview:-1\" \/>\n<link rel=\"canonical\" href=\"https:\/\/falora.ch\/it\/prodotto\/sac-scolaire-ombre-pink\/\" \/>\n<meta property=\"og:locale\" content=\"it_IT\" \/>\n<meta property=\"og:type\" content=\"article\" \/>\n<meta property=\"og:title\" content=\"Sac scolaire OMBRE pink - Falora - Shop\" \/>\n<meta property=\"og:description\" content=\"en stock\" \/>\n<meta property=\"og:url\" content=\"https:\/\/falora.ch\/it\/prodotto\/sac-scolaire-ombre-pink\/\" \/>\n<meta property=\"og:site_name\" content=\"Falora - Shop\" \/>\n<meta property=\"og:image\" content=\"https:\/\/falora.ch\/wp-content\/uploads\/2025\/05\/9-78225_6.jpg\" \/>\n\t<meta property=\"og:image:width\" content=\"1000\" \/>\n\t<meta property=\"og:image:height\" content=\"1000\" \/>\n\t<meta property=\"og:image:type\" content=\"image\/jpeg\" \/>\n<meta name=\"twitter:card\" content=\"summary_large_image\" \/>\n<meta name=\"twitter:label1\" content=\"Tempo di lettura stimato\" \/>\n\t<meta name=\"twitter:data1\" content=\"2 minuti\" \/>\n<script type=\"application\/ld+json\" class=\"yoast-schema-graph\">{\"@context\":\"https:\\\/\\\/schema.org\",\"@graph\":[{\"@type\":\"WebPage\",\"@id\":\"https:\\\/\\\/falora.ch\\\/produit\\\/sac-scolaire-ombre-pink\\\/\",\"url\":\"https:\\\/\\\/falora.ch\\\/produit\\\/sac-scolaire-ombre-pink\\\/\",\"name\":\"Sac scolaire OMBRE pink - Falora - Shop\",\"isPartOf\":{\"@id\":\"https:\\\/\\\/falora.ch\\\/#website\"},\"primaryImageOfPage\":{\"@id\":\"https:\\\/\\\/falora.ch\\\/produit\\\/sac-scolaire-ombre-pink\\\/#primaryimage\"},\"image\":{\"@id\":\"https:\\\/\\\/falora.ch\\\/produit\\\/sac-scolaire-ombre-pink\\\/#primaryimage\"},\"thumbnailUrl\":\"https:\\\/\\\/falora.ch\\\/wp-content\\\/uploads\\\/2025\\\/05\\\/9-78225_6.jpg\",\"datePublished\":\"2025-07-09T14:03:49+00:00\",\"breadcrumb\":{\"@id\":\"https:\\\/\\\/falora.ch\\\/produit\\\/sac-scolaire-ombre-pink\\\/#breadcrumb\"},\"inLanguage\":\"it-IT\",\"potentialAction\":[{\"@type\":\"ReadAction\",\"target\":[\"https:\\\/\\\/falora.ch\\\/produit\\\/sac-scolaire-ombre-pink\\\/\"]}]},{\"@type\":\"ImageObject\",\"inLanguage\":\"it-IT\",\"@id\":\"https:\\\/\\\/falora.ch\\\/produit\\\/sac-scolaire-ombre-pink\\\/#primaryimage\",\"url\":\"https:\\\/\\\/falora.ch\\\/wp-content\\\/uploads\\\/2025\\\/05\\\/9-78225_6.jpg\",\"contentUrl\":\"https:\\\/\\\/falora.ch\\\/wp-content\\\/uploads\\\/2025\\\/05\\\/9-78225_6.jpg\",\"width\":1000,\"height\":1000,\"caption\":\"9 78225 6\"},{\"@type\":\"BreadcrumbList\",\"@id\":\"https:\\\/\\\/falora.ch\\\/produit\\\/sac-scolaire-ombre-pink\\\/#breadcrumb\",\"itemListElement\":[{\"@type\":\"ListItem\",\"position\":1,\"name\":\"Accueil\",\"item\":\"https:\\\/\\\/falora.ch\\\/\"},{\"@type\":\"ListItem\",\"position\":2,\"name\":\"Boutique\",\"item\":\"https:\\\/\\\/falora.ch\\\/boutique\\\/\"},{\"@type\":\"ListItem\",\"position\":3,\"name\":\"Sac scolaire OMBRE pink\"}]},{\"@type\":\"WebSite\",\"@id\":\"https:\\\/\\\/falora.ch\\\/#website\",\"url\":\"https:\\\/\\\/falora.ch\\\/\",\"name\":\"Falora - Shop\",\"description\":\"\",\"publisher\":{\"@id\":\"https:\\\/\\\/falora.ch\\\/#organization\"},\"potentialAction\":[{\"@type\":\"SearchAction\",\"target\":{\"@type\":\"EntryPoint\",\"urlTemplate\":\"https:\\\/\\\/falora.ch\\\/?s={search_term_string}\"},\"query-input\":{\"@type\":\"PropertyValueSpecification\",\"valueRequired\":true,\"valueName\":\"search_term_string\"}}],\"inLanguage\":\"it-IT\"},{\"@type\":\"Organization\",\"@id\":\"https:\\\/\\\/falora.ch\\\/#organization\",\"name\":\"Falora - Shop\",\"url\":\"https:\\\/\\\/falora.ch\\\/\",\"logo\":{\"@type\":\"ImageObject\",\"inLanguage\":\"it-IT\",\"@id\":\"https:\\\/\\\/falora.ch\\\/#\\\/schema\\\/logo\\\/image\\\/\",\"url\":\"https:\\\/\\\/falora.ch\\\/wp-content\\\/uploads\\\/2025\\\/02\\\/logo.png\",\"contentUrl\":\"https:\\\/\\\/falora.ch\\\/wp-content\\\/uploads\\\/2025\\\/02\\\/logo.png\",\"width\":952,\"height\":165,\"caption\":\"Falora - Shop\"},\"image\":{\"@id\":\"https:\\\/\\\/falora.ch\\\/#\\\/schema\\\/logo\\\/image\\\/\"}}]}<\/script>\n<!-- \/ Yoast SEO plugin. -->","yoast_head_json":{"title":"Sac scolaire OMBRE pink - Falora - Shop","robots":{"index":"index","follow":"follow","max-snippet":"max-snippet:-1","max-image-preview":"max-image-preview:large","max-video-preview":"max-video-preview:-1"},"canonical":"https:\/\/falora.ch\/it\/prodotto\/sac-scolaire-ombre-pink\/","og_locale":"it_IT","og_type":"article","og_title":"Sac scolaire OMBRE pink - Falora - Shop","og_description":"en stock","og_url":"https:\/\/falora.ch\/it\/prodotto\/sac-scolaire-ombre-pink\/","og_site_name":"Falora - Shop","og_image":[{"width":1000,"height":1000,"url":"https:\/\/falora.ch\/wp-content\/uploads\/2025\/05\/9-78225_6.jpg","type":"image\/jpeg"}],"twitter_card":"summary_large_image","twitter_misc":{"Tempo di lettura stimato":"2 minuti"},"schema":{"@context":"https:\/\/schema.org","@graph":[{"@type":"WebPage","@id":"https:\/\/falora.ch\/produit\/sac-scolaire-ombre-pink\/","url":"https:\/\/falora.ch\/produit\/sac-scolaire-ombre-pink\/","name":"Sac scolaire OMBRE pink - Falora - Shop","isPartOf":{"@id":"https:\/\/falora.ch\/#website"},"primaryImageOfPage":{"@id":"https:\/\/falora.ch\/produit\/sac-scolaire-ombre-pink\/#primaryimage"},"image":{"@id":"https:\/\/falora.ch\/produit\/sac-scolaire-ombre-pink\/#primaryimage"},"thumbnailUrl":"https:\/\/falora.ch\/wp-content\/uploads\/2025\/05\/9-78225_6.jpg","datePublished":"2025-07-09T14:03:49+00:00","breadcrumb":{"@id":"https:\/\/falora.ch\/produit\/sac-scolaire-ombre-pink\/#breadcrumb"},"inLanguage":"it-IT","potentialAction":[{"@type":"ReadAction","target":["https:\/\/falora.ch\/produit\/sac-scolaire-ombre-pink\/"]}]},{"@type":"ImageObject","inLanguage":"it-IT","@id":"https:\/\/falora.ch\/produit\/sac-scolaire-ombre-pink\/#primaryimage","url":"https:\/\/falora.ch\/wp-content\/uploads\/2025\/05\/9-78225_6.jpg","contentUrl":"https:\/\/falora.ch\/wp-content\/uploads\/2025\/05\/9-78225_6.jpg","width":1000,"height":1000,"caption":"9 78225 6"},{"@type":"BreadcrumbList","@id":"https:\/\/falora.ch\/produit\/sac-scolaire-ombre-pink\/#breadcrumb","itemListElement":[{"@type":"ListItem","position":1,"name":"Accueil","item":"https:\/\/falora.ch\/"},{"@type":"ListItem","position":2,"name":"Boutique","item":"https:\/\/falora.ch\/boutique\/"},{"@type":"ListItem","position":3,"name":"Sac scolaire OMBRE pink"}]},{"@type":"WebSite","@id":"https:\/\/falora.ch\/#website","url":"https:\/\/falora.ch\/","name":"Falora - Negozio","description":"","publisher":{"@id":"https:\/\/falora.ch\/#organization"},"potentialAction":[{"@type":"SearchAction","target":{"@type":"EntryPoint","urlTemplate":"https:\/\/falora.ch\/?s={search_term_string}"},"query-input":{"@type":"PropertyValueSpecification","valueRequired":true,"valueName":"search_term_string"}}],"inLanguage":"it-IT"},{"@type":"Organization","@id":"https:\/\/falora.ch\/#organization","name":"Falora - Negozio","url":"https:\/\/falora.ch\/","logo":{"@type":"ImageObject","inLanguage":"it-IT","@id":"https:\/\/falora.ch\/#\/schema\/logo\/image\/","url":"https:\/\/falora.ch\/wp-content\/uploads\/2025\/02\/logo.png","contentUrl":"https:\/\/falora.ch\/wp-content\/uploads\/2025\/02\/logo.png","width":952,"height":165,"caption":"Falora - Shop"},"image":{"@id":"https:\/\/falora.ch\/#\/schema\/logo\/image\/"}}]}},"_links":{"self":[{"href":"https:\/\/falora.ch\/it\/wp-json\/wp\/v2\/product\/1772","targetHints":{"allow":["GET"]}}],"collection":[{"href":"https:\/\/falora.ch\/it\/wp-json\/wp\/v2\/product"}],"about":[{"href":"https:\/\/falora.ch\/it\/wp-json\/wp\/v2\/types\/product"}],"wp:featuredmedia":[{"embeddable":true,"href":"https:\/\/falora.ch\/it\/wp-json\/wp\/v2\/media\/1699"}],"wp:attachment":[{"href":"https:\/\/falora.ch\/it\/wp-json\/wp\/v2\/media?parent=1772"}],"wp:term":[{"taxonomy":"product_brand","embeddable":true,"href":"https:\/\/falora.ch\/it\/wp-json\/wp\/v2\/product_brand?post=1772"},{"taxonomy":"product_cat","embeddable":true,"href":"https:\/\/falora.ch\/it\/wp-json\/wp\/v2\/product_cat?post=1772"},{"taxonomy":"product_tag","embeddable":true,"href":"https:\/\/falora.ch\/it\/wp-json\/wp\/v2\/product_tag?post=1772"}],"curies":[{"name":"parola chiave","href":"https:\/\/api.w.org\/{rel}","templated":true}]}}