{"id":987509914,"date":"2025-08-27T14:41:24","date_gmt":"2025-08-27T14:41:24","guid":{"rendered":"https:\/\/falora.ch\/?post_type=product&#038;p=987509914"},"modified":"2025-08-27T14:41:24","modified_gmt":"2025-08-27T14:41:24","slug":"invincia-stylo-roller-noir","status":"publish","type":"product","link":"https:\/\/falora.ch\/it\/prodotto\/invincia-stylo-roller-noir\/","title":{"rendered":"Penna a sfera nera Invincia"},"content":{"rendered":"<p>Moderna e sobria, la penna roller Monteverde USA Invincia Stealth Black \u00e8 un capolavoro di minimalismo e prestazioni. Rifinita in un audace nero opaco con finiture coordinate, questa elegante penna si distingue in qualsiasi ambiente. La solida struttura in ottone offre un peso soddisfacente e un equilibrio confortevole, ideale per l&#039;uso quotidiano. Grazie alla punta roller ad alta precisione, questa penna offre un flusso d&#039;inchiostro impeccabile con ricariche internazionali standard, garantendo un&#039;esperienza di scrittura fluida e ininterrotta. Che sia in sala riunioni, in studio o in viaggio, la Invincia Stealth Black \u00e8 progettata per chi d\u00e0 importanza alla funzionalit\u00e0 tanto quanto al design. Presentata in una splendida confezione regalo Monteverde, \u00e8 il regalo di lusso perfetto per professionisti, creativi e chiunque esiga qualit\u00e0 e raffinatezza dai propri strumenti di scrittura.<\/p>\n<p>MOQ 1<\/p>\n<p>Art. n. MV41136<\/p>\n<p>Codice EAN 080333411360<\/p>\n<p>&nbsp;<\/p>\n<p>&nbsp;<\/p>","protected":false},"excerpt":{"rendered":"<p>in stock<\/p>","protected":false},"featured_media":987509924,"template":"","meta":{"_et_pb_use_builder":"","_et_pb_old_content":"","_et_gb_content_width":""},"product_brand":[],"product_cat":[113],"product_tag":[],"class_list":{"0":"post-987509914","1":"product","2":"type-product","3":"status-publish","4":"has-post-thumbnail","6":"product_cat-invincia-standard","8":"first","9":"instock","10":"shipping-taxable","11":"purchasable","12":"product-type-simple"},"yoast_head":"<!-- This site is optimized with the Yoast SEO plugin v27.3 - https:\/\/yoast.com\/product\/yoast-seo-wordpress\/ -->\n<title>Invincia Stylo roller noir - Falora - Shop<\/title>\n<meta name=\"robots\" content=\"index, follow, max-snippet:-1, max-image-preview:large, max-video-preview:-1\" \/>\n<link rel=\"canonical\" href=\"https:\/\/falora.ch\/it\/prodotto\/invincia-stylo-roller-noir\/\" \/>\n<meta property=\"og:locale\" content=\"it_IT\" \/>\n<meta property=\"og:type\" content=\"article\" \/>\n<meta property=\"og:title\" content=\"Invincia Stylo roller noir - Falora - Shop\" \/>\n<meta property=\"og:description\" content=\"en stock\" \/>\n<meta property=\"og:url\" content=\"https:\/\/falora.ch\/it\/prodotto\/invincia-stylo-roller-noir\/\" \/>\n<meta property=\"og:site_name\" content=\"Falora - Shop\" \/>\n<meta property=\"og:image\" content=\"https:\/\/falora.ch\/wp-content\/uploads\/2025\/08\/invincia_stealth_rb_bk_main.webp\" \/>\n\t<meta property=\"og:image:width\" content=\"640\" \/>\n\t<meta property=\"og:image:height\" content=\"438\" \/>\n\t<meta property=\"og:image:type\" content=\"image\/webp\" \/>\n<meta name=\"twitter:card\" content=\"summary_large_image\" \/>\n<meta name=\"twitter:label1\" content=\"Tempo di lettura stimato\" \/>\n\t<meta name=\"twitter:data1\" content=\"1 minuto\" \/>\n<script type=\"application\/ld+json\" class=\"yoast-schema-graph\">{\"@context\":\"https:\\\/\\\/schema.org\",\"@graph\":[{\"@type\":\"WebPage\",\"@id\":\"https:\\\/\\\/falora.ch\\\/produit\\\/invincia-stylo-roller-noir\\\/\",\"url\":\"https:\\\/\\\/falora.ch\\\/produit\\\/invincia-stylo-roller-noir\\\/\",\"name\":\"Invincia Stylo roller noir - Falora - Shop\",\"isPartOf\":{\"@id\":\"https:\\\/\\\/falora.ch\\\/#website\"},\"primaryImageOfPage\":{\"@id\":\"https:\\\/\\\/falora.ch\\\/produit\\\/invincia-stylo-roller-noir\\\/#primaryimage\"},\"image\":{\"@id\":\"https:\\\/\\\/falora.ch\\\/produit\\\/invincia-stylo-roller-noir\\\/#primaryimage\"},\"thumbnailUrl\":\"https:\\\/\\\/falora.ch\\\/wp-content\\\/uploads\\\/2025\\\/08\\\/invincia_stealth_rb_bk_main.webp\",\"datePublished\":\"2025-08-27T14:41:24+00:00\",\"breadcrumb\":{\"@id\":\"https:\\\/\\\/falora.ch\\\/produit\\\/invincia-stylo-roller-noir\\\/#breadcrumb\"},\"inLanguage\":\"it-IT\",\"potentialAction\":[{\"@type\":\"ReadAction\",\"target\":[\"https:\\\/\\\/falora.ch\\\/produit\\\/invincia-stylo-roller-noir\\\/\"]}]},{\"@type\":\"ImageObject\",\"inLanguage\":\"it-IT\",\"@id\":\"https:\\\/\\\/falora.ch\\\/produit\\\/invincia-stylo-roller-noir\\\/#primaryimage\",\"url\":\"https:\\\/\\\/falora.ch\\\/wp-content\\\/uploads\\\/2025\\\/08\\\/invincia_stealth_rb_bk_main.webp\",\"contentUrl\":\"https:\\\/\\\/falora.ch\\\/wp-content\\\/uploads\\\/2025\\\/08\\\/invincia_stealth_rb_bk_main.webp\",\"width\":640,\"height\":438,\"caption\":\"invincia stealth rb bk main\"},{\"@type\":\"BreadcrumbList\",\"@id\":\"https:\\\/\\\/falora.ch\\\/produit\\\/invincia-stylo-roller-noir\\\/#breadcrumb\",\"itemListElement\":[{\"@type\":\"ListItem\",\"position\":1,\"name\":\"Accueil\",\"item\":\"https:\\\/\\\/falora.ch\\\/\"},{\"@type\":\"ListItem\",\"position\":2,\"name\":\"Boutique\",\"item\":\"https:\\\/\\\/falora.ch\\\/boutique\\\/\"},{\"@type\":\"ListItem\",\"position\":3,\"name\":\"Invincia Stylo roller noir\"}]},{\"@type\":\"WebSite\",\"@id\":\"https:\\\/\\\/falora.ch\\\/#website\",\"url\":\"https:\\\/\\\/falora.ch\\\/\",\"name\":\"Falora - Shop\",\"description\":\"\",\"publisher\":{\"@id\":\"https:\\\/\\\/falora.ch\\\/#organization\"},\"potentialAction\":[{\"@type\":\"SearchAction\",\"target\":{\"@type\":\"EntryPoint\",\"urlTemplate\":\"https:\\\/\\\/falora.ch\\\/?s={search_term_string}\"},\"query-input\":{\"@type\":\"PropertyValueSpecification\",\"valueRequired\":true,\"valueName\":\"search_term_string\"}}],\"inLanguage\":\"it-IT\"},{\"@type\":\"Organization\",\"@id\":\"https:\\\/\\\/falora.ch\\\/#organization\",\"name\":\"Falora - Shop\",\"url\":\"https:\\\/\\\/falora.ch\\\/\",\"logo\":{\"@type\":\"ImageObject\",\"inLanguage\":\"it-IT\",\"@id\":\"https:\\\/\\\/falora.ch\\\/#\\\/schema\\\/logo\\\/image\\\/\",\"url\":\"https:\\\/\\\/falora.ch\\\/wp-content\\\/uploads\\\/2025\\\/02\\\/logo.png\",\"contentUrl\":\"https:\\\/\\\/falora.ch\\\/wp-content\\\/uploads\\\/2025\\\/02\\\/logo.png\",\"width\":952,\"height\":165,\"caption\":\"Falora - Shop\"},\"image\":{\"@id\":\"https:\\\/\\\/falora.ch\\\/#\\\/schema\\\/logo\\\/image\\\/\"}}]}<\/script>\n<!-- \/ Yoast SEO plugin. -->","yoast_head_json":{"title":"Invincia Stylo roller noir - Falora - Shop","robots":{"index":"index","follow":"follow","max-snippet":"max-snippet:-1","max-image-preview":"max-image-preview:large","max-video-preview":"max-video-preview:-1"},"canonical":"https:\/\/falora.ch\/it\/prodotto\/invincia-stylo-roller-noir\/","og_locale":"it_IT","og_type":"article","og_title":"Invincia Stylo roller noir - Falora - Shop","og_description":"en stock","og_url":"https:\/\/falora.ch\/it\/prodotto\/invincia-stylo-roller-noir\/","og_site_name":"Falora - Shop","og_image":[{"width":640,"height":438,"url":"https:\/\/falora.ch\/wp-content\/uploads\/2025\/08\/invincia_stealth_rb_bk_main.webp","type":"image\/webp"}],"twitter_card":"summary_large_image","twitter_misc":{"Tempo di lettura stimato":"1 minuto"},"schema":{"@context":"https:\/\/schema.org","@graph":[{"@type":"WebPage","@id":"https:\/\/falora.ch\/produit\/invincia-stylo-roller-noir\/","url":"https:\/\/falora.ch\/produit\/invincia-stylo-roller-noir\/","name":"Invincia Stylo roller noir - Falora - Shop","isPartOf":{"@id":"https:\/\/falora.ch\/#website"},"primaryImageOfPage":{"@id":"https:\/\/falora.ch\/produit\/invincia-stylo-roller-noir\/#primaryimage"},"image":{"@id":"https:\/\/falora.ch\/produit\/invincia-stylo-roller-noir\/#primaryimage"},"thumbnailUrl":"https:\/\/falora.ch\/wp-content\/uploads\/2025\/08\/invincia_stealth_rb_bk_main.webp","datePublished":"2025-08-27T14:41:24+00:00","breadcrumb":{"@id":"https:\/\/falora.ch\/produit\/invincia-stylo-roller-noir\/#breadcrumb"},"inLanguage":"it-IT","potentialAction":[{"@type":"ReadAction","target":["https:\/\/falora.ch\/produit\/invincia-stylo-roller-noir\/"]}]},{"@type":"ImageObject","inLanguage":"it-IT","@id":"https:\/\/falora.ch\/produit\/invincia-stylo-roller-noir\/#primaryimage","url":"https:\/\/falora.ch\/wp-content\/uploads\/2025\/08\/invincia_stealth_rb_bk_main.webp","contentUrl":"https:\/\/falora.ch\/wp-content\/uploads\/2025\/08\/invincia_stealth_rb_bk_main.webp","width":640,"height":438,"caption":"invincia stealth rb bk main"},{"@type":"BreadcrumbList","@id":"https:\/\/falora.ch\/produit\/invincia-stylo-roller-noir\/#breadcrumb","itemListElement":[{"@type":"ListItem","position":1,"name":"Accueil","item":"https:\/\/falora.ch\/"},{"@type":"ListItem","position":2,"name":"Boutique","item":"https:\/\/falora.ch\/boutique\/"},{"@type":"ListItem","position":3,"name":"Invincia Stylo roller noir"}]},{"@type":"WebSite","@id":"https:\/\/falora.ch\/#website","url":"https:\/\/falora.ch\/","name":"Falora - Negozio","description":"","publisher":{"@id":"https:\/\/falora.ch\/#organization"},"potentialAction":[{"@type":"SearchAction","target":{"@type":"EntryPoint","urlTemplate":"https:\/\/falora.ch\/?s={search_term_string}"},"query-input":{"@type":"PropertyValueSpecification","valueRequired":true,"valueName":"search_term_string"}}],"inLanguage":"it-IT"},{"@type":"Organization","@id":"https:\/\/falora.ch\/#organization","name":"Falora - Negozio","url":"https:\/\/falora.ch\/","logo":{"@type":"ImageObject","inLanguage":"it-IT","@id":"https:\/\/falora.ch\/#\/schema\/logo\/image\/","url":"https:\/\/falora.ch\/wp-content\/uploads\/2025\/02\/logo.png","contentUrl":"https:\/\/falora.ch\/wp-content\/uploads\/2025\/02\/logo.png","width":952,"height":165,"caption":"Falora - Shop"},"image":{"@id":"https:\/\/falora.ch\/#\/schema\/logo\/image\/"}}]}},"_links":{"self":[{"href":"https:\/\/falora.ch\/it\/wp-json\/wp\/v2\/product\/987509914","targetHints":{"allow":["GET"]}}],"collection":[{"href":"https:\/\/falora.ch\/it\/wp-json\/wp\/v2\/product"}],"about":[{"href":"https:\/\/falora.ch\/it\/wp-json\/wp\/v2\/types\/product"}],"wp:featuredmedia":[{"embeddable":true,"href":"https:\/\/falora.ch\/it\/wp-json\/wp\/v2\/media\/987509924"}],"wp:attachment":[{"href":"https:\/\/falora.ch\/it\/wp-json\/wp\/v2\/media?parent=987509914"}],"wp:term":[{"taxonomy":"product_brand","embeddable":true,"href":"https:\/\/falora.ch\/it\/wp-json\/wp\/v2\/product_brand?post=987509914"},{"taxonomy":"product_cat","embeddable":true,"href":"https:\/\/falora.ch\/it\/wp-json\/wp\/v2\/product_cat?post=987509914"},{"taxonomy":"product_tag","embeddable":true,"href":"https:\/\/falora.ch\/it\/wp-json\/wp\/v2\/product_tag?post=987509914"}],"curies":[{"name":"parola chiave","href":"https:\/\/api.w.org\/{rel}","templated":true}]}}