{"id":987510580,"date":"2025-09-06T20:12:03","date_gmt":"2025-09-06T20:12:03","guid":{"rendered":"https:\/\/falora.ch\/?post_type=product&#038;p=987510580"},"modified":"2025-09-06T20:12:05","modified_gmt":"2025-09-06T20:12:05","slug":"ritma-plume-vert","status":"publish","type":"product","link":"https:\/\/falora.ch\/it\/prodotto\/ritma-plume-vert\/","title":{"rendered":"Ritma Plume, verde"},"content":{"rendered":"<p>La collezione Ritma\u2122 si ispira al movimento minimalista degli anni &#039;60 e &#039;70, caratterizzato da linee pulite, design semplici e splendidi colori. Realizzata alla perfezione utilizzando una miscela di acciaio e alluminio, la Ritma\u2122 vanta un design aerodinamico, dalla sommit\u00e0 del cappuccio magnetico al fusto posteriore, perfetto per chi preferisce una penna ben bilanciata e robusta. Ogni fusto in alluminio \u00e8 anodizzato in una scelta di colori metallici e trattato con una finitura opaca, che crea un tocco tenue di colori vivaci, morbidi al tatto e splendidamente accentuati da dettagli color canna di fucile lucido. La clip \u00e8 progettata per adattarsi alle linee dritte del corpo della penna con un tocco in pi\u00f9, con il centro scolpito in una forma ovale allungata per una maggiore facilit\u00e0 d&#039;uso. Una caratteristica interessante di questa penna minimalista \u00e8 il cappuccio e il display magnetici, cos\u00ec sicuri e perfettamente progettati per la penna da creare una chiusura ermetica. Non \u00e8 necessario staccarli, basta tirare delicatamente e godersi il suono sorprendente dell&#039;apertura del sigillo, quindi rimetterli nella custodia per apprezzare la sicurezza della chiusura magnetica. Per scoprire la punta della penna a sfera, ruotare l&#039;impugnatura in bronzo e ruotare in senso antiorario. Ritma\u2122 \u00e8 disponibile in una selezione di tonalit\u00e0: nero, blu, argento, turchese, viola o rosso. La penna stilografica \u00e8 disponibile con una selezione di pennini in acciaio inossidabile nero: Extra Fine, Fine, Medio, Largo o Stub e utilizza un converter d&#039;inchiostro filettato o una cartuccia d&#039;inchiostro (inclusa). La penna a sfera accetta ricariche P1 e P4. Il roller \u00e8 ora disponibile in tutti i colori. Ogni penna Ritma\u2122 \u00e8 presentata in una nuova e sottile confezione regalo.<\/p>\n<p>MOQ 1<\/p>\n<p>Codice articolo MV42421 \/ MV42422 \/ MV42423 \/ MV42424 \/ MV42425 \/ MV42426<\/p>\n<p>Codice EAN 080333424216 \/ 080333424223 \/ 080333424230 \/ 080333424247 \/ 080333424254 \/ 080333424261<\/p>\n<p>&nbsp;<\/p>\n<p>&nbsp;<\/p>\n<p>&nbsp;<\/p>\n<p>&nbsp;<\/p>\n<p>&nbsp;<\/p>\n<p>&nbsp;<\/p>\n<p>&nbsp;<\/p>\n<p>&nbsp;<\/p>\n<p>&nbsp;<\/p>\n<p>&nbsp;<\/p>\n<p>&nbsp;<\/p>","protected":false},"excerpt":{"rendered":"<p>disponibile tra 6 settimane<\/p>","protected":false},"featured_media":987510589,"template":"","meta":{"_et_pb_use_builder":"","_et_pb_old_content":"","_et_gb_content_width":""},"product_brand":[],"product_cat":[123],"product_tag":[],"class_list":{"0":"post-987510580","1":"product","2":"type-product","3":"status-publish","4":"has-post-thumbnail","6":"product_cat-ritma","8":"first","9":"instock","10":"shipping-taxable","11":"purchasable","12":"product-type-variable"},"yoast_head":"<!-- This site is optimized with the Yoast SEO plugin v27.3 - https:\/\/yoast.com\/product\/yoast-seo-wordpress\/ -->\n<title>Ritma Plume, vert - Falora - Shop<\/title>\n<meta name=\"robots\" content=\"index, follow, max-snippet:-1, max-image-preview:large, max-video-preview:-1\" \/>\n<link rel=\"canonical\" href=\"https:\/\/falora.ch\/it\/prodotto\/ritma-plume-vert\/\" \/>\n<meta property=\"og:locale\" content=\"it_IT\" \/>\n<meta property=\"og:type\" content=\"article\" \/>\n<meta property=\"og:title\" content=\"Ritma Plume, vert - Falora - Shop\" \/>\n<meta property=\"og:description\" content=\"disponible sous 6 semaines\" \/>\n<meta property=\"og:url\" content=\"https:\/\/falora.ch\/it\/prodotto\/ritma-plume-vert\/\" \/>\n<meta property=\"og:site_name\" content=\"Falora - Shop\" \/>\n<meta property=\"article:modified_time\" content=\"2025-09-06T20:12:05+00:00\" \/>\n<meta property=\"og:image\" content=\"https:\/\/falora.ch\/wp-content\/uploads\/2025\/09\/g8.webp\" \/>\n\t<meta property=\"og:image:width\" content=\"640\" \/>\n\t<meta property=\"og:image:height\" content=\"438\" \/>\n\t<meta property=\"og:image:type\" content=\"image\/webp\" \/>\n<meta name=\"twitter:card\" content=\"summary_large_image\" \/>\n<meta name=\"twitter:label1\" content=\"Tempo di lettura stimato\" \/>\n\t<meta name=\"twitter:data1\" content=\"2 minuti\" \/>\n<script type=\"application\/ld+json\" class=\"yoast-schema-graph\">{\"@context\":\"https:\\\/\\\/schema.org\",\"@graph\":[{\"@type\":\"WebPage\",\"@id\":\"https:\\\/\\\/falora.ch\\\/produit\\\/ritma-plume-vert\\\/\",\"url\":\"https:\\\/\\\/falora.ch\\\/produit\\\/ritma-plume-vert\\\/\",\"name\":\"Ritma Plume, vert - Falora - Shop\",\"isPartOf\":{\"@id\":\"https:\\\/\\\/falora.ch\\\/#website\"},\"primaryImageOfPage\":{\"@id\":\"https:\\\/\\\/falora.ch\\\/produit\\\/ritma-plume-vert\\\/#primaryimage\"},\"image\":{\"@id\":\"https:\\\/\\\/falora.ch\\\/produit\\\/ritma-plume-vert\\\/#primaryimage\"},\"thumbnailUrl\":\"https:\\\/\\\/falora.ch\\\/wp-content\\\/uploads\\\/2025\\\/09\\\/g8.webp\",\"datePublished\":\"2025-09-06T20:12:03+00:00\",\"dateModified\":\"2025-09-06T20:12:05+00:00\",\"breadcrumb\":{\"@id\":\"https:\\\/\\\/falora.ch\\\/produit\\\/ritma-plume-vert\\\/#breadcrumb\"},\"inLanguage\":\"it-IT\",\"potentialAction\":[{\"@type\":\"ReadAction\",\"target\":[\"https:\\\/\\\/falora.ch\\\/produit\\\/ritma-plume-vert\\\/\"]}]},{\"@type\":\"ImageObject\",\"inLanguage\":\"it-IT\",\"@id\":\"https:\\\/\\\/falora.ch\\\/produit\\\/ritma-plume-vert\\\/#primaryimage\",\"url\":\"https:\\\/\\\/falora.ch\\\/wp-content\\\/uploads\\\/2025\\\/09\\\/g8.webp\",\"contentUrl\":\"https:\\\/\\\/falora.ch\\\/wp-content\\\/uploads\\\/2025\\\/09\\\/g8.webp\",\"width\":640,\"height\":438,\"caption\":\"g8\"},{\"@type\":\"BreadcrumbList\",\"@id\":\"https:\\\/\\\/falora.ch\\\/produit\\\/ritma-plume-vert\\\/#breadcrumb\",\"itemListElement\":[{\"@type\":\"ListItem\",\"position\":1,\"name\":\"Accueil\",\"item\":\"https:\\\/\\\/falora.ch\\\/\"},{\"@type\":\"ListItem\",\"position\":2,\"name\":\"Boutique\",\"item\":\"https:\\\/\\\/falora.ch\\\/boutique\\\/\"},{\"@type\":\"ListItem\",\"position\":3,\"name\":\"Ritma Plume, vert\"}]},{\"@type\":\"WebSite\",\"@id\":\"https:\\\/\\\/falora.ch\\\/#website\",\"url\":\"https:\\\/\\\/falora.ch\\\/\",\"name\":\"Falora - Shop\",\"description\":\"\",\"publisher\":{\"@id\":\"https:\\\/\\\/falora.ch\\\/#organization\"},\"potentialAction\":[{\"@type\":\"SearchAction\",\"target\":{\"@type\":\"EntryPoint\",\"urlTemplate\":\"https:\\\/\\\/falora.ch\\\/?s={search_term_string}\"},\"query-input\":{\"@type\":\"PropertyValueSpecification\",\"valueRequired\":true,\"valueName\":\"search_term_string\"}}],\"inLanguage\":\"it-IT\"},{\"@type\":\"Organization\",\"@id\":\"https:\\\/\\\/falora.ch\\\/#organization\",\"name\":\"Falora - Shop\",\"url\":\"https:\\\/\\\/falora.ch\\\/\",\"logo\":{\"@type\":\"ImageObject\",\"inLanguage\":\"it-IT\",\"@id\":\"https:\\\/\\\/falora.ch\\\/#\\\/schema\\\/logo\\\/image\\\/\",\"url\":\"https:\\\/\\\/falora.ch\\\/wp-content\\\/uploads\\\/2025\\\/02\\\/logo.png\",\"contentUrl\":\"https:\\\/\\\/falora.ch\\\/wp-content\\\/uploads\\\/2025\\\/02\\\/logo.png\",\"width\":952,\"height\":165,\"caption\":\"Falora - Shop\"},\"image\":{\"@id\":\"https:\\\/\\\/falora.ch\\\/#\\\/schema\\\/logo\\\/image\\\/\"}}]}<\/script>\n<!-- \/ Yoast SEO plugin. -->","yoast_head_json":{"title":"Ritma Plume, vert - Falora - Shop","robots":{"index":"index","follow":"follow","max-snippet":"max-snippet:-1","max-image-preview":"max-image-preview:large","max-video-preview":"max-video-preview:-1"},"canonical":"https:\/\/falora.ch\/it\/prodotto\/ritma-plume-vert\/","og_locale":"it_IT","og_type":"article","og_title":"Ritma Plume, vert - Falora - Shop","og_description":"disponible sous 6 semaines","og_url":"https:\/\/falora.ch\/it\/prodotto\/ritma-plume-vert\/","og_site_name":"Falora - Shop","article_modified_time":"2025-09-06T20:12:05+00:00","og_image":[{"width":640,"height":438,"url":"https:\/\/falora.ch\/wp-content\/uploads\/2025\/09\/g8.webp","type":"image\/webp"}],"twitter_card":"summary_large_image","twitter_misc":{"Tempo di lettura stimato":"2 minuti"},"schema":{"@context":"https:\/\/schema.org","@graph":[{"@type":"WebPage","@id":"https:\/\/falora.ch\/produit\/ritma-plume-vert\/","url":"https:\/\/falora.ch\/produit\/ritma-plume-vert\/","name":"Ritma Plume, vert - Falora - Shop","isPartOf":{"@id":"https:\/\/falora.ch\/#website"},"primaryImageOfPage":{"@id":"https:\/\/falora.ch\/produit\/ritma-plume-vert\/#primaryimage"},"image":{"@id":"https:\/\/falora.ch\/produit\/ritma-plume-vert\/#primaryimage"},"thumbnailUrl":"https:\/\/falora.ch\/wp-content\/uploads\/2025\/09\/g8.webp","datePublished":"2025-09-06T20:12:03+00:00","dateModified":"2025-09-06T20:12:05+00:00","breadcrumb":{"@id":"https:\/\/falora.ch\/produit\/ritma-plume-vert\/#breadcrumb"},"inLanguage":"it-IT","potentialAction":[{"@type":"ReadAction","target":["https:\/\/falora.ch\/produit\/ritma-plume-vert\/"]}]},{"@type":"ImageObject","inLanguage":"it-IT","@id":"https:\/\/falora.ch\/produit\/ritma-plume-vert\/#primaryimage","url":"https:\/\/falora.ch\/wp-content\/uploads\/2025\/09\/g8.webp","contentUrl":"https:\/\/falora.ch\/wp-content\/uploads\/2025\/09\/g8.webp","width":640,"height":438,"caption":"g8"},{"@type":"BreadcrumbList","@id":"https:\/\/falora.ch\/produit\/ritma-plume-vert\/#breadcrumb","itemListElement":[{"@type":"ListItem","position":1,"name":"Accueil","item":"https:\/\/falora.ch\/"},{"@type":"ListItem","position":2,"name":"Boutique","item":"https:\/\/falora.ch\/boutique\/"},{"@type":"ListItem","position":3,"name":"Ritma Plume, vert"}]},{"@type":"WebSite","@id":"https:\/\/falora.ch\/#website","url":"https:\/\/falora.ch\/","name":"Falora - Negozio","description":"","publisher":{"@id":"https:\/\/falora.ch\/#organization"},"potentialAction":[{"@type":"SearchAction","target":{"@type":"EntryPoint","urlTemplate":"https:\/\/falora.ch\/?s={search_term_string}"},"query-input":{"@type":"PropertyValueSpecification","valueRequired":true,"valueName":"search_term_string"}}],"inLanguage":"it-IT"},{"@type":"Organization","@id":"https:\/\/falora.ch\/#organization","name":"Falora - Negozio","url":"https:\/\/falora.ch\/","logo":{"@type":"ImageObject","inLanguage":"it-IT","@id":"https:\/\/falora.ch\/#\/schema\/logo\/image\/","url":"https:\/\/falora.ch\/wp-content\/uploads\/2025\/02\/logo.png","contentUrl":"https:\/\/falora.ch\/wp-content\/uploads\/2025\/02\/logo.png","width":952,"height":165,"caption":"Falora - Shop"},"image":{"@id":"https:\/\/falora.ch\/#\/schema\/logo\/image\/"}}]}},"_links":{"self":[{"href":"https:\/\/falora.ch\/it\/wp-json\/wp\/v2\/product\/987510580","targetHints":{"allow":["GET"]}}],"collection":[{"href":"https:\/\/falora.ch\/it\/wp-json\/wp\/v2\/product"}],"about":[{"href":"https:\/\/falora.ch\/it\/wp-json\/wp\/v2\/types\/product"}],"wp:featuredmedia":[{"embeddable":true,"href":"https:\/\/falora.ch\/it\/wp-json\/wp\/v2\/media\/987510589"}],"wp:attachment":[{"href":"https:\/\/falora.ch\/it\/wp-json\/wp\/v2\/media?parent=987510580"}],"wp:term":[{"taxonomy":"product_brand","embeddable":true,"href":"https:\/\/falora.ch\/it\/wp-json\/wp\/v2\/product_brand?post=987510580"},{"taxonomy":"product_cat","embeddable":true,"href":"https:\/\/falora.ch\/it\/wp-json\/wp\/v2\/product_cat?post=987510580"},{"taxonomy":"product_tag","embeddable":true,"href":"https:\/\/falora.ch\/it\/wp-json\/wp\/v2\/product_tag?post=987510580"}],"curies":[{"name":"parola chiave","href":"https:\/\/api.w.org\/{rel}","templated":true}]}}