{"id":987511055,"date":"2026-02-05T15:07:29","date_gmt":"2026-02-05T15:07:29","guid":{"rendered":"https:\/\/falora.ch\/?post_type=product&#038;p=987511055"},"modified":"2026-02-05T15:28:14","modified_gmt":"2026-02-05T15:28:14","slug":"50-feuilles-verge-blanc-160-gr","status":"publish","type":"product","link":"https:\/\/falora.ch\/it\/prodotto\/50-feuilles-verge-blanc-160-gr\/","title":{"rendered":"50 fogli di carta vergata bianca, 160 g"},"content":{"rendered":"<p>MOQ 5 pezzi<br \/>\nArticolo 10234<\/p>","protected":false},"excerpt":{"rendered":"<p>in stock<\/p>","protected":false},"featured_media":987511045,"template":"","meta":{"_et_pb_use_builder":"","_et_pb_old_content":"","_et_gb_content_width":""},"product_brand":[],"product_cat":[88,101],"product_tag":[],"class_list":{"0":"post-987511055","1":"product","2":"type-product","3":"status-publish","4":"has-post-thumbnail","6":"product_cat-computerline","7":"product_cat-verge","9":"first","10":"instock","11":"shipping-taxable","12":"purchasable","13":"product-type-simple"},"yoast_head":"<!-- This site is optimized with the Yoast SEO plugin v27.3 - https:\/\/yoast.com\/product\/yoast-seo-wordpress\/ -->\n<title>50 feuilles verg\u00e9 blanc 160 gr - Falora - Shop<\/title>\n<meta name=\"description\" content=\"50 feuilles non coll\u00e9es pr\u00e9vu pour imprimante laser et jet d&#039;encre\" \/>\n<meta name=\"robots\" content=\"index, follow, max-snippet:-1, max-image-preview:large, max-video-preview:-1\" \/>\n<link rel=\"canonical\" href=\"https:\/\/falora.ch\/it\/prodotto\/50-feuilles-verge-blanc-160-gr\/\" \/>\n<meta property=\"og:locale\" content=\"it_IT\" \/>\n<meta property=\"og:type\" content=\"article\" \/>\n<meta property=\"og:title\" content=\"50 feuilles verg\u00e9 blanc 160 gr - Falora - Shop\" \/>\n<meta property=\"og:description\" content=\"50 feuilles non coll\u00e9es pr\u00e9vu pour imprimante laser et jet d&#039;encre\" \/>\n<meta property=\"og:url\" content=\"https:\/\/falora.ch\/it\/prodotto\/50-feuilles-verge-blanc-160-gr\/\" \/>\n<meta property=\"og:site_name\" content=\"Falora - Shop\" \/>\n<meta property=\"article:modified_time\" content=\"2026-02-05T15:28:14+00:00\" \/>\n<meta property=\"og:image\" content=\"https:\/\/falora.ch\/wp-content\/uploads\/2026\/02\/5413036102351-Cello-Computer-50x210g-Verge-Blanc-1-scaled.jpg\" \/>\n\t<meta property=\"og:image:width\" content=\"1867\" \/>\n\t<meta property=\"og:image:height\" content=\"2560\" \/>\n\t<meta property=\"og:image:type\" content=\"image\/jpeg\" \/>\n<meta name=\"twitter:card\" content=\"summary_large_image\" \/>\n<meta name=\"twitter:label1\" content=\"Tempo di lettura stimato\" \/>\n\t<meta name=\"twitter:data1\" content=\"1 minuto\" \/>\n<script type=\"application\/ld+json\" class=\"yoast-schema-graph\">{\"@context\":\"https:\\\/\\\/schema.org\",\"@graph\":[{\"@type\":\"WebPage\",\"@id\":\"https:\\\/\\\/falora.ch\\\/produit\\\/50-feuilles-verge-blanc-160-gr\\\/\",\"url\":\"https:\\\/\\\/falora.ch\\\/produit\\\/50-feuilles-verge-blanc-160-gr\\\/\",\"name\":\"50 feuilles verg\u00e9 blanc 160 gr - Falora - Shop\",\"isPartOf\":{\"@id\":\"https:\\\/\\\/falora.ch\\\/#website\"},\"primaryImageOfPage\":{\"@id\":\"https:\\\/\\\/falora.ch\\\/produit\\\/50-feuilles-verge-blanc-160-gr\\\/#primaryimage\"},\"image\":{\"@id\":\"https:\\\/\\\/falora.ch\\\/produit\\\/50-feuilles-verge-blanc-160-gr\\\/#primaryimage\"},\"thumbnailUrl\":\"https:\\\/\\\/falora.ch\\\/wp-content\\\/uploads\\\/2026\\\/02\\\/5413036102351-Cello-Computer-50x210g-Verge-Blanc-1-scaled.jpg\",\"datePublished\":\"2026-02-05T15:07:29+00:00\",\"dateModified\":\"2026-02-05T15:28:14+00:00\",\"description\":\"50 feuilles non coll\u00e9es pr\u00e9vu pour imprimante laser et jet d'encre\",\"breadcrumb\":{\"@id\":\"https:\\\/\\\/falora.ch\\\/produit\\\/50-feuilles-verge-blanc-160-gr\\\/#breadcrumb\"},\"inLanguage\":\"it-IT\",\"potentialAction\":[{\"@type\":\"ReadAction\",\"target\":[\"https:\\\/\\\/falora.ch\\\/produit\\\/50-feuilles-verge-blanc-160-gr\\\/\"]}]},{\"@type\":\"ImageObject\",\"inLanguage\":\"it-IT\",\"@id\":\"https:\\\/\\\/falora.ch\\\/produit\\\/50-feuilles-verge-blanc-160-gr\\\/#primaryimage\",\"url\":\"https:\\\/\\\/falora.ch\\\/wp-content\\\/uploads\\\/2026\\\/02\\\/5413036102351-Cello-Computer-50x210g-Verge-Blanc-1-scaled.jpg\",\"contentUrl\":\"https:\\\/\\\/falora.ch\\\/wp-content\\\/uploads\\\/2026\\\/02\\\/5413036102351-Cello-Computer-50x210g-Verge-Blanc-1-scaled.jpg\",\"width\":1867,\"height\":2560,\"caption\":\"5413036102351 Cello Computer 50x210g Verg\u00e9 Blanc (1)\"},{\"@type\":\"BreadcrumbList\",\"@id\":\"https:\\\/\\\/falora.ch\\\/produit\\\/50-feuilles-verge-blanc-160-gr\\\/#breadcrumb\",\"itemListElement\":[{\"@type\":\"ListItem\",\"position\":1,\"name\":\"Accueil\",\"item\":\"https:\\\/\\\/falora.ch\\\/\"},{\"@type\":\"ListItem\",\"position\":2,\"name\":\"Boutique\",\"item\":\"https:\\\/\\\/falora.ch\\\/boutique\\\/\"},{\"@type\":\"ListItem\",\"position\":3,\"name\":\"50 feuilles verg\u00e9 blanc 160 gr\"}]},{\"@type\":\"WebSite\",\"@id\":\"https:\\\/\\\/falora.ch\\\/#website\",\"url\":\"https:\\\/\\\/falora.ch\\\/\",\"name\":\"Falora - Shop\",\"description\":\"\",\"publisher\":{\"@id\":\"https:\\\/\\\/falora.ch\\\/#organization\"},\"potentialAction\":[{\"@type\":\"SearchAction\",\"target\":{\"@type\":\"EntryPoint\",\"urlTemplate\":\"https:\\\/\\\/falora.ch\\\/?s={search_term_string}\"},\"query-input\":{\"@type\":\"PropertyValueSpecification\",\"valueRequired\":true,\"valueName\":\"search_term_string\"}}],\"inLanguage\":\"it-IT\"},{\"@type\":\"Organization\",\"@id\":\"https:\\\/\\\/falora.ch\\\/#organization\",\"name\":\"Falora - Shop\",\"url\":\"https:\\\/\\\/falora.ch\\\/\",\"logo\":{\"@type\":\"ImageObject\",\"inLanguage\":\"it-IT\",\"@id\":\"https:\\\/\\\/falora.ch\\\/#\\\/schema\\\/logo\\\/image\\\/\",\"url\":\"https:\\\/\\\/falora.ch\\\/wp-content\\\/uploads\\\/2025\\\/02\\\/logo.png\",\"contentUrl\":\"https:\\\/\\\/falora.ch\\\/wp-content\\\/uploads\\\/2025\\\/02\\\/logo.png\",\"width\":952,\"height\":165,\"caption\":\"Falora - Shop\"},\"image\":{\"@id\":\"https:\\\/\\\/falora.ch\\\/#\\\/schema\\\/logo\\\/image\\\/\"}}]}<\/script>\n<!-- \/ Yoast SEO plugin. -->","yoast_head_json":{"title":"50 feuilles verg\u00e9 blanc 160 gr - Falora - Shop","description":"50 feuilles non coll\u00e9es pr\u00e9vu pour imprimante laser et jet d'encre","robots":{"index":"index","follow":"follow","max-snippet":"max-snippet:-1","max-image-preview":"max-image-preview:large","max-video-preview":"max-video-preview:-1"},"canonical":"https:\/\/falora.ch\/it\/prodotto\/50-feuilles-verge-blanc-160-gr\/","og_locale":"it_IT","og_type":"article","og_title":"50 feuilles verg\u00e9 blanc 160 gr - Falora - Shop","og_description":"50 feuilles non coll\u00e9es pr\u00e9vu pour imprimante laser et jet d'encre","og_url":"https:\/\/falora.ch\/it\/prodotto\/50-feuilles-verge-blanc-160-gr\/","og_site_name":"Falora - Shop","article_modified_time":"2026-02-05T15:28:14+00:00","og_image":[{"width":1867,"height":2560,"url":"https:\/\/falora.ch\/wp-content\/uploads\/2026\/02\/5413036102351-Cello-Computer-50x210g-Verge-Blanc-1-scaled.jpg","type":"image\/jpeg"}],"twitter_card":"summary_large_image","twitter_misc":{"Tempo di lettura stimato":"1 minuto"},"schema":{"@context":"https:\/\/schema.org","@graph":[{"@type":"WebPage","@id":"https:\/\/falora.ch\/produit\/50-feuilles-verge-blanc-160-gr\/","url":"https:\/\/falora.ch\/produit\/50-feuilles-verge-blanc-160-gr\/","name":"50 feuilles verg\u00e9 blanc 160 gr - Falora - Shop","isPartOf":{"@id":"https:\/\/falora.ch\/#website"},"primaryImageOfPage":{"@id":"https:\/\/falora.ch\/produit\/50-feuilles-verge-blanc-160-gr\/#primaryimage"},"image":{"@id":"https:\/\/falora.ch\/produit\/50-feuilles-verge-blanc-160-gr\/#primaryimage"},"thumbnailUrl":"https:\/\/falora.ch\/wp-content\/uploads\/2026\/02\/5413036102351-Cello-Computer-50x210g-Verge-Blanc-1-scaled.jpg","datePublished":"2026-02-05T15:07:29+00:00","dateModified":"2026-02-05T15:28:14+00:00","description":"50 feuilles non coll\u00e9es pr\u00e9vu pour imprimante laser et jet d'encre","breadcrumb":{"@id":"https:\/\/falora.ch\/produit\/50-feuilles-verge-blanc-160-gr\/#breadcrumb"},"inLanguage":"it-IT","potentialAction":[{"@type":"ReadAction","target":["https:\/\/falora.ch\/produit\/50-feuilles-verge-blanc-160-gr\/"]}]},{"@type":"ImageObject","inLanguage":"it-IT","@id":"https:\/\/falora.ch\/produit\/50-feuilles-verge-blanc-160-gr\/#primaryimage","url":"https:\/\/falora.ch\/wp-content\/uploads\/2026\/02\/5413036102351-Cello-Computer-50x210g-Verge-Blanc-1-scaled.jpg","contentUrl":"https:\/\/falora.ch\/wp-content\/uploads\/2026\/02\/5413036102351-Cello-Computer-50x210g-Verge-Blanc-1-scaled.jpg","width":1867,"height":2560,"caption":"5413036102351 Cello Computer 50x210g Verg\u00e9 Blanc (1)"},{"@type":"BreadcrumbList","@id":"https:\/\/falora.ch\/produit\/50-feuilles-verge-blanc-160-gr\/#breadcrumb","itemListElement":[{"@type":"ListItem","position":1,"name":"Accueil","item":"https:\/\/falora.ch\/"},{"@type":"ListItem","position":2,"name":"Boutique","item":"https:\/\/falora.ch\/boutique\/"},{"@type":"ListItem","position":3,"name":"50 feuilles verg\u00e9 blanc 160 gr"}]},{"@type":"WebSite","@id":"https:\/\/falora.ch\/#website","url":"https:\/\/falora.ch\/","name":"Falora - Negozio","description":"","publisher":{"@id":"https:\/\/falora.ch\/#organization"},"potentialAction":[{"@type":"SearchAction","target":{"@type":"EntryPoint","urlTemplate":"https:\/\/falora.ch\/?s={search_term_string}"},"query-input":{"@type":"PropertyValueSpecification","valueRequired":true,"valueName":"search_term_string"}}],"inLanguage":"it-IT"},{"@type":"Organization","@id":"https:\/\/falora.ch\/#organization","name":"Falora - Negozio","url":"https:\/\/falora.ch\/","logo":{"@type":"ImageObject","inLanguage":"it-IT","@id":"https:\/\/falora.ch\/#\/schema\/logo\/image\/","url":"https:\/\/falora.ch\/wp-content\/uploads\/2025\/02\/logo.png","contentUrl":"https:\/\/falora.ch\/wp-content\/uploads\/2025\/02\/logo.png","width":952,"height":165,"caption":"Falora - Shop"},"image":{"@id":"https:\/\/falora.ch\/#\/schema\/logo\/image\/"}}]}},"_links":{"self":[{"href":"https:\/\/falora.ch\/it\/wp-json\/wp\/v2\/product\/987511055","targetHints":{"allow":["GET"]}}],"collection":[{"href":"https:\/\/falora.ch\/it\/wp-json\/wp\/v2\/product"}],"about":[{"href":"https:\/\/falora.ch\/it\/wp-json\/wp\/v2\/types\/product"}],"wp:featuredmedia":[{"embeddable":true,"href":"https:\/\/falora.ch\/it\/wp-json\/wp\/v2\/media\/987511045"}],"wp:attachment":[{"href":"https:\/\/falora.ch\/it\/wp-json\/wp\/v2\/media?parent=987511055"}],"wp:term":[{"taxonomy":"product_brand","embeddable":true,"href":"https:\/\/falora.ch\/it\/wp-json\/wp\/v2\/product_brand?post=987511055"},{"taxonomy":"product_cat","embeddable":true,"href":"https:\/\/falora.ch\/it\/wp-json\/wp\/v2\/product_cat?post=987511055"},{"taxonomy":"product_tag","embeddable":true,"href":"https:\/\/falora.ch\/it\/wp-json\/wp\/v2\/product_tag?post=987511055"}],"curies":[{"name":"parola chiave","href":"https:\/\/api.w.org\/{rel}","templated":true}]}}